{"id":5259,"date":"2018-04-02T11:55:08","date_gmt":"2018-04-02T11:55:08","guid":{"rendered":"https:\/\/blogsaverroes.juntadeandalucia.es\/cprtorrejaral\/?page_id=5259"},"modified":"2018-04-02T11:55:08","modified_gmt":"2018-04-02T11:55:08","slug":"viaje-de-estudios","status":"publish","type":"page","link":"https:\/\/blogsaverroes.juntadeandalucia.es\/cprtorrejaral\/viaje-de-estudios\/","title":{"rendered":"Viaje de Estudios"},"content":{"rendered":"<p style=\"font-weight: 400\"><strong>PROGRAMA DEL VIAJE<\/strong><\/p>\n<p style=\"font-weight: 400\"><strong><a href=\"https:\/\/blogsaverroes.juntadeandalucia.es\/cprtorrejaral\/files\/2018\/04\/CAZORLA-2.jpg\"><img loading=\"lazy\" decoding=\"async\" class=\"alignnone size-medium wp-image-5260\" src=\"https:\/\/blogsaverroes.juntadeandalucia.es\/cprtorrejaral\/files\/2018\/04\/CAZORLA-2-212x300.jpg\" alt=\"\" width=\"212\" height=\"300\" srcset=\"https:\/\/blogsaverroes.juntadeandalucia.es\/cprtorrejaral\/files\/2018\/04\/CAZORLA-2-212x300.jpg 212w, https:\/\/blogsaverroes.juntadeandalucia.es\/cprtorrejaral\/files\/2018\/04\/CAZORLA-2-724x1024.jpg 724w, https:\/\/blogsaverroes.juntadeandalucia.es\/cprtorrejaral\/files\/2018\/04\/CAZORLA-2-17x24.jpg 17w, https:\/\/blogsaverroes.juntadeandalucia.es\/cprtorrejaral\/files\/2018\/04\/CAZORLA-2-25x36.jpg 25w, https:\/\/blogsaverroes.juntadeandalucia.es\/cprtorrejaral\/files\/2018\/04\/CAZORLA-2-34x48.jpg 34w, https:\/\/blogsaverroes.juntadeandalucia.es\/cprtorrejaral\/files\/2018\/04\/CAZORLA-2.jpg 1132w\" sizes=\"(max-width: 212px) 100vw, 212px\" \/><\/a><\/strong><strong><u><br \/>\n<\/u><\/strong><strong><u><br \/>\n<\/u><\/strong><strong><u>NOTA A LAS FAMILIAS&nbsp; DE INFORMACI\u00d3N Y&nbsp; RESERVA (Repartida el d\u00eda 31\/10\/2017)<\/u><\/strong><\/p>\n<p><strong>C.P.R. TORREJARAL&nbsp;&nbsp;&nbsp;&nbsp;&nbsp;&nbsp;&nbsp;&nbsp; &nbsp;&nbsp;&nbsp;&nbsp;&nbsp;&nbsp;&nbsp;&nbsp;&nbsp;&nbsp;&nbsp; Asunto: VIAJE DE ESTUDIOS 2018<\/strong><\/p>\n<p>Estimadas familias del alumnado de 5\u00ba y 6\u00ba:<\/p>\n<p>Tras la reuni\u00f3n celebrada el pasado Lunes para concretar los diversos aspectos del Viaje de estudios&nbsp;<strong>CAZORLA DIVERTIDA<\/strong>&nbsp;(Viaje 4 d\u00edas + alojamiento + multiaventura + paseos a caballo y tren,&#8230;) los d\u00edas 12, 13, 14 y 15 de Junio de 2018 con un precio total de 255 \u20ac,<\/p>\n<p>&nbsp;les solicitamos que &nbsp;rellenen lo siguiente:<\/p>\n<p><strong>Nombre y apellidos alumn@_________________________________________Curso______<\/strong><\/p>\n<table>\n<tbody>\n<tr>\n<td width=\"20\">&nbsp;<\/td>\n<\/tr>\n<tr>\n<td>&nbsp;<\/td>\n<td>&nbsp;<\/td>\n<\/tr>\n<\/tbody>\n<\/table>\n<p>&nbsp;<\/p>\n<ul>\n<li><strong>&nbsp; &nbsp;S\u00cd , participar\u00e1 en el Viaje de Estudios.<\/strong><\/li>\n<li><strong>&nbsp; NO, participar\u00e1 en el Viaje de Estudios.<\/strong>&nbsp;<\/li>\n<\/ul>\n<p>_____________________________________________________________________________<\/p>\n<p><u>Para los que s\u00ed participar\u00e1n&nbsp;<\/u>, &nbsp;ya &nbsp;pueden hacer el&nbsp;<strong><u>Ingreso de la reserva<\/u><\/strong>&nbsp;del Viaje de Estudios de 5\u00ba y 6\u00ba previsto para los d\u00edas 12, 13, 14 y &nbsp;15 &nbsp;de Junio de 2018.<\/p>\n<p>Para formalizar dicha reserva deben realizar un&nbsp;<u>ingreso o transferencia<\/u>&nbsp;con estos datos:<\/p>\n<p>-Importe:&nbsp;<strong>30 &nbsp;\u20ac<\/strong><\/p>\n<p>-N\u00ba de cuenta (CAJAMAR):&nbsp;<strong>ES69 3058 0777 2027 2010 4380<\/strong><\/p>\n<p>-En \u201cConcepto\u201d deben indicar:&nbsp;&nbsp;<strong>\u201cViaje +Nombre y apellidos alumn@ + Curso\u201d<\/strong><\/p>\n<p>(Ejemplo:&nbsp; \u201cViaje Emilio S\u00e1nchez P\u00e9rez 6\u00ba\u201d )<\/p>\n<p>&nbsp;&nbsp;&nbsp;&nbsp;&nbsp;&nbsp;&nbsp;&nbsp;&nbsp;&nbsp;&nbsp;&nbsp;&nbsp;&nbsp;&nbsp;&nbsp;&nbsp;&nbsp;&nbsp;&nbsp;&nbsp;&nbsp;&nbsp;&nbsp;&nbsp;&nbsp;&nbsp;&nbsp; Los ingresos deben estar realizados&nbsp;<strong><u>antes del 8 de Noviembre &nbsp;de 2017.<\/u><\/strong><\/p>\n<p>Toda la informaci\u00f3n relativa al Viaje de Estudios se ir\u00e1 poniendo en&nbsp; la p\u00e1gina web del Centro:<\/p>\n<p><a href=\"https:\/\/blogsaverroes.juntadeandalucia.es\/cprtorrejaral\">https:\/\/blogsaverroes.juntadeandalucia.es\/cprtorrejaral<\/a><\/p>\n<p>en la pesta\u00f1a \u00abEnse\u00f1anzas\u00bb&#8212;&#8211;\u00abEd.Primaria 3er. ciclo\u00bb&#8212;-Viaje de Estudios<\/p>\n<p>&nbsp;<\/p>\n<p>&nbsp;Les recordamos que el presupuesto que nos dio la Agencia asciende a &nbsp;<strong>255 \u20ac \/alumn@ (VIAJE+ALOJAMIENTO+AUTOB\u00daS 4 D\u00cdAS+ACTIVIDADES)<\/strong><\/p>\n<p>La&nbsp;<u>cantidad restante<\/u>&nbsp;se abonar\u00eda en la misma cuenta con los siguientes plazos:<\/p>\n<p>2\u00ba Plazo: 12 al 16 de Febrero de 2018&nbsp;&nbsp; &nbsp;(75 \u20ac)<\/p>\n<p>3\u00ba Plazo: 16 al 20 Abril de 2018&nbsp;&nbsp;&nbsp;&nbsp;&nbsp;&nbsp;&nbsp;&nbsp;&nbsp;&nbsp;&nbsp; &nbsp;(75 \u20ac)<\/p>\n<p>4\u00ba Plazo: 1 al 4 Mayo de 2018&nbsp; &nbsp;&nbsp;&nbsp;&nbsp;&nbsp;&nbsp;&nbsp;&nbsp;&nbsp;&nbsp;&nbsp;&nbsp;&nbsp;&nbsp;(75 \u20ac)<\/p>\n<p>&nbsp;&nbsp;&nbsp;&nbsp;&nbsp;&nbsp;&nbsp;&nbsp;&nbsp;&nbsp;&nbsp;&nbsp;&nbsp;&nbsp;&nbsp;&nbsp;&nbsp;&nbsp;&nbsp;&nbsp;&nbsp;&nbsp;&nbsp;&nbsp;&nbsp;&nbsp;&nbsp;&nbsp;&nbsp;&nbsp;&nbsp;&nbsp;&nbsp;&nbsp;&nbsp;&nbsp;&nbsp;&nbsp;&nbsp;&nbsp;&nbsp;&nbsp;&nbsp;&nbsp;&nbsp;&nbsp; Reciban un saludo.&nbsp;&nbsp;&nbsp;&nbsp;&nbsp; L@s &nbsp;tutor@s.<\/p>\n","protected":false},"excerpt":{"rendered":"<p>PROGRAMA DEL VIAJE NOTA A LAS FAMILIAS&nbsp; DE INFORMACI\u00d3N Y&nbsp; RESERVA (Repartida el d\u00eda 31\/10\/2017) C.P.R. TORREJARAL&nbsp;&nbsp;&nbsp;&nbsp;&nbsp;&nbsp;&nbsp;&nbsp; &nbsp;&nbsp;&nbsp;&nbsp;&nbsp;&nbsp;&nbsp;&nbsp;&nbsp;&nbsp;&nbsp; Asunto: VIAJE DE ESTUDIOS 2018 Estimadas familias del alumnado de 5\u00ba y 6\u00ba: Tras la reuni\u00f3n&#46;&#46;&#46;<\/p>\n","protected":false},"author":5769,"featured_media":0,"parent":0,"menu_order":0,"comment_status":"closed","ping_status":"closed","template":"","meta":{"ngg_post_thumbnail":0,"footnotes":"","_mc_calendar":[]},"aioseo_notices":[],"_links":{"self":[{"href":"https:\/\/blogsaverroes.juntadeandalucia.es\/cprtorrejaral\/wp-json\/wp\/v2\/pages\/5259"}],"collection":[{"href":"https:\/\/blogsaverroes.juntadeandalucia.es\/cprtorrejaral\/wp-json\/wp\/v2\/pages"}],"about":[{"href":"https:\/\/blogsaverroes.juntadeandalucia.es\/cprtorrejaral\/wp-json\/wp\/v2\/types\/page"}],"author":[{"embeddable":true,"href":"https:\/\/blogsaverroes.juntadeandalucia.es\/cprtorrejaral\/wp-json\/wp\/v2\/users\/5769"}],"replies":[{"embeddable":true,"href":"https:\/\/blogsaverroes.juntadeandalucia.es\/cprtorrejaral\/wp-json\/wp\/v2\/comments?post=5259"}],"version-history":[{"count":1,"href":"https:\/\/blogsaverroes.juntadeandalucia.es\/cprtorrejaral\/wp-json\/wp\/v2\/pages\/5259\/revisions"}],"predecessor-version":[{"id":5261,"href":"https:\/\/blogsaverroes.juntadeandalucia.es\/cprtorrejaral\/wp-json\/wp\/v2\/pages\/5259\/revisions\/5261"}],"wp:attachment":[{"href":"https:\/\/blogsaverroes.juntadeandalucia.es\/cprtorrejaral\/wp-json\/wp\/v2\/media?parent=5259"}],"curies":[{"name":"wp","href":"https:\/\/api.w.org\/{rel}","templated":true}]}}