{"id":5317,"date":"2018-04-05T21:21:55","date_gmt":"2018-04-05T21:21:55","guid":{"rendered":"https:\/\/blogsaverroes.juntadeandalucia.es\/cprtorrejaral\/?page_id=5317"},"modified":"2022-05-29T10:59:48","modified_gmt":"2022-05-29T10:59:48","slug":"descarga-de-impresos","status":"publish","type":"page","link":"https:\/\/blogsaverroes.juntadeandalucia.es\/cprtorrejaral\/descarga-de-impresos\/","title":{"rendered":"Descarga de impresos"},"content":{"rendered":"<p><b><i>Desde esta p\u00e1gina se pueden descargar los impresos habituales en el colegio. Para ello deben hacer clic sobre el enlace correspondiente:<\/i><\/b><\/p>\n<p><strong>ADMISI\u00d3N\/ ESCOLARIZACI\u00d3N (Alumnado nuevo)<span style=\"text-decoration: underline;color: #000000\"> (Mes de MARZO)<\/span><\/strong><\/p>\n<ul>\n<li><span style=\"color: #ff0000\"><strong><a style=\"color: #ff0000\" href=\"https:\/\/blogsaverroes.juntadeandalucia.es\/cprtorrejaral\/files\/2022\/03\/ANEXO-III-Solicitud-admision.pdf\" target=\"_blank\" rel=\"noopener noreferrer\"><span style=\"color: #000000\">ANEXO III &#8211; Solicitud admisi\u00f3n<\/span><\/a><\/strong><\/span><\/li>\n<\/ul>\n<h2><span style=\"color: #ff0000\"><strong>MATRICULACI\u00d3N&nbsp; (Todo el alumnado) (1 al 8 Junio)<\/strong><\/span><\/h2>\n<ul>\n<li><em><span style=\"color: #0000ff\"><a style=\"color: #0000ff\" href=\"https:\/\/blogsaverroes.juntadeandalucia.es\/cprtorrejaral\/files\/2020\/05\/MATR\u00cdCULA-INFANTIL.pdf\" target=\"_blank\" rel=\"noopener noreferrer\"><strong><span style=\"text-decoration: underline\">Impreso Matr\u00edcula Infantil<\/span><\/strong><\/a><\/span><\/em><\/li>\n<li><span style=\"text-decoration: underline\"><em><span style=\"color: #0000ff;text-decoration: underline\"><strong><a style=\"color: #0000ff;text-decoration: underline\" href=\"https:\/\/blogsaverroes.juntadeandalucia.es\/cprtorrejaral\/files\/2020\/05\/MATR\u00cdCULA-PRIMARIA.pdf\" target=\"_blank\" rel=\"noopener noreferrer\">Impreso Matricula Primaria<\/a><\/strong><\/span><\/em><\/span><\/li>\n<li><span style=\"text-decoration: underline\"><em><span style=\"color: #0000ff;text-decoration: underline\"><strong><a style=\"color: #0000ff;text-decoration: underline\" href=\"https:\/\/drive.google.com\/file\/d\/1edP3gffMYTBsbBozHe1U8ZVUJF2kv7-K\/view?usp=sharing\" target=\"_blank\" rel=\"noopener noreferrer\">Impreso-Religi\u00f3n<\/a><\/strong><\/span><\/em><\/span><\/li>\n<li><span style=\"text-decoration: underline\"><em><span style=\"color: #0000ff;text-decoration: underline\"><strong><a style=\"color: #0000ff;text-decoration: underline\" href=\"https:\/\/drive.google.com\/file\/d\/1vz0fJNiUbybmvlq3wBs39qk6EcmX9SwC\/view?usp=sharing\" target=\"_blank\" rel=\"noopener noreferrer\">Solicitud de transporte escolar<\/a><\/strong><\/span><\/em><\/span><\/li>\n<li><a href=\"https:\/\/drive.google.com\/file\/d\/1-5AXyk9OrIxJojXXOfK26D02UddcdXJA\/view?usp=sharing\" target=\"_blank\" rel=\"noopener noreferrer\"><strong><span style=\"text-decoration: underline;color: #0000ff\">Listado de paradas transporte escolar<\/span><\/strong><\/a><\/li>\n<li><span style=\"text-decoration: underline\"><em><span style=\"color: #0000ff;text-decoration: underline\"><strong><a style=\"color: #0000ff;text-decoration: underline\" href=\"https:\/\/blogsaverroes.juntadeandalucia.es\/cprtorrejaral\/files\/2020\/05\/FICHA_Datos_DEL_ALUMNO.pdf\" target=\"_blank\" rel=\"noopener noreferrer\">Ficha de datos<\/a><\/strong><\/span><\/em><\/span><\/li>\n<li><span style=\"text-decoration: underline\"><em><span style=\"color: #0000ff;text-decoration: underline\"><strong><a style=\"color: #0000ff;text-decoration: underline\" href=\"https:\/\/blogsaverroes.juntadeandalucia.es\/cprtorrejaral\/files\/2020\/05\/AUTORIZACI\u00d3N_DEL_USO_DE_LA_IMAGEN_DEL_ALUMNO.pdf\" target=\"_blank\" rel=\"noopener noreferrer\">Autorizaci\u00f3n de uso de imagen y voz<\/a><\/strong><\/span><\/em><\/span><\/li>\n<li><span style=\"text-decoration: underline\"><em><span style=\"color: #0000ff;text-decoration: underline\"><strong><a style=\"color: #0000ff;text-decoration: underline\" href=\"https:\/\/blogsaverroes.juntadeandalucia.es\/cprtorrejaral\/files\/2020\/05\/Autorizaci\u00f3n_recogida-2.pdf\" target=\"_blank\" rel=\"noopener noreferrer\">Autorizaci\u00f3n recogida alumnado por persona distinta&nbsp;<\/a><\/strong><\/span><\/em><\/span><\/li>\n<\/ul>\n<p><strong>PLAN DE APERTURA (aula matinal, comedor, actividades extraescolares)<\/strong><\/p>\n<ul>\n<li><strong><a href=\"https:\/\/blogsaverroes.juntadeandalucia.es\/cprtorrejaral\/files\/2020\/05\/Anexo_II_Inscripcion_en_los_Servicios_de_AM_CE_y_AAEX-torrejaral.pdf\" target=\"_blank\" rel=\"noopener noreferrer\">Solicitud de inscripci\u00f3n&nbsp;(AM,COMEDOR,AAEE)<\/a><\/strong><\/li>\n<li><strong><a href=\"https:\/\/blogsaverroes.juntadeandalucia.es\/cprtorrejaral\/files\/2018\/04\/AnexoV-Solicitud-Bonificaci\u00f3n.pdf\" target=\"_blank\" rel=\"noopener noreferrer\">Solicitud de bonificaci\u00f3n&nbsp;<\/a><\/strong><\/li>\n<li><strong><a href=\"https:\/\/blogsaverroes.juntadeandalucia.es\/cprtorrejaral\/files\/2018\/04\/solicitud_baja_plan_apertura.pdf\" target=\"_blank\" rel=\"noopener noreferrer\">Solicitud de baja<\/a><\/strong><\/li>\n<\/ul>\n<p><strong>AUTORIZACIONES Y JUSTIFICACIONES<\/strong><\/p>\n<ul>\n<li><strong><a href=\"https:\/\/blogsaverroes.juntadeandalucia.es\/cprtorrejaral\/files\/2018\/04\/Justificaci\u00f3n-Faltas-alumnado.pdf\" target=\"_blank\" rel=\"noopener noreferrer\"><span style=\"text-decoration: underline\">Justificaci\u00f3n de faltas alumnado<\/span><\/a><\/strong><\/li>\n<li><strong><span style=\"text-decoration: underline\"><a href=\"https:\/\/blogsaverroes.juntadeandalucia.es\/cprtorrejaral\/files\/2018\/04\/Justificaci\u00f3n-Llegada-tarde.pdf\" target=\"_blank\" rel=\"noopener noreferrer\">Justificaci\u00f3n por entrada tarde al Centro<\/a><\/span><\/strong><\/li>\n<li><strong><span style=\"text-decoration: underline\"><a href=\"https:\/\/blogsaverroes.juntadeandalucia.es\/cprtorrejaral\/files\/2018\/04\/Autorizaci\u00f3n-general-excursiones.pdf\" target=\"_blank\" rel=\"noopener noreferrer\">Autorizaci\u00f3n para salidas (Modelo gen\u00e9rico)<\/a><\/span><\/strong><\/li>\n<\/ul>\n<p>&nbsp;<\/p>\n<p>&nbsp;<\/p>\n","protected":false},"excerpt":{"rendered":"<p>Desde esta p\u00e1gina se pueden descargar los impresos habituales en el colegio. Para ello deben hacer clic sobre el enlace correspondiente: ADMISI\u00d3N\/ ESCOLARIZACI\u00d3N (Alumnado nuevo) (Mes de MARZO) ANEXO III &#8211; Solicitud admisi\u00f3n MATRICULACI\u00d3N&nbsp;&#46;&#46;&#46;<\/p>\n","protected":false},"author":5769,"featured_media":0,"parent":0,"menu_order":0,"comment_status":"closed","ping_status":"closed","template":"","meta":{"ngg_post_thumbnail":0,"footnotes":"","_mc_calendar":[]},"aioseo_notices":[],"_links":{"self":[{"href":"https:\/\/blogsaverroes.juntadeandalucia.es\/cprtorrejaral\/wp-json\/wp\/v2\/pages\/5317"}],"collection":[{"href":"https:\/\/blogsaverroes.juntadeandalucia.es\/cprtorrejaral\/wp-json\/wp\/v2\/pages"}],"about":[{"href":"https:\/\/blogsaverroes.juntadeandalucia.es\/cprtorrejaral\/wp-json\/wp\/v2\/types\/page"}],"author":[{"embeddable":true,"href":"https:\/\/blogsaverroes.juntadeandalucia.es\/cprtorrejaral\/wp-json\/wp\/v2\/users\/5769"}],"replies":[{"embeddable":true,"href":"https:\/\/blogsaverroes.juntadeandalucia.es\/cprtorrejaral\/wp-json\/wp\/v2\/comments?post=5317"}],"version-history":[{"count":43,"href":"https:\/\/blogsaverroes.juntadeandalucia.es\/cprtorrejaral\/wp-json\/wp\/v2\/pages\/5317\/revisions"}],"predecessor-version":[{"id":19238,"href":"https:\/\/blogsaverroes.juntadeandalucia.es\/cprtorrejaral\/wp-json\/wp\/v2\/pages\/5317\/revisions\/19238"}],"wp:attachment":[{"href":"https:\/\/blogsaverroes.juntadeandalucia.es\/cprtorrejaral\/wp-json\/wp\/v2\/media?parent=5317"}],"curies":[{"name":"wp","href":"https:\/\/api.w.org\/{rel}","templated":true}]}}