{"id":5419,"date":"2018-04-16T11:24:36","date_gmt":"2018-04-16T11:24:36","guid":{"rendered":"https:\/\/blogsaverroes.juntadeandalucia.es\/cprtorrejaral\/?page_id=5419"},"modified":"2018-04-16T11:30:45","modified_gmt":"2018-04-16T11:30:45","slug":"biodanza","status":"publish","type":"page","link":"https:\/\/blogsaverroes.juntadeandalucia.es\/cprtorrejaral\/biodanza\/","title":{"rendered":"Biodanza"},"content":{"rendered":"<div id=\"attachment_5420\" style=\"width: 310px\" class=\"wp-caption alignleft\"><a href=\"https:\/\/blogsaverroes.juntadeandalucia.es\/cprtorrejaral\/files\/2018\/04\/Foto-biodanza-001.jpg\"><img loading=\"lazy\" decoding=\"async\" aria-describedby=\"caption-attachment-5420\" class=\"size-medium wp-image-5420\" src=\"https:\/\/blogsaverroes.juntadeandalucia.es\/cprtorrejaral\/files\/2018\/04\/Foto-biodanza-001-300x300.jpg\" alt=\"\" width=\"300\" height=\"300\" srcset=\"https:\/\/blogsaverroes.juntadeandalucia.es\/cprtorrejaral\/files\/2018\/04\/Foto-biodanza-001-300x300.jpg 300w, https:\/\/blogsaverroes.juntadeandalucia.es\/cprtorrejaral\/files\/2018\/04\/Foto-biodanza-001-150x150.jpg 150w, https:\/\/blogsaverroes.juntadeandalucia.es\/cprtorrejaral\/files\/2018\/04\/Foto-biodanza-001-100x100.jpg 100w, https:\/\/blogsaverroes.juntadeandalucia.es\/cprtorrejaral\/files\/2018\/04\/Foto-biodanza-001-24x24.jpg 24w, https:\/\/blogsaverroes.juntadeandalucia.es\/cprtorrejaral\/files\/2018\/04\/Foto-biodanza-001-36x36.jpg 36w, https:\/\/blogsaverroes.juntadeandalucia.es\/cprtorrejaral\/files\/2018\/04\/Foto-biodanza-001-48x48.jpg 48w, https:\/\/blogsaverroes.juntadeandalucia.es\/cprtorrejaral\/files\/2018\/04\/Foto-biodanza-001.jpg 399w\" sizes=\"(max-width: 300px) 100vw, 300px\" \/><\/a><p id=\"caption-attachment-5420\" class=\"wp-caption-text\">Sesiones de biodanza en el aula<\/p><\/div>\n<p><strong>BIODANZA PARA NI\u00d1@S<\/strong><\/p>\n<p>Biodanza, es un sistema de integraci\u00f3n, que utiliza la m\u00fasica, el movimiento (danzas y juegos) y la interacci\u00f3n grupal, para desarrollar los potenciales gen\u00e9ticos de una forma saludable e integrada.<\/p>\n<p>El objetivo principal es la integraci\u00f3n afectiva a trav\u00e9s del movimiento. Manifest\u00e1ndose en el entorno en forma de ternura, amistad, afinidad por la vida, en una disposici\u00f3n abierta, una inclinaci\u00f3n permanente de cuidado de s\u00ed mismo, de las dem\u00e1s personas y de todo aquello que est\u00e1 vivo. La m\u00fasica ayuda al ni\u00f1o, a escuchar de modo activo y reflexivo.<\/p>\n<p><strong><u>Beneficios f\u00edsicos de practicar Biodanza para ni\u00f1@s:<\/u><\/strong><br \/>\nFacilita la circulaci\u00f3n de la sangre, fortalece los m\u00fasculos, mejora la &nbsp;&nbsp;&nbsp;&nbsp;&nbsp;&nbsp;&nbsp;flexibilidad, la fuerza y la resistencia.<br \/>\nAyuda a la adquisici\u00f3n de posturas m\u00e1s sanas, ejercita la agilidad, la coordinaci\u00f3n de movimientos, el equilibrio y el movimiento natural y org\u00e1nico.<br \/>\nDesarrolla el o\u00eddo musical, el sentido del ritmo, la memoria y la expresi\u00f3n corporal, facilitando la conexi\u00f3n con el propio cuerpo.<\/p>\n<p><strong><u>Beneficios ps\u00edquico-emocionales de practicar Biodanza para ni\u00f1@s:<\/u><\/strong>&nbsp;<br \/>\nEleva el nivel de salud, creatividad y alegr\u00eda vital. Aumenta la expresi\u00f3n y reconocimiento de emociones: ayudando a superar la soledad y la timidez, aprender a comunicarse con afecto e Interaccionar de manera grupal, al aumentar y desarrollar la expresi\u00f3n afectiva propia y con las dem\u00e1s personas.<br \/>\nMejora la autoestima:, al desarrollar al m\u00e1ximo sus potenciales, conoci\u00e9ndose a s\u00ed mismos a trav\u00e9s de los dem\u00e1s, desarrollando una identidad sana e \u00edntegra.<br \/>\nFacilita la liberaci\u00f3n de tensiones y equilibrando los polos descanso-actividad. Aumenta la concentraci\u00f3n y la capacidad de mantener orden.<\/p>\n<p><strong><u>Beneficios ps\u00edquicoprofil\u00e1xicos de practicar Biodanza para ni\u00f1@s<\/u><\/strong>:<br \/>\nEducando en la emoci\u00f3n y la salud prevenimos riesgos en la vida adulta.<\/p>\n","protected":false},"excerpt":{"rendered":"<p>BIODANZA PARA NI\u00d1@S Biodanza, es un sistema de integraci\u00f3n, que utiliza la m\u00fasica, el movimiento (danzas y juegos) y la interacci\u00f3n grupal, para desarrollar los potenciales gen\u00e9ticos de una forma saludable e integrada. El&#46;&#46;&#46;<\/p>\n","protected":false},"author":5769,"featured_media":0,"parent":0,"menu_order":0,"comment_status":"closed","ping_status":"closed","template":"","meta":{"ngg_post_thumbnail":0,"footnotes":"","_mc_calendar":[]},"aioseo_notices":[],"_links":{"self":[{"href":"https:\/\/blogsaverroes.juntadeandalucia.es\/cprtorrejaral\/wp-json\/wp\/v2\/pages\/5419"}],"collection":[{"href":"https:\/\/blogsaverroes.juntadeandalucia.es\/cprtorrejaral\/wp-json\/wp\/v2\/pages"}],"about":[{"href":"https:\/\/blogsaverroes.juntadeandalucia.es\/cprtorrejaral\/wp-json\/wp\/v2\/types\/page"}],"author":[{"embeddable":true,"href":"https:\/\/blogsaverroes.juntadeandalucia.es\/cprtorrejaral\/wp-json\/wp\/v2\/users\/5769"}],"replies":[{"embeddable":true,"href":"https:\/\/blogsaverroes.juntadeandalucia.es\/cprtorrejaral\/wp-json\/wp\/v2\/comments?post=5419"}],"version-history":[{"count":3,"href":"https:\/\/blogsaverroes.juntadeandalucia.es\/cprtorrejaral\/wp-json\/wp\/v2\/pages\/5419\/revisions"}],"predecessor-version":[{"id":5425,"href":"https:\/\/blogsaverroes.juntadeandalucia.es\/cprtorrejaral\/wp-json\/wp\/v2\/pages\/5419\/revisions\/5425"}],"wp:attachment":[{"href":"https:\/\/blogsaverroes.juntadeandalucia.es\/cprtorrejaral\/wp-json\/wp\/v2\/media?parent=5419"}],"curies":[{"name":"wp","href":"https:\/\/api.w.org\/{rel}","templated":true}]}}