{"id":870,"date":"2015-03-16T07:24:27","date_gmt":"2015-03-16T07:24:27","guid":{"rendered":"http:\/\/blogsaverroes.juntadeandalucia.es\/pre\/ceip\/?page_id=103"},"modified":"2018-04-02T19:49:23","modified_gmt":"2018-04-02T19:49:23","slug":"aula-matinal","status":"publish","type":"page","link":"https:\/\/blogsaverroes.juntadeandalucia.es\/cprtorrejaral\/aula-matinal\/","title":{"rendered":"Aula Matinal"},"content":{"rendered":"<h4><a href=\"https:\/\/blogsaverroes.juntadeandalucia.es\/cprtorrejaral\/files\/2015\/03\/madrugadores_web.jpg\"><img loading=\"lazy\" decoding=\"async\" class=\"size-medium wp-image-5290 alignleft\" src=\"https:\/\/blogsaverroes.juntadeandalucia.es\/cprtorrejaral\/files\/2015\/03\/madrugadores_web-300x247.jpg\" alt=\"\" width=\"300\" height=\"247\" srcset=\"https:\/\/blogsaverroes.juntadeandalucia.es\/cprtorrejaral\/files\/2015\/03\/madrugadores_web-300x247.jpg 300w, https:\/\/blogsaverroes.juntadeandalucia.es\/cprtorrejaral\/files\/2015\/03\/madrugadores_web-24x20.jpg 24w, https:\/\/blogsaverroes.juntadeandalucia.es\/cprtorrejaral\/files\/2015\/03\/madrugadores_web-36x30.jpg 36w, https:\/\/blogsaverroes.juntadeandalucia.es\/cprtorrejaral\/files\/2015\/03\/madrugadores_web-48x39.jpg 48w, https:\/\/blogsaverroes.juntadeandalucia.es\/cprtorrejaral\/files\/2015\/03\/madrugadores_web.jpg 365w\" sizes=\"(max-width: 300px) 100vw, 300px\" \/><\/a><\/h4>\n<p>El <strong>Aula Matinal<\/strong> abre a las 7.30 horas de lunes a viernes, ofreciendo actividades diversas a nuestro alumnado hasta el comienzo del horario lectivo (9,15 horas).<\/p>\n<p>Se organiza seg\u00fan demanda (con un m\u00ednimo de 10 usuarios). Actualmente funciona solo en la sede principal (Valle Niza).<\/p>\n<p>Puede&nbsp;utilizarse&nbsp;cualquier d\u00eda previa inscripci\u00f3n y domiciliaci\u00f3n bancaria.<\/p>\n<p><span style=\"color: #ff0000\"><strong>Mas informaci\u00f3n:&nbsp;<\/strong><\/span><\/p>\n<ul>\n<li><span style=\"color: #ff0000\"><strong>951 28 95 57<\/strong><\/span><\/li>\n<li><span style=\"color: #ff0000\"><strong>697 95 18 23&nbsp;<\/strong><\/span><\/li>\n<\/ul>\n","protected":false},"excerpt":{"rendered":"<p>El Aula Matinal abre a las 7.30 horas de lunes a viernes, ofreciendo actividades diversas a nuestro alumnado hasta el comienzo del horario lectivo (9,15 horas). Se organiza seg\u00fan demanda (con un m\u00ednimo de&#46;&#46;&#46;<\/p>\n","protected":false},"author":1,"featured_media":0,"parent":0,"menu_order":0,"comment_status":"open","ping_status":"open","template":"","meta":{"ngg_post_thumbnail":0,"footnotes":"","_mc_calendar":[]},"aioseo_notices":[],"_links":{"self":[{"href":"https:\/\/blogsaverroes.juntadeandalucia.es\/cprtorrejaral\/wp-json\/wp\/v2\/pages\/870"}],"collection":[{"href":"https:\/\/blogsaverroes.juntadeandalucia.es\/cprtorrejaral\/wp-json\/wp\/v2\/pages"}],"about":[{"href":"https:\/\/blogsaverroes.juntadeandalucia.es\/cprtorrejaral\/wp-json\/wp\/v2\/types\/page"}],"author":[{"embeddable":true,"href":"https:\/\/blogsaverroes.juntadeandalucia.es\/cprtorrejaral\/wp-json\/wp\/v2\/users\/1"}],"replies":[{"embeddable":true,"href":"https:\/\/blogsaverroes.juntadeandalucia.es\/cprtorrejaral\/wp-json\/wp\/v2\/comments?post=870"}],"version-history":[{"count":7,"href":"https:\/\/blogsaverroes.juntadeandalucia.es\/cprtorrejaral\/wp-json\/wp\/v2\/pages\/870\/revisions"}],"predecessor-version":[{"id":5294,"href":"https:\/\/blogsaverroes.juntadeandalucia.es\/cprtorrejaral\/wp-json\/wp\/v2\/pages\/870\/revisions\/5294"}],"wp:attachment":[{"href":"https:\/\/blogsaverroes.juntadeandalucia.es\/cprtorrejaral\/wp-json\/wp\/v2\/media?parent=870"}],"curies":[{"name":"wp","href":"https:\/\/api.w.org\/{rel}","templated":true}]}}