{"id":871,"date":"2015-03-16T07:25:46","date_gmt":"2015-03-16T07:25:46","guid":{"rendered":"http:\/\/blogsaverroes.juntadeandalucia.es\/pre\/ceip\/?page_id=106"},"modified":"2024-04-26T11:04:25","modified_gmt":"2024-04-26T11:04:25","slug":"actividades-extraescolares","status":"publish","type":"page","link":"https:\/\/blogsaverroes.juntadeandalucia.es\/cprtorrejaral\/actividades-extraescolares\/","title":{"rendered":"Actividades extraescolares"},"content":{"rendered":"<h4>&nbsp;<\/h4>\n<p style=\"text-align: left\"><a href=\"https:\/\/blogsaverroes.juntadeandalucia.es\/cprtorrejaral\/files\/2015\/03\/actividades-extraescolares-ilustracion-2015-16.jpg\"><img loading=\"lazy\" decoding=\"async\" class=\"size-medium wp-image-5295 alignright\" src=\"https:\/\/blogsaverroes.juntadeandalucia.es\/cprtorrejaral\/files\/2015\/03\/actividades-extraescolares-ilustracion-2015-16-300x212.jpg\" alt=\"\" width=\"300\" height=\"212\" srcset=\"https:\/\/blogsaverroes.juntadeandalucia.es\/cprtorrejaral\/files\/2015\/03\/actividades-extraescolares-ilustracion-2015-16-300x212.jpg 300w, https:\/\/blogsaverroes.juntadeandalucia.es\/cprtorrejaral\/files\/2015\/03\/actividades-extraescolares-ilustracion-2015-16-24x17.jpg 24w, https:\/\/blogsaverroes.juntadeandalucia.es\/cprtorrejaral\/files\/2015\/03\/actividades-extraescolares-ilustracion-2015-16-36x25.jpg 36w, https:\/\/blogsaverroes.juntadeandalucia.es\/cprtorrejaral\/files\/2015\/03\/actividades-extraescolares-ilustracion-2015-16-48x34.jpg 48w, https:\/\/blogsaverroes.juntadeandalucia.es\/cprtorrejaral\/files\/2015\/03\/actividades-extraescolares-ilustracion-2015-16.jpg 800w\" sizes=\"(max-width: 300px) 100vw, 300px\" \/><\/a>Las actividades extraescolares tienen lugar en horario de tarde, hasta las 18.00, y abarcan aspectos como la lectura, el deporte, la m\u00fasica, la inform\u00e1tica, los idiomas, la danza o el teatro, entre otras actividades l\u00fadicas y formativas.<\/p>\n<p>Para hacer posible la realizaci\u00f3n de estas actividades fuera del horario lectivo, los centros pueden abrir sus instalaciones hasta las 18.00 todos los d\u00edas lectivos con excepci\u00f3n de los viernes, en los que el cierre se establece a las 16.00.<\/p>\n<p>HORARIO DE ACTIVIDADES QUE FUNCIONAN ACTUALMENTE:<\/p>\n<p><span style=\"text-decoration: underline\"><strong>Valle Niza:<\/strong><\/span><\/p>\n<h5><em>Ingl\u00e9s: Lunes y Mi\u00e9rcoles&nbsp; de 4 a 5<\/em><\/h5>\n<h5><em>Multideportes: Martes y Jueves de 4 a 5&nbsp;<\/em><\/h5>\n<h5>&nbsp;<\/h5>\n<p><span style=\"color: #ff0000\"><strong>Mas informaci\u00f3n:&nbsp;<\/strong><\/span><\/p>\n<ul>\n<li><span style=\"color: #ff0000\"><strong>951 28 95 57<\/strong><\/span><\/li>\n<li><span style=\"color: #ff0000\"><strong>697 95 18 23&nbsp;<\/strong><\/span><\/li>\n<\/ul>\n<p>&nbsp;<\/p>\n<p>&nbsp;<\/p>\n<p>&nbsp;<\/p>\n<p>&nbsp;<\/p>\n<p>&nbsp;<\/p>\n<p>Talleres<\/p>\n<p>Horarios<\/p>\n<p>Solicitudes<\/p>\n<p>Precios<\/p>\n","protected":false},"excerpt":{"rendered":"<p>&nbsp; Las actividades extraescolares tienen lugar en horario de tarde, hasta las 18.00, y abarcan aspectos como la lectura, el deporte, la m\u00fasica, la inform\u00e1tica, los idiomas, la danza o el teatro, entre otras&#46;&#46;&#46;<\/p>\n","protected":false},"author":1,"featured_media":0,"parent":0,"menu_order":0,"comment_status":"open","ping_status":"open","template":"","meta":{"ngg_post_thumbnail":0,"footnotes":"","_mc_calendar":[]},"aioseo_notices":[],"_links":{"self":[{"href":"https:\/\/blogsaverroes.juntadeandalucia.es\/cprtorrejaral\/wp-json\/wp\/v2\/pages\/871"}],"collection":[{"href":"https:\/\/blogsaverroes.juntadeandalucia.es\/cprtorrejaral\/wp-json\/wp\/v2\/pages"}],"about":[{"href":"https:\/\/blogsaverroes.juntadeandalucia.es\/cprtorrejaral\/wp-json\/wp\/v2\/types\/page"}],"author":[{"embeddable":true,"href":"https:\/\/blogsaverroes.juntadeandalucia.es\/cprtorrejaral\/wp-json\/wp\/v2\/users\/1"}],"replies":[{"embeddable":true,"href":"https:\/\/blogsaverroes.juntadeandalucia.es\/cprtorrejaral\/wp-json\/wp\/v2\/comments?post=871"}],"version-history":[{"count":11,"href":"https:\/\/blogsaverroes.juntadeandalucia.es\/cprtorrejaral\/wp-json\/wp\/v2\/pages\/871\/revisions"}],"predecessor-version":[{"id":23750,"href":"https:\/\/blogsaverroes.juntadeandalucia.es\/cprtorrejaral\/wp-json\/wp\/v2\/pages\/871\/revisions\/23750"}],"wp:attachment":[{"href":"https:\/\/blogsaverroes.juntadeandalucia.es\/cprtorrejaral\/wp-json\/wp\/v2\/media?parent=871"}],"curies":[{"name":"wp","href":"https:\/\/api.w.org\/{rel}","templated":true}]}}