{"id":2356,"date":"2017-01-12T08:43:13","date_gmt":"2017-01-12T08:43:13","guid":{"rendered":"http:\/\/blogsaverroes.juntadeandalucia.es\/cprvalledelguadiaro\/?page_id=2356"},"modified":"2017-05-11T19:10:19","modified_gmt":"2017-05-11T19:10:19","slug":"servicios-dde-la-biblioteca","status":"publish","type":"page","link":"https:\/\/blogsaverroes.juntadeandalucia.es\/cprvalledelguadiaro\/?page_id=2356","title":{"rendered":"Servicios de la biblioteca. Normas"},"content":{"rendered":"<p>Los servicios ir\u00e1n dirigidos a favorecer el acceso a la informaci\u00f3n y a los recursos disponibles en la biblioteca (apertura, pr\u00e9stamo, informaci\u00f3n\u2026) y se pondr\u00e1n en marcha a medida que la utilizaci\u00f3n de la biblioteca adquiera m\u00e1s solidez. Un cometido esencial de la persona responsable de la biblioteca es hacer ver al profesorado la utilidad de los servicios de la biblioteca del centro.<\/p>\n<p>Cada grupo de alumnos\/as, con su tutor\/a, tendr\u00e1 reservado un tiempo semanal para utilizar la biblioteca en su horario lectivo, con las siguientes finalidades:<\/p>\n<ul>\n<li>Uso de la biblioteca escolar como centro de recursos que apoya el proceso de ense\u00f1anza &#8211; aprendizaje de nuestro alumnado.<\/li>\n<li>Realizaci\u00f3n de actividades did\u00e1cticas y celebraci\u00f3n de algunas efem\u00e9rides.<\/li>\n<li>Lectura de fondos de la biblioteca y servicio de pr\u00e9stamo, registrando siempre su pr\u00e9stamo y devoluci\u00f3n.<\/li>\n<\/ul>\n<p>La biblioteca presta pues a la comunidad educativa (alumnado, profesorado y personal no docente) en horario lectivo los siguientes servicios:<\/p>\n<ul>\n<li>Pr\u00e9stamo de libros individual y colectivo (al aula).<\/li>\n<li>Reserva de documentos.<\/li>\n<li>Apoyo a planes y proyectos.<\/li>\n<li>B\u00fasqueda de informaci\u00f3n y realizaci\u00f3n de trabajos.<\/li>\n<li>Lectura individual y colectiva en la biblioteca.<\/li>\n<li>Actividades de animaci\u00f3n a la lectura.<\/li>\n<\/ul>\n<p>Durante la permanencia en la biblioteca escolar, los alumnos\/as est\u00e1n obligados a guardar silencio y a mantener un comportamiento adecuado. De manera contraria, pueden ser obligados a abandonar dicho espacio en ese momento. Cuando se coge un libro de cualquier estanter\u00eda, ha de hacerse con cuidado.<\/p>\n<p>Cuando se devuelve un pr\u00e9stamo, se debe entregar al monitor para que lo anote manualmente o en el programa inform\u00e1tico ABIES, que gestiona la biblioteca escolar. Nunca lo colocar\u00e1 el alumnado en la estanter\u00eda, a no ser que el monitor le indique lo contrario. Normalmente, el pr\u00e9stamo suele hacerse una vez a la semana o cada dos.<\/p>\n<p>Se debe cuidar los libros con todo el esmero posible, son muy caros y muchos de los t\u00edtulos ya no est\u00e1n disponibles en las librer\u00edas. Se deben tratar con cuidado, sin mancharlos ni arrancar p\u00e1ginas o pegatinas. Las familias pueden ayudar a forrarlos con pl\u00e1stico transparente y as\u00ed, pueden contribuir a su conservaci\u00f3n.<\/p>\n<p>El incumplimiento de las normas de funcionamiento de la biblioteca escolar, as\u00ed como el uso indebido de los fondos conllevar\u00e1 la aplicaci\u00f3n de penalizaciones: si un alumno tarda m\u00e1s de lo debido en devolver un libro, se avisar\u00e1 a la familia ya sea por medio de la agenda o llamada telef\u00f3nica y si deteriora o pierde el libro deber\u00e1 repararlo o reponerlo econ\u00f3micamente.<\/p>\n<p>El docente que acude a la biblioteca en horario lectivo para realizar actividades did\u00e1cticas es responsable de los libros que vaya a utilizar, debiendo devolverlos antes de abandonar la biblioteca, informando al monitor o a la responsable o registrando sobre su pr\u00e9stamo y\/o devoluci\u00f3n.<\/p>\n<p>La biblioteca del centro permanecer\u00e1 cerrada durante los recreos.<\/p>\n<p><img loading=\"lazy\" decoding=\"async\" class=\"aligncenter size-medium wp-image-2811\" src=\"https:\/\/blogsaverroes.juntadeandalucia.es\/cprvalledelguadiaro\/files\/2017\/01\/FB_IMG_1477377355749-300x296.jpg\" alt=\"\" width=\"300\" height=\"296\" srcset=\"https:\/\/blogsaverroes.juntadeandalucia.es\/cprvalledelguadiaro\/files\/2017\/01\/FB_IMG_1477377355749-300x296.jpg 300w, https:\/\/blogsaverroes.juntadeandalucia.es\/cprvalledelguadiaro\/files\/2017\/01\/FB_IMG_1477377355749-768x757.jpg 768w, https:\/\/blogsaverroes.juntadeandalucia.es\/cprvalledelguadiaro\/files\/2017\/01\/FB_IMG_1477377355749-100x100.jpg 100w, https:\/\/blogsaverroes.juntadeandalucia.es\/cprvalledelguadiaro\/files\/2017\/01\/FB_IMG_1477377355749-700x690.jpg 700w, https:\/\/blogsaverroes.juntadeandalucia.es\/cprvalledelguadiaro\/files\/2017\/01\/FB_IMG_1477377355749-24x24.jpg 24w, https:\/\/blogsaverroes.juntadeandalucia.es\/cprvalledelguadiaro\/files\/2017\/01\/FB_IMG_1477377355749-36x36.jpg 36w, https:\/\/blogsaverroes.juntadeandalucia.es\/cprvalledelguadiaro\/files\/2017\/01\/FB_IMG_1477377355749-48x48.jpg 48w, https:\/\/blogsaverroes.juntadeandalucia.es\/cprvalledelguadiaro\/files\/2017\/01\/FB_IMG_1477377355749.jpg 960w\" sizes=\"(max-width: 300px) 100vw, 300px\" \/><\/p>\n","protected":false},"excerpt":{"rendered":"<p>Los servicios ir\u00e1n dirigidos a favorecer el acceso a la informaci\u00f3n y a los recursos disponibles en la biblioteca (apertura, pr\u00e9stamo, informaci\u00f3n\u2026) y se pondr\u00e1n en marcha a medida que la utilizaci\u00f3n de la&#46;&#46;&#46;<\/p>\n","protected":false},"author":4405,"featured_media":0,"parent":0,"menu_order":0,"comment_status":"open","ping_status":"open","template":"","meta":{"ngg_post_thumbnail":0,"footnotes":"","_mc_calendar":[]},"aioseo_notices":[],"_links":{"self":[{"href":"https:\/\/blogsaverroes.juntadeandalucia.es\/cprvalledelguadiaro\/index.php?rest_route=\/wp\/v2\/pages\/2356"}],"collection":[{"href":"https:\/\/blogsaverroes.juntadeandalucia.es\/cprvalledelguadiaro\/index.php?rest_route=\/wp\/v2\/pages"}],"about":[{"href":"https:\/\/blogsaverroes.juntadeandalucia.es\/cprvalledelguadiaro\/index.php?rest_route=\/wp\/v2\/types\/page"}],"author":[{"embeddable":true,"href":"https:\/\/blogsaverroes.juntadeandalucia.es\/cprvalledelguadiaro\/index.php?rest_route=\/wp\/v2\/users\/4405"}],"replies":[{"embeddable":true,"href":"https:\/\/blogsaverroes.juntadeandalucia.es\/cprvalledelguadiaro\/index.php?rest_route=%2Fwp%2Fv2%2Fcomments&post=2356"}],"version-history":[{"count":5,"href":"https:\/\/blogsaverroes.juntadeandalucia.es\/cprvalledelguadiaro\/index.php?rest_route=\/wp\/v2\/pages\/2356\/revisions"}],"predecessor-version":[{"id":2831,"href":"https:\/\/blogsaverroes.juntadeandalucia.es\/cprvalledelguadiaro\/index.php?rest_route=\/wp\/v2\/pages\/2356\/revisions\/2831"}],"wp:attachment":[{"href":"https:\/\/blogsaverroes.juntadeandalucia.es\/cprvalledelguadiaro\/index.php?rest_route=%2Fwp%2Fv2%2Fmedia&parent=2356"}],"curies":[{"name":"wp","href":"https:\/\/api.w.org\/{rel}","templated":true}]}}