{"id":2429,"date":"2017-02-09T08:40:32","date_gmt":"2017-02-09T08:40:32","guid":{"rendered":"http:\/\/blogsaverroes.juntadeandalucia.es\/cprvalledelguadiaro\/?page_id=2429"},"modified":"2025-02-18T12:48:23","modified_gmt":"2025-02-18T12:48:23","slug":"consejo-escolar","status":"publish","type":"page","link":"https:\/\/blogsaverroes.juntadeandalucia.es\/cprvalledelguadiaro\/?page_id=2429","title":{"rendered":"Consejo Escolar"},"content":{"rendered":"<h4>Presidenta<\/h4>\n<p>Villanueva Garc\u00eda, Mar\u00eda<\/p>\n<h4>Secretar\u00eda<\/h4>\n<p>Reina Gil, Josefa Gloria<\/p>\n<h4>Representantes del profesorado:<\/h4>\n<p>Alonso Antequera, Yolanda<\/p>\n<p>Fern\u00e1ndez Amaya, Jos\u00e9 Blas<\/p>\n<p>L\u00f3pez Siles, Francisco Javier<\/p>\n<h4>Representantes de familias<\/h4>\n<p>Molina Lobo, Tamara<\/p>\n<p>N\u00fa\u00f1ez Garc\u00eda, Juana Mar\u00eda<\/p>\n<p>Romero Rom\u00e1n, Ana<\/p>\n<h4>Representante del pas<\/h4>\n<p>Mu\u00f1iz P\u00e9rez, Mar\u00eda Jos\u00e9<\/p>\n<h4>Impulsor de medidas de igualdad<\/h4>\n<p>Mar\u00edn Mart\u00ednez, Mar\u00eda Jos\u00e9<\/p>\n<h4>Ayuntamiento.<\/h4>\n<p>Delgado Lepe, Juan Francisco<\/p>\n<p>&nbsp;<\/p>\n","protected":false},"excerpt":{"rendered":"<p>Presidenta Villanueva Garc\u00eda, Mar\u00eda Secretar\u00eda Reina Gil, Josefa Gloria Representantes del profesorado: Alonso Antequera, Yolanda Fern\u00e1ndez Amaya, Jos\u00e9 Blas L\u00f3pez Siles, Francisco Javier Representantes de familias Molina Lobo, Tamara N\u00fa\u00f1ez Garc\u00eda, Juana Mar\u00eda Romero&#46;&#46;&#46;<\/p>\n","protected":false},"author":4405,"featured_media":0,"parent":0,"menu_order":0,"comment_status":"open","ping_status":"open","template":"","meta":{"ngg_post_thumbnail":0,"footnotes":"","_mc_calendar":[]},"aioseo_notices":[],"_links":{"self":[{"href":"https:\/\/blogsaverroes.juntadeandalucia.es\/cprvalledelguadiaro\/index.php?rest_route=\/wp\/v2\/pages\/2429"}],"collection":[{"href":"https:\/\/blogsaverroes.juntadeandalucia.es\/cprvalledelguadiaro\/index.php?rest_route=\/wp\/v2\/pages"}],"about":[{"href":"https:\/\/blogsaverroes.juntadeandalucia.es\/cprvalledelguadiaro\/index.php?rest_route=\/wp\/v2\/types\/page"}],"author":[{"embeddable":true,"href":"https:\/\/blogsaverroes.juntadeandalucia.es\/cprvalledelguadiaro\/index.php?rest_route=\/wp\/v2\/users\/4405"}],"replies":[{"embeddable":true,"href":"https:\/\/blogsaverroes.juntadeandalucia.es\/cprvalledelguadiaro\/index.php?rest_route=%2Fwp%2Fv2%2Fcomments&post=2429"}],"version-history":[{"count":8,"href":"https:\/\/blogsaverroes.juntadeandalucia.es\/cprvalledelguadiaro\/index.php?rest_route=\/wp\/v2\/pages\/2429\/revisions"}],"predecessor-version":[{"id":12868,"href":"https:\/\/blogsaverroes.juntadeandalucia.es\/cprvalledelguadiaro\/index.php?rest_route=\/wp\/v2\/pages\/2429\/revisions\/12868"}],"wp:attachment":[{"href":"https:\/\/blogsaverroes.juntadeandalucia.es\/cprvalledelguadiaro\/index.php?rest_route=%2Fwp%2Fv2%2Fmedia&parent=2429"}],"curies":[{"name":"wp","href":"https:\/\/api.w.org\/{rel}","templated":true}]}}