{"id":42,"date":"2015-03-13T08:40:47","date_gmt":"2015-03-13T08:40:47","guid":{"rendered":"http:\/\/blogsaverroes.juntadeandalucia.es\/pre\/ceip\/?page_id=42"},"modified":"2017-01-09T18:02:44","modified_gmt":"2017-01-09T18:02:44","slug":"equipo-directivo","status":"publish","type":"page","link":"https:\/\/blogsaverroes.juntadeandalucia.es\/cprvalledelguadiaro\/?page_id=42","title":{"rendered":"Equipo directivo"},"content":{"rendered":"<p style=\"text-align: center\"><span style=\"text-decoration: underline\"><em><strong>EQUIPO DIRECTIVO<\/strong><\/em><\/span><\/p>\n<p style=\"text-align: center\"><strong> Direcci\u00f3n: Mar\u00eda Villanueva Garc\u00eda<a href=\"http:\/\/blogsaverroes.juntadeandalucia.es\/cprvalledelguadiaro\/files\/2015\/03\/094.jpg\"><img loading=\"lazy\" decoding=\"async\" class=\"  wp-image-2327 aligncenter\" src=\"http:\/\/blogsaverroes.juntadeandalucia.es\/cprvalledelguadiaro\/files\/2015\/03\/094-252x300.jpg\" alt=\"Directora\" width=\"122\" height=\"144\" srcset=\"https:\/\/blogsaverroes.juntadeandalucia.es\/cprvalledelguadiaro\/files\/2015\/03\/094-252x300.jpg 252w, https:\/\/blogsaverroes.juntadeandalucia.es\/cprvalledelguadiaro\/files\/2015\/03\/094-859x1024.jpg 859w, https:\/\/blogsaverroes.juntadeandalucia.es\/cprvalledelguadiaro\/files\/2015\/03\/094-700x834.jpg 700w, https:\/\/blogsaverroes.juntadeandalucia.es\/cprvalledelguadiaro\/files\/2015\/03\/094-20x24.jpg 20w, https:\/\/blogsaverroes.juntadeandalucia.es\/cprvalledelguadiaro\/files\/2015\/03\/094-30x36.jpg 30w, https:\/\/blogsaverroes.juntadeandalucia.es\/cprvalledelguadiaro\/files\/2015\/03\/094-40x48.jpg 40w, https:\/\/blogsaverroes.juntadeandalucia.es\/cprvalledelguadiaro\/files\/2015\/03\/094.jpg 1220w\" sizes=\"(max-width: 122px) 100vw, 122px\" \/><\/a>Secretar\u00eda: Ana Mar\u00eda Garc\u00eda Torres<\/strong><\/p>\n<p style=\"text-align: center\"><strong><a href=\"http:\/\/blogsaverroes.juntadeandalucia.es\/cprvalledelguadiaro\/files\/2015\/03\/Foto-de-vgmaria31.jpg\"><img loading=\"lazy\" decoding=\"async\" class=\"alignnone  wp-image-2333\" src=\"http:\/\/blogsaverroes.juntadeandalucia.es\/cprvalledelguadiaro\/files\/2015\/03\/Foto-de-vgmaria31-169x300.jpg\" alt=\"Secretaria\" width=\"101\" height=\"173\" \/><\/a><br \/>\n<\/strong><\/p>\n","protected":false},"excerpt":{"rendered":"<p>EQUIPO DIRECTIVO Direcci\u00f3n: Mar\u00eda Villanueva Garc\u00edaSecretar\u00eda: Ana Mar\u00eda Garc\u00eda Torres<\/p>\n","protected":false},"author":1,"featured_media":0,"parent":0,"menu_order":0,"comment_status":"closed","ping_status":"open","template":"","meta":{"ngg_post_thumbnail":0,"footnotes":"","_mc_calendar":[]},"aioseo_notices":[],"_links":{"self":[{"href":"https:\/\/blogsaverroes.juntadeandalucia.es\/cprvalledelguadiaro\/index.php?rest_route=\/wp\/v2\/pages\/42"}],"collection":[{"href":"https:\/\/blogsaverroes.juntadeandalucia.es\/cprvalledelguadiaro\/index.php?rest_route=\/wp\/v2\/pages"}],"about":[{"href":"https:\/\/blogsaverroes.juntadeandalucia.es\/cprvalledelguadiaro\/index.php?rest_route=\/wp\/v2\/types\/page"}],"author":[{"embeddable":true,"href":"https:\/\/blogsaverroes.juntadeandalucia.es\/cprvalledelguadiaro\/index.php?rest_route=\/wp\/v2\/users\/1"}],"replies":[{"embeddable":true,"href":"https:\/\/blogsaverroes.juntadeandalucia.es\/cprvalledelguadiaro\/index.php?rest_route=%2Fwp%2Fv2%2Fcomments&post=42"}],"version-history":[{"count":3,"href":"https:\/\/blogsaverroes.juntadeandalucia.es\/cprvalledelguadiaro\/index.php?rest_route=\/wp\/v2\/pages\/42\/revisions"}],"predecessor-version":[{"id":2334,"href":"https:\/\/blogsaverroes.juntadeandalucia.es\/cprvalledelguadiaro\/index.php?rest_route=\/wp\/v2\/pages\/42\/revisions\/2334"}],"wp:attachment":[{"href":"https:\/\/blogsaverroes.juntadeandalucia.es\/cprvalledelguadiaro\/index.php?rest_route=%2Fwp%2Fv2%2Fmedia&parent=42"}],"curies":[{"name":"wp","href":"https:\/\/api.w.org\/{rel}","templated":true}]}}