{"id":438,"date":"2015-03-20T07:09:31","date_gmt":"2015-03-20T07:09:31","guid":{"rendered":"http:\/\/blogsaverroes.juntadeandalucia.es\/pre\/ceip\/?page_id=438"},"modified":"2019-02-07T10:07:14","modified_gmt":"2019-02-07T10:07:14","slug":"materiales-recursos","status":"publish","type":"page","link":"https:\/\/blogsaverroes.juntadeandalucia.es\/cprvalledelguadiaro\/?page_id=438","title":{"rendered":"E.P. 3\u00ba ciclo. Materiales, recursos&#8230;"},"content":{"rendered":"<h4>Hoy queremos dejaros el enlace de una p\u00e1gina web muy interesante, en la que vuestros hijos e hijas podr\u00e1n aprender mientras juegan desde casa. Se llama \u00abMundo Primaria\u00bb, seguro que os ser\u00e1 de gran ayuda.<\/h4>\n<blockquote class=\"wp-embedded-content\" data-secret=\"7owgYMzxpF\"><p><a href=\"https:\/\/www.mundoprimaria.com\/\">Mundo Primaria, el mayor Portal Educativo gratuito<\/a><\/p><\/blockquote>\n<p><iframe class=\"wp-embedded-content\" sandbox=\"allow-scripts\" security=\"restricted\" style=\"position: absolute; clip: rect(1px, 1px, 1px, 1px);\" title=\"\u00abMundo Primaria, el mayor Portal Educativo gratuito\u00bb \u2014 Mundo Primaria\" src=\"https:\/\/www.mundoprimaria.com\/embed#?secret=XpEet6ou4Z#?secret=7owgYMzxpF\" data-secret=\"7owgYMzxpF\" width=\"500\" height=\"282\" frameborder=\"0\" marginwidth=\"0\" marginheight=\"0\" scrolling=\"no\"><\/iframe><\/p>\n<h4>Os adjuntamos a continuaci\u00f3n un enlace de una p\u00e1gina muy interesante, en la que encontrar\u00e9is muchos recursos para trabajar con vuestros hijos e hijas. Os ser\u00e1 de gran ayuda.<\/h4>\n<p><a href=\"https:\/\/www.orientacionandujar.es\/\">https:\/\/www.orientacionandujar.es\/<\/a><\/p>\n<h4>Aqu\u00ed ten\u00e9is un enlace que os dirigir\u00e1 a una p\u00e1gina en la que encontrar\u00e9is una amplia variedad de recursos y materiales, de todas las \u00e1reas, para trabajar con este 3er ciclo. Tan solo ten\u00e9is que pinchar encima y os dirigir\u00e1 a dicha p\u00e1gina.<\/h4>\n<p><a href=\"http:\/\/www.polavide.es\/index_1.html\">http:\/\/www.polavide.es\/index_1.html<\/a><\/p>\n<h1>Ejemplo de Evaluaci\u00f3n final de Educaci\u00f3n Primaria (6\u00ba de Primaria)<\/h1>\n<h5>Material para el alumnado<\/h5>\n<ul>\n<li><strong>Competencia en comunicaci\u00f3n ling\u00fc\u00edstica (espa\u00f1ol)<\/strong>\n<ul>\n<li><a title=\"Enlace externo, se abre en ventana nueva\" href=\"http:\/\/www.mecd.gob.es\/dctm\/inee\/evaluacionsextoprimaria\/pruebamodelo6epclcomprension.pdf?documentId=0901e72b81d3c6de\" rel=\"external\">Prueba de comprensi\u00f3n oral y escrita<\/a>&nbsp;&nbsp;<img decoding=\"async\" src=\"http:\/\/www.mecd.gob.es\/docroot\/fckeditor\/images\/smiley\/educacion-ico\/ico-pdf.gif\" alt=\"\"><\/li>\n<li><a title=\"Enlace externo, se abre en ventana nueva\" href=\"http:\/\/www.mecd.gob.es\/dctm\/inee\/evaluacionsextoprimaria\/pruebamodelo6epclexpresion.pdf?documentId=0901e72b81d3c6df\" rel=\"external\">Prueba de expresi\u00f3n oral y escrita<\/a> <img decoding=\"async\" src=\"http:\/\/www.mecd.gob.es\/docroot\/fckeditor\/images\/smiley\/educacion-ico\/ico-pdf.gif\" alt=\"\"><\/li>\n<li>&nbsp;Audios para la comprensi\u00f3n oral: <a title=\"Enlace externo, se abre en ventana nueva\" href=\"http:\/\/www.mecd.gob.es\/dctm\/inee\/evaluacionfinalprimaria\/audio1.mp3?documentId=0901e72b81ceae1a\" rel=\"external\"><em>audio 1<\/em><\/a>&nbsp; <img decoding=\"async\" src=\"http:\/\/www.mecd.gob.es\/docroot\/fckeditor\/images\/smiley\/educacion-ico\/ico-audio.gif\" alt=\"\"> <a title=\"Enlace externo, se abre en ventana nueva\" href=\"http:\/\/www.mecd.gob.es\/dctm\/inee\/evaluacionfinalprimaria\/audio2.mp3?documentId=0901e72b81ceae1b\" rel=\"external\"><em>audio 2<\/em><\/a>&nbsp; <img decoding=\"async\" src=\"http:\/\/www.mecd.gob.es\/docroot\/fckeditor\/images\/smiley\/educacion-ico\/ico-audio.gif\" alt=\"\"><\/li>\n<\/ul>\n<\/li>\n<li><strong>Competencia en comunicaci\u00f3n ling\u00fc\u00edstica (ingl\u00e9s)<\/strong><strong><br \/>\n<\/strong><\/p>\n<ul>\n<li><strong><a title=\"Enlace externo, se abre en ventana nueva\" href=\"http:\/\/www.mecd.gob.es\/dctm\/inee\/evaluacionsextoprimaria\/ingles\/prueba-comprension-oral-y-escrita-en-ingles-audio.pdf?documentId=0901e72b82029318\" rel=\"external\">Prueba de comprensi\u00f3n oral y escrita (con audio)<\/a> <img decoding=\"async\" src=\"http:\/\/www.mecd.gob.es\/docroot\/fckeditor\/images\/smiley\/educacion-ico\/ico-pdf.gif\" alt=\"\"><br \/>\n<\/strong><\/li>\n<li><strong><a title=\"Enlace externo, se abre en ventana nueva\" href=\"http:\/\/www.mecd.gob.es\/dctm\/inee\/evaluacionsextoprimaria\/ingles\/prueba-expresion-escrita-y-oral-en-ingles.pdf?documentId=0901e72b82025b4c\" rel=\"external\">Prueba de expresi\u00f3n escrita y oral<\/a> <img loading=\"lazy\" decoding=\"async\" src=\"http:\/\/www.mecd.gob.es\/docroot\/fckeditor\/images\/smiley\/educacion-ico\/ico-pdf.gif\" alt=\"\" width=\"13\" height=\"13\"><br \/>\n<\/strong><\/li>\n<li>Audios para la comprensi\u00f3n oral: <strong><a title=\"Enlace externo, se abre en ventana nueva\" href=\"http:\/\/www.mecd.gob.es\/dctm\/inee\/evaluacionsextoprimaria\/ingles\/audio-1.mp3?documentId=0901e72b8202595a\" rel=\"external\"><em>audio 1<\/em><\/a>&nbsp;<img decoding=\"async\" src=\"http:\/\/www.mecd.gob.es\/docroot\/fckeditor\/images\/smiley\/educacion-ico\/ico-audio.gif\" alt=\"\"> <em><a title=\"Enlace externo, se abre en ventana nueva\" href=\"http:\/\/www.mecd.gob.es\/dctm\/inee\/evaluacionsextoprimaria\/ingles\/audio-2.mp3?documentId=0901e72b8202595b\" rel=\"external\">audio 2<\/a><\/em> <img decoding=\"async\" src=\"http:\/\/www.mecd.gob.es\/docroot\/fckeditor\/images\/smiley\/educacion-ico\/ico-audio.gif\" alt=\"\"><br \/>\n<\/strong><\/li>\n<li><a title=\"Enlace externo, se abre en ventana nueva\" href=\"http:\/\/educalab.es\/cniie\/competencias-basicas\/lenguas-extranjeras\/evaluaciones-externas\" rel=\"external\">Pruebas de comprensi\u00f3n oral y escrita y de expresi\u00f3n oral y escrita. (Pruebas en formato interactivo. Enlace a CNIIE)<\/a> <img decoding=\"async\" src=\"http:\/\/www.mecd.gob.es\/docroot\/fckeditor\/images\/smiley\/educacion-ico\/ico-internet.gif\" alt=\"\"><\/li>\n<\/ul>\n<\/li>\n<li><strong>Competencia matem\u00e1tica<\/strong>\n<ul>\n<li><a title=\"Enlace externo, se abre en ventana nueva\" href=\"http:\/\/www.mecd.gob.es\/dctm\/inee\/evaluacionsextoprimaria\/pruebamodelo6epcm.pdf?documentId=0901e72b81d64126\" rel=\"external\">Prueba de competencia matem\u00e1tica<\/a>&nbsp; <img decoding=\"async\" src=\"http:\/\/www.mecd.gob.es\/docroot\/fckeditor\/images\/smiley\/educacion-ico\/ico-pdf.gif\" alt=\"\"><\/li>\n<\/ul>\n<\/li>\n<li><strong>Competencias b\u00e1sicas en ciencia y tecnolog\u00eda<\/strong>\n<ul>\n<li><a title=\"Enlace externo, se abre en ventana nueva\" href=\"http:\/\/www.mecd.gob.es\/dctm\/inee\/evaluacionsextoprimaria\/pruebamodelo6epcyt.pdf?documentId=0901e72b81d3c84f\" rel=\"external\">Prueba de competencia en ciencia y tecnolog\u00eda<\/a> <img decoding=\"async\" src=\"http:\/\/www.mecd.gob.es\/docroot\/fckeditor\/images\/smiley\/educacion-ico\/ico-pdf.gif\" alt=\"\"><\/li>\n<\/ul>\n<\/li>\n<\/ul>\n<h5>&nbsp;Material&nbsp;para el profesorado<\/h5>\n<ul>\n<li><a title=\"Enlace externo, se abre en ventana nueva\" href=\"http:\/\/www.mecd.gob.es\/dctm\/inee\/evaluacionsextoprimaria\/guiacodificacionmodelo6epclcomprension.pdf?documentId=0901e72b81d3c6db\" rel=\"external\">Competencia ling\u00fc\u00edstica (espa\u00f1ol): Comprensi\u00f3n oral y escrita. Gu\u00eda&nbsp;de codificaci\u00f3n. Informaci\u00f3n para el profesorado<\/a>&nbsp; <img decoding=\"async\" src=\"http:\/\/www.mecd.gob.es\/docroot\/fckeditor\/images\/smiley\/educacion-ico\/ico-pdf.gif\" alt=\"\"><\/li>\n<li><a title=\"Enlace externo, se abre en ventana nueva\" href=\"http:\/\/www.mecd.gob.es\/dctm\/inee\/evaluacionsextoprimaria\/guiacodificacionmodelo6epclexpresion.pdf?documentId=0901e72b81d3c6dc\" rel=\"external\">Competencia ling\u00fc\u00edstica (espa\u00f1ol): Expresi\u00f3n oral y escrita. Gu\u00eda de codificaci\u00f3n. Informaci\u00f3n para el profesorado<\/a>&nbsp; <img decoding=\"async\" src=\"http:\/\/www.mecd.gob.es\/docroot\/fckeditor\/images\/smiley\/educacion-ico\/ico-pdf.gif\" alt=\"\"><\/li>\n<li><a title=\"Enlace externo, se abre en ventana nueva\" href=\"http:\/\/www.mecd.gob.es\/dctm\/inee\/evaluacionsextoprimaria\/ingles\/guia-comprension-oral-y-escrita-en-ingles.pdf?documentId=0901e72b82029317\" rel=\"external\">Competencia ling\u00fc\u00edstica (ingl\u00e9s): Comprensi\u00f3n oral y escrita. Gu\u00eda de codificaci\u00f3n. Informaci\u00f3n para el profesorado<\/a> <img decoding=\"async\" src=\"http:\/\/www.mecd.gob.es\/docroot\/fckeditor\/images\/smiley\/educacion-ico\/ico-pdf.gif\" alt=\"\"><\/li>\n<li><a title=\"Enlace externo, se abre en ventana nueva\" href=\"http:\/\/www.mecd.gob.es\/dctm\/inee\/evaluacionsextoprimaria\/ingles\/guia-expresion-escrita-y-oral-en-ingles.pdf?documentId=0901e72b82025b4a\" rel=\"external\">Competencia ling\u00fc\u00edstica (ingl\u00e9s): Expresi\u00f3n escrita y oral. Gu\u00eda de codificaci\u00f3n. Informaci\u00f3n para el profesorado<\/a> <img decoding=\"async\" src=\"http:\/\/www.mecd.gob.es\/docroot\/fckeditor\/images\/smiley\/educacion-ico\/ico-pdf.gif\" alt=\"\"><\/li>\n<li><a title=\"Enlace externo, se abre en ventana nueva\" href=\"http:\/\/educalab.es\/cniie\/competencias-basicas\/lenguas-extranjeras\/evaluaciones-externas\" rel=\"external\">Competencia ling\u00fc\u00edstica (ingl\u00e9s): Comprensi\u00f3n oral y escrita. Expresi\u00f3n oral y escrita. Gu\u00edas de codificaci\u00f3n. Informaci\u00f3n para el profesorado. (Pruebas en formato interactivo. Enlace a CNIIE) <\/a><img decoding=\"async\" src=\"http:\/\/www.mecd.gob.es\/docroot\/fckeditor\/images\/smiley\/educacion-ico\/ico-internet.gif\" alt=\"\"><\/li>\n<li><a title=\"Enlace externo, se abre en ventana nueva\" href=\"http:\/\/www.mecd.gob.es\/dctm\/inee\/evaluacionsextoprimaria\/guiacodificacionmodelo6epcm.pdf?documentId=0901e72b81d64125\" rel=\"external\">Competencia matem\u00e1tica: Gu\u00eda de codificaci\u00f3n. Informaci\u00f3n para el profesorado<\/a>&nbsp;&nbsp;<img decoding=\"async\" src=\"http:\/\/www.mecd.gob.es\/docroot\/fckeditor\/images\/smiley\/educacion-ico\/ico-pdf.gif\" alt=\"\"><\/li>\n<li><a title=\"Enlace externo, se abre en ventana nueva\" href=\"http:\/\/www.mecd.gob.es\/dctm\/inee\/evaluacionsextoprimaria\/guiacodificacionmodelo6epcyt.pdf?documentId=0901e72b81d3c43b\" rel=\"external\">Competencia en ciencia y tecnolog\u00eda: Gu\u00eda de codificaci\u00f3n. Informaci\u00f3n para el profesorado<\/a>&nbsp; <img decoding=\"async\" src=\"http:\/\/www.mecd.gob.es\/docroot\/fckeditor\/images\/smiley\/educacion-ico\/ico-pdf.gif\" alt=\"\"><\/li>\n<\/ul>\n<h4>Animals in our world<\/h4>\n<p><a title=\"Animals\" href=\"http:\/\/agrega.juntadeandalucia.es\/visualizar\/es\/es-an_2010032213_9120327\/false\" target=\"_blank\" rel=\"noopener\"><img loading=\"lazy\" decoding=\"async\" class=\"alignnone size-medium wp-image-1599\" src=\"http:\/\/blogsaverroes.juntadeandalucia.es\/cprvalledelguadiaro\/files\/2015\/03\/animales-300x225.jpg\" alt=\"animales\" width=\"300\" height=\"225\" srcset=\"https:\/\/blogsaverroes.juntadeandalucia.es\/cprvalledelguadiaro\/files\/2015\/03\/animales-300x225.jpg 300w, https:\/\/blogsaverroes.juntadeandalucia.es\/cprvalledelguadiaro\/files\/2015\/03\/animales-700x525.jpg 700w, https:\/\/blogsaverroes.juntadeandalucia.es\/cprvalledelguadiaro\/files\/2015\/03\/animales-332x249.jpg 332w, https:\/\/blogsaverroes.juntadeandalucia.es\/cprvalledelguadiaro\/files\/2015\/03\/animales.jpg 800w\" sizes=\"(max-width: 300px) 100vw, 300px\" \/><\/a><\/p>\n<p>En esta secuencia did\u00e1ctica utilizaremos el tema de los animales para trabajar el Present simple incidiendo especialmente en la forma interrogativa (preguntas y respuestas) y en la tercera persona del singular. L\u00f3gicamente incidiremos tambi\u00e9n en los pronombres interrogativos. Veremos c\u00f3mo y d\u00f3nde viven animales y mascotas (tambi\u00e9n de d\u00f3nde proceden) sus h\u00e1bitos lo que comen, los compararemos y describiremos.<\/p>\n<p>&nbsp;<\/p>\n<h4>Los valores democr\u00e1ticos<\/h4>\n<p><a title=\"Europa\" href=\"http:\/\/agrega.juntadeandalucia.es\/visualizar\/es\/es-an_2010040613_9102340\/false\" target=\"_blank\" rel=\"noopener\"><img loading=\"lazy\" decoding=\"async\" class=\"alignnone size-medium wp-image-1601\" src=\"http:\/\/blogsaverroes.juntadeandalucia.es\/cprvalledelguadiaro\/files\/2015\/03\/europa-300x225.jpg\" alt=\"europa\" width=\"300\" height=\"225\" srcset=\"https:\/\/blogsaverroes.juntadeandalucia.es\/cprvalledelguadiaro\/files\/2015\/03\/europa-300x225.jpg 300w, https:\/\/blogsaverroes.juntadeandalucia.es\/cprvalledelguadiaro\/files\/2015\/03\/europa-700x525.jpg 700w, https:\/\/blogsaverroes.juntadeandalucia.es\/cprvalledelguadiaro\/files\/2015\/03\/europa-332x249.jpg 332w, https:\/\/blogsaverroes.juntadeandalucia.es\/cprvalledelguadiaro\/files\/2015\/03\/europa.jpg 800w\" sizes=\"(max-width: 300px) 100vw, 300px\" \/><\/a><\/p>\n<p>En esta secuencia did\u00e1ctica se trabajan las instituciones democr\u00e1ticas, la organizaci\u00f3n del estado democr\u00e1tico y los agentes y participaciones ciudadanas en el desarrollo y maduraci\u00f3n de la democracia, a partir del estudio, en algunos casos, de la historia democr\u00e1tica de Espa\u00f1a.<\/p>\n<p>&nbsp;<\/p>\n<h4>Llevarme bien conmigo mismo. Competencia emocional<\/h4>\n<p><a title=\"Conocerse\" href=\"http:\/\/agrega.juntadeandalucia.es\/visualizar\/es\/es-an_2010040613_9102918\/false\" target=\"_blank\" rel=\"noopener\"><img loading=\"lazy\" decoding=\"async\" class=\"alignnone size-medium wp-image-1602\" src=\"http:\/\/blogsaverroes.juntadeandalucia.es\/cprvalledelguadiaro\/files\/2015\/03\/conocerse-300x225.jpg\" alt=\"conocerse\" width=\"300\" height=\"225\" srcset=\"https:\/\/blogsaverroes.juntadeandalucia.es\/cprvalledelguadiaro\/files\/2015\/03\/conocerse-300x225.jpg 300w, https:\/\/blogsaverroes.juntadeandalucia.es\/cprvalledelguadiaro\/files\/2015\/03\/conocerse-700x525.jpg 700w, https:\/\/blogsaverroes.juntadeandalucia.es\/cprvalledelguadiaro\/files\/2015\/03\/conocerse-332x249.jpg 332w, https:\/\/blogsaverroes.juntadeandalucia.es\/cprvalledelguadiaro\/files\/2015\/03\/conocerse.jpg 800w\" sizes=\"(max-width: 300px) 100vw, 300px\" \/><\/a><\/p>\n<p>Se pretende que el alumnado reconozca la importancia del autoconocimiento y el control de las emociones y los impulsos como elemento para su sentirse bien consigo mismo (autoestima)<\/p>\n","protected":false},"excerpt":{"rendered":"<p>Hoy queremos dejaros el enlace de una p\u00e1gina web muy interesante, en la que vuestros hijos e hijas podr\u00e1n aprender mientras juegan desde casa. Se llama \u00abMundo Primaria\u00bb, seguro que os ser\u00e1 de gran&#46;&#46;&#46;<\/p>\n","protected":false},"author":1,"featured_media":0,"parent":436,"menu_order":0,"comment_status":"closed","ping_status":"open","template":"","meta":{"ngg_post_thumbnail":0,"footnotes":"","_mc_calendar":[]},"aioseo_notices":[],"_links":{"self":[{"href":"https:\/\/blogsaverroes.juntadeandalucia.es\/cprvalledelguadiaro\/index.php?rest_route=\/wp\/v2\/pages\/438"}],"collection":[{"href":"https:\/\/blogsaverroes.juntadeandalucia.es\/cprvalledelguadiaro\/index.php?rest_route=\/wp\/v2\/pages"}],"about":[{"href":"https:\/\/blogsaverroes.juntadeandalucia.es\/cprvalledelguadiaro\/index.php?rest_route=\/wp\/v2\/types\/page"}],"author":[{"embeddable":true,"href":"https:\/\/blogsaverroes.juntadeandalucia.es\/cprvalledelguadiaro\/index.php?rest_route=\/wp\/v2\/users\/1"}],"replies":[{"embeddable":true,"href":"https:\/\/blogsaverroes.juntadeandalucia.es\/cprvalledelguadiaro\/index.php?rest_route=%2Fwp%2Fv2%2Fcomments&post=438"}],"version-history":[{"count":8,"href":"https:\/\/blogsaverroes.juntadeandalucia.es\/cprvalledelguadiaro\/index.php?rest_route=\/wp\/v2\/pages\/438\/revisions"}],"predecessor-version":[{"id":3587,"href":"https:\/\/blogsaverroes.juntadeandalucia.es\/cprvalledelguadiaro\/index.php?rest_route=\/wp\/v2\/pages\/438\/revisions\/3587"}],"up":[{"embeddable":true,"href":"https:\/\/blogsaverroes.juntadeandalucia.es\/cprvalledelguadiaro\/index.php?rest_route=\/wp\/v2\/pages\/436"}],"wp:attachment":[{"href":"https:\/\/blogsaverroes.juntadeandalucia.es\/cprvalledelguadiaro\/index.php?rest_route=%2Fwp%2Fv2%2Fmedia&parent=438"}],"curies":[{"name":"wp","href":"https:\/\/api.w.org\/{rel}","templated":true}]}}