{"id":44,"date":"2015-03-13T08:42:15","date_gmt":"2015-03-13T08:42:15","guid":{"rendered":"http:\/\/blogsaverroes.juntadeandalucia.es\/pre\/ceip\/?page_id=44"},"modified":"2017-01-09T17:12:05","modified_gmt":"2017-01-09T17:12:05","slug":"planes-y-proyectos","status":"publish","type":"page","link":"https:\/\/blogsaverroes.juntadeandalucia.es\/cprvalledelguadiaro\/?page_id=44","title":{"rendered":"Planes y Programas"},"content":{"rendered":"<p class=\"western\" align=\"justify\"><strong>PLANES Y PROGRAMAS<\/strong><\/p>\n<p class=\"western\" align=\"justify\"><span style=\"font-size: small\"> De acuerdo con las circunstancias de nuestro centro y seg\u00fan lo dispuesto en el art\u00edculo 2 de la Orden de 3 de septiembre de 2010, por la que se establece el horario de dedicaci\u00f3n del profesorado responsable de la coordinaci\u00f3n de los planes y programas estrat\u00e9gicos que desarrolla la Consejer\u00eda competente en materia de educaci\u00f3n, tienen la consideraci\u00f3n de planes y programas (proyectos) estrat\u00e9gicos los siguientes aprobados para este centro:<\/span><\/p>\n<p class=\"western\" align=\"justify\"><span style=\"font-size: small\"><i><b>Permanentes:<\/b><\/i><\/span><\/p>\n<ul>\n<li>\n<p class=\"western\" align=\"justify\"><span style=\"font-size: small\">Plan de Escuela TIC 2.0<br \/>\n<\/span><\/p>\n<\/li>\n<li>\n<p class=\"western\" align=\"justify\"><span style=\"font-size: small\">La Biblioteca Escolar.<\/span><\/p>\n<\/li>\n<li>\n<p class=\"western\" align=\"justify\"><span style=\"font-size: small\">Plan de Igualdad en Educaci\u00f3n.<br \/>\n<\/span><\/p>\n<\/li>\n<li>\n<p class=\"western\" align=\"justify\"><span style=\"font-size: small\">Plan de Salud Laboral y P.R.L.<\/span><\/p>\n<\/li>\n<\/ul>\n<p class=\"western\" align=\"justify\"><span style=\"font-size: small\"><i><b>Anuales:<\/b><\/i><\/span><\/p>\n<ul>\n<li>\n<p class=\"western\" align=\"justify\"><span style=\"font-size: small\">Red Andaluza: Escuela Espacio de Paz.<br \/>\n<\/span><\/p>\n<\/li>\n<li>\n<p class=\"western\" align=\"justify\"><span style=\"font-size: small\">Programa PARCEP.<br \/>\n<\/span><\/p>\n<\/li>\n<li>\n<p class=\"western\" align=\"justify\"><span style=\"font-size: small\">Programas de h\u00e1bitos de vida saludable y educaci\u00f3n medioambiental: Creciendo en salud.<br \/>\n<\/span><\/p>\n<\/li>\n<li>\n<p class=\"western\" align=\"justify\"><span style=\"font-size: small\">Pr\u00e1cticum grado maestro.<br \/>\n<\/span><\/p>\n<\/li>\n<\/ul>\n<p class=\"western\" align=\"justify\">\n","protected":false},"excerpt":{"rendered":"<p>PLANES Y PROGRAMAS De acuerdo con las circunstancias de nuestro centro y seg\u00fan lo dispuesto en el art\u00edculo 2 de la Orden de 3 de septiembre de 2010, por la que se establece el&#46;&#46;&#46;<\/p>\n","protected":false},"author":1,"featured_media":0,"parent":0,"menu_order":0,"comment_status":"closed","ping_status":"closed","template":"template-full-width.php","meta":{"ngg_post_thumbnail":0,"footnotes":"","_mc_calendar":[]},"aioseo_notices":[],"_links":{"self":[{"href":"https:\/\/blogsaverroes.juntadeandalucia.es\/cprvalledelguadiaro\/index.php?rest_route=\/wp\/v2\/pages\/44"}],"collection":[{"href":"https:\/\/blogsaverroes.juntadeandalucia.es\/cprvalledelguadiaro\/index.php?rest_route=\/wp\/v2\/pages"}],"about":[{"href":"https:\/\/blogsaverroes.juntadeandalucia.es\/cprvalledelguadiaro\/index.php?rest_route=\/wp\/v2\/types\/page"}],"author":[{"embeddable":true,"href":"https:\/\/blogsaverroes.juntadeandalucia.es\/cprvalledelguadiaro\/index.php?rest_route=\/wp\/v2\/users\/1"}],"replies":[{"embeddable":true,"href":"https:\/\/blogsaverroes.juntadeandalucia.es\/cprvalledelguadiaro\/index.php?rest_route=%2Fwp%2Fv2%2Fcomments&post=44"}],"version-history":[{"count":12,"href":"https:\/\/blogsaverroes.juntadeandalucia.es\/cprvalledelguadiaro\/index.php?rest_route=\/wp\/v2\/pages\/44\/revisions"}],"predecessor-version":[{"id":2298,"href":"https:\/\/blogsaverroes.juntadeandalucia.es\/cprvalledelguadiaro\/index.php?rest_route=\/wp\/v2\/pages\/44\/revisions\/2298"}],"wp:attachment":[{"href":"https:\/\/blogsaverroes.juntadeandalucia.es\/cprvalledelguadiaro\/index.php?rest_route=%2Fwp%2Fv2%2Fmedia&parent=44"}],"curies":[{"name":"wp","href":"https:\/\/api.w.org\/{rel}","templated":true}]}}