{"id":9734,"date":"2023-04-04T06:56:12","date_gmt":"2023-04-04T06:56:12","guid":{"rendered":"https:\/\/blogsaverroes.juntadeandalucia.es\/cprvalledelguadiaro\/?page_id=9734"},"modified":"2023-04-04T06:56:12","modified_gmt":"2023-04-04T06:56:12","slug":"cursos-anteriores","status":"publish","type":"page","link":"https:\/\/blogsaverroes.juntadeandalucia.es\/cprvalledelguadiaro\/?page_id=9734","title":{"rendered":"Cursos anteriores"},"content":{"rendered":"<p>Aqu\u00ed pod\u00e9is encontrar un hist\u00f3rico de las actividades realizadas en otros cursos desde que tenemos el blog del centro. Especialmente dedicado a las familias y alumnado que ha pasado por nuestro centro y quiere recuperar un trozo de sus recuerdos con nosotros. Gracias por todo lo que nos hab\u00e9is aportado.<\/p>\n","protected":false},"excerpt":{"rendered":"<p>Aqu\u00ed pod\u00e9is encontrar un hist\u00f3rico de las actividades realizadas en otros cursos desde que tenemos el blog del centro. Especialmente dedicado a las familias y alumnado que ha pasado por nuestro centro y quiere&#46;&#46;&#46;<\/p>\n","protected":false},"author":4494,"featured_media":0,"parent":0,"menu_order":0,"comment_status":"closed","ping_status":"closed","template":"","meta":{"ngg_post_thumbnail":0,"footnotes":"","_mc_calendar":[]},"aioseo_notices":[],"_links":{"self":[{"href":"https:\/\/blogsaverroes.juntadeandalucia.es\/cprvalledelguadiaro\/index.php?rest_route=\/wp\/v2\/pages\/9734"}],"collection":[{"href":"https:\/\/blogsaverroes.juntadeandalucia.es\/cprvalledelguadiaro\/index.php?rest_route=\/wp\/v2\/pages"}],"about":[{"href":"https:\/\/blogsaverroes.juntadeandalucia.es\/cprvalledelguadiaro\/index.php?rest_route=\/wp\/v2\/types\/page"}],"author":[{"embeddable":true,"href":"https:\/\/blogsaverroes.juntadeandalucia.es\/cprvalledelguadiaro\/index.php?rest_route=\/wp\/v2\/users\/4494"}],"replies":[{"embeddable":true,"href":"https:\/\/blogsaverroes.juntadeandalucia.es\/cprvalledelguadiaro\/index.php?rest_route=%2Fwp%2Fv2%2Fcomments&post=9734"}],"version-history":[{"count":1,"href":"https:\/\/blogsaverroes.juntadeandalucia.es\/cprvalledelguadiaro\/index.php?rest_route=\/wp\/v2\/pages\/9734\/revisions"}],"predecessor-version":[{"id":9735,"href":"https:\/\/blogsaverroes.juntadeandalucia.es\/cprvalledelguadiaro\/index.php?rest_route=\/wp\/v2\/pages\/9734\/revisions\/9735"}],"wp:attachment":[{"href":"https:\/\/blogsaverroes.juntadeandalucia.es\/cprvalledelguadiaro\/index.php?rest_route=%2Fwp%2Fv2%2Fmedia&parent=9734"}],"curies":[{"name":"wp","href":"https:\/\/api.w.org\/{rel}","templated":true}]}}