{"id":2204,"date":"2021-09-21T10:53:20","date_gmt":"2021-09-21T10:53:20","guid":{"rendered":"https:\/\/blogsaverroes.juntadeandalucia.es\/cprzalabi\/?page_id=2204"},"modified":"2025-10-27T12:47:53","modified_gmt":"2025-10-27T12:47:53","slug":"equipo-docente","status":"publish","type":"page","link":"https:\/\/blogsaverroes.juntadeandalucia.es\/cprzalabi\/equipo-docente\/","title":{"rendered":"Equipo Docente, Tutor\u00edas y Coordinaciones de Ciclo"},"content":{"rendered":"<p><strong>PROFESORADO DEL CENTRO 25\/26<\/strong><\/p>\n<p><strong><u>TUTOR\u00cdAS ALCUDIA DE GUADIX<\/u><\/strong><\/p>\n<p><strong>EDUCACI\u00d3N INFANTIL<\/strong><\/p>\n<p>3 &#8211; 4 A\u00d1OS LOURDES MOLINA MI\u00d1\u00c1N<\/p>\n<p>5 A\u00d1OS ENCARNACI\u00d3N SERRANO PLAZA<\/p>\n<p><strong>EDUCACI\u00d3N PRIMARIA<\/strong><\/p>\n<p>1\u00ba 2\u00baJOSE JUAN ROM\u00c1N AMEZCUA<\/p>\n<p>3\u00ba ROSARIO RUBIALES CARAVACA<\/p>\n<p>4\u00ba HILARIO LLORENTE BASTIDAS<\/p>\n<p>5\u00ba&nbsp;6\u00ba MARIA AROZA V\u00cdLCHEZ<\/p>\n<p><strong><u>TUTOR\u00cdAS EXFILIANA<\/u><\/strong><\/p>\n<p><strong>EDUCACI\u00d3N INFANTIL <\/strong><\/p>\n<p>BEATRIZ ESCUDERO MORENO<\/p>\n<p><strong>EDUCACI\u00d3N PRIMARIA<\/strong><\/p>\n<p>1\u00ba2\u00ba PALOMA GARC\u00cdA LOZANO<\/p>\n<p>3\u00ba4\u00ba CLARA JOSEFA BAENA RUIZ<\/p>\n<p>5\u00ba 6\u00ba ALEJANDRO MART\u00cdNEZ CARMONA<\/p>\n<p><strong><u>TUTOR\u00cdAS CHARCHES<\/u><\/strong><\/p>\n<p><strong>EDUCACI\u00d3N INFANTIL<\/strong><\/p>\n<p>M\u00aa DE LOS \u00c1NGELES JIM\u00c9NEZ FIGUEROA<\/p>\n<p><strong>EDUCACI\u00d3N PRIMARIA<\/strong><\/p>\n<p>1\u00ba 2\u00ba CAROLINA JIM\u00c9NEZ VALENZUELA<\/p>\n<p>3\u00ba4\u00ba OLGA NAVARRO CASTRO<\/p>\n<p>5\u00ba6\u00ba SUSANA ELENA S\u00c1NCHEZ SALMER\u00d3N<\/p>\n<p><strong><u>ESPECIALIDADES<\/u><\/strong><\/p>\n<p><strong>LENGUA EXTRANJERA FRANC\u00c9S<\/strong><\/p>\n<p>MAR\u00cdA AROZA V\u00cdLCHEZ<\/p>\n<p><strong>LENGUA EXTRANJERA INGL\u00c9S<\/strong><\/p>\n<p>PALOMA GARC\u00cdA LOZANO (Exfiliana)<\/p>\n<p>OLGA NAVARRO CASTRO(Charches)<\/p>\n<p>CRISTINA ROBLES HERN\u00c1NDEZ &#8211; BEGO\u00d1A REY (Alcudia de Guadix)<\/p>\n<p><strong>BILING\u00fcE INGL\u00c9S <\/strong><\/p>\n<p>SUSANA ELENA S\u00c1NCHEZ SALMER\u00d3N (Charches)<\/p>\n<p>CLARA JOSEFA BAENA RUIZ (Exfiliana)<\/p>\n<p>ROSARIO RUBIALES CARAVACA (Alcudia de Guadix)<\/p>\n<p><strong>M\u00daSICA&nbsp; Y EDUCACI\u00d3N ART\u00cdSTICA<\/strong><\/p>\n<p>JOSE MANUEL PINEDO RAYO&nbsp;<\/p>\n<p><strong>EDUCACI\u00d3N F\u00cdSICA<\/strong><\/p>\n<p>MANUEL JUSTICIA<\/p>\n<p>MARTA MU\u00d1OZ<\/p>\n<p><strong>APOYO EDUCATIVO EDUCACI\u00d3N INFANTIL<\/strong><\/p>\n<p>ANTONIA JOSEFA SOTO CRUZ<\/p>\n<p><strong>RELIGI\u00d3N CAT\u00d3LICA<\/strong><\/p>\n<p>MERCEDES FERN\u00c1NDEZ ROMACHO ( Exfiliana y Alcudia de Guadix)<\/p>\n<p>TRINIDAD ALCAL\u00c1 \u00c1LVAREZ (Charches)<\/p>\n<p><strong><u>EQUIPO DE ORIENTACI\u00d3N EDUCATIVA<\/u><\/strong><\/p>\n<p><strong>PEDAGOG\u00cdA TERAPE\u00daTICA <\/strong><\/p>\n<p>YOLANDA \u00c1VILA<\/p>\n<p>CRISTINA NAVARRO<\/p>\n<p><strong>AUDICI\u00d3N Y LENGUAJE<\/strong><\/p>\n<p>M\u00aa CARMEN MESA MAG\u00c1N<\/p>\n<p>MARTA ORTEGA<\/p>\n<p><strong>ORIENTADORA ESCOLAR<\/strong><\/p>\n<p>ELIA JIM\u00c9NEZ CASTILLO<\/p>\n<p><strong><u>COORDINACION DE EQUIPO <\/u><\/strong><\/p>\n<p><strong>EDUCACI\u00d3N INFANTIL<\/strong><\/p>\n<p>ANTONIA JOSEFA SOTO CRUZ<\/p>\n<p><strong>EDUCACI\u00d3N PRIMARIA PRIMER CICLO<\/strong><\/p>\n<p>CRISTINA ROBLES HERN\u00c1NDEZ\/CAROLINA JIM\u00c9NEZ VALENZUELA<\/p>\n<p><strong>EDUCACI\u00d3N PRIMARIA SEGUNDO CICLO<\/strong><\/p>\n<p>CLARA JOSEFA BAENA RU\u00cdZ<\/p>\n<p><strong>EDUCACI\u00d3N PRIMARIA TERCER CICLO<\/strong><\/p>\n<p>ALEJANDRO MART\u00cdNEZ CARMONA<\/p>\n<p><strong>EQUIPO DE ORIENTACI\u00d3N EDUCATIVA<\/strong><\/p>\n<p>YOLANDA \u00c1VILA<\/p>\n<p><strong>PROFESORADO DEL CENTRO 24\/25<\/strong><\/p>\n<p><strong><u>TUTOR\u00cdAS ALCUDIA DE GUADIX<\/u><\/strong><\/p>\n<p><strong>EDUCACI\u00d3N INFANTIL<\/strong><\/p>\n<p>3 A\u00d1OS LOURDES MOLINA MI\u00d1\u00c1N<\/p>\n<p>4-5 A\u00d1OS ENCARNACI\u00d3N SERRANO PLAZA<\/p>\n<p><strong>EDUCACI\u00d3N PRIMARIA<\/strong><\/p>\n<p>1\u00ba JOSE JUAN ROM\u00c1N AMEZCUA<\/p>\n<p>2\u00ba GUADALUPE PORTERO SIERRA<\/p>\n<p>3\u00ba 4\u00ba ELENA JIM\u00c9NEZ TORICES<\/p>\n<p>5\u00ba MARINA DEL CARMEN BAENA MORENO<\/p>\n<p>6\u00ba MARIA AROZA V\u00cdLCHEZ<\/p>\n<p><strong><u>TUTOR\u00cdAS EXFILIANA<\/u><\/strong><\/p>\n<p><strong>EDUCACI\u00d3N INFANTIL <\/strong><\/p>\n<p>BEATRIZ ESCUDERO MORENO<\/p>\n<p><strong>EDUCACI\u00d3N PRIMARIA<\/strong><\/p>\n<p>1\u00ba2\u00ba MANUEL \u00c1NGEL BERRIO GUTI\u00c9RREZ<\/p>\n<p>3\u00ba4\u00ba CLARA JOSEFA BAENA RUIZ<\/p>\n<p>5\u00ba 6\u00ba ALEJANDRO MART\u00cdNEZ CARMONA<\/p>\n<p><strong><u>TUTOR\u00cdAS CHARCHES<\/u><\/strong><\/p>\n<p><strong>EDUCACI\u00d3N INFANTIL<\/strong><\/p>\n<p>M\u00aa DE LOS \u00c1NGELES JIM\u00c9NEZ FIGUEROA<\/p>\n<p><strong>EDUCACI\u00d3N PRIMARIA<\/strong><\/p>\n<p>1\u00ba 2\u00ba RAFAEL JOS\u00c9 GARC\u00cdA S\u00c1NCHEZ<\/p>\n<p>3\u00ba4\u00ba MAR\u00cdA MU\u00d1OZ YEDRA<\/p>\n<p>5\u00ba6\u00ba SUSANA ELENA S\u00c1NCHEZ SALMER\u00d3N<\/p>\n<p><strong><u>ESPECIALIDADES<\/u><\/strong><\/p>\n<p><strong>LENGUA EXTRANJERA FRANC\u00c9S<\/strong><\/p>\n<p>MAR\u00cdA AROZA V\u00cdLCHEZ<\/p>\n<p><strong>LENGUA EXTRANJERA INGL\u00c9S<\/strong><\/p>\n<p>MANUEL \u00c1NGEL BERRIO GUTI\u00c9RREZ (Exfiliana)<\/p>\n<p>MAR\u00cdA MU\u00d1OZ YEDRA (Charches)<\/p>\n<p>CRISTINA ROBLES HERN\u00c1NDEZ (Alcudia de Guadix)<\/p>\n<p><strong>BILING\u00fcE INGL\u00c9S <\/strong><\/p>\n<p>SUSANA ELENA S\u00c1NCHEZ SALMER\u00d3N (Charches)<\/p>\n<p>CLARA JOSEFA BAENA RUIZ (Exfiliana)<\/p>\n<p>ELENA JIM\u00c9NEZ TORICES (Alcudia de Guadix)<\/p>\n<p><strong>M\u00daSICA&nbsp; Y EDUCACI\u00d3N ART\u00cdSTICA<\/strong><\/p>\n<p>JOSE MANUEL PINEDO RAYO (Exfiliana y Alcudia de Guadix)<\/p>\n<p>HILARIO LLORENTE BASTIDAS (Charches)<\/p>\n<p><strong>EDUCACI\u00d3N F\u00cdSICA<\/strong><\/p>\n<p>MARINA DEL CARMEN&nbsp; BAENA MORENO<\/p>\n<p>JUAN&nbsp; \u00c1NGEL LORENTE REQUENA<\/p>\n<p><strong>APOYO EDUCATIVO EDUCACI\u00d3N PRIMARIA<\/strong><\/p>\n<p>HILARIO LLORENTE BASTIDAS<\/p>\n<p><strong>APOYO EDUCATIVO EDUCACI\u00d3N INFANTIL<\/strong><\/p>\n<p>ANTONIA JOSEFA SOTO CRUZ<\/p>\n<p><strong>RELIGI\u00d3N CAT\u00d3LICA<\/strong><\/p>\n<p>MERCEDES FERN\u00c1NDEZ ROMACHO ( Exfiliana y Alcudia de Guadix)<\/p>\n<p>TRINIDAD ALCAL\u00c1 \u00c1LVAREZ (Charches)<\/p>\n<p><strong><u>EQUIPO DE ORIENTACI\u00d3N EDUCATIVA<\/u><\/strong><\/p>\n<p><strong>PEDAGOG\u00cdA TERAPE\u00daTICA <\/strong><\/p>\n<p>RAFAEL JEREZ ANERA<\/p>\n<p>M\u00aa DEL CARMEN CONTRERAS<\/p>\n<p><strong>AUDICI\u00d3N Y LENGUAJE<\/strong><\/p>\n<p>M\u00aa CARMEN MESA MAG\u00c1N<\/p>\n<p><strong>ORIENTADORA ESCOLAR<\/strong><\/p>\n<p>ELIA JIM\u00c9NEZ CASTILLO<\/p>\n<p><strong>HORARIO DE VISITAS A PROFESORADO<\/strong><\/p>\n<p>LUNES 16-17 HORAS, Previa comunicaci\u00f3n a la tutor\u00eda.<\/p>\n<p><strong>HORARIO DEL ALUMADO<\/strong><\/p>\n<p>DE LUNES A VIERNES DE 9 A 14 HORAS\u00b4<\/p>\n<p><strong><u>COORDINACION DE EQUIPO <\/u><\/strong><\/p>\n<p><strong>EDUCACI\u00d3N INFANTIL<\/strong><\/p>\n<p>ANTONIA JOSEFA SOTO CRUZ<\/p>\n<p><strong>EDUCACI\u00d3N PRIMARIA PRIMER CICLO<\/strong><\/p>\n<p>CRISTINA ROBLES HERN\u00c1NDEZ<\/p>\n<p><strong>EDUCACI\u00d3N PRIMARIA SEGUNDO CICLO<\/strong><\/p>\n<p>CLARA JOSEFA BAENA RU\u00cdZ<\/p>\n<p><strong>EDUCACI\u00d3N PRIMARIA TERCER CICLO<\/strong><\/p>\n<p>ALEJANDRO MART\u00cdNEZ CARMONA<\/p>\n<p><strong>EQUIPO DE ORIENTACI\u00d3N EDUCATIVA<\/strong><\/p>\n<p>JOSE JUAN ROM\u00c1N AMEZCUA<\/p>\n<p>El <strong>Equipo Docente<\/strong> del Centro P\u00fablico Rural \u00abZalab\u00ed\u00bb est\u00e1 compuesto por:<\/p>\n<p style=\"text-align: center\"><strong><em>Curso 2023-2024<\/em><\/strong><\/p>\n<p style=\"text-align: center\"><strong>cpr.zalabi@zalabi.es&nbsp;<\/strong><\/p>\n<table style=\"width: 97.8776%;height: 2429px\" width=\"853\">\n<tbody>\n<tr>\n<td style=\"width: 34.0351%\" width=\"295\">\n<p style=\"text-align: center\"><strong><em>NOMBRE Y APELLIDOS:<\/em><\/strong><\/p>\n<\/td>\n<td style=\"width: 22.1053%\" width=\"189\">\n<p style=\"text-align: center\"><strong><em>SEDE:<\/em><\/strong><\/p>\n<\/td>\n<td style=\"width: 42.6901%\" width=\"369\">\n<p style=\"text-align: center\"><strong><em>ESPECIALIDAD \/ TUTOR\u00cdA:<\/em><\/strong><\/p>\n<\/td>\n<\/tr>\n<tr>\n<td style=\"width: 34.0351%;text-align: center\" width=\"295\">M\u00aa Soledad Ru\u00edz Gonz\u00e1lez<\/td>\n<td style=\"width: 22.1053%;text-align: center\" width=\"189\">Charches<\/td>\n<td style=\"width: 42.6901%;text-align: center\" width=\"369\">Religi\u00f3n Cat\u00f3lica<\/td>\n<\/tr>\n<tr>\n<td style=\"width: 34.0351%;text-align: center\" width=\"295\">Luc\u00eda Mart\u00ednez<\/td>\n<td style=\"width: 22.1053%;text-align: center\" width=\"189\">Charches<\/td>\n<td style=\"width: 42.6901%;text-align: center\" width=\"369\">Educaci\u00f3n Infantil<\/td>\n<\/tr>\n<tr>\n<td style=\"width: 34.0351%;text-align: center\" width=\"295\">Paloma Garc\u00eda<\/td>\n<td style=\"width: 22.1053%;text-align: center\" width=\"189\">Exfiliana<\/td>\n<td style=\"width: 42.6901%;text-align: center\" width=\"369\">Ed. Lengua Extranjera (ingl\u00e9s)<\/p>\n<p>Lengua extranjera Ingl\u00e9s Biling\u00fce<\/p>\n<p>1.\u00ba y 2\u00ba Ed. Primaria<\/p>\n<p>Exfiliana<\/td>\n<\/tr>\n<tr>\n<td style=\"width: 34.0351%;text-align: center\" width=\"295\">Lourdes Molina<\/td>\n<td style=\"width: 22.1053%;text-align: center\" width=\"189\">Alcudia de Guadix<\/td>\n<td style=\"width: 42.6901%;text-align: center\" width=\"369\">Educaci\u00f3n Infantil 3 a\u00f1os<\/td>\n<\/tr>\n<tr>\n<td style=\"width: 34.0351%;text-align: center\" width=\"295\">Luis Delgado Garc\u00eda<\/td>\n<td style=\"width: 22.1053%;text-align: center\" width=\"189\">Alcudia de Guadix y Exfiliana<\/td>\n<td style=\"width: 42.6901%;text-align: center\" width=\"369\">Educaci\u00f3n F\u00edsica<\/td>\n<\/tr>\n<tr>\n<td style=\"width: 34.0351%;text-align: center\" width=\"295\">Mercedes Fern\u00e1ndez Romacho<\/td>\n<td style=\"width: 22.1053%;text-align: center\" width=\"189\">Alcudia de Guadix y Exfiliana<\/td>\n<td style=\"width: 42.6901%;text-align: center\" width=\"369\">Religi\u00f3n Cat\u00f3lica<\/td>\n<\/tr>\n<tr>\n<td style=\"width: 34.0351%;text-align: center\" width=\"295\">Susana Elena S\u00e1nchez Salmer\u00f3n<\/td>\n<td style=\"width: 22.1053%;text-align: center\" width=\"189\">Charches.<\/td>\n<td style=\"width: 42.6901%;text-align: center\" width=\"369\">Lengua Extranjera Ingl\u00e9s (Biling\u00fcismo)<\/p>\n<p>5\u00ba6\u00ba Ed. Primaria<\/p>\n<p>&nbsp;<\/td>\n<\/tr>\n<tr>\n<td style=\"width: 34.0351%;text-align: center\" width=\"295\">Encarnaci\u00f3n Serrano Plaza<\/td>\n<td style=\"width: 22.1053%;text-align: center\" width=\"189\">Alcudia de Guadix<\/td>\n<td style=\"width: 42.6901%;text-align: center\" width=\"369\">Educaci\u00f3n Infantil<\/p>\n<p>4 &#8211; 5 a\u00f1os<\/p>\n<p>Coordinaci\u00f3n de ciclo Infantil<\/td>\n<\/tr>\n<tr>\n<td style=\"width: 34.0351%;text-align: center\" width=\"295\">Hilario Llorente Bastidas<\/p>\n<p>&nbsp;<\/p>\n<p>M\u00aa \u00c1ngeles Jim\u00e9nez<\/td>\n<td style=\"width: 22.1053%;text-align: center\" width=\"189\">Alcudia de Guadix, Exfiliana y Charches.<\/td>\n<td style=\"width: 42.6901%;text-align: center\" width=\"369\">&nbsp;<\/p>\n<p>Refuerzo Pedag\u00f3gico. Infantil y Primaria<\/td>\n<\/tr>\n<tr>\n<td style=\"width: 34.0351%;text-align: center\" width=\"295\">Clara Josefa Baena Ruiz<\/td>\n<td style=\"width: 22.1053%;text-align: center\" width=\"189\">Exfiliana y Alcudia<\/td>\n<td style=\"width: 42.6901%;text-align: center\" width=\"369\">&nbsp;<\/p>\n<p>3\u00ba y 4\u00ba&nbsp; Educaci\u00f3n Primaria<\/p>\n<p>Exfiliana<\/td>\n<\/tr>\n<tr>\n<td style=\"width: 34.0351%;text-align: center\" width=\"295\">Alejandro Mart\u00ednez Carmona<\/td>\n<td style=\"width: 22.1053%;text-align: center\" width=\"189\">Exfiliana<\/td>\n<td style=\"width: 42.6901%;text-align: center\" width=\"369\">5\u00ba 6\u00ba Educaci\u00f3n&nbsp; Primaria<\/p>\n<p>Exfiliana<\/p>\n<p>Coordinaci\u00f3n Tercer Ciclo<\/td>\n<\/tr>\n<tr>\n<td style=\"width: 34.0351%;text-align: center\" width=\"295\">Juan Jos\u00e9 B\u00e1s<\/td>\n<td style=\"width: 22.1053%;text-align: center\" width=\"189\">&nbsp;Charches<\/td>\n<td style=\"width: 42.6901%;text-align: center\" width=\"369\">Ed. Lengua Extranjera (Ingl\u00e9s)<\/p>\n<p>1.\u00ba y 2.\u00ba Ed. Primaria<\/p>\n<p>&nbsp;<\/td>\n<\/tr>\n<tr>\n<td style=\"width: 34.0351%;text-align: center\" width=\"295\">Jose Iv\u00e1n N\u00fa\u00f1ez<\/td>\n<td style=\"width: 22.1053%;text-align: center\" width=\"189\">Charches<\/td>\n<td style=\"width: 42.6901%;text-align: center\" width=\"369\">Educaci\u00f3n F\u00edsica<\/p>\n<p>3\u00ba 4\u00ba Educaci\u00f3n Primaria<\/td>\n<\/tr>\n<tr>\n<td style=\"width: 34.0351%;text-align: center\" width=\"295\">Jos\u00e9 Manuel Pinedo Rayo<\/td>\n<td style=\"width: 22.1053%;text-align: center\" width=\"189\">Alcudia de Guadix, Exfiliana&nbsp;<\/td>\n<td style=\"width: 42.6901%;text-align: center\" width=\"369\">Educaci\u00f3n Art\u00edstica<\/p>\n<p>Coordinador 2\u00ba Ciclo Ed. Primaria<\/td>\n<\/tr>\n<tr>\n<td style=\"width: 34.0351%;text-align: center\" width=\"295\">Eduardo Mart\u00edn Garc\u00eda<\/p>\n<p>&nbsp;<\/p>\n<p>M\u00aa GranadaS\u00e1ez<\/td>\n<td style=\"width: 22.1053%;text-align: center\" width=\"189\">Alcudia de Guadix y Exfiliana<\/p>\n<p>Charches<\/td>\n<td style=\"width: 42.6901%;text-align: center\" width=\"369\">Pedagog\u00eda Terape\u00fatica<\/td>\n<\/tr>\n<tr>\n<td style=\"width: 34.0351%;text-align: center\" width=\"295\">Guadalupe Portero Sierra<\/td>\n<td style=\"width: 22.1053%;text-align: center\" width=\"189\">Alcudia de Guadix<\/td>\n<td style=\"width: 42.6901%;text-align: center\" width=\"369\">5\u00ba Educaci\u00f3n Primaria<\/td>\n<\/tr>\n<tr>\n<td style=\"width: 34.0351%;text-align: center\" width=\"295\">Cristina Robles<\/td>\n<td style=\"width: 22.1053%;text-align: center\" width=\"189\">Alcudia de Guadix<\/td>\n<td style=\"width: 42.6901%;text-align: center\" width=\"369\">Ed. Lengua Extranjera (Ingl\u00e9s)<\/p>\n<p>Coordinadora Primer ciclo de Educaci\u00f3n Primaria<\/td>\n<\/tr>\n<tr>\n<td style=\"width: 34.0351%;text-align: center\" width=\"295\">Mar\u00eda Aroza<\/td>\n<td style=\"width: 22.1053%;text-align: center\" width=\"189\">Alcudia de Guadix, Exfiliana y Charches.<\/td>\n<td style=\"width: 42.6901%;text-align: center\" width=\"369\">Ed. Lengua Extranjera (Franc\u00e9s)<\/p>\n<p>2\u00ba Ed. Primaria<\/td>\n<\/tr>\n<tr>\n<td style=\"width: 34.0351%;text-align: center\" width=\"295\">Jos\u00e9 Juan Rom\u00e1n Amezcua<\/td>\n<td style=\"width: 22.1053%;text-align: center\" width=\"189\">Alcudia de Guadix<\/td>\n<td style=\"width: 42.6901%;text-align: center\" width=\"369\">6.\u00ba Educaci\u00f3n Primaria<\/td>\n<\/tr>\n<tr>\n<td style=\"width: 34.0351%;text-align: center\" width=\"295\">Eva M\u00aa Plata<\/td>\n<td style=\"width: 22.1053%;text-align: center\" width=\"189\">Alcudia de Guadix&nbsp;<\/td>\n<td style=\"width: 42.6901%;text-align: center\" width=\"369\">1\u00ba Educaci\u00f3n Primaria<\/td>\n<\/tr>\n<tr>\n<td style=\"width: 34.0351%;text-align: center\" width=\"295\">Antonia Josefa Soto Cruz<\/td>\n<td style=\"width: 22.1053%;text-align: center\" width=\"189\">Exfiliana<\/td>\n<td style=\"width: 42.6901%;text-align: center\" width=\"369\">Educaci\u00f3n Infantil<\/td>\n<\/tr>\n<tr>\n<td style=\"width: 34.0351%;text-align: center\" width=\"295\">David Romero Requena<\/td>\n<td style=\"width: 22.1053%;text-align: center\" width=\"189\">Alcudia de Guadix<\/td>\n<td style=\"width: 42.6901%;text-align: center\" width=\"369\">3\u00ba4\u00ba.\u00ba Educaci\u00f3n Primaria<\/td>\n<\/tr>\n<tr>\n<td style=\"width: 34.0351%;text-align: center\" width=\"295\">Arancha Rabaza<\/td>\n<td style=\"width: 22.1053%;text-align: center\" width=\"189\">Alcudia de Guadix, Exfiliana y Charches<\/td>\n<td style=\"width: 42.6901%;text-align: center\" width=\"369\">Orientadora Escolar<\/td>\n<\/tr>\n<tr>\n<td style=\"width: 34.0351%;text-align: center\" width=\"295\">Mar\u00eda Carmen Mesa&nbsp;<\/p>\n<p>&nbsp;<\/p>\n<p>&nbsp;<\/p>\n<p>Molly Houston<\/td>\n<td style=\"width: 22.1053%;text-align: center\" width=\"189\">Alcudia de Guadix, Exfiliana y Charches<\/p>\n<p>&nbsp;<\/p>\n<p>Alcudia de Guadix, Exfiliana y Charches<\/td>\n<td style=\"width: 42.6901%;text-align: center\" width=\"369\">Audici\u00f3n y Lenguaje<\/p>\n<p>&nbsp;<\/p>\n<p>&nbsp;<\/p>\n<p>Auxiliar de conversaci\u00f3n<\/td>\n<\/tr>\n<\/tbody>\n<\/table>\n","protected":false},"excerpt":{"rendered":"<p>PROFESORADO DEL CENTRO 25\/26 TUTOR\u00cdAS ALCUDIA DE GUADIX EDUCACI\u00d3N INFANTIL 3 &#8211; 4 A\u00d1OS LOURDES MOLINA MI\u00d1\u00c1N 5 A\u00d1OS ENCARNACI\u00d3N SERRANO PLAZA EDUCACI\u00d3N PRIMARIA 1\u00ba 2\u00baJOSE JUAN ROM\u00c1N AMEZCUA 3\u00ba ROSARIO RUBIALES CARAVACA 4\u00ba HILARIO LLORENTE BASTIDAS 5\u00ba&nbsp;6\u00ba MARIA AROZA V\u00cdLCHEZ TUTOR\u00cdAS EXFILIANA EDUCACI\u00d3N INFANTIL BEATRIZ ESCUDERO MORENO EDUCACI\u00d3N PRIMARIA 1\u00ba2\u00ba PALOMA GARC\u00cdA LOZANO 3\u00ba4\u00ba &hellip; <\/p>\n<p><a class=\"more-link btn\" href=\"https:\/\/blogsaverroes.juntadeandalucia.es\/cprzalabi\/equipo-docente\/\">Seguir leyendo<\/a><\/p>\n","protected":false},"author":6990,"featured_media":0,"parent":0,"menu_order":0,"comment_status":"closed","ping_status":"closed","template":"","meta":{"ngg_post_thumbnail":0,"footnotes":"","_mc_calendar":[]},"aioseo_notices":[],"_links":{"self":[{"href":"https:\/\/blogsaverroes.juntadeandalucia.es\/cprzalabi\/wp-json\/wp\/v2\/pages\/2204"}],"collection":[{"href":"https:\/\/blogsaverroes.juntadeandalucia.es\/cprzalabi\/wp-json\/wp\/v2\/pages"}],"about":[{"href":"https:\/\/blogsaverroes.juntadeandalucia.es\/cprzalabi\/wp-json\/wp\/v2\/types\/page"}],"author":[{"embeddable":true,"href":"https:\/\/blogsaverroes.juntadeandalucia.es\/cprzalabi\/wp-json\/wp\/v2\/users\/6990"}],"replies":[{"embeddable":true,"href":"https:\/\/blogsaverroes.juntadeandalucia.es\/cprzalabi\/wp-json\/wp\/v2\/comments?post=2204"}],"version-history":[{"count":31,"href":"https:\/\/blogsaverroes.juntadeandalucia.es\/cprzalabi\/wp-json\/wp\/v2\/pages\/2204\/revisions"}],"predecessor-version":[{"id":9702,"href":"https:\/\/blogsaverroes.juntadeandalucia.es\/cprzalabi\/wp-json\/wp\/v2\/pages\/2204\/revisions\/9702"}],"wp:attachment":[{"href":"https:\/\/blogsaverroes.juntadeandalucia.es\/cprzalabi\/wp-json\/wp\/v2\/media?parent=2204"}],"curies":[{"name":"wp","href":"https:\/\/api.w.org\/{rel}","templated":true}]}}