{"id":2230,"date":"2020-09-22T08:06:53","date_gmt":"2020-09-22T08:06:53","guid":{"rendered":"https:\/\/blogsaverroes.juntadeandalucia.es\/cprzalabi\/?page_id=2230"},"modified":"2023-11-08T12:39:02","modified_gmt":"2023-11-08T12:39:02","slug":"la-web","status":"publish","type":"page","link":"https:\/\/blogsaverroes.juntadeandalucia.es\/cprzalabi\/la-web\/","title":{"rendered":"La Web- El blog Averroes"},"content":{"rendered":"<p><img loading=\"lazy\" decoding=\"async\" class=\"aligncenter\" src=\"https:\/\/i.pinimg.com\/originals\/de\/30\/21\/de3021c5618a58faa9f39ba3df133f24.gif\" alt=\"Creaci\u00f3n de GIF animado \/ pagina web | Gif animados, Gif, Pagina web\" width=\"596\" height=\"202\"><\/p>\n<p>Esta web\/blog se ha creado con la finalidad de ser un medio de contacto, comunicaci\u00f3n e informaci\u00f3n entre toda la Comunidad Educativa.<\/p>\n<p>Ser\u00e1 un espacio abierto a las sugerencias y aportaciones que se deseen. Por ello, si deseas que cualquier noticia o informaci\u00f3n aparezca en la misma para cualquier tipo de inter\u00e9s y\/o conocimiento, no dudes en ponerte en contacto con nosotros a trav\u00e9s de los diferentes contactos situados en la parte superior de nuestra p\u00e1gina.<\/p>\n<p><a href=\"https:\/\/blogsaverroes.juntadeandalucia.es\/cprzalabi\/\">Direcci\u00f3n del blog del centro.<\/a><\/p>\n<p>&nbsp;<\/p>\n","protected":false},"excerpt":{"rendered":"<p>Esta web\/blog se ha creado con la finalidad de ser un medio de contacto, comunicaci\u00f3n e informaci\u00f3n entre toda la Comunidad Educativa. Ser\u00e1 un espacio abierto a las sugerencias y aportaciones que se deseen. Por ello, si deseas que cualquier noticia o informaci\u00f3n aparezca en la misma para cualquier tipo de inter\u00e9s y\/o conocimiento, no &hellip; <\/p>\n<p><a class=\"more-link btn\" href=\"https:\/\/blogsaverroes.juntadeandalucia.es\/cprzalabi\/la-web\/\">Seguir leyendo<\/a><\/p>\n","protected":false},"author":6990,"featured_media":0,"parent":0,"menu_order":0,"comment_status":"closed","ping_status":"closed","template":"","meta":{"ngg_post_thumbnail":0,"footnotes":"","_mc_calendar":[]},"aioseo_notices":[],"_links":{"self":[{"href":"https:\/\/blogsaverroes.juntadeandalucia.es\/cprzalabi\/wp-json\/wp\/v2\/pages\/2230"}],"collection":[{"href":"https:\/\/blogsaverroes.juntadeandalucia.es\/cprzalabi\/wp-json\/wp\/v2\/pages"}],"about":[{"href":"https:\/\/blogsaverroes.juntadeandalucia.es\/cprzalabi\/wp-json\/wp\/v2\/types\/page"}],"author":[{"embeddable":true,"href":"https:\/\/blogsaverroes.juntadeandalucia.es\/cprzalabi\/wp-json\/wp\/v2\/users\/6990"}],"replies":[{"embeddable":true,"href":"https:\/\/blogsaverroes.juntadeandalucia.es\/cprzalabi\/wp-json\/wp\/v2\/comments?post=2230"}],"version-history":[{"count":6,"href":"https:\/\/blogsaverroes.juntadeandalucia.es\/cprzalabi\/wp-json\/wp\/v2\/pages\/2230\/revisions"}],"predecessor-version":[{"id":5842,"href":"https:\/\/blogsaverroes.juntadeandalucia.es\/cprzalabi\/wp-json\/wp\/v2\/pages\/2230\/revisions\/5842"}],"wp:attachment":[{"href":"https:\/\/blogsaverroes.juntadeandalucia.es\/cprzalabi\/wp-json\/wp\/v2\/media?parent=2230"}],"curies":[{"name":"wp","href":"https:\/\/api.w.org\/{rel}","templated":true}]}}