{"id":2262,"date":"2020-09-22T10:56:38","date_gmt":"2020-09-22T10:56:38","guid":{"rendered":"https:\/\/blogsaverroes.juntadeandalucia.es\/cprzalabi\/?page_id=2262"},"modified":"2025-01-07T12:05:51","modified_gmt":"2025-01-07T12:05:51","slug":"eventos","status":"publish","type":"page","link":"https:\/\/blogsaverroes.juntadeandalucia.es\/cprzalabi\/eventos\/","title":{"rendered":"CONSEJO ESCOLAR"},"content":{"rendered":"<p style=\"text-align: center\"><strong><em>Consejo Escolar 2024\/2026<\/em><\/strong><\/p>\n<p style=\"text-align: center\"><strong><em>EQUIPO DIRECTIVO<\/em><\/strong><\/p>\n<ul>\n<li>Hilario Llorente Bastidas<\/li>\n<li>Jos\u00e9 Juan Rom\u00e1n Amezcua<\/li>\n<li>Encarnaci\u00f3n Serrano Plaza<\/li>\n<\/ul>\n<p style=\"text-align: center\"><strong><em>PROFESORADO<\/em><\/strong><\/p>\n<ul>\n<li>Clara Josefa Baena Ru\u00edz<\/li>\n<li>Mercedes Fern\u00e1ndez Romacho<\/li>\n<li>M\u00aa de los \u00c1ngeles Jim\u00e9nez Figueroa<\/li>\n<li>Juan \u00c1ngel Lorente Requena<\/li>\n<li>Lourdes Molina Mi\u00f1\u00e1n<\/li>\n<li>Susana Elena S\u00e1nchez Salmer\u00f3n<\/li>\n<\/ul>\n<p style=\"text-align: center\"><strong><em>MADRES\/PADRES\/TUTORES<\/em><\/strong><\/p>\n<ul>\n<li>Inmaculada Cascales Maldonado&nbsp;<\/li>\n<li>Eduvigis Garc\u00eda Espigares<\/li>\n<li>Dolores Garc\u00eda Fern\u00e1ndez<\/li>\n<li>Arantxa Garc\u00eda Hern\u00e1ndez<\/li>\n<li>Ana Josefa Molero P\u00e9rez<\/li>\n<li>Tamara S\u00e1nchez Mart\u00ednez<\/li>\n<li>Nuria Olmo Cervilla<\/li>\n<\/ul>\n<p style=\"text-align: center\"><strong><em>Representante del AYUNTAMIENTO Valle del Zalab\u00ed<\/em><\/strong><\/p>\n<ul>\n<li>Alba Hern\u00e1ndez Mag\u00e1n<\/li>\n<\/ul>\n<p style=\"text-align: center\">&nbsp;<\/p>\n<p style=\"text-align: center\"><strong><em>Consejo Escolar 2022\/2024<\/em><\/strong><\/p>\n<p style=\"text-align: center\"><strong><em>EQUIPO DIRECTIVO<\/em><\/strong><\/p>\n<ul>\n<li>Hilario Llorente Bastidas<\/li>\n<li>Jos\u00e9 Juan Rom\u00e1n Amezcua<\/li>\n<li>Encarnaci\u00f3n Serrano Plaza<\/li>\n<\/ul>\n<p style=\"text-align: center\"><strong><em>PROFESORADO<\/em><\/strong><\/p>\n<ul>\n<li>Luis Delgado Garc\u00eda<\/li>\n<li>Alejandro Mart\u00ednez Carmona<\/li>\n<li>Jos\u00e9 Manuel Pinedo Rayo<\/li>\n<li>Guadalupe Portero Sierra<\/li>\n<li>David Romero Requena<\/li>\n<li>Susana Elena S\u00e1nchez Salmer\u00f3n<\/li>\n<\/ul>\n<p style=\"text-align: center\"><strong><em>MADRES\/PADRES\/TUTORES<\/em><\/strong><\/p>\n<ul>\n<li>Vanesa Hern\u00e1ndez Ortega<\/li>\n<li>Mar\u00eda Dolores L\u00f3pez Extremera<\/li>\n<li>Carmen F\u00e1tima Marcos Garc\u00eda<\/li>\n<li>Mar\u00eda del Carmen Mesa Mag\u00e1n<\/li>\n<li>Ana Molero P\u00e9rez<\/li>\n<li>Soraya Ruz Valenzuela<\/li>\n<li>Ana Mar\u00eda Buend\u00eda Sierra<\/li>\n<\/ul>\n<p style=\"text-align: center\"><strong><em>AYUNTAMIENTO Valle del Zalab\u00ed<\/em><\/strong><\/p>\n<ul>\n<li>Alba Hern\u00e1ndez Mag\u00e1n<\/li>\n<\/ul>\n<p style=\"text-align: center\">&nbsp;<\/p>\n<p style=\"text-align: left\">En este espacio os dejamos toda la informaci\u00f3n acerca del <strong>Consejo Escolar<\/strong>.<\/p>\n<p><img loading=\"lazy\" decoding=\"async\" class=\"aligncenter\" src=\"https:\/\/i1.wp.com\/web.iessanantonio.com\/wp-content\/uploads\/2018\/09\/consejoescolar.jpg?resize=321%2C372\" alt=\"Elecciones al Consejo Escolar 2018\/2019 (Calendario) \u2013 IES San Antonio\" width=\"166\" height=\"192\"><\/p>\n<p style=\"text-align: left\"><a href=\"https:\/\/blogsaverroes.juntadeandalucia.es\/cprzalabi\/files\/2020\/10\/BOJA_consejos-escolares.pdf\">BOJA_consejos escolares <\/a><\/p>\n<p style=\"text-align: left\"><a href=\"https:\/\/blogsaverroes.juntadeandalucia.es\/cprzalabi\/files\/2020\/10\/INSTRUCCIONES-ELECCIONES-CONSEJO-ESCOLAR20_21.pdf\">INSTRUCCIONES ELECCIONES CONSEJO ESCOLAR20_21<\/a><\/p>\n<p style=\"text-align: left\"><a href=\"https:\/\/blogsaverroes.juntadeandalucia.es\/cprzalabi\/files\/2020\/10\/CALENDARIO-CONSEJOS-ESCOLARES20_21.pdf\">CALENDARIO CONSEJOS ESCOLARES20_21<\/a><\/p>\n<p style=\"text-align: center\"><strong><em>Composici\u00f3n del Consejo Escolar durante el curso 2021-2022<\/em><\/strong><\/p>\n<p>PRESIDENTE: Hilario Llorente Bastidas<\/p>\n<p>JEFATURA DE ESTUDIOS: Jos\u00e9 Juan Rom\u00e1n Amezcua<\/p>\n<p>SECRETAR\u00cdA: Encarnaci\u00f3n Serrano Plaza.<\/p>\n<p>REPRESENTANTES PROFESORADO:<\/p>\n<ul>\n<li>Alejandro Mart\u00ednez Carmona<\/li>\n<li>Fernanda Amezcua<\/li>\n<li>Guadalupe Portero Sierra.<\/li>\n<li>Jos\u00e9 Manuel Pinedo Rayo<\/li>\n<li>Luis Delgado Garc\u00eda.<\/li>\n<\/ul>\n<p>REPRESENTANTE DEL AYUNTAMIENTO VALLE DEL ZALAB\u00cd.<\/p>\n<ul>\n<li>Raquel Jim\u00e9nez Magro.<\/li>\n<\/ul>\n<p>REPRESENTANTES AMPAS<\/p>\n<p><strong>Charches<\/strong><\/p>\n<p>Ana Molero P\u00e9rez.<\/p>\n<p>Soraya Ruiz Valenzuela<\/p>\n<p><strong>Exfiliana<\/strong><\/p>\n<p>Tamara S\u00e1nchez<\/p>\n<p>Laura Jurado<\/p>\n<p>Lorena Jurado<\/p>\n<p><strong>Alcudia de Guadix<\/strong><\/p>\n<p>F\u00e1tima Marcos<\/p>\n<p>David Jos\u00e9 Ruiz Mateos.<\/p>\n","protected":false},"excerpt":{"rendered":"<p>Consejo Escolar 2024\/2026 EQUIPO DIRECTIVO Hilario Llorente Bastidas Jos\u00e9 Juan Rom\u00e1n Amezcua Encarnaci\u00f3n Serrano Plaza PROFESORADO Clara Josefa Baena Ru\u00edz Mercedes Fern\u00e1ndez Romacho M\u00aa de los \u00c1ngeles Jim\u00e9nez Figueroa Juan \u00c1ngel Lorente Requena Lourdes Molina Mi\u00f1\u00e1n Susana Elena S\u00e1nchez Salmer\u00f3n MADRES\/PADRES\/TUTORES Inmaculada Cascales Maldonado&nbsp; Eduvigis Garc\u00eda Espigares Dolores Garc\u00eda Fern\u00e1ndez Arantxa Garc\u00eda Hern\u00e1ndez Ana Josefa &hellip; <\/p>\n<p><a class=\"more-link btn\" href=\"https:\/\/blogsaverroes.juntadeandalucia.es\/cprzalabi\/eventos\/\">Seguir leyendo<\/a><\/p>\n","protected":false},"author":6990,"featured_media":0,"parent":0,"menu_order":0,"comment_status":"closed","ping_status":"closed","template":"","meta":{"ngg_post_thumbnail":0,"footnotes":"","_mc_calendar":[]},"aioseo_notices":[],"_links":{"self":[{"href":"https:\/\/blogsaverroes.juntadeandalucia.es\/cprzalabi\/wp-json\/wp\/v2\/pages\/2262"}],"collection":[{"href":"https:\/\/blogsaverroes.juntadeandalucia.es\/cprzalabi\/wp-json\/wp\/v2\/pages"}],"about":[{"href":"https:\/\/blogsaverroes.juntadeandalucia.es\/cprzalabi\/wp-json\/wp\/v2\/types\/page"}],"author":[{"embeddable":true,"href":"https:\/\/blogsaverroes.juntadeandalucia.es\/cprzalabi\/wp-json\/wp\/v2\/users\/6990"}],"replies":[{"embeddable":true,"href":"https:\/\/blogsaverroes.juntadeandalucia.es\/cprzalabi\/wp-json\/wp\/v2\/comments?post=2262"}],"version-history":[{"count":14,"href":"https:\/\/blogsaverroes.juntadeandalucia.es\/cprzalabi\/wp-json\/wp\/v2\/pages\/2262\/revisions"}],"predecessor-version":[{"id":7637,"href":"https:\/\/blogsaverroes.juntadeandalucia.es\/cprzalabi\/wp-json\/wp\/v2\/pages\/2262\/revisions\/7637"}],"wp:attachment":[{"href":"https:\/\/blogsaverroes.juntadeandalucia.es\/cprzalabi\/wp-json\/wp\/v2\/media?parent=2262"}],"curies":[{"name":"wp","href":"https:\/\/api.w.org\/{rel}","templated":true}]}}