{"id":2326,"date":"2020-09-23T10:36:22","date_gmt":"2020-09-23T10:36:22","guid":{"rendered":"https:\/\/blogsaverroes.juntadeandalucia.es\/cprzalabi\/?page_id=2326"},"modified":"2020-10-07T11:53:34","modified_gmt":"2020-10-07T11:53:34","slug":"cuentos-para-leer-en-casa","status":"publish","type":"page","link":"https:\/\/blogsaverroes.juntadeandalucia.es\/cprzalabi\/cuentos-para-leer-en-casa\/","title":{"rendered":"Cuentos para leer en casa"},"content":{"rendered":"<p>\u00a1Buenas a todos\/as!&nbsp; &nbsp; &nbsp;&nbsp;<\/p>\n<p>C\u00f3mo sabemos lo mucho que os gusta leer libros de nuestras bibliotecas, adem\u00e1s de los disponibles en nuestras instalaciones, hemos pensado en dejaros en este espacio varios enlaces para que pod\u00e1is leer cuentos sobre animales, f\u00e1bulas, cl\u00e1sicos, acertijos y adivinanzas, &#8230;, o por el contrario, si no pod\u00e9is venir, tambi\u00e9n pod\u00e9is descargarlos de forma gratuita en vuestras casas:<\/p>\n<p><a href=\"https:\/\/www.yumpu.com\/es\/document\/read\/63156813\/coronavirus-no-es-un-principe-ni-una-princesa\">https:\/\/www.yumpu.com\/es\/document\/read\/63156813\/coronavirus-no-es-un-principe-ni-una-princesa<\/a><\/p>\n<p><a href=\"https:\/\/www.muchoscuentos.com\/todos-los-cuentos-de-la-a-a-la-z\/\">https:\/\/www.muchoscuentos.com\/todos-los-cuentos-de-la-a-a-la-z\/<\/a><\/p>\n<p><a href=\"https:\/\/elestudiantedigital.com\/libros-en-pdf-para-ninos\/\">https:\/\/elestudiantedigital.com\/libros-en-pdf-para-ninos\/<\/a><\/p>\n<p><a href=\"https:\/\/infolibros.org\/libros-de-cuentos-para-ninos-gratis-pdf\/\">https:\/\/infolibros.org\/libros-de-cuentos-para-ninos-gratis-pdf\/<\/a><\/p>\n<p><a href=\"https:\/\/www.yumpu.com\/es\/document\/read\/52499967\/yo-matare-monstruos-por-tipdf\">https:\/\/www.yumpu.com\/es\/document\/read\/52499967\/yo-matare-monstruos-por-tipdf<\/a><\/p>\n<p>En este \u00faltimo enlace, adem\u00e1s de leer tus cuentos preferidos, puedes interactuar con los mismos mediante el ordenador o la tablet debido a que algunos de ellos, tienen como opci\u00f3n video cuento, audio cuento y cuento interactivo. Os aparecer\u00e1 encima del cuento estas opciones para que escoj\u00e1is la que m\u00e1s os convenga en ese momento. A continuaci\u00f3n os dejo el enlace para acceder a la p\u00e1gina:<\/p>\n<p><a href=\"https:\/\/blogsaverroes.juntadeandalucia.es\/cprzalabi\/files\/2020\/09\/WhatsApp-Image-2020-09-23-at-11.23.31.jpeg\"><img loading=\"lazy\" decoding=\"async\" class=\"size-medium wp-image-2298 aligncenter\" src=\"https:\/\/blogsaverroes.juntadeandalucia.es\/cprzalabi\/files\/2020\/09\/WhatsApp-Image-2020-09-23-at-11.23.31-300x269.jpeg\" alt=\"\" width=\"300\" height=\"269\" srcset=\"https:\/\/blogsaverroes.juntadeandalucia.es\/cprzalabi\/files\/2020\/09\/WhatsApp-Image-2020-09-23-at-11.23.31-300x269.jpeg 300w, https:\/\/blogsaverroes.juntadeandalucia.es\/cprzalabi\/files\/2020\/09\/WhatsApp-Image-2020-09-23-at-11.23.31-768x689.jpeg 768w, https:\/\/blogsaverroes.juntadeandalucia.es\/cprzalabi\/files\/2020\/09\/WhatsApp-Image-2020-09-23-at-11.23.31-24x22.jpeg 24w, https:\/\/blogsaverroes.juntadeandalucia.es\/cprzalabi\/files\/2020\/09\/WhatsApp-Image-2020-09-23-at-11.23.31-36x32.jpeg 36w, https:\/\/blogsaverroes.juntadeandalucia.es\/cprzalabi\/files\/2020\/09\/WhatsApp-Image-2020-09-23-at-11.23.31-48x43.jpeg 48w, https:\/\/blogsaverroes.juntadeandalucia.es\/cprzalabi\/files\/2020\/09\/WhatsApp-Image-2020-09-23-at-11.23.31.jpeg 1024w\" sizes=\"(max-width: 300px) 100vw, 300px\" \/><\/a><\/p>\n<p style=\"text-align: center\"><a href=\"https:\/\/www.mundoprimaria.com\/cuentos-infantiles-cortos\/cuentos-clasicos-infantiles\">https:\/\/www.mundoprimaria.com\/cuentos-infantiles-cortos\/cuentos-clasicos-infantiles<\/a><\/p>\n<p><!--nextpage--><\/p>\n<ul>\n<li><strong>CUENTOS pdf :<\/strong><\/li>\n<\/ul>\n<p>Aqu\u00ed os dejamos m\u00e1s cuentos para leer en casa. Tambi\u00e9n te lo pueden leer pap\u00e1 o mam\u00e1 si no sabes.&nbsp;<\/p>\n<p>Ser\u00e1 muy divertido y\u2026 \u00a1las historias que nos cuentan son extraordinarias!<\/p>\n<p>Ante todo, estimamos importante agradecer a los autores y editoriales que nos permitan acceder a los cuentos libremente.<\/p>\n<p>\u00a1Escoge tu cuento y com\u00e9ntanos que te ha parecido! Para ello, puedes poner tu comentario al final de la entrada.&nbsp;<\/p>\n<p><img loading=\"lazy\" decoding=\"async\" class=\"\" src=\"https:\/\/images-na.ssl-images-amazon.com\/images\/I\/41SRhJqbOUL._SX258_BO1,204,203,200_.jpg\" alt=\"Gato Negro: El felino de la buena suerte: 1 Colores Olvidados: Amazon.es: G. Guirado, Silvia, G. For\u00e9s, David, Arancibia L\u00f3pez, Desiree: Libros\" width=\"241\" height=\"205\">&nbsp;&nbsp;<img loading=\"lazy\" decoding=\"async\" class=\"\" src=\"https:\/\/i2.wp.com\/apegoyliteratura.es\/wp-content\/uploads\/2015\/06\/Serafin-1.jpg?resize=320%2C231\" alt=\"Rese\u00f1a: &quot;Seraf\u00edn, el p\u00e1jaro que buscaba su melod\u00eda&quot; - Apegoyliteratura\" width=\"283\" height=\"205\">&nbsp;&nbsp;<img loading=\"lazy\" decoding=\"async\" class=\"\" src=\"https:\/\/dosilustrados.com\/wp-content\/uploads\/\/carmesina_banner_movil-1.jpg\" alt=\"La ni\u00f1a del parche - DosilustraDos Gamusetes\" width=\"189\" height=\"204\">&nbsp;<\/p>\n<p><img loading=\"lazy\" decoding=\"async\" class=\"\" src=\"https:\/\/cdn01.diarimes.com\/uploads\/imagenes\/bajacalidad\/2020\/03\/16\/_foto3621984_13361db2.jpg?57f9b6035b071c1f6e3434bdccb8998b\" alt=\"Un nuevo cuento digital explica a los ni\u00f1os qu\u00e9 es el coronavirus y otros virus y como gestionar las emociones\" width=\"201\" height=\"201\">&nbsp; &nbsp;&nbsp; &nbsp;&nbsp;<img loading=\"lazy\" decoding=\"async\" class=\"\" src=\"https:\/\/images-na.ssl-images-amazon.com\/images\/I\/31GQgMpiOcL.jpg\" alt=\"La bruja Pampurrias: Un nido en el bolso: 01 FantaBoo: Amazon.es: Aznar Alcega, M. Carmen, G. For\u00e9s, David, Arancibia Lopez, Desiree, Arancibia Lopez, Desiree, G. For\u00e9s, David: Libros\" width=\"245\" height=\"207\">&nbsp; &nbsp;<img loading=\"lazy\" decoding=\"async\" class=\"\" src=\"https:\/\/i.calameoassets.com\/200410120506-2b1d1dff8852beb6b634feaed7ca60df\/large.jpg\" alt=\"Calam\u00e9o - Cuentos Para Quedarse En Casa\" width=\"159\" height=\"205\"><\/p>\n<p><a href=\"https:\/\/blogsaverroes.juntadeandalucia.es\/cprzalabi\/files\/2020\/09\/02_Gato_Negro.pdf\">02_Gato_Negro<\/a><\/p>\n<p><a href=\"https:\/\/blogsaverroes.juntadeandalucia.es\/cprzalabi\/files\/2020\/09\/03_Serafin_ESP.pdf\">03_Serafin_ESP<\/a><\/p>\n<p><a href=\"https:\/\/blogsaverroes.juntadeandalucia.es\/cprzalabi\/files\/2020\/09\/Carmesina_Ebook_ES.pdf\">Carmesina_Ebook_ES<\/a><\/p>\n<p><a href=\"https:\/\/blogsaverroes.juntadeandalucia.es\/cprzalabi\/files\/2020\/09\/Cuento_Rosa_contra_el_virus.pdf\">Cuento_Rosa_contra_el_virus<\/a><\/p>\n<p><a href=\"https:\/\/blogsaverroes.juntadeandalucia.es\/cprzalabi\/files\/2020\/09\/El-se%C3%B1or-cuadrado-y-sus-amigos.pdf\">El-se\u00f1or-cuadrado-y-sus-amigos<\/a><\/p>\n<p><a href=\"https:\/\/blogsaverroes.juntadeandalucia.es\/cprzalabi\/files\/2020\/09\/CUENTOSCASA.pdf\">CUENTOSCASA<\/a><\/p>\n<p><a href=\"https:\/\/blogsaverroes.juntadeandalucia.es\/cprzalabi\/files\/2020\/09\/Pampurrias_Ebook_ES.pdf\">Pampurrias_Ebook_ES<\/a><\/p>\n<p><a href=\"https:\/\/blogsaverroes.juntadeandalucia.es\/cprzalabi\/files\/2020\/09\/El-Principito.pdf\">El Principito<\/a><\/p>\n<p><a href=\"https:\/\/blogsaverroes.juntadeandalucia.es\/cprzalabi\/files\/2020\/09\/Matilda.pdf\">Matilda<\/a><\/p>\n<p><a href=\"https:\/\/blogsaverroes.juntadeandalucia.es\/cprzalabi\/files\/2020\/09\/sapo_y_sepo_son_inseparables.pdf\">sapo_y_sepo_son_inseparables<\/a><\/p>\n<p><a href=\"https:\/\/blogsaverroes.juntadeandalucia.es\/cprzalabi\/files\/2020\/10\/Alegre-Celeste.-\u00a1PICA-Un-cuento-para-decir-NO.-ESI-pdf.pdf\">Alegre, Celeste. \u00a1PICA! Un cuento para decir NO. (ESI )pdf<\/a><\/p>\n<p><a href=\"https:\/\/blogsaverroes.juntadeandalucia.es\/cprzalabi\/files\/2020\/10\/A-Color-of-His-Own-Leo-Lionni.pdf\">A Color of His Own Leo Lionni<\/a><\/p>\n<p><a href=\"https:\/\/blogsaverroes.juntadeandalucia.es\/cprzalabi\/files\/2020\/10\/Ardilla-Miedosa.pdf\">Ardilla Miedosa<\/a><\/p>\n<p><a href=\"https:\/\/blogsaverroes.juntadeandalucia.es\/cprzalabi\/files\/2020\/10\/Adivina-cuanto-te-quiero.pdf\">Adivina cuanto te quiero<\/a><\/p>\n<p><a href=\"https:\/\/blogsaverroes.juntadeandalucia.es\/cprzalabi\/files\/2020\/10\/En-el-bosque-Browne-Anthony.pdf\">En el bosque &#8211; Browne Anthony<\/a><a href=\"https:\/\/blogsaverroes.juntadeandalucia.es\/cprzalabi\/files\/2020\/10\/Schujer-Silvia-.-A-Lucas-se-le-perdi\u00f3-la-A-.pdf\">Schujer, Silvia . A Lucas se le perdi\u00f3 la A<\/a><\/p>\n<p><a href=\"https:\/\/blogsaverroes.juntadeandalucia.es\/cprzalabi\/files\/2020\/10\/winnie-y-el-dragon.pdf\">winnie y el dragon<\/a><\/p>\n<p><a href=\"https:\/\/blogsaverroes.juntadeandalucia.es\/cprzalabi\/files\/2020\/10\/Amago-Antonio.-Un-charco-azul.pdf\">Amago, Antonio. Un charco azul<\/a><\/p>\n<p><a href=\"https:\/\/blogsaverroes.juntadeandalucia.es\/cprzalabi\/files\/2020\/10\/El-caracol-y-la-rosa_Hans-Christian-Andersen.pdf\">El caracol y la rosa_Hans Christian Andersen<\/a><\/p>\n<p><a href=\"https:\/\/blogsaverroes.juntadeandalucia.es\/cprzalabi\/files\/2020\/10\/la-rebelion-de-las-palabras.pdf\">la-rebelion-de-las-palabras<\/a><\/p>\n<p><a href=\"https:\/\/blogsaverroes.juntadeandalucia.es\/cprzalabi\/files\/2020\/10\/Qu\u00e9-animales.pdf\">Qu\u00e9 animales<\/a><\/p>\n<p><a href=\"https:\/\/blogsaverroes.juntadeandalucia.es\/cprzalabi\/files\/2020\/10\/Las-brujas-Paca-y-Poca-y-su-gato-Espantoso_Cristina.pdf\">Las brujas Paca y Poca y su gato Espantoso_Cristina<\/a><\/p>\n<p><a href=\"https:\/\/blogsaverroes.juntadeandalucia.es\/cprzalabi\/files\/2020\/10\/EL-HUEVO-DEL-ERIZO.pdf\">EL HUEVO DEL ERIZO<\/a><a href=\"https:\/\/blogsaverroes.juntadeandalucia.es\/cprzalabi\/files\/2020\/10\/El-menino-Isol.pdf\">El menino &#8211; Isol<\/a><\/p>\n","protected":false},"excerpt":{"rendered":"<p>\u00a1Buenas a todos\/as!&nbsp; &nbsp; &nbsp;&nbsp; C\u00f3mo sabemos lo mucho que os gusta leer libros de nuestras bibliotecas, adem\u00e1s de los disponibles en nuestras instalaciones, hemos pensado en dejaros en este espacio varios enlaces para que pod\u00e1is leer cuentos sobre animales, f\u00e1bulas, cl\u00e1sicos, acertijos y adivinanzas, &#8230;, o por el contrario, si no pod\u00e9is venir, tambi\u00e9n &hellip; <\/p>\n<p><a class=\"more-link btn\" href=\"https:\/\/blogsaverroes.juntadeandalucia.es\/cprzalabi\/cuentos-para-leer-en-casa\/\">Seguir leyendo<\/a><\/p>\n","protected":false},"author":6990,"featured_media":0,"parent":0,"menu_order":0,"comment_status":"closed","ping_status":"closed","template":"","meta":{"ngg_post_thumbnail":0,"footnotes":"","_mc_calendar":[]},"aioseo_notices":[],"_links":{"self":[{"href":"https:\/\/blogsaverroes.juntadeandalucia.es\/cprzalabi\/wp-json\/wp\/v2\/pages\/2326"}],"collection":[{"href":"https:\/\/blogsaverroes.juntadeandalucia.es\/cprzalabi\/wp-json\/wp\/v2\/pages"}],"about":[{"href":"https:\/\/blogsaverroes.juntadeandalucia.es\/cprzalabi\/wp-json\/wp\/v2\/types\/page"}],"author":[{"embeddable":true,"href":"https:\/\/blogsaverroes.juntadeandalucia.es\/cprzalabi\/wp-json\/wp\/v2\/users\/6990"}],"replies":[{"embeddable":true,"href":"https:\/\/blogsaverroes.juntadeandalucia.es\/cprzalabi\/wp-json\/wp\/v2\/comments?post=2326"}],"version-history":[{"count":10,"href":"https:\/\/blogsaverroes.juntadeandalucia.es\/cprzalabi\/wp-json\/wp\/v2\/pages\/2326\/revisions"}],"predecessor-version":[{"id":2440,"href":"https:\/\/blogsaverroes.juntadeandalucia.es\/cprzalabi\/wp-json\/wp\/v2\/pages\/2326\/revisions\/2440"}],"wp:attachment":[{"href":"https:\/\/blogsaverroes.juntadeandalucia.es\/cprzalabi\/wp-json\/wp\/v2\/media?parent=2326"}],"curies":[{"name":"wp","href":"https:\/\/api.w.org\/{rel}","templated":true}]}}