{"id":330,"date":"2015-03-18T07:11:43","date_gmt":"2015-03-18T07:11:43","guid":{"rendered":"http:\/\/blogsaverroes.juntadeandalucia.es\/pre\/ceip\/?page_id=330"},"modified":"2025-11-25T19:50:51","modified_gmt":"2025-11-25T19:50:51","slug":"bibliop","status":"publish","type":"page","link":"https:\/\/blogsaverroes.juntadeandalucia.es\/cprzalabi\/biblioteca\/bibliop\/","title":{"rendered":"Competencia lectora"},"content":{"rendered":"<p>En esta subsecci\u00f3n podremos encontrar diferentes recursos para trabajar y promover la competencia lectora a trav\u00e9s de actividades, cuentos para leer en casa, poemas y poes\u00edas, &#8230;, con la finalidad de que tanto padres y madres como nuestro alumnado puedan disponer de los mismos cuando lo necesiten.&nbsp;<\/p>\n<p>Adem\u00e1s de los recursos que podamos adquirir en este espacio, estimamos importante recordarles que cada Centro del C.P.R. \u00abZalab\u00ed\u00bb, ubicados en las localidades de Exfiliana, Alcudia de Guadix y Charches, disponen de un espacio\/biblioteca para que toda la Comunidad Educativa pueda consultar libros, documentos, etc&#8230;, siempre que lo necesiten y lo requieran oportuno.<\/p>\n<p><img loading=\"lazy\" decoding=\"async\" class=\"aligncenter\" src=\"https:\/\/www.gifmaniacos.es\/wp-content\/uploads\/2019\/04\/libro-magia-gifmaniacos.es-1-5.gif\" alt=\"La Magia de los Libros \/3 | Gifmaniacos.es\" width=\"465\" height=\"265\"><\/p>\n<p style=\"text-align: center\">Desde nuestro Centro, os animamos a todos y todas a compartir el m\u00e1gico mundo de la lectura porque&#8230;<\/p>\n<p style=\"text-align: center\"><strong>\u00abPara viajar lejos, no hay mejor nave que un libro\u00bb <em>(Emily Dickinson)<\/em>.<img loading=\"lazy\" decoding=\"async\" class=\"aligncenter\" src=\"https:\/\/encrypted-tbn0.gstatic.com\/images?q=tbn%3AANd9GcR8b6S0z9XOygc_Y5Lhvye9M4V6pTc_GJhfFQ&amp;usqp=CAU\" alt=\"El Principito: sus frases m\u00e1s inspiradoras - La infancia\" width=\"235\" height=\"136\"> <\/strong><\/p>\n<p style=\"text-align: center\">&nbsp;<\/p>\n<p>&nbsp;<\/p>\n<p><strong>&nbsp;<\/strong><\/p>\n","protected":false},"excerpt":{"rendered":"<p>En esta subsecci\u00f3n podremos encontrar diferentes recursos para trabajar y promover la competencia lectora a trav\u00e9s de actividades, cuentos para leer en casa, poemas y poes\u00edas, &#8230;, con la finalidad de que tanto padres y madres como nuestro alumnado puedan disponer de los mismos cuando lo necesiten.&nbsp; Adem\u00e1s de los recursos que podamos adquirir en &hellip; <\/p>\n<p><a class=\"more-link btn\" href=\"https:\/\/blogsaverroes.juntadeandalucia.es\/cprzalabi\/biblioteca\/bibliop\/\">Seguir leyendo<\/a><\/p>\n","protected":false},"author":1,"featured_media":0,"parent":113,"menu_order":0,"comment_status":"closed","ping_status":"open","template":"","meta":{"ngg_post_thumbnail":0,"footnotes":"","_mc_calendar":[]},"aioseo_notices":[],"_links":{"self":[{"href":"https:\/\/blogsaverroes.juntadeandalucia.es\/cprzalabi\/wp-json\/wp\/v2\/pages\/330"}],"collection":[{"href":"https:\/\/blogsaverroes.juntadeandalucia.es\/cprzalabi\/wp-json\/wp\/v2\/pages"}],"about":[{"href":"https:\/\/blogsaverroes.juntadeandalucia.es\/cprzalabi\/wp-json\/wp\/v2\/types\/page"}],"author":[{"embeddable":true,"href":"https:\/\/blogsaverroes.juntadeandalucia.es\/cprzalabi\/wp-json\/wp\/v2\/users\/1"}],"replies":[{"embeddable":true,"href":"https:\/\/blogsaverroes.juntadeandalucia.es\/cprzalabi\/wp-json\/wp\/v2\/comments?post=330"}],"version-history":[{"count":14,"href":"https:\/\/blogsaverroes.juntadeandalucia.es\/cprzalabi\/wp-json\/wp\/v2\/pages\/330\/revisions"}],"predecessor-version":[{"id":3211,"href":"https:\/\/blogsaverroes.juntadeandalucia.es\/cprzalabi\/wp-json\/wp\/v2\/pages\/330\/revisions\/3211"}],"up":[{"embeddable":true,"href":"https:\/\/blogsaverroes.juntadeandalucia.es\/cprzalabi\/wp-json\/wp\/v2\/pages\/113"}],"wp:attachment":[{"href":"https:\/\/blogsaverroes.juntadeandalucia.es\/cprzalabi\/wp-json\/wp\/v2\/media?parent=330"}],"curies":[{"name":"wp","href":"https:\/\/api.w.org\/{rel}","templated":true}]}}