{"id":42,"date":"2015-03-13T08:40:47","date_gmt":"2015-03-13T08:40:47","guid":{"rendered":"http:\/\/blogsaverroes.juntadeandalucia.es\/pre\/ceip\/?page_id=42"},"modified":"2021-11-02T20:04:49","modified_gmt":"2021-11-02T20:04:49","slug":"equipo-directivo","status":"publish","type":"page","link":"https:\/\/blogsaverroes.juntadeandalucia.es\/cprzalabi\/equipo-directivo\/","title":{"rendered":"Equipo Directivo"},"content":{"rendered":"<p><em>El Equipo Directivo est\u00e1 formado por las siguientes personas:<\/em><\/p>\n<p><strong>Direcci\u00f3n:&nbsp;<\/strong>Hilario Llorente Bastidas<\/p>\n<p><strong>Jefatura de estudios:&nbsp;<\/strong>Jos\u00e9 Juan Rom\u00e1n Amezcua<\/p>\n<p><strong>Secretar\u00eda:<\/strong> Encarnaci\u00f3n Serrano Plaza<\/p>\n<p><img loading=\"lazy\" decoding=\"async\" class=\"alignleft\" src=\"https:\/\/mairenadelalcor.net\/colegios\/manuelromeroarregui\/wp-content\/uploads\/2018\/03\/%C3%ADndice.jpg\" alt=\"EQUIPO DIRECTIVO\" width=\"322\" height=\"221\"><\/p>\n","protected":false},"excerpt":{"rendered":"<p>El Equipo Directivo est\u00e1 formado por las siguientes personas: Direcci\u00f3n:&nbsp;Hilario Llorente Bastidas Jefatura de estudios:&nbsp;Jos\u00e9 Juan Rom\u00e1n Amezcua Secretar\u00eda: Encarnaci\u00f3n Serrano Plaza<\/p>\n","protected":false},"author":1,"featured_media":0,"parent":0,"menu_order":0,"comment_status":"closed","ping_status":"open","template":"","meta":{"ngg_post_thumbnail":0,"footnotes":"","_mc_calendar":[]},"aioseo_notices":[],"_links":{"self":[{"href":"https:\/\/blogsaverroes.juntadeandalucia.es\/cprzalabi\/wp-json\/wp\/v2\/pages\/42"}],"collection":[{"href":"https:\/\/blogsaverroes.juntadeandalucia.es\/cprzalabi\/wp-json\/wp\/v2\/pages"}],"about":[{"href":"https:\/\/blogsaverroes.juntadeandalucia.es\/cprzalabi\/wp-json\/wp\/v2\/types\/page"}],"author":[{"embeddable":true,"href":"https:\/\/blogsaverroes.juntadeandalucia.es\/cprzalabi\/wp-json\/wp\/v2\/users\/1"}],"replies":[{"embeddable":true,"href":"https:\/\/blogsaverroes.juntadeandalucia.es\/cprzalabi\/wp-json\/wp\/v2\/comments?post=42"}],"version-history":[{"count":11,"href":"https:\/\/blogsaverroes.juntadeandalucia.es\/cprzalabi\/wp-json\/wp\/v2\/pages\/42\/revisions"}],"predecessor-version":[{"id":2758,"href":"https:\/\/blogsaverroes.juntadeandalucia.es\/cprzalabi\/wp-json\/wp\/v2\/pages\/42\/revisions\/2758"}],"wp:attachment":[{"href":"https:\/\/blogsaverroes.juntadeandalucia.es\/cprzalabi\/wp-json\/wp\/v2\/media?parent=42"}],"curies":[{"name":"wp","href":"https:\/\/api.w.org\/{rel}","templated":true}]}}