{"id":49,"date":"2015-03-13T08:47:05","date_gmt":"2015-03-13T08:47:05","guid":{"rendered":"http:\/\/blogsaverroes.juntadeandalucia.es\/pre\/ceip\/?page_id=49"},"modified":"2025-11-25T19:34:12","modified_gmt":"2025-11-25T19:34:12","slug":"proyecto-educativo","status":"publish","type":"page","link":"https:\/\/blogsaverroes.juntadeandalucia.es\/cprzalabi\/proyecto-educativo\/","title":{"rendered":"Proyecto Educativo de Centro (Plan de Centro)"},"content":{"rendered":"<p>&nbsp;<\/p>\n<p>&nbsp; &nbsp; &nbsp; &nbsp; &nbsp; &nbsp; &nbsp; &nbsp; &nbsp; &nbsp; &nbsp;Un centro se define en gran medida por su <strong>Proyecto Educativo<\/strong>. El mismo, es un documento pedag\u00f3gico elaborado por y para la comunidad educativa ya que recoge de forma detallada <strong>la identidad, objetivos y organizaci\u00f3n de un centro educativo<\/strong> con el objetivo de dar respuesta eficaz a las necesidades y demandas que se puedan presentar a lo largo del curso escolar. En \u00e9l se plasma el modelo educativo y la concreci\u00f3n de la normativa que un centro realiza respecto a las ense\u00f1anzas que imparte. Aspectos tales como las finales educativas, objetivos, atenci\u00f3n a la diversidad, etc.<\/p>\n<p>Que la web de un centro informe de su Proyecto Educativo es una apuesta clara por la <strong>transparencia<\/strong>.<\/p>\n<p>En este espacio se muestra los aspectos esenciales del Proyecto Educativo de Centro 2023\/2024, 2025\/2026 y se ofrecer\u00e1 una informaci\u00f3n m\u00e1s detallada del mismo a trav\u00e9s del siguiente enlace:<\/p>\n<p><img loading=\"lazy\" decoding=\"async\" class=\"aligncenter\" src=\"https:\/\/patrimoniomariayelena.files.wordpress.com\/2017\/04\/flechas-3.gif\" alt=\"FLECHAS 3 | Patrimonio Cultural Andaluz M.E\" width=\"166\" height=\"89\"><a href=\"https:\/\/blogsaverroes.juntadeandalucia.es\/cprzalabi\/files\/2024\/04\/Plan-de-Centro-23_24.pdf\">Plan de Centro 23_24<\/a><\/p>\n<p><a href=\"https:\/\/blogsaverroes.juntadeandalucia.es\/cprzalabi\/files\/2025\/11\/ANEXOS_2025_2026.pdf\">ANEXOS_2025_2026<\/a><\/p>\n<p><a href=\"https:\/\/blogsaverroes.juntadeandalucia.es\/cprzalabi\/files\/2025\/11\/Plan-de-centro-2025_2026_ok.pdf\">Plan de centro 2025_2026_ok<\/a><\/p>\n","protected":false},"excerpt":{"rendered":"<p>&nbsp; &nbsp; &nbsp; &nbsp; &nbsp; &nbsp; &nbsp; &nbsp; &nbsp; &nbsp; &nbsp; &nbsp;Un centro se define en gran medida por su Proyecto Educativo. El mismo, es un documento pedag\u00f3gico elaborado por y para la comunidad educativa ya que recoge de forma detallada la identidad, objetivos y organizaci\u00f3n de un centro educativo con el objetivo de dar &hellip; <\/p>\n<p><a class=\"more-link btn\" href=\"https:\/\/blogsaverroes.juntadeandalucia.es\/cprzalabi\/proyecto-educativo\/\">Seguir leyendo<\/a><\/p>\n","protected":false},"author":1,"featured_media":0,"parent":0,"menu_order":0,"comment_status":"closed","ping_status":"open","template":"","meta":{"ngg_post_thumbnail":0,"footnotes":"","_mc_calendar":[]},"aioseo_notices":[],"_links":{"self":[{"href":"https:\/\/blogsaverroes.juntadeandalucia.es\/cprzalabi\/wp-json\/wp\/v2\/pages\/49"}],"collection":[{"href":"https:\/\/blogsaverroes.juntadeandalucia.es\/cprzalabi\/wp-json\/wp\/v2\/pages"}],"about":[{"href":"https:\/\/blogsaverroes.juntadeandalucia.es\/cprzalabi\/wp-json\/wp\/v2\/types\/page"}],"author":[{"embeddable":true,"href":"https:\/\/blogsaverroes.juntadeandalucia.es\/cprzalabi\/wp-json\/wp\/v2\/users\/1"}],"replies":[{"embeddable":true,"href":"https:\/\/blogsaverroes.juntadeandalucia.es\/cprzalabi\/wp-json\/wp\/v2\/comments?post=49"}],"version-history":[{"count":23,"href":"https:\/\/blogsaverroes.juntadeandalucia.es\/cprzalabi\/wp-json\/wp\/v2\/pages\/49\/revisions"}],"predecessor-version":[{"id":9982,"href":"https:\/\/blogsaverroes.juntadeandalucia.es\/cprzalabi\/wp-json\/wp\/v2\/pages\/49\/revisions\/9982"}],"wp:attachment":[{"href":"https:\/\/blogsaverroes.juntadeandalucia.es\/cprzalabi\/wp-json\/wp\/v2\/media?parent=49"}],"curies":[{"name":"wp","href":"https:\/\/api.w.org\/{rel}","templated":true}]}}