{"id":80,"date":"2015-04-27T06:57:36","date_gmt":"2015-04-27T06:57:36","guid":{"rendered":"http:\/\/blogsaverroes.juntadeandalucia.es\/pre\/ceip\/?page_id=80"},"modified":"2022-05-28T09:31:19","modified_gmt":"2022-05-28T09:31:19","slug":"curso-escolar","status":"publish","type":"page","link":"https:\/\/blogsaverroes.juntadeandalucia.es\/cprzalabi\/curso-escolar\/","title":{"rendered":"Curso escolar"},"content":{"rendered":"<p>El presente Protocolo se elabora en virtud de lo establecido en las Instrucciones 6 de julio de 2020, de la Viceconsejer\u00eda de Educaci\u00f3n y Deporte, relativas a la organizaci\u00f3n de los centros docentes para el curso escolar 2020\/2021, motivada por la crisis sanitaria del COVID-19.<\/p>\n<p>Este documento incluye recomendaciones y directrices en relaci\u00f3n a las medidas de prevenci\u00f3n e higiene frente a la Covid-19 para las actividades e instalaciones del centro, durante el curso 2020- 21, las cuales podr\u00e1n ser actualizadas cuando los cambios de la situaci\u00f3n epidemiol\u00f3gica as\u00ed lo requieran.<\/p>\n<p>La adopci\u00f3n y seguimiento de las medidas contempladas tiene como objetivo contribuir a que el personal del centro, alumnado y familias afronten esta apertura de los centros en el curso actual de forma segura y contribuya a reducir el riesgo de contagios, resultando fundamental la asunci\u00f3n individual y colectiva de responsabilidades.<\/p>\n<p style=\"text-align: left\">Estas actualizaciones se ir\u00e1n recogiendo en las diferentes versiones del Plan y ser\u00e1n registradas en el apartado de \u201c<em>seguimiento y evaluaci\u00f3n del Protocolo<\/em>\u201d.<\/p>\n<p style=\"text-align: center\"><a href=\"https:\/\/blogsaverroes.juntadeandalucia.es\/cprzalabi\/files\/2020\/09\/Protocolo-COVID19_21_09_2020.pdf\">Protocolo COVID19_21_09_2020<\/a><\/p>\n<p style=\"text-align: center\"><a href=\"https:\/\/blogsaverroes.juntadeandalucia.es\/cprzalabi\/files\/2022\/05\/Protocolo-COVID19_06_09_2021.pdf\">Protocolo-COVID19_06_09_2021<\/a><a href=\"https:\/\/blogsaverroes.juntadeandalucia.es\/cprzalabi\/files\/2020\/10\/WhatsApp-Image-2020-10-07-at-12.35.11.jpeg\"><img loading=\"lazy\" decoding=\"async\" class=\" wp-image-2420 aligncenter\" src=\"https:\/\/blogsaverroes.juntadeandalucia.es\/cprzalabi\/files\/2020\/10\/WhatsApp-Image-2020-10-07-at-12.35.11-212x300.jpeg\" alt=\"\" width=\"280\" height=\"397\" srcset=\"https:\/\/blogsaverroes.juntadeandalucia.es\/cprzalabi\/files\/2020\/10\/WhatsApp-Image-2020-10-07-at-12.35.11-212x300.jpeg 212w, https:\/\/blogsaverroes.juntadeandalucia.es\/cprzalabi\/files\/2020\/10\/WhatsApp-Image-2020-10-07-at-12.35.11-722x1024.jpeg 722w, https:\/\/blogsaverroes.juntadeandalucia.es\/cprzalabi\/files\/2020\/10\/WhatsApp-Image-2020-10-07-at-12.35.11-768x1089.jpeg 768w, https:\/\/blogsaverroes.juntadeandalucia.es\/cprzalabi\/files\/2020\/10\/WhatsApp-Image-2020-10-07-at-12.35.11-17x24.jpeg 17w, https:\/\/blogsaverroes.juntadeandalucia.es\/cprzalabi\/files\/2020\/10\/WhatsApp-Image-2020-10-07-at-12.35.11-25x36.jpeg 25w, https:\/\/blogsaverroes.juntadeandalucia.es\/cprzalabi\/files\/2020\/10\/WhatsApp-Image-2020-10-07-at-12.35.11-34x48.jpeg 34w, https:\/\/blogsaverroes.juntadeandalucia.es\/cprzalabi\/files\/2020\/10\/WhatsApp-Image-2020-10-07-at-12.35.11.jpeg 1080w\" sizes=\"(max-width: 280px) 100vw, 280px\" \/><\/a><\/p>\n<p>La Consejer\u00eda de Educaci\u00f3n y Deporte ha enviado a los centros docentes andaluces las instrucciones por las que se modifican las anteriores, de 13 de julio de 2021, relativas a la organizaci\u00f3n de los centros docentes y a la flexibilizaci\u00f3n curricular para este curso escolar, tras la reuni\u00f3n de la Comisi\u00f3n Auton\u00f3mica de Seguimiento COVID-19 conformada por las consejer\u00edas de Salud y Familias y Educaci\u00f3n y Deporte, celebrada en el d\u00eda de hoy debido a la modificaci\u00f3n por parte del Gobierno central del uso de la mascarilla.<\/p>\n<p>En este sentido, el Real Decreto 286\/2022, de 19 de abril, ha modificado la obligatoriedad del uso de mascarillas durante la situaci\u00f3n de crisis sanitaria ocasionada por la COVID-19, y la Direcci\u00f3n General de Salud P\u00fablica y Ordenaci\u00f3n Farmac\u00e9utica, despu\u00e9s de la Comisi\u00f3n Auton\u00f3mica de Seguimiento COVID-19, ha trasladado a la Consejer\u00eda de Educaci\u00f3n y Deporte que el uso de la mascarilla no se contempla como obligatorio en los centros o servicios educativos.<\/p>\n<p>Solo ser\u00e1 obligatoria en el transporte escolar colectivo a partir de 6 a\u00f1os, y recomendable de 3 a 5 a\u00f1os, con las excepciones establecidas por las autoridades sanitarias en personas con alg\u00fan tipo de enfermedad o dificultad respiratoria que pudiese verse agravada por el uso de la mascarilla as\u00ed como en personas por su situaci\u00f3n de discapacidad o dependencia.<\/p>\n<p>Asimismo, en los centros y servicios educativos se mantienen las medidas de prevenci\u00f3n, protecci\u00f3n, vigilancia y promoci\u00f3n de la salud que se vienen llevando a cabo en los centros y servicios educativos con el objetivo fundamental de ofrecer un entorno escolar seguro al alumnado y a los profesionales que trabajan en el sistema educativo.<\/p>\n<p>&nbsp;<\/p>\n<p style=\"text-align: center\">&nbsp;<\/p>\n","protected":false},"excerpt":{"rendered":"<p>El presente Protocolo se elabora en virtud de lo establecido en las Instrucciones 6 de julio de 2020, de la Viceconsejer\u00eda de Educaci\u00f3n y Deporte, relativas a la organizaci\u00f3n de los centros docentes para el curso escolar 2020\/2021, motivada por la crisis sanitaria del COVID-19. Este documento incluye recomendaciones y directrices en relaci\u00f3n a las &hellip; <\/p>\n<p><a class=\"more-link btn\" href=\"https:\/\/blogsaverroes.juntadeandalucia.es\/cprzalabi\/curso-escolar\/\">Seguir leyendo<\/a><\/p>\n","protected":false},"author":1,"featured_media":0,"parent":0,"menu_order":0,"comment_status":"closed","ping_status":"open","template":"","meta":{"ngg_post_thumbnail":0,"footnotes":"","_mc_calendar":[]},"aioseo_notices":[],"_links":{"self":[{"href":"https:\/\/blogsaverroes.juntadeandalucia.es\/cprzalabi\/wp-json\/wp\/v2\/pages\/80"}],"collection":[{"href":"https:\/\/blogsaverroes.juntadeandalucia.es\/cprzalabi\/wp-json\/wp\/v2\/pages"}],"about":[{"href":"https:\/\/blogsaverroes.juntadeandalucia.es\/cprzalabi\/wp-json\/wp\/v2\/types\/page"}],"author":[{"embeddable":true,"href":"https:\/\/blogsaverroes.juntadeandalucia.es\/cprzalabi\/wp-json\/wp\/v2\/users\/1"}],"replies":[{"embeddable":true,"href":"https:\/\/blogsaverroes.juntadeandalucia.es\/cprzalabi\/wp-json\/wp\/v2\/comments?post=80"}],"version-history":[{"count":6,"href":"https:\/\/blogsaverroes.juntadeandalucia.es\/cprzalabi\/wp-json\/wp\/v2\/pages\/80\/revisions"}],"predecessor-version":[{"id":3165,"href":"https:\/\/blogsaverroes.juntadeandalucia.es\/cprzalabi\/wp-json\/wp\/v2\/pages\/80\/revisions\/3165"}],"wp:attachment":[{"href":"https:\/\/blogsaverroes.juntadeandalucia.es\/cprzalabi\/wp-json\/wp\/v2\/media?parent=80"}],"curies":[{"name":"wp","href":"https:\/\/api.w.org\/{rel}","templated":true}]}}