{"id":1059,"date":"2022-01-19T23:39:41","date_gmt":"2022-01-19T22:39:41","guid":{"rendered":"https:\/\/blogsaverroes.juntadeandalucia.es\/cpsacratif\/?page_id=1059"},"modified":"2022-02-14T23:42:35","modified_gmt":"2022-02-14T22:42:35","slug":"secretaria","status":"publish","type":"page","link":"https:\/\/blogsaverroes.juntadeandalucia.es\/cpsacratif\/secretaria\/","title":{"rendered":"SECRETARIA."},"content":{"rendered":"<p>[et_pb_section fb_built=&#8221;1&#8243; _builder_version=&#8221;3.23.3&#8243; custom_padding=&#8221;0px||0px|&#8221; z_index_tablet=&#8221;500&#8243; box_shadow_horizontal_tablet=&#8221;0px&#8221; box_shadow_vertical_tablet=&#8221;0px&#8221; box_shadow_blur_tablet=&#8221;40px&#8221; box_shadow_spread_tablet=&#8221;0px&#8221; global_colors_info=&#8221;{}&#8221;][et_pb_row _builder_version=&#8221;3.25&#8243; background_size=&#8221;initial&#8221; background_position=&#8221;top_left&#8221; background_repeat=&#8221;repeat&#8221; global_colors_info=&#8221;{}&#8221;][et_pb_column type=&#8221;4_4&#8243; _builder_version=&#8221;3.25&#8243; custom_padding=&#8221;|||&#8221; global_colors_info=&#8221;{}&#8221; custom_padding__hover=&#8221;|||&#8221;][et_pb_image src=&#8221;https:\/\/blogsaverroes.juntadeandalucia.es\/cpsacratif\/files\/2021\/11\/DFADA6FF-CF1E-4998-A4C1-D5581134E9FA.jpeg&#8221; title_text=&#8221;DFADA6FF-CF1E-4998-A4C1-D5581134E9FA&#8221; admin_label=&#8221;Imagen de la portada&#8221; _builder_version=&#8221;4.14.5&#8243; z_index_tablet=&#8221;500&#8243; box_shadow_horizontal_tablet=&#8221;0px&#8221; box_shadow_vertical_tablet=&#8221;0px&#8221; box_shadow_blur_tablet=&#8221;40px&#8221; box_shadow_spread_tablet=&#8221;0px&#8221; global_colors_info=&#8221;{}&#8221;][\/et_pb_image][et_pb_text admin_label=&#8221;Texto descriptivo&#8221; _builder_version=&#8221;4.14.5&#8243; hover_enabled=&#8221;0&#8243; z_index_tablet=&#8221;500&#8243; text_text_shadow_horizontal_length_tablet=&#8221;0px&#8221; text_text_shadow_vertical_length_tablet=&#8221;0px&#8221; text_text_shadow_blur_strength_tablet=&#8221;1px&#8221; link_text_shadow_horizontal_length_tablet=&#8221;0px&#8221; link_text_shadow_vertical_length_tablet=&#8221;0px&#8221; link_text_shadow_blur_strength_tablet=&#8221;1px&#8221; ul_text_shadow_horizontal_length_tablet=&#8221;0px&#8221; ul_text_shadow_vertical_length_tablet=&#8221;0px&#8221; ul_text_shadow_blur_strength_tablet=&#8221;1px&#8221; ol_text_shadow_horizontal_length_tablet=&#8221;0px&#8221; ol_text_shadow_vertical_length_tablet=&#8221;0px&#8221; ol_text_shadow_blur_strength_tablet=&#8221;1px&#8221; quote_text_shadow_horizontal_length_tablet=&#8221;0px&#8221; quote_text_shadow_vertical_length_tablet=&#8221;0px&#8221; quote_text_shadow_blur_strength_tablet=&#8221;1px&#8221; header_text_shadow_horizontal_length_tablet=&#8221;0px&#8221; header_text_shadow_vertical_length_tablet=&#8221;0px&#8221; header_text_shadow_blur_strength_tablet=&#8221;1px&#8221; header_2_text_shadow_horizontal_length_tablet=&#8221;0px&#8221; header_2_text_shadow_vertical_length_tablet=&#8221;0px&#8221; header_2_text_shadow_blur_strength_tablet=&#8221;1px&#8221; header_3_text_shadow_horizontal_length_tablet=&#8221;0px&#8221; header_3_text_shadow_vertical_length_tablet=&#8221;0px&#8221; header_3_text_shadow_blur_strength_tablet=&#8221;1px&#8221; header_4_text_shadow_horizontal_length_tablet=&#8221;0px&#8221; header_4_text_shadow_vertical_length_tablet=&#8221;0px&#8221; header_4_text_shadow_blur_strength_tablet=&#8221;1px&#8221; header_5_text_shadow_horizontal_length_tablet=&#8221;0px&#8221; header_5_text_shadow_vertical_length_tablet=&#8221;0px&#8221; header_5_text_shadow_blur_strength_tablet=&#8221;1px&#8221; header_6_text_shadow_horizontal_length_tablet=&#8221;0px&#8221; header_6_text_shadow_vertical_length_tablet=&#8221;0px&#8221; header_6_text_shadow_blur_strength_tablet=&#8221;1px&#8221; box_shadow_horizontal_tablet=&#8221;0px&#8221; box_shadow_vertical_tablet=&#8221;0px&#8221; box_shadow_blur_tablet=&#8221;40px&#8221; box_shadow_spread_tablet=&#8221;0px&#8221; global_colors_info=&#8221;{}&#8221; sticky_enabled=&#8221;0&#8243;]<\/p>\n<h2>SECRETARIA<\/h2>\n<div class=\"wpb_text_column wpb_content_element \">\n<div class=\"wpb_wrapper\">\n<h2>Bienvenidos a la SECRETARIA del CEIP SACRATIF.<\/h2>\n<p>&nbsp;<\/p>\n<\/div>\n<\/div>\n<section class=\"vc_cta3-container\">\n<div class=\"vc_general vc_cta3 vc_cta3-style-classic vc_cta3-shape-rounded vc_cta3-align-left vc_cta3-color-classic vc_cta3-icon-size-md\">\n<div class=\"vc_cta3_content-container\">\n<div class=\"vc_cta3-content\">\n<header class=\"vc_cta3-content-header\">\n<h2>\u00a1NOTA IMPORT\u00c1NTE!<\/h2>\n<\/header>\n<p>&nbsp;<\/p>\n<header class=\"vc_cta3-content-header\">\n<h4>Informaci\u00f3n relevante en tiempo Covid<\/h4>\n<\/header>\n<div id=\"rt-feature\">\n<div class=\"rt-container with-showcase\">\n<div class=\"rt-grid-6 rt-alpha\">\n<div class=\"rt-block clearfix \">\n<div class=\"module-surround\">\n<div class=\"module-content\">\n<div class=\"custom\">\n<p>Este curso escolar , la Secretar\u00eda del colegio&nbsp;<strong>solo permanecer\u00e1<\/strong>&nbsp;abierta al p\u00fablico, para realizar las funciones que le atribuye la normativa vigente relativa a los procedimientos de admisi\u00f3n y matriculaci\u00f3n del alumnado para cursar las ense\u00f1anzas que se imparten en el sistema educativo andaluz.<\/p>\n<p>Rogamos por la protecci\u00f3n de todos, se acceda al colegio provisto de mascarilla y bol\u00edgrafo propio si lo van a necesitar.<\/p>\n<p>Una vez dentro del Centro sigan las indicaciones de seguridad.<\/p>\n<p>El horario de atenci\u00f3n al p\u00fablico es el siguiente:<\/p>\n<p>Lunes de 10:30 a 11:30. h<\/p>\n<p>Martes de 9:00 a 13:00 h<\/p>\n<p>Mi\u00e9rcoles de 10 a 11:30 y de 12:00 a 13:00 h<\/p>\n<p>Jueves de 9:00 a 13:00 h&nbsp;<\/p>\n<p>Viernes de 9:30 a 10 : 30 h<\/p>\n<\/div>\n<\/div>\n<p>&nbsp;<\/p>\n<\/div>\n<\/div>\n<\/div>\n<\/div>\n<\/div>\n<\/div>\n<\/div>\n<\/div>\n<\/section>\n<div class=\"wpb_text_column wpb_content_element \">\n<div class=\"wpb_wrapper\">\n<div id=\"rt-feature\">\n<div class=\"rt-container with-showcase\">\n<div class=\"rt-grid-6 rt-alpha\">\n<div class=\"rt-block clearfix \">\n<div class=\"module-surround\">\n<h2 class=\"module-content\">Gestiones administrativas:<\/h2>\n<p>&nbsp;<\/p>\n<\/div>\n<\/div>\n<\/div>\n<\/div>\n<\/div>\n<div class=\"rt-container rt-content\">\n<div id=\"rt-main\" class=\"mb12\">\n<div class=\"rt-container\">\n<div class=\"rt-grid-12 \">\n<div class=\"rt-block\">\n<div id=\"rt-mainbody\">\n<div class=\"component-content\">\n<div class=\"item-page\">\n<h3>Solicitud de certificados acad\u00e9micos<\/h3>\n<p>&nbsp;<\/p>\n<p>Enviar correo electr\u00f3nico a 18006820.edu@ juntadeandalucia.es en el asunto debe ir: \u00ab<strong>Solicitud de certificado acad\u00e9mico<\/strong>\u00ab.<\/p>\n<p>El correo debe incluir la siguiente informaci\u00f3n:<\/p>\n<ol>\n<li>Nombre y apellidos del alumno\/a.<\/li>\n<li>DNI\/NIE de alumno\/a.<\/li>\n<li>Curso del cual quiere su certificado acad\u00e9mico.<\/li>\n<li>A\u00f1o de finalizaci\u00f3n.<\/li>\n<li>Fotocopia DNI\/NIE del solicitante (Padre\/Madre\/Tutor\/a o el propio alumno).<\/li>\n<\/ol>\n<p>Se responder\u00e1 al correo enviando el certificado.<\/p>\n<hr>\n<h3>&nbsp;<\/h3>\n<h3>Solicitud de certificado de matr\u00edcula<\/h3>\n<p>Enviar correo electr\u00f3nico a18006820.edu@ juntadeandalucia.es, en el asunto debe ir:<\/p>\n<p><strong>\u00abSolicitud de certificado de matr\u00edcula\u00bb<\/strong><\/p>\n<p>La informaci\u00f3n que se incluir\u00e1 ser\u00e1 la siguiente:<\/p>\n<ol>\n<li>Nombre y apellidos del alumno\/a.<\/li>\n<li>DNI\/NIE de alumno\/a.<\/li>\n<li>Curso que actualmente cursa.<\/li>\n<li>Fotocopia DNI\/NIE del solicitante (Padre\/Madre\/Tutor\/a o el propio alumno).<\/li>\n<\/ol>\n<p>Se responder\u00e1 al correo enviando el certificado.<\/p>\n<hr>\n<h3>Otras consultas<\/h3>\n<p>Enviar correo electr\u00f3nico a18006820.edu@juntadeandalucia.es indicando en el asunto la consulta.<br \/>Este correo se responder\u00e1 con la respuesta a su consulta.<\/p>\n<hr>\n<h3>Cita Presencial<\/h3>\n<p>Si la gesti\u00f3n tuviera que ser presencial en el Colegio solicite una cita previa.<\/p>\n<p><a href=\"https:\/\/ceipsacratif.setmore.com\/\"><img loading=\"lazy\" decoding=\"async\" class=\"alignnone size-medium wp-image-1280\" src=\"https:\/\/blogsaverroes.juntadeandalucia.es\/cpsacratif\/files\/2022\/02\/7664C4B2-D6A0-4B1E-AABB-17809D94A8D3-300x109.png\" alt=\"\" width=\"300\" height=\"109\" srcset=\"https:\/\/blogsaverroes.juntadeandalucia.es\/cpsacratif\/files\/2022\/02\/7664C4B2-D6A0-4B1E-AABB-17809D94A8D3-300x109.png 300w, https:\/\/blogsaverroes.juntadeandalucia.es\/cpsacratif\/files\/2022\/02\/7664C4B2-D6A0-4B1E-AABB-17809D94A8D3.png 352w\" sizes=\"(max-width: 300px) 100vw, 300px\" \/><\/a><\/p>\n<\/div>\n<p>Muchas gracias,<br \/>El Secretario del Ceip Sacratif..<br \/>CARCHUNA.<\/p>\n<\/div>\n<\/div>\n<\/div>\n<\/div>\n<\/div>\n<\/div>\n<\/div>\n<\/div>\n<\/div>\n<p>[\/et_pb_text][\/et_pb_column][\/et_pb_row][\/et_pb_section]<\/p>\n","protected":false},"excerpt":{"rendered":"<p>SECRETARIA Bienvenidos a la SECRETARIA del CEIP SACRATIF. &nbsp; \u00a1NOTA IMPORT\u00c1NTE! &nbsp; Informaci\u00f3n relevante en tiempo Covid Este curso escolar , la Secretar\u00eda del colegio&nbsp;solo permanecer\u00e1&nbsp;abierta al p\u00fablico, para realizar las funciones que le atribuye la normativa vigente relativa a los procedimientos de admisi\u00f3n y matriculaci\u00f3n del alumnado para cursar las ense\u00f1anzas que se imparten [&hellip;]<\/p>\n","protected":false},"author":11443,"featured_media":0,"parent":0,"menu_order":0,"comment_status":"closed","ping_status":"closed","template":"","meta":{"_et_pb_use_builder":"on","_et_pb_old_content":"","_et_gb_content_width":"","ngg_post_thumbnail":0,"footnotes":""},"aioseo_notices":[],"_links":{"self":[{"href":"https:\/\/blogsaverroes.juntadeandalucia.es\/cpsacratif\/wp-json\/wp\/v2\/pages\/1059"}],"collection":[{"href":"https:\/\/blogsaverroes.juntadeandalucia.es\/cpsacratif\/wp-json\/wp\/v2\/pages"}],"about":[{"href":"https:\/\/blogsaverroes.juntadeandalucia.es\/cpsacratif\/wp-json\/wp\/v2\/types\/page"}],"author":[{"embeddable":true,"href":"https:\/\/blogsaverroes.juntadeandalucia.es\/cpsacratif\/wp-json\/wp\/v2\/users\/11443"}],"replies":[{"embeddable":true,"href":"https:\/\/blogsaverroes.juntadeandalucia.es\/cpsacratif\/wp-json\/wp\/v2\/comments?post=1059"}],"version-history":[{"count":6,"href":"https:\/\/blogsaverroes.juntadeandalucia.es\/cpsacratif\/wp-json\/wp\/v2\/pages\/1059\/revisions"}],"predecessor-version":[{"id":1285,"href":"https:\/\/blogsaverroes.juntadeandalucia.es\/cpsacratif\/wp-json\/wp\/v2\/pages\/1059\/revisions\/1285"}],"wp:attachment":[{"href":"https:\/\/blogsaverroes.juntadeandalucia.es\/cpsacratif\/wp-json\/wp\/v2\/media?parent=1059"}],"curies":[{"name":"wp","href":"https:\/\/api.w.org\/{rel}","templated":true}]}}