{"id":1189,"date":"2022-02-08T23:13:28","date_gmt":"2022-02-08T22:13:28","guid":{"rendered":"https:\/\/blogsaverroes.juntadeandalucia.es\/cpsacratif\/?page_id=1189"},"modified":"2023-03-11T11:05:36","modified_gmt":"2023-03-11T10:05:36","slug":"admision","status":"publish","type":"page","link":"https:\/\/blogsaverroes.juntadeandalucia.es\/cpsacratif\/admision\/","title":{"rendered":"ADMISI\u00d3N."},"content":{"rendered":"<p>[et_pb_section fb_built=&#8221;1&#8243; _builder_version=&#8221;4.14.5&#8243; _module_preset=&#8221;default&#8221; background_color=&#8221;#FFFFFF&#8221; collapsed=&#8221;off&#8221; global_colors_info=&#8221;{}&#8221;][et_pb_row _builder_version=&#8221;4.14.5&#8243; _module_preset=&#8221;default&#8221; background_color=&#8221;#FFFFFF&#8221; global_colors_info=&#8221;{}&#8221;][et_pb_column type=&#8221;4_4&#8243; _builder_version=&#8221;4.14.5&#8243; _module_preset=&#8221;default&#8221; global_colors_info=&#8221;{}&#8221;][et_pb_text _builder_version=&#8221;4.14.5&#8243; _module_preset=&#8221;default&#8221; background_color=&#8221;#FFFFFF&#8221; background_enable_image=&#8221;off&#8221; hover_enabled=&#8221;0&#8243; global_colors_info=&#8221;{}&#8221; sticky_enabled=&#8221;0&#8243;]<\/p>\n<p>&nbsp;<\/p>\n<h1 class=\"post-title entry-title fittexted_for_single_post_title\"><b><u>Procedimiento de admisi\u00f3n en el&nbsp; CEIP SACRATIF.<\/u><\/b><\/h1>\n<p>&nbsp;<\/p>\n<p>&nbsp; &nbsp; &nbsp; &nbsp; &nbsp; &nbsp; &nbsp; &nbsp; &nbsp; &nbsp; &nbsp; &nbsp; &nbsp; &nbsp; &nbsp; &nbsp; &nbsp; &nbsp; &nbsp; &nbsp; &nbsp; &nbsp; &nbsp;<span style=\"font-size: 18pt\"><strong>DEL 1 AL 31 DE MARZO TODOS LOS A\u00d1OS.<\/strong><\/span><\/p>\n<p>&nbsp;<\/p>\n<p class=\"_04xlpA direction-ltr align-start para-style-body\"><strong><span class=\"JsGRdQ\">DEBEN PRESENTAR SOLICITUD DE ADMISI\u00d3N :<\/span><\/strong><\/p>\n<p class=\"_04xlpA direction-ltr align-start para-style-body\"><span class=\"JsGRdQ\">&#8211; EL ALUMNADO QUE CUMPLA TRES A\u00d1OS DURANTE ESTE A\u00d1O Y QUIERA ENTRAR EN NUESTRO COLEGIO<\/span><\/p>\n<p class=\"_04xlpA direction-ltr align-start para-style-body\"><span class=\"JsGRdQ\">&#8211; EL ALUMNADO QUE VENGA DE CENTRO INFANTIL<\/span> <span class=\"JsGRdQ\">VIRGEN DEL MAR (GUARDERIA DE CALAHONDA) Y QUIERA ENTRAR EN INFANTIL O PRIMERO DE PRIMARIA<\/span><\/p>\n<p class=\"_04xlpA direction-ltr align-start para-style-body\"><span class=\"JsGRdQ\">&#8211; EL NUEVO ALUMNADO QUE&nbsp; PARA EL PR\u00d3XIMO CURSO ESCOLAR QUIERA&nbsp; VENIR A CURSAR INFANTIL-PRIMARIA-SECUNDARIA.<\/span><\/p>\n<p>&nbsp;<\/p>\n<p class=\"_04xlpA direction-ltr align-start para-style-body\" style=\"text-align: center\"><span class=\"JsGRdQ\" style=\"font-size: 18pt\">DEL 1 AL 8 DE JUNIO SE FORMALIZAR\u00c1 LA MATRICULA<\/span><\/p>\n<p>&nbsp;<\/p>\n<p>&nbsp;<\/p>\n<div id=\"p_p_id_ABACO_DOCUMENTOS_WAR_abacoportlet_INSTANCE_ts1VgtPiLaI8_\" class=\"portlet-boundary portlet-boundary_ABACO_DOCUMENTOS_WAR_abacoportlet_ portlet-static portlet-static-end \">\n<section id=\"portlet_ABACO_DOCUMENTOS_WAR_abacoportlet_INSTANCE_ts1VgtPiLaI8\" class=\"portlet\"><a class=\"\" href=\"https:\/\/www.juntadeandalucia.es\/educacion\/portals\/web\/escolarizacion\/infantil-a-bachillerato\" target=\"_blank\" rel=\"noopener noreferrer\"><img loading=\"lazy\" decoding=\"async\" class=\"aligncenter tc-smart-loaded\" src=\"https:\/\/blogsaverroes.juntadeandalucia.es\/ceipjosefinaaldecoa\/files\/2020\/03\/COVER_YOUTUBE_ADMISION.jpg\" width=\"940\" height=\"529\"><\/a><\/section>\n<\/div>\n<p>&nbsp;<\/p>\n<p>&nbsp;<\/p>\n<div id=\"p_p_id_ABACO_DOCUMENTOS_WAR_abacoportlet_INSTANCE_ts1VgtPiLaI8_\" class=\"portlet-boundary portlet-boundary_ABACO_DOCUMENTOS_WAR_abacoportlet_ portlet-static portlet-static-end \">\n<section id=\"portlet_ABACO_DOCUMENTOS_WAR_abacoportlet_INSTANCE_ts1VgtPiLaI8\" class=\"portlet\">\n<p style=\"text-align: center\"><span style=\"color: #0000ff\"><a style=\"color: #0000ff\" title=\"Portal escolarizaci\u00f3n\" href=\"https:\/\/www.juntadeandalucia.es\/temas\/estudiar\/primaria-eso\/matriculacion.html\" target=\"_blank\" rel=\"noopener noreferrer\">Enlace al portal de escolarizaci\u00f3n<\/a><\/span><\/p>\n<\/section>\n<\/div>\n<div class=\"sociable\" style=\"text-align: center\">&nbsp;<\/div>\n<div class=\"entry themeform fittexted_for_entry\">\n<div class=\"entry-inner\">\n<p><strong>La Consejer\u00eda de Educaci\u00f3n y Deporte convoca el procedimiento de admisi\u00f3n del alumnado en los centros docentes p\u00fablico <\/strong>y privados concertados<strong>&nbsp;para cursar las ense\u00f1anzas de segundo ciclo de educaci\u00f3n infantil, educaci\u00f3n primaria,&nbsp;<\/strong>educaci\u00f3n especial, educaci\u00f3n secundaria obligatoria y bachillerato cada curso escolar.<\/p>\n<p>Durante todo el mes de marzo permanece abierto en Andaluc\u00eda el plazo para la presentaci\u00f3n de solicitudes de admisi\u00f3n.. Se inicia de este modo el proceso de escolarizaci\u00f3n en el que&nbsp;<strong>participan todos los ni\u00f1os y ni\u00f1as que <u>se incorporan por primera vez al sistema educativo<\/u>, tanto en centros p\u00fablicos como privados concertados, as\u00ed como el alumnado que <u>cambie de centro escolar<\/u>.<\/strong><\/p>\n<p><strong>Entre los d\u00edas 1 y 31 de marzo,<\/strong>&nbsp;ambos inclusive, de cada a\u00f1o, &nbsp;deber\u00e1n presentar su solicitud&nbsp;los escolares de&nbsp;<strong>segundo ciclo de educaci\u00f3n infantil, educaci\u00f3n primaria<\/strong>,&nbsp;educaci\u00f3n especial, educaci\u00f3n secundaria obligatoria y bachillerato.<\/p>\n<p>La presentaci\u00f3n de la Solicitud de Admisi\u00f3n se har\u00e1<span style=\"color: #0000ff\">&nbsp;<a style=\"color: #0000ff\" href=\"https:\/\/www.juntadeandalucia.es\/educacion\/secretariavirtual\/accesoTramite\/439\/\" target=\"_blank\" rel=\"noopener noreferrer\"><strong>preferentemente v\u00eda telem\u00e1tica<\/strong><\/a><\/span>&nbsp;, a trav\u00e9s de la&nbsp;<strong>Secretar\u00eda Virtual de los centros educativos<\/strong> o, en casos justificados, de forma presencial en la Secretar\u00eda del <b>CEIP SACRATIF<\/b>&nbsp;<strong>solicitando la oportuna cita previa:<\/strong><\/p>\n<h3 class=\"fittexted_for_content_h3\"><strong>&nbsp;<\/strong>Tel\u00e9fono: <b>958649928 ( de <\/b><b>10:00&nbsp;<\/b><b>a&nbsp;<\/b><b>11:30&nbsp;<\/b><b>horas)<\/b><\/h3>\n<p><strong>El horario de citas presenciales,&nbsp;para la entrega de solicitudes de admisi\u00f3n en el centro, ser\u00e1&nbsp;de 9:30 a 11: 30 horas.<\/strong><\/p>\n<p><strong>La entrega de solicitud de admisi\u00f3n v\u00eda telem\u00e1tica estar\u00e1 disponible las 24 horas en la Secretar\u00eda Virtual de los Centros Educativos:<span style=\"color: #0000ff\">&nbsp;<a style=\"color: #0000ff\" href=\"https:\/\/www.juntadeandalucia.es\/educacion\/secretariavirtual\/solicitudes\/\" target=\"_blank\" rel=\"noopener noreferrer\">https:\/\/www.juntadeandalucia.es\/educacion\/secretariavirtual\/solicitudes\/<\/a><\/span><\/strong><\/p>\n<p><strong>Plazo desde el 1 al 31 de Marzo de cada curso escolar.<\/strong><\/p>\n<div id=\"p_p_id_ABACO_DOCUMENTOS_WAR_abacoportlet_INSTANCE_ts1VgtPiLaI8_\" class=\"portlet-boundary portlet-boundary_ABACO_DOCUMENTOS_WAR_abacoportlet_ portlet-static portlet-static-end \">\n<section id=\"portlet_ABACO_DOCUMENTOS_WAR_abacoportlet_INSTANCE_ts1VgtPiLaI8\" class=\"portlet\">\n<header class=\"portlet-topper\"><span class=\"portlet-title-text\" style=\"color: #0000ff\"><a style=\"color: #0000ff\" href=\"http:\/\/www.juntadeandalucia.es\/educacion\/portals\/web\/escolarizacion\/infantil-a-bachillerato\/impresos\" target=\"_blank\" rel=\"noopener noreferrer\">Impresos<\/a><span style=\"color: #000000\"><span style=\"color: #0000ff\">&nbsp;<\/span>para el procedimiento de escolarizaci\u00f3n<\/span><\/span><\/header>\n<header class=\"portlet-topper\"><span style=\"color: #0000ff\"><a style=\"color: #0000ff\" title=\"Procedimiento\" href=\"http:\/\/www.juntadeandalucia.es\/educacion\/portals\/web\/escolarizacion\/infantil-a-bachillerato\/normativa\" target=\"_blank\" rel=\"noopener noreferrer\">Normativa<\/a><\/span>&nbsp;sobre el proceso de escolarizaci\u00f3n.<\/header>\n<header class=\"portlet-topper\"><span style=\"color: #0000ff\"><a style=\"color: #0000ff\" href=\"http:\/\/www.juntadeandalucia.es\/educacion\/portals\/web\/escolarizacion\/infantil-a-bachillerato\/calendario\" target=\"_blank\" rel=\"noopener noreferrer\">Calendario<\/a>&nbsp;<\/span>para el proceso de escolarizaci\u00f3n.<\/header>\n<header><span style=\"color: #0000ff\"><a style=\"color: #0000ff\" href=\"https:\/\/www.juntadeandalucia.es\/educacion\/portals\/web\/escolarizacion\/infantil-a-bachillerato\/autobaremo\">Autobaremaci\u00f3n<\/a> <\/span>del proceso de admisi\u00f3n.<\/header>\n<header class=\"portlet-topper\"><span style=\"color: #0000ff\"><a style=\"color: #0000ff\" href=\"http:\/\/www.juntadeandalucia.es\/educacion\/portals\/web\/escolarizacion\/infantil-a-bachillerato\/preguntas-frecuentes\" target=\"_blank\" rel=\"noopener noreferrer\">Preguntas frecuentes<\/a><\/span><\/header>\n<header class=\"portlet-topper\"><span style=\"color: #0000ff\"><a style=\"color: #0000ff\" href=\"http:\/\/www.juntadeandalucia.es\/educacion\/educasig\/escolarizacion\/?delegacion=29\" target=\"_blank\" rel=\"noopener noreferrer\">Consulta de \u00e1reas de Influencia<\/a><a style=\"color: #0000ff\" href=\"https:\/\/www.juntadeandalucia.es\/educacion\/secretariavirtual\/solicitudes\/\" target=\"_blank\" rel=\"noopener noreferrer\">&nbsp;<\/a><\/span><\/header>\n<p>&nbsp;<\/p>\n<p>&nbsp;<\/p>\n<\/section>\n<\/div>\n<div class=\"sociable\">&nbsp;<\/div>\n<\/div>\n<\/div>\n<p>[\/et_pb_text][\/et_pb_column][\/et_pb_row][\/et_pb_section]<\/p>\n","protected":false},"excerpt":{"rendered":"<p>&nbsp; Procedimiento de admisi\u00f3n en el&nbsp; CEIP SACRATIF. &nbsp; &nbsp; &nbsp; &nbsp; &nbsp; &nbsp; &nbsp; &nbsp; &nbsp; &nbsp; &nbsp; &nbsp; &nbsp; &nbsp; &nbsp; &nbsp; &nbsp; &nbsp; &nbsp; &nbsp; &nbsp; &nbsp; &nbsp; &nbsp;DEL 1 AL 31 DE MARZO TODOS LOS A\u00d1OS. &nbsp; DEBEN PRESENTAR SOLICITUD DE ADMISI\u00d3N : &#8211; EL ALUMNADO QUE CUMPLA TRES A\u00d1OS DURANTE [&hellip;]<\/p>\n","protected":false},"author":11443,"featured_media":0,"parent":0,"menu_order":0,"comment_status":"closed","ping_status":"closed","template":"","meta":{"_et_pb_use_builder":"on","_et_pb_old_content":"","_et_gb_content_width":"","ngg_post_thumbnail":0,"footnotes":""},"aioseo_notices":[],"_links":{"self":[{"href":"https:\/\/blogsaverroes.juntadeandalucia.es\/cpsacratif\/wp-json\/wp\/v2\/pages\/1189"}],"collection":[{"href":"https:\/\/blogsaverroes.juntadeandalucia.es\/cpsacratif\/wp-json\/wp\/v2\/pages"}],"about":[{"href":"https:\/\/blogsaverroes.juntadeandalucia.es\/cpsacratif\/wp-json\/wp\/v2\/types\/page"}],"author":[{"embeddable":true,"href":"https:\/\/blogsaverroes.juntadeandalucia.es\/cpsacratif\/wp-json\/wp\/v2\/users\/11443"}],"replies":[{"embeddable":true,"href":"https:\/\/blogsaverroes.juntadeandalucia.es\/cpsacratif\/wp-json\/wp\/v2\/comments?post=1189"}],"version-history":[{"count":18,"href":"https:\/\/blogsaverroes.juntadeandalucia.es\/cpsacratif\/wp-json\/wp\/v2\/pages\/1189\/revisions"}],"predecessor-version":[{"id":2297,"href":"https:\/\/blogsaverroes.juntadeandalucia.es\/cpsacratif\/wp-json\/wp\/v2\/pages\/1189\/revisions\/2297"}],"wp:attachment":[{"href":"https:\/\/blogsaverroes.juntadeandalucia.es\/cpsacratif\/wp-json\/wp\/v2\/media?parent=1189"}],"curies":[{"name":"wp","href":"https:\/\/api.w.org\/{rel}","templated":true}]}}