{"id":1192,"date":"2022-02-08T23:14:56","date_gmt":"2022-02-08T22:14:56","guid":{"rendered":"https:\/\/blogsaverroes.juntadeandalucia.es\/cpsacratif\/?page_id=1192"},"modified":"2022-05-10T11:21:38","modified_gmt":"2022-05-10T10:21:38","slug":"matriculacion","status":"publish","type":"page","link":"https:\/\/blogsaverroes.juntadeandalucia.es\/cpsacratif\/matriculacion\/","title":{"rendered":"MATRIC\u00daLATE CON NOSOTROS."},"content":{"rendered":"<p>[et_pb_section fb_built=&#8221;1&#8243; _builder_version=&#8221;4.14.5&#8243; _module_preset=&#8221;default&#8221; global_colors_info=&#8221;{}&#8221;][et_pb_row _builder_version=&#8221;4.14.5&#8243; _module_preset=&#8221;default&#8221; global_colors_info=&#8221;{}&#8221;][et_pb_column type=&#8221;4_4&#8243; _builder_version=&#8221;4.14.5&#8243; _module_preset=&#8221;default&#8221; global_colors_info=&#8221;{}&#8221;][et_pb_text _builder_version=&#8221;4.14.5&#8243; _module_preset=&#8221;default&#8221; hover_enabled=&#8221;0&#8243; global_colors_info=&#8221;{}&#8221; sticky_enabled=&#8221;0&#8243;]<\/p>\n<p><img loading=\"lazy\" decoding=\"async\" class=\"aligncenter  wp-image-1781\" src=\"https:\/\/blogsaverroes.juntadeandalucia.es\/cpsacratif\/files\/2022\/03\/descarga-300x149.jpg\" alt=\"\" width=\"512\" height=\"254\" srcset=\"https:\/\/blogsaverroes.juntadeandalucia.es\/cpsacratif\/files\/2022\/03\/descarga-300x149.jpg 300w, https:\/\/blogsaverroes.juntadeandalucia.es\/cpsacratif\/files\/2022\/03\/descarga.jpg 318w\" sizes=\"(max-width: 512px) 100vw, 512px\" \/><\/p>\n<p>&nbsp;<\/p>\n<p><img loading=\"lazy\" decoding=\"async\" class=\"size-medium wp-image-1631 alignleft\" src=\"https:\/\/blogsaverroes.juntadeandalucia.es\/cpsacratif\/files\/2022\/03\/16794BD8-307A-4A32-97FD-B94EB0497BEA-300x168.jpeg\" alt=\"\" width=\"300\" height=\"168\"><\/p>\n<p style=\"text-align: center\"><span style=\"font-size: 24pt\"><strong>&nbsp;EL PLAZO DE MATRICULACI\u00d3N EN EL CENTRO&nbsp; ES DEL 1 AL 8 DE JUNIO.&nbsp; TODOS LOS A\u00d1OS.<\/strong><\/span><\/p>\n<p><img loading=\"lazy\" decoding=\"async\" class=\"aligncenter size-medium wp-image-1779\" src=\"https:\/\/blogsaverroes.juntadeandalucia.es\/cpsacratif\/files\/2022\/03\/descarga-300x160.png\" alt=\"\" width=\"300\" height=\"160\" srcset=\"https:\/\/blogsaverroes.juntadeandalucia.es\/cpsacratif\/files\/2022\/03\/descarga-300x160.png 300w, https:\/\/blogsaverroes.juntadeandalucia.es\/cpsacratif\/files\/2022\/03\/descarga.png 308w\" sizes=\"(max-width: 300px) 100vw, 300px\" \/> <img loading=\"lazy\" decoding=\"async\" class=\"size-medium wp-image-1780 alignright\" src=\"https:\/\/blogsaverroes.juntadeandalucia.es\/cpsacratif\/files\/2022\/03\/extraescolares-apyma-ermitagana-300x141.jpg\" alt=\"\" width=\"300\" height=\"141\"><\/p>\n<p>&nbsp;<\/p>\n<p>&nbsp;<\/p>\n<p>&nbsp;<\/p>\n<p style=\"text-align: center\"><span style=\"font-size: 18pt\"><b>DEBER\u00c1N DE REALIZAR LA MATR\u00cdCULA :<\/b><\/span><\/p>\n<p>&nbsp;<\/p>\n<p>&nbsp;&nbsp;&nbsp;&nbsp; &#8211; Todo el alumnado del centro.<\/p>\n<p>&nbsp;&nbsp;&nbsp;&nbsp; &#8211; El alumnado de nueva incorporaci\u00f3n.<\/p>\n<p>&nbsp;&nbsp;&nbsp;&nbsp; &#8211; La matricula se podr\u00e1 realizar de forma presencial ( no recomendado por la administraci\u00f3n) en secretaria de lunes a viernes en horario de 10:30 a 11:30.<\/p>\n<p>&nbsp;&nbsp;&nbsp;&nbsp; &#8211; Telem\u00e1ticamente ( recomendado por la administraci\u00f3n) en la siguiente direcci\u00f3n web :&nbsp;<span style=\"color: #0000ff\"><a style=\"color: #0000ff\" href=\"https:\/\/www.juntadeandalucia.es\/educacion\/secretariavirtual\/solicitudes\/\"> https:\/\/www.juntadeandalucia.es\/educacion\/secretariavirtual\/solicitudes\/<\/a><\/span><\/p>\n<p>&nbsp;&nbsp;&nbsp;&nbsp; &#8211;&nbsp; Ante cualquier duda pueden llamar al tel\u00e9fono del colegio <span style=\"color: #0000ff\">958649928<\/span> o enviarnos un correo al <span style=\"color: #0000ff\">18006820.edu@juntadeandalucia.es<\/span><\/p>\n<p>&nbsp;<\/p>\n<p style=\"text-align: center\"><span style=\"font-size: 18pt\">PASOS PARA MATRICULAR A VUESTRO HIJO\/A EN EL COLEGIO <strong>DE FORMA PRESENCIAL.<\/strong><\/span><\/p>\n<p>&nbsp;<\/p>\n<p><strong>El alumnado que ha est\u00e1 matriculado en nuestro colegio <\/strong>&nbsp;lo unico que tendr\u00e1 que hacer,&nbsp; es rellenar los siguiente documentos:<\/p>\n<p>&nbsp;<\/p>\n<p><strong style=\"font-size: 14pt\"><u>1. IMPRESO DE MATRICULA.- SEG\u00daN EL CURSO QUE VAYA A REALIZAR EL PROXIMO A\u00d1O <\/u><\/strong><span style=\"font-size: 14pt\"> &nbsp;<strong>(OBLIGATORIO).<\/strong><\/span><\/p>\n<p>Pinchando sobre los siguientes enlaces podr\u00e1n descargar los impresos que necesiten.<\/p>\n<ul>\n<li><span style=\"color: #3366ff\"><a style=\"color: #3366ff\" href=\"https:\/\/www.juntadeandalucia.es\/educacion\/portals\/web\/escolarizacion\/infantil-a-bachillerato\/impresos\" target=\"_blank\" rel=\"noopener noreferrer\">Impresos del portal de la Junta de Andaluc\u00eda<\/a> .<\/span><\/li>\n<li><span style=\"color: #3366ff\"><a style=\"color: #3366ff\" href=\"https:\/\/www.juntadeandalucia.es\/educacion\/portals\/delegate\/content\/d26442b2-4b4a-433a-9c1e-e1790a29f781\/ANEXO%20IV\">Impreso de <strong>matriculaci\u00f3n INFANTIL<\/strong> (rellenable y\/descargable)<\/a><\/span><\/li>\n<li><span style=\"color: #3366ff\"><a style=\"color: #3366ff\" href=\"https:\/\/www.juntadeandalucia.es\/educacion\/portals\/delegate\/content\/55fad88e-7bb3-40e3-bbe4-198107487345\/ANEXO%20V\" target=\"_blank\" rel=\"noopener noreferrer\">Impreso de<strong> matriculaci\u00f3n PRIMARIA<\/strong> (rellenable y\/descargable<\/a>)<\/span><\/li>\n<li><span style=\"color: #3366ff\"><a style=\"color: #3366ff\" title=\"Impreso de matriculacion SECUNDARIA (rellenable y descargable)\" href=\"https:\/\/www.juntadeandalucia.es\/educacion\/portals\/delegate\/content\/1d7012de-7ef5-4a96-8001-d57e08200894\/ANEXO%20VII\">Impreso de <strong>matriculacion SECUNDARIA<\/strong>&nbsp; (rellenable y descargable)<\/a><\/span><\/li>\n<li><span style=\"color: #3366ff\"><a style=\"color: #3366ff\" title=\"Impreso matriculaci\u00f3n provisional ESO (rellenable y descargable)\" href=\"https:\/\/www.juntadeandalucia.es\/educacion\/portals\/delegate\/content\/bec4cc59-a0e6-4f95-951f-de36308fa1b8\/ANEXO%20I%20-%20ESO\">Impreso <strong>matriculaci\u00f3n provisional ESO<\/strong> (rellenable y descargable)<\/a><\/span><\/li>\n<\/ul>\n<p>&nbsp;<\/p>\n<p><strong style=\"font-size: 14pt\"><u>2. IMPRESOS DE AUTORIZACIONES.- RELIGI\u00d3N &#8211;&nbsp; IMAGEN <span style=\"font-size: 14pt\">&nbsp;(OBLIGATORIO).<\/span><\/u><\/strong><\/p>\n<ul>\n<li><span style=\"color: #3366ff\"><a style=\"color: #3366ff\" href=\"https:\/\/www.juntadeandalucia.es\/averroes\/centros-tic\/41004745\/helvia\/sitio\/upload\/Anexo_religion_1920_for.pdf\" target=\"_blank\" rel=\"noopener noreferrer\">Impreso para cursar la ense\u00f1anza de <strong>RELIGI\u00d3N.<\/strong><\/a><\/span><\/li>\n<li><span style=\"color: #3366ff\"><a style=\"color: #3366ff\" href=\"https:\/\/blogsaverroes.juntadeandalucia.es\/cpsacratif\/files\/2022\/03\/autorizacion_derecho_imagenes-1.doc\">Autorizaci\u00f3n del derecho de imagen del alumnado.<\/a><\/span><\/li>\n<\/ul>\n<p>&nbsp;<\/p>\n<p><span style=\"font-size: 12pt\"><strong>2.1 En los casos de matriculaci\u00f3n por primera vez en el centro,&nbsp; adem\u00e1s&nbsp; deber\u00e1n&nbsp; de rellenar y&nbsp; adjuntar:<\/strong><\/span><\/p>\n<ul>\n<li><span style=\"color: #3366ff\"><a style=\"color: #3366ff\" href=\"https:\/\/blogsaverroes.juntadeandalucia.es\/cpsacratif\/files\/2022\/03\/Cuestionario-inicial-EOE.pdf\">Cuestionario inicial EOE<\/a><\/span><\/li>\n<li><span style=\"color: #3366ff\"><a style=\"color: #3366ff\" href=\"https:\/\/blogsaverroes.juntadeandalucia.es\/cpsacratif\/files\/2022\/03\/Cuestionario-inicial-alumno-nuevo.-Ceip-Sacratif.pdf\">Cuestionario inicial alumno nuevo. Ceip Sacratif<\/a><\/span><\/li>\n<li>Fotocopia del DNI- NIE O PASAPORTE. del padre, madre y del ni\u00f1o.( si tiene. )&nbsp;<\/li>\n<li>Fotocopia del libro de familia.<\/li>\n<li>Una foto con su nombre por detr\u00e1s.<\/li>\n<li>Volante de empadronamiento.<\/li>\n<\/ul>\n<p>&nbsp;<\/p>\n<p><strong style=\"font-size: 14pt\"><u>3. IMPRESO DE SOLICITUD DE SOCIO DEL AMPA. ( SOLO EN EL CASO DE QUERER SOLICITARLO)<\/u><\/strong><\/p>\n<p>Se rellena y se paga en el banco 20E por socio aunque se tengan varios ni\u00f1os. Una vez pagado, la copia del justificante se entrega en la secretaria del centro o se le da a la presidenta del Ampa.<\/p>\n<ul>\n<li><span style=\"color: #3366ff\"><a style=\"color: #3366ff\" href=\"https:\/\/blogsaverroes.juntadeandalucia.es\/cpsacratif\/files\/2022\/03\/SOLICITUD-SOCIO-AMPA-2019-20.pdf\">SOLICITUD SOCIO AMPA<\/a><\/span><\/li>\n<\/ul>\n<p>&nbsp;<\/p>\n<p><strong style=\"font-size: 14pt\"><u>4. IMPRESOS DE SOLICITUD DE AULA MATINAL Y COMEDOR. ( SOLO EN EL CASO DE QUERER SOLICITARLO)<\/u><\/strong><\/p>\n<ul>\n<li><span style=\"color: #3366ff\"><a style=\"color: #3366ff\" href=\"https:\/\/www.juntadeandalucia.es\/educacion\/portals\/delegate\/content\/6c4342f7-1581-4c26-bc7e-2e49b4b64cee\/Anexo%20II.-%20Servicio%20de%20Aula%20Matinal,%20Comedor%20Escolar%20y%20actividades%20Extraescolares\" target=\"_blank\" rel=\"noopener noreferrer\">Impreso <strong>comedor, aula matinal y actividades extraescolar<span style=\"color: #3366ff\">es<\/span><\/strong><span style=\"color: #3366ff\">. ( Se solicita del 1 al 8 de junio )<\/span><\/a><\/span><\/li>\n<li><span style=\"color: #0000ff\"><a style=\"color: #0000ff\" href=\"https:\/\/blogsaverroes.juntadeandalucia.es\/cpsacratif\/files\/2022\/03\/Modelo-de-comunicado-de-intolerancias-alimenticias-para-el-comedor..docx\">Modelo de comunicado de intolerancias alimenticias para el comedor. ( Obligatorio entregar para todos los usuarios del comedor )<\/a><\/span><\/li>\n<li><span style=\"color: #3366ff\"><a style=\"color: #3366ff\" href=\"https:\/\/www.juntadeandalucia.es\/educacion\/portals\/delegate\/content\/fcc8b9c5-53ad-46ca-9098-80d7b3c81097\/Anexo%20V.-%20Gratuidad\/bonificaci%C3%B3n%20del%20precio%20p%C3%BAblico%20por%20los%20servicios%20complementarios%20de%20Aula%20Matinal,%20Comedor%20Escolar%20y%20Actividades%20Extraescolares\" target=\"_blank\" rel=\"noopener noreferrer\">Impreso <strong>solicitud de BONIFICACI\u00d3N <\/strong>de comedor, aula matinal y actividades extraescolares. ( se solicita del 1 al 7 de septiembre )<\/a><\/span><\/li>\n<\/ul>\n<p>&nbsp;<\/p>\n<p><strong style=\"font-size: 14pt\"><u>5. MODELOS DE ACREDITACI\u00d3N DE CIRCUNSTANCIAS&nbsp; DE AULA MATINAL Y COMEDOR. ( SOLO PARA LOS QUE NECESITEN ACREDITAR&nbsp; DETERMINADAS CIRCUNSTANCIAS)<\/u><\/strong><\/p>\n<ul>\n<li><span style=\"color: #0000ff\"><a style=\"color: #0000ff\" href=\"https:\/\/blogsaverroes.juntadeandalucia.es\/cpsacratif\/files\/2022\/03\/01-ACREDITACI\u00d3N-DE-LAS-CIRCUNSTANCIAS-DECLARADAS-anexo-II-solicitud-1.pdf\">Como acreditar las circunstancias declaradas de comedor y aula matinal<\/a><\/span><\/li>\n<li><span style=\"color: #0000ff\"><a style=\"color: #0000ff\" href=\"https:\/\/blogsaverroes.juntadeandalucia.es\/cpsacratif\/files\/2022\/03\/DECLARACI\u00d3N-RESPONSABLE-DE-ACTIVIDAD-ECON\u00d3MICA-DESARROLLADA-Y-HORARIO.docx\">DECLARACI\u00d3N RESPONSABLE DE ACTIVIDAD ECON\u00d3MICA DESARROLLADA Y HORARIO<\/a><\/span><\/li>\n<li><span style=\"color: #3366ff\"><a style=\"color: #3366ff\" href=\"https:\/\/blogsaverroes.juntadeandalucia.es\/cpsacratif\/files\/2022\/03\/DECLARACI\u00d3N-RESPONSABLE-DE-INGRESOS-ECONOMICOS..pdf\">DECLARACI\u00d3N RESPONSABLE DE INGRESOS ECONOMICOS.<\/a><\/span><\/li>\n<\/ul>\n<p>&nbsp;<\/p>\n<h4 style=\"text-align: center\"><span style=\"font-size: 18pt\">RUTA PARA FORMALIZAR LA MATR\u00cdCULA <strong>V\u00cdA TELEM\u00c1TICA<\/strong><\/span><\/h4>\n<p>&nbsp;<\/p>\n<p>Si desean realizar la matr\u00edcula sin tener que acudir al Centro, pueden hacerlo a trav\u00e9s de la secretar\u00eda virtual<span style=\"color: #3366ff\"><a style=\"color: #3366ff\" href=\"https:\/\/www.juntadeandalucia.es\/educacion\/secretariavirtual\/solicitudes\/\"> ( enlace a secretaria virtual ) .<\/a><\/span> Pinche en el siguiente enlace <span style=\"color: #3366ff\"><a style=\"color: #3366ff\" href=\"https:\/\/www.youtube.com\/watch?v=eHMWFfaG8rU\">https:\/\/www.youtube.com\/watch?v=eHMWFfaG8rU<\/a> p<\/span>ara acceder al tutorial para realizar la matriculaci\u00f3n v\u00eda telem\u00e1tica.<\/p>\n<p>&nbsp;<\/p>\n<p>Entrar en Google, escribe \u201cSecretar\u00eda virtual de la Junta de Andaluc\u00eda Educaci\u00f3n\u201d\/ pincha en Tr\u00e1mites generales (en el desplegable) \/ selecciona matriculaci\u00f3n para el alumnado del 2\u00ba ciclo de Educaci\u00f3n Infantil, Primaria- Secundaria \u2026\/ en la forma de acceso pincha en acceder por \u201ciANDE\u201d (esta es la clave que hab\u00e9is recibido todos los padres\/madres de la Junta de Andaluc\u00eda a trav\u00e9s de Ipasen. Tambi\u00e9n se puede solicitar en la Secretaria del centro. ).<\/p>\n<p><strong>Se podr\u00e1 acceder a partir del 1 de junio a las 00h (antes no est\u00e1 disponible).<\/strong><\/p>\n<p>Desde aqu\u00ed se pueden rellenar tanto la matr\u00edcula para el pr\u00f3ximo curso, la autorizaci\u00f3n para la captaci\u00f3n de im\u00e1genes de vuestros hijos\/as, religi\u00f3n,&nbsp; las autorizaciones para que otras personas los puedan recoger, como solicitar los servicios complementarios ofertados por el centro (aula matinal, comedor y actividades extraescolares).&nbsp;<\/p>\n<p>Si se solicitan los servicios complementarios ofertados por el centro, <strong>deb\u00e9is adjuntar toda la <\/strong><strong>documentaci\u00f3n que justifiquen vuestra situaci\u00f3n econ\u00f3mica y laboral. Pincha en&nbsp; el siguiente archivo&nbsp;<span style=\"color: #3366ff\"> <a style=\"color: #3366ff\" href=\"https:\/\/blogsaverroes.juntadeandalucia.es\/cpsacratif\/files\/2022\/03\/01-ACREDITACI\u00d3N-DE-LAS-CIRCUNSTANCIAS-DECLARADAS-anexo-II-solicitud-1.pdf\">&#8220;Acreditacion de circunstancias declaradas de comedor y aula matinal&#8221;<\/a><\/span><\/strong><\/p>\n<p>Para que pod\u00e1is subir los documentos f\u00e1cilmente, si rellen\u00e1is la matr\u00edcula a trav\u00e9s del m\u00f3vil, es conveniente que os descargu\u00e9is la aplicaci\u00f3n CamScanner de Play Store. Con esta aplicaci\u00f3n pod\u00e9is hacerle una foto a los documentos que deb\u00e9is adjuntar y guardarlos en PDF para despu\u00e9s adjuntarlos a la matr\u00edcula.<\/p>\n<p>&nbsp;<\/p>\n<div class=\"wp-block-file aligncenter\">&nbsp;<\/div>\n<p>[\/et_pb_text][\/et_pb_column][\/et_pb_row][\/et_pb_section]<\/p>\n","protected":false},"excerpt":{"rendered":"<p>&nbsp; &nbsp;EL PLAZO DE MATRICULACI\u00d3N EN EL CENTRO&nbsp; ES DEL 1 AL 8 DE JUNIO.&nbsp; TODOS LOS A\u00d1OS. &nbsp; &nbsp; &nbsp; DEBER\u00c1N DE REALIZAR LA MATR\u00cdCULA : &nbsp; &nbsp;&nbsp;&nbsp;&nbsp; &#8211; Todo el alumnado del centro. &nbsp;&nbsp;&nbsp;&nbsp; &#8211; El alumnado de nueva incorporaci\u00f3n. &nbsp;&nbsp;&nbsp;&nbsp; &#8211; La matricula se podr\u00e1 realizar de forma presencial ( no recomendado [&hellip;]<\/p>\n","protected":false},"author":11443,"featured_media":0,"parent":0,"menu_order":0,"comment_status":"closed","ping_status":"closed","template":"","meta":{"_et_pb_use_builder":"on","_et_pb_old_content":"","_et_gb_content_width":"","ngg_post_thumbnail":0,"footnotes":""},"aioseo_notices":[],"_links":{"self":[{"href":"https:\/\/blogsaverroes.juntadeandalucia.es\/cpsacratif\/wp-json\/wp\/v2\/pages\/1192"}],"collection":[{"href":"https:\/\/blogsaverroes.juntadeandalucia.es\/cpsacratif\/wp-json\/wp\/v2\/pages"}],"about":[{"href":"https:\/\/blogsaverroes.juntadeandalucia.es\/cpsacratif\/wp-json\/wp\/v2\/types\/page"}],"author":[{"embeddable":true,"href":"https:\/\/blogsaverroes.juntadeandalucia.es\/cpsacratif\/wp-json\/wp\/v2\/users\/11443"}],"replies":[{"embeddable":true,"href":"https:\/\/blogsaverroes.juntadeandalucia.es\/cpsacratif\/wp-json\/wp\/v2\/comments?post=1192"}],"version-history":[{"count":22,"href":"https:\/\/blogsaverroes.juntadeandalucia.es\/cpsacratif\/wp-json\/wp\/v2\/pages\/1192\/revisions"}],"predecessor-version":[{"id":2186,"href":"https:\/\/blogsaverroes.juntadeandalucia.es\/cpsacratif\/wp-json\/wp\/v2\/pages\/1192\/revisions\/2186"}],"wp:attachment":[{"href":"https:\/\/blogsaverroes.juntadeandalucia.es\/cpsacratif\/wp-json\/wp\/v2\/media?parent=1192"}],"curies":[{"name":"wp","href":"https:\/\/api.w.org\/{rel}","templated":true}]}}