{"id":1358,"date":"2022-02-16T22:52:37","date_gmt":"2022-02-16T21:52:37","guid":{"rendered":"https:\/\/blogsaverroes.juntadeandalucia.es\/cpsacratif\/?page_id=1358"},"modified":"2022-02-21T00:14:43","modified_gmt":"2022-02-20T23:14:43","slug":"claustro","status":"publish","type":"page","link":"https:\/\/blogsaverroes.juntadeandalucia.es\/cpsacratif\/claustro\/","title":{"rendered":"Claustro"},"content":{"rendered":"<p>&nbsp;<a href=\"https:\/\/blogsaverroes.juntadeandalucia.es\/ceiparquitectoleoz\/files\/2018\/04\/images.jpg\"><img loading=\"lazy\" decoding=\"async\" class=\"alignnone size-medium wp-image-2269\" src=\"https:\/\/blogsaverroes.juntadeandalucia.es\/ceiparquitectoleoz\/files\/2018\/04\/images.jpg\" alt=\"\" width=\"280\" height=\"180\">&nbsp; &nbsp;&nbsp;&nbsp; &nbsp; &nbsp; &nbsp;<\/a><a href=\"https:\/\/blogsaverroes.juntadeandalucia.es\/ceiparquitectoleoz\/files\/2018\/04\/claustro.gif\"><img loading=\"lazy\" decoding=\"async\" class=\"alignnone wp-image-2268\" src=\"https:\/\/blogsaverroes.juntadeandalucia.es\/ceiparquitectoleoz\/files\/2018\/04\/claustro-300x300.gif\" alt=\"\" width=\"212\" height=\"212\"><\/a><\/p>\n<p><strong><em>EDUCACI\u00d3N INFANTIL:<\/em><\/strong><\/p>\n<table width=\"574\">\n<tbody>\n<tr>\n<td style=\"width: 130.5px\"><strong>I3A<\/strong><\/td>\n<td style=\"width: 340.09375px\"><strong>MAR\u00cdA \u00c1NGELES \u00c1LVAREZ P\u00c9REZ<\/strong><\/td>\n<td style=\"width: 81.4375px\"><strong>AULA&nbsp;<\/strong><\/td>\n<\/tr>\n<tr class=\"alt\">\n<td style=\"width: 130.5px\">&nbsp;<\/td>\n<td style=\"width: 340.09375px\">&nbsp;<\/td>\n<td style=\"width: 81.4375px\">&nbsp;<\/td>\n<\/tr>\n<tr>\n<td style=\"width: 130.5px\"><b>I4A<\/b><\/td>\n<td style=\"width: 340.09375px\"><b>ELISABEL S\u00c1EZ JIM\u00c9NEZ&nbsp;<\/b><\/td>\n<td style=\"width: 81.4375px\"><b>AULA<\/b>&nbsp;<\/td>\n<\/tr>\n<tr class=\"alt\">\n<td style=\"width: 130.5px\">&nbsp;<\/td>\n<td style=\"width: 340.09375px\">&nbsp;<\/td>\n<td style=\"width: 81.4375px\">&nbsp;<\/td>\n<\/tr>\n<tr>\n<td style=\"width: 130.5px\"><strong>I5A<\/strong><\/td>\n<td style=\"width: 340.09375px\"><strong>CARMEN M\u00aa SORIANO GARCIA<\/strong><\/td>\n<td style=\"width: 81.4375px\"><strong>AULA&nbsp;<\/strong><\/td>\n<\/tr>\n<tr class=\"alt\">\n<td style=\"width: 130.5px\">&nbsp;<\/td>\n<td style=\"width: 340.09375px\">&nbsp;<\/td>\n<td style=\"width: 81.4375px\">&nbsp;<\/td>\n<\/tr>\n<tr>\n<td style=\"width: 130.5px\"><strong>Apoyo Infantil<\/strong><\/td>\n<td style=\"width: 340.09375px\"><b>CARMEN FUERTES<\/b><\/td>\n<td style=\"width: 81.4375px\"><strong>&nbsp;<\/strong><\/td>\n<\/tr>\n<\/tbody>\n<\/table>\n<p>&nbsp;<\/p>\n<p><strong><em>EDUCACI\u00d3N PRIMARIA:<\/em><\/strong><\/p>\n<table width=\"574\">\n<tbody>\n<tr class=\"alt\">\n<td width=\"121\">&nbsp;<strong>1\u00baA<\/strong><\/td>\n<td width=\"312\"><b>SILVIA JODAR CARRASCOSA<\/b><\/td>\n<td width=\"142\"><strong>AULA&nbsp;<\/strong><\/td>\n<\/tr>\n<tr>\n<td width=\"121\"><strong>1\u00baB<\/strong><\/td>\n<td width=\"312\"><strong>M\u00aa LUISA GONZ\u00c1LEZ. JODAR<\/strong><\/td>\n<td width=\"142\"><strong>AULA&nbsp;<\/strong><\/td>\n<\/tr>\n<tr class=\"alt\">\n<td width=\"121\"><strong>2\u00baA&nbsp;<\/strong><\/p>\n<p><b>2\u00ba B&nbsp;<\/b><\/td>\n<td width=\"312\"><strong>IRENE PUENTEDURA RODRIGUEZ<\/strong><\/p>\n<p><b>LUCIA ESPINOSA DE LA TORRE<\/b><\/td>\n<td width=\"142\"><strong>AULA&nbsp;<\/strong><\/p>\n<p><b>AULA&nbsp;<\/b><\/td>\n<\/tr>\n<\/tbody>\n<\/table>\n<p>&nbsp;<\/p>\n<p><strong>SEGUNDO CICLO:<\/strong><\/p>\n<table width=\"574\">\n<tbody>\n<tr>\n<td width=\"121\"><strong>3\u00baA<\/strong><\/td>\n<td width=\"312\"><b>GONZALO MAROTO ENR\u00cdQUEZ<\/b><\/td>\n<td width=\"142\"><strong>AULA&nbsp;<\/strong><\/td>\n<\/tr>\n<tr class=\"alt\">\n<td width=\"121\">&nbsp;<\/td>\n<td width=\"312\">&nbsp;<\/td>\n<td width=\"142\">&nbsp;<\/td>\n<\/tr>\n<tr>\n<td width=\"121\"><strong>4\u00baA<\/strong><\/td>\n<td width=\"312\"><b>ASUNCION MAMBRILLA L\u00c1ZARO<\/b><\/td>\n<td width=\"142\"><b>AULA<\/b><\/td>\n<\/tr>\n<tr class=\"alt\">\n<td width=\"121\">&nbsp;<\/td>\n<td width=\"312\">&nbsp;<\/td>\n<td width=\"142\">&nbsp;<\/td>\n<\/tr>\n<\/tbody>\n<\/table>\n<p>&nbsp;<\/p>\n<p><strong>TERCER CICLO:<\/strong>&nbsp;<\/p>\n<table width=\"574\">\n<tbody>\n<tr>\n<td width=\"121\"><strong>5\u00baA<\/strong><\/td>\n<td width=\"312\"><strong>M\u00aa DEL CARMEN MELGUIZO MADRID<\/strong><\/td>\n<td width=\"142\"><strong>AULA&nbsp;<\/strong><\/td>\n<\/tr>\n<tr class=\"alt\">\n<td width=\"121\"><strong>5\u00baB<\/strong><\/td>\n<td width=\"312\"><b>JORGE ANTONIO SOLA G\u00d3MEZ<\/b><\/td>\n<td width=\"142\"><strong>AULA&nbsp;<\/strong><\/td>\n<\/tr>\n<tr>\n<td width=\"121\">&nbsp;<\/td>\n<td width=\"312\">&nbsp;<\/td>\n<td width=\"142\">&nbsp;<\/td>\n<\/tr>\n<tr class=\"alt\">\n<td width=\"121\"><strong>6\u00baA<\/strong><\/td>\n<td width=\"312\"><b>ANTOAN ASPARUHOV VASILEV<\/b><\/td>\n<td width=\"142\"><strong>AULA&nbsp;<\/strong><\/td>\n<\/tr>\n<tr>\n<td width=\"121\"><strong>6\u00baB<\/strong><\/td>\n<td width=\"312\"><b>LORENA MOLINA BELTR\u00c1N&nbsp;<\/b><\/td>\n<td width=\"142\"><strong>AULA&nbsp;<\/strong><\/td>\n<\/tr>\n<tr class=\"alt\">\n<td width=\"121\"><strong>1\u00ba ESO A<\/strong><\/p>\n<p><b>1\u00ba ESO B<\/b><\/p>\n<p><b>2\u00ba ESO A&nbsp;<\/b><\/p>\n<p><b>2\u00ba ESO B<\/b><\/td>\n<td width=\"312\"><strong>SONIA MORALES ESTEVEZ<\/strong><\/p>\n<p><b>M\u00aa JOS\u00c9 PRADOS CARMONA<\/b><\/p>\n<p><b>ROCIO S\u00c1NCHEZ VIEDMA<\/b><\/p>\n<p><b>ANGELES MOLIZ ARAGON&nbsp;<\/b><\/td>\n<td width=\"142\"><strong>AULA&nbsp;<\/strong><\/p>\n<p><b>AULA<\/b><\/p>\n<p><b>AULA<\/b><\/p>\n<p><b>AULA<\/b><\/td>\n<\/tr>\n<\/tbody>\n<\/table>\n<p>&nbsp;<\/p>\n<p>&nbsp;<strong>MAESTROS ESPECIALISTAS<\/strong><\/p>\n<table>\n<tbody>\n<tr>\n<td><strong>ED. F\u00cdSICA PRIMARIA<\/strong><\/p>\n<p><b>ED F\u00cdSICA SECUNDARIA&nbsp;<\/b><\/td>\n<td><b>JOSE MANUEL GONZALEZ ALVAREZ<\/b><\/p>\n<p><b>FERNANDO RODRIGUEZ &nbsp;MARTINEZ<\/b><\/td>\n<\/tr>\n<tr class=\"alt\">\n<td><b>M\u00daSICA&nbsp;<\/b><\/td>\n<td><strong>SARA LORENTE FERN\u00c1NDEZ.<\/strong><\/td>\n<\/tr>\n<tr>\n<td><strong>INGL\u00c9S PRIMARIA<\/strong><\/td>\n<td><b>ANDREA HARO MART\u00cdN<\/b><\/td>\n<\/tr>\n<tr class=\"alt\">\n<td><strong>INGL\u00c9S SECUNDARIA<\/strong><\/td>\n<td><strong>ADELA &nbsp;D\u00cdAZ RODRIGUEZ <\/strong><\/td>\n<\/tr>\n<tr>\n<td><b>GEOGRAF\u00cdA E HISTORIA<\/b><\/td>\n<td><strong>MONICA MARTIN CARMONA.<\/strong><\/td>\n<\/tr>\n<tr class=\"alt\">\n<td><strong>FRANC\u00c9S PRIMARIA<\/strong><\/td>\n<td><strong>MAR\u00cdA JOS\u00c9 PRADOS<\/strong><\/td>\n<\/tr>\n<\/tbody>\n<\/table>\n<p>&nbsp;<\/p>\n<p><strong>APOYO A LA INTEGRACI\u00d3N<\/strong><\/p>\n<p><strong>Maestra de Pedagog\u00eda Terap\u00e9utica<\/strong><\/p>\n<table width=\"574\">\n<tbody>\n<tr>\n<td width=\"121\"><strong>PT<\/strong><\/td>\n<td width=\"312\"><strong>ESTHER GARC\u00cdA VICO<\/strong><\/td>\n<td width=\"142\"><strong>AULA&nbsp;<\/strong><\/td>\n<\/tr>\n<\/tbody>\n<\/table>\n<p>&nbsp;<\/p>\n<p><strong>Maestra de Atenci\u00f3n a la Diversidad<\/strong><\/p>\n<table width=\"574\">\n<tbody>\n<tr class=\"alt\">\n<td width=\"121\"><strong>AT.DIV.<\/strong><\/td>\n<td width=\"312\"><strong>MIGUEL \u00c1NGEL RUIZ SANTAELLA<\/strong><\/td>\n<td width=\"142\"><strong>AULA<\/strong><\/td>\n<\/tr>\n<\/tbody>\n<\/table>\n<p>&nbsp;<\/p>\n<p><strong>Maestra de Audici\u00f3n y Lenguaje<\/strong><\/p>\n<table style=\"width: 90.88852896341463%;height: 23px\" width=\"574\">\n<tbody>\n<tr style=\"height: 23px\">\n<td style=\"height: 23px\" width=\"121\"><strong>LOGOPEDA<\/strong><\/td>\n<td style=\"height: 23px\" width=\"454\"><b>OLGA VERANO MESA<\/b><\/td>\n<\/tr>\n<\/tbody>\n<\/table>\n<p>&nbsp;<\/p>\n<p><strong>MAESTRAS DE RELIGI\u00d3N:<\/strong><\/p>\n<table>\n<tbody>\n<tr class=\"alt\">\n<td><strong>RELIGI\u00d3N CAT\u00d3LICA PRIMARIA&nbsp;<\/strong><\/td>\n<td><strong>FCO. ALAMINOS MORAL<\/strong><\/td>\n<\/tr>\n<tr>\n<td><strong>RELIGI\u00d3N CAT\u00d3LICA SECUNDARIA&nbsp;<\/strong><\/td>\n<td><strong>AURORA &nbsp;DELGADO ROPERO<\/strong><\/td>\n<\/tr>\n<tr class=\"alt\">\n<td>&nbsp;<\/td>\n<td>&nbsp;<\/td>\n<\/tr>\n<\/tbody>\n<\/table>\n","protected":false},"excerpt":{"rendered":"<p>&nbsp;&nbsp; &nbsp;&nbsp;&nbsp; &nbsp; &nbsp; &nbsp; EDUCACI\u00d3N INFANTIL: I3A MAR\u00cdA \u00c1NGELES \u00c1LVAREZ P\u00c9REZ AULA&nbsp; &nbsp; &nbsp; &nbsp; I4A ELISABEL S\u00c1EZ JIM\u00c9NEZ&nbsp; AULA&nbsp; &nbsp; &nbsp; &nbsp; I5A CARMEN M\u00aa SORIANO GARCIA AULA&nbsp; &nbsp; &nbsp; &nbsp; Apoyo Infantil CARMEN FUERTES &nbsp; &nbsp; EDUCACI\u00d3N PRIMARIA: &nbsp;1\u00baA SILVIA JODAR CARRASCOSA AULA&nbsp; 1\u00baB M\u00aa LUISA GONZ\u00c1LEZ. JODAR AULA&nbsp; 2\u00baA&nbsp; 2\u00ba B&nbsp; [&hellip;]<\/p>\n","protected":false},"author":11443,"featured_media":0,"parent":0,"menu_order":0,"comment_status":"closed","ping_status":"closed","template":"","meta":{"_et_pb_use_builder":"off","_et_pb_old_content":"","_et_gb_content_width":"","ngg_post_thumbnail":0,"footnotes":""},"aioseo_notices":[],"_links":{"self":[{"href":"https:\/\/blogsaverroes.juntadeandalucia.es\/cpsacratif\/wp-json\/wp\/v2\/pages\/1358"}],"collection":[{"href":"https:\/\/blogsaverroes.juntadeandalucia.es\/cpsacratif\/wp-json\/wp\/v2\/pages"}],"about":[{"href":"https:\/\/blogsaverroes.juntadeandalucia.es\/cpsacratif\/wp-json\/wp\/v2\/types\/page"}],"author":[{"embeddable":true,"href":"https:\/\/blogsaverroes.juntadeandalucia.es\/cpsacratif\/wp-json\/wp\/v2\/users\/11443"}],"replies":[{"embeddable":true,"href":"https:\/\/blogsaverroes.juntadeandalucia.es\/cpsacratif\/wp-json\/wp\/v2\/comments?post=1358"}],"version-history":[{"count":6,"href":"https:\/\/blogsaverroes.juntadeandalucia.es\/cpsacratif\/wp-json\/wp\/v2\/pages\/1358\/revisions"}],"predecessor-version":[{"id":1465,"href":"https:\/\/blogsaverroes.juntadeandalucia.es\/cpsacratif\/wp-json\/wp\/v2\/pages\/1358\/revisions\/1465"}],"wp:attachment":[{"href":"https:\/\/blogsaverroes.juntadeandalucia.es\/cpsacratif\/wp-json\/wp\/v2\/media?parent=1358"}],"curies":[{"name":"wp","href":"https:\/\/api.w.org\/{rel}","templated":true}]}}