{"id":1405,"date":"2022-02-17T23:20:12","date_gmt":"2022-02-17T22:20:12","guid":{"rendered":"https:\/\/blogsaverroes.juntadeandalucia.es\/cpsacratif\/?page_id=1405"},"modified":"2022-03-02T22:01:19","modified_gmt":"2022-03-02T21:01:19","slug":"instalaciones","status":"publish","type":"page","link":"https:\/\/blogsaverroes.juntadeandalucia.es\/cpsacratif\/instalaciones\/","title":{"rendered":"Instalaciones"},"content":{"rendered":"<p class=\"CDt4Ke zfr3Q\" dir=\"ltr\"><img loading=\"lazy\" decoding=\"async\" class=\"alignnone size-medium wp-image-1483\" src=\"https:\/\/blogsaverroes.juntadeandalucia.es\/cpsacratif\/files\/2022\/02\/16532D83-1E96-4BE4-B5F6-AC84A49D1D5B-300x225.jpeg\" alt=\"\" width=\"300\" height=\"225\">&nbsp; &nbsp; <img loading=\"lazy\" decoding=\"async\" class=\"alignnone size-medium wp-image-1482\" src=\"https:\/\/blogsaverroes.juntadeandalucia.es\/cpsacratif\/files\/2022\/02\/C42CB559-75F9-46EB-831C-DA382CC20A61-300x225.jpeg\" alt=\"\" width=\"300\" height=\"225\"><\/p>\n<p>El CEIP SACRATIF consta de dos edificios, uno antiguo&nbsp;el edificio principal y otro m\u00e1s nuevo donde se ubica infantil.. Ambos edificios est\u00e1n separados por una calle.<\/p>\n<p class=\"CDt4Ke zfr3Q\" dir=\"ltr\">El edificio principal &nbsp;consta de dos &nbsp;plantas y en \u00e9l se desarrolla la mayor\u00eda de la actividad educativa. La planta baja cuenta con seis &nbsp;aulas de primaria, comedor y servicios del alumnado.. La primera planta cuenta con seis &nbsp;aulas. En esta planta &nbsp;tambi\u00e9n se ubica el&nbsp;aula de NEE, almac\u00e9n de material, Conserjer\u00eda, sala del profesorado y despachos de Secretar\u00eda, Jefatura de Estudios y Direcci\u00f3n<\/p>\n<p class=\"CDt4Ke zfr3Q\" dir=\"ltr\">El edificio de Infantil es una construcci\u00f3n de una sola &nbsp;planta donde encontramos tres aulas de infantil, la biblioteca y un peque\u00f1o sal\u00f3n de actos..<\/p>\n<p class=\"CDt4Ke zfr3Q\" dir=\"ltr\">Las instalaciones exteriores la constituyen un porche cubierto y cuatro patios, uno para E.Infantil y tres patios para cada uno de los ciclos de E.Primaria y Secundaria. Ademas a la entrada del colegio hay un m\u00f3dulo prefabricado donde se ubica 2\u00ba de la ESO.<\/p>\n<p class=\"CDt4Ke zfr3Q\" dir=\"ltr\">Pr\u00f3ximamente se proceder\u00e1 a una renovaci\u00f3n de las infraestructuras del centro ya que el mismo es peque\u00f1o &nbsp;y antiguo y el n\u00famero de alumnos aumenta cada a\u00f1o.<\/p>\n<p class=\"CDt4Ke zfr3Q\" dir=\"ltr\">&nbsp;<\/p>\n<p dir=\"ltr\"><img loading=\"lazy\" decoding=\"async\" class=\"alignnone size-medium wp-image-1435\" src=\"https:\/\/blogsaverroes.juntadeandalucia.es\/cpsacratif\/files\/2022\/02\/0DEAB22A-26C7-403D-89F5-C63889D20FBE-300x160.jpeg\" alt=\"\" width=\"300\" height=\"160\">&nbsp; &nbsp; <img loading=\"lazy\" decoding=\"async\" class=\"alignnone size-medium wp-image-1305\" src=\"https:\/\/blogsaverroes.juntadeandalucia.es\/cpsacratif\/files\/2022\/02\/0BDC471B-9907-4DFF-B619-DBB29EE45FB7-300x104.jpeg\" alt=\"\" width=\"300\" height=\"104\"><\/p>\n","protected":false},"excerpt":{"rendered":"<p>&nbsp; &nbsp; El CEIP SACRATIF consta de dos edificios, uno antiguo&nbsp;el edificio principal y otro m\u00e1s nuevo donde se ubica infantil.. Ambos edificios est\u00e1n separados por una calle. El edificio principal &nbsp;consta de dos &nbsp;plantas y en \u00e9l se desarrolla la mayor\u00eda de la actividad educativa. La planta baja cuenta con seis &nbsp;aulas de primaria, [&hellip;]<\/p>\n","protected":false},"author":11443,"featured_media":0,"parent":0,"menu_order":0,"comment_status":"closed","ping_status":"closed","template":"","meta":{"_et_pb_use_builder":"","_et_pb_old_content":"","_et_gb_content_width":"","ngg_post_thumbnail":0,"footnotes":""},"aioseo_notices":[],"_links":{"self":[{"href":"https:\/\/blogsaverroes.juntadeandalucia.es\/cpsacratif\/wp-json\/wp\/v2\/pages\/1405"}],"collection":[{"href":"https:\/\/blogsaverroes.juntadeandalucia.es\/cpsacratif\/wp-json\/wp\/v2\/pages"}],"about":[{"href":"https:\/\/blogsaverroes.juntadeandalucia.es\/cpsacratif\/wp-json\/wp\/v2\/types\/page"}],"author":[{"embeddable":true,"href":"https:\/\/blogsaverroes.juntadeandalucia.es\/cpsacratif\/wp-json\/wp\/v2\/users\/11443"}],"replies":[{"embeddable":true,"href":"https:\/\/blogsaverroes.juntadeandalucia.es\/cpsacratif\/wp-json\/wp\/v2\/comments?post=1405"}],"version-history":[{"count":8,"href":"https:\/\/blogsaverroes.juntadeandalucia.es\/cpsacratif\/wp-json\/wp\/v2\/pages\/1405\/revisions"}],"predecessor-version":[{"id":1558,"href":"https:\/\/blogsaverroes.juntadeandalucia.es\/cpsacratif\/wp-json\/wp\/v2\/pages\/1405\/revisions\/1558"}],"wp:attachment":[{"href":"https:\/\/blogsaverroes.juntadeandalucia.es\/cpsacratif\/wp-json\/wp\/v2\/media?parent=1405"}],"curies":[{"name":"wp","href":"https:\/\/api.w.org\/{rel}","templated":true}]}}