{"id":1414,"date":"2022-02-17T23:31:34","date_gmt":"2022-02-17T22:31:34","guid":{"rendered":"https:\/\/blogsaverroes.juntadeandalucia.es\/cpsacratif\/?page_id=1414"},"modified":"2022-03-03T19:52:25","modified_gmt":"2022-03-03T18:52:25","slug":"libros-de-texto","status":"publish","type":"page","link":"https:\/\/blogsaverroes.juntadeandalucia.es\/cpsacratif\/libros-de-texto\/","title":{"rendered":"Libros de texto"},"content":{"rendered":"<p>[et_pb_section fb_built=&#8221;1&#8243; _builder_version=&#8221;4.14.5&#8243; _module_preset=&#8221;default&#8221; global_colors_info=&#8221;{}&#8221;][et_pb_row _builder_version=&#8221;4.14.5&#8243; _module_preset=&#8221;default&#8221; global_colors_info=&#8221;{}&#8221;][et_pb_column type=&#8221;4_4&#8243; _builder_version=&#8221;4.14.5&#8243; _module_preset=&#8221;default&#8221; global_colors_info=&#8221;{}&#8221;][et_pb_text _builder_version=&#8221;4.14.5&#8243; _module_preset=&#8221;default&#8221; hover_enabled=&#8221;0&#8243; global_colors_info=&#8221;{}&#8221; sticky_enabled=&#8221;0&#8243;]<\/p>\n<p><img loading=\"lazy\" decoding=\"async\" class=\"aligncenter size-medium wp-image-1603\" src=\"https:\/\/blogsaverroes.juntadeandalucia.es\/cpsacratif\/files\/2022\/03\/2B84A890-FC1A-46ED-92AD-494A19F2BE61-289x300.png\" alt=\"\" width=\"289\" height=\"300\"><\/p>\n<section id=\"h.40c2421eb0210b5b_134\" class=\"yaqOZd lQAHbd\">\n<div class=\"mYVXT\">\n<div class=\"LS81yb VICjCf\">\n<div class=\"hJDwNd-AhqUyc-uQSCkd purZT-AhqUyc-II5mzb pSzOP-AhqUyc-qWD73c JNdkSc\">\n<div class=\"JNdkSc-SmKAyb\">\n<div class=\"\">\n<div class=\"oKdM2c Kzv0Me\">\n<div id=\"h.40c2421eb0210b5b_137\" class=\"hJDwNd-AhqUyc-uQSCkd jXK9ad D2fZ2 OjCsFc wHaque GNzUNc\">\n<div class=\"jXK9ad-SmKAyb\">\n<div class=\"tyJCtd mGzaTb baZpAe\">\n<p class=\"CDt4Ke zfr3Q\" dir=\"ltr\">El Estatuto de Autonom\u00eda reconoce como derecho la gratuidad de los libros de texto en la ense\u00f1anza obligatoria en los centros docentes sostenidos con fondos p\u00fablicos.<\/p>\n<p class=\"CDt4Ke zfr3Q\" dir=\"ltr\">La aplicaci\u00f3n de este derecho se canaliza a trav\u00e9s del Programa de Gratuidad de Libros de Texto que ejecuta la Consejer\u00eda de Educaci\u00f3n.<\/p>\n<p class=\"CDt4Ke zfr3Q\" dir=\"ltr\">Los libros de textos ser\u00e1n propiedad de la Administraci\u00f3n educativa y permanecer\u00e1n, una vez concluido el curso escolar, en el centro docente donde el alumnado haya cursado las ense\u00f1anzas, de forma que puedan ser utilizados por otros alumnos o alumnas en a\u00f1os acad\u00e9micos sucesivos.<\/p>\n<p class=\"CDt4Ke zfr3Q\" dir=\"ltr\">Al impulsar el uso compartido y la reutilizaci\u00f3n de los libros de texto, supone un ahorro econ\u00f3mico muy importante para las familias y contribuye al fomento de la equidad y al fortalecimiento de valores de corresponsabilidad y solidaridad en la comunidad educativa, as\u00ed como al refuerzo de actitudes positivas de aprecio y conservaci\u00f3n de los libros de texto y los materiales de estudio y lectura, a la atenci\u00f3n y cuidado de los bienes colectivos de uso com\u00fan, al respeto al medio ambiente y al desarrollo sostenible.<\/p>\n<\/div>\n<\/div>\n<\/div>\n<\/div>\n<\/div>\n<\/div>\n<\/div>\n<\/div>\n<\/div>\n<\/section>\n<section id=\"h.40c2421eb0210b5b_138\" class=\"yaqOZd\">\n<div class=\"IFuOkc\">&nbsp;<\/div>\n<div class=\"mYVXT\">\n<div class=\"LS81yb VICjCf\">\n<div class=\"hJDwNd-AhqUyc-uQSCkd purZT-AhqUyc-II5mzb pSzOP-AhqUyc-qWD73c JNdkSc\">\n<div class=\"JNdkSc-SmKAyb\">\n<div class=\"\">\n<div class=\"oKdM2c Kzv0Me\">\n<div id=\"h.40c2421eb0210b5b_141\" class=\"hJDwNd-AhqUyc-uQSCkd jXK9ad D2fZ2 OjCsFc wHaque GNzUNc\">\n<div class=\"jXK9ad-SmKAyb\">\n<div class=\"tyJCtd mGzaTb baZpAe\">\n<p class=\"CDt4Ke zfr3Q\" dir=\"ltr\"><span class=\" FdCeP\" style=\"font-size: 18pt\"><strong>Beneficiarios<\/strong><\/span><\/p>\n<\/div>\n<\/div>\n<\/div>\n<\/div>\n<\/div>\n<\/div>\n<\/div>\n<\/div>\n<\/div>\n<\/section>\n<section id=\"h.40c2421eb0210b5b_142\" class=\"yaqOZd lQAHbd\">\n<div class=\"IFuOkc\">&nbsp;<\/div>\n<div class=\"mYVXT\">\n<div class=\"LS81yb VICjCf\">\n<div class=\"hJDwNd-AhqUyc-uQSCkd purZT-AhqUyc-II5mzb pSzOP-AhqUyc-qWD73c JNdkSc\">\n<div class=\"JNdkSc-SmKAyb\">\n<div class=\"\">\n<div class=\"oKdM2c Kzv0Me\">\n<div id=\"h.40c2421eb0210b5b_145\" class=\"hJDwNd-AhqUyc-uQSCkd jXK9ad D2fZ2 OjCsFc wHaque GNzUNc\">\n<div class=\"jXK9ad-SmKAyb\">\n<div class=\"tyJCtd mGzaTb baZpAe\">\n<p class=\"CDt4Ke zfr3Q\" dir=\"ltr\">El alumnado matriculado en los centros docentes de Andaluc\u00eda sostenidos con fondos p\u00fablicos en los cursos de la Educaci\u00f3n Primaria, de la Educaci\u00f3n Secundaria Obligatoria, y de la Formaci\u00f3n Profesional B\u00e1sica. Asimismo, ser\u00e1 beneficiario del Programa el alumnado con necesidades educativas especiales que est\u00e9 matriculado en los cursos del per\u00edodo de Formaci\u00f3n B\u00e1sica de car\u00e1cter obligatorio.<\/p>\n<p class=\"CDt4Ke zfr3Q\" dir=\"ltr\">Los centros educativos tendr\u00e1n a disposici\u00f3n de las familias que lo soliciten un impreso de renuncia voluntaria al Programa para el alumnado que no desee formar parte de \u00e9l.<\/p>\n<\/div>\n<\/div>\n<\/div>\n<\/div>\n<\/div>\n<\/div>\n<\/div>\n<\/div>\n<\/div>\n<\/section>\n<section id=\"h.40c2421eb0210b5b_146\" class=\"yaqOZd\">\n<div class=\"IFuOkc\">&nbsp;<\/div>\n<div class=\"mYVXT\">\n<div class=\"LS81yb VICjCf\">\n<div class=\"hJDwNd-AhqUyc-uQSCkd purZT-AhqUyc-II5mzb pSzOP-AhqUyc-qWD73c JNdkSc\">\n<div class=\"JNdkSc-SmKAyb\">\n<div class=\"\">\n<div class=\"oKdM2c Kzv0Me\">\n<div id=\"h.40c2421eb0210b5b_149\" class=\"hJDwNd-AhqUyc-uQSCkd jXK9ad D2fZ2 OjCsFc wHaque GNzUNc\">\n<div class=\"jXK9ad-SmKAyb\">\n<div class=\"tyJCtd mGzaTb baZpAe\">\n<p class=\"CDt4Ke zfr3Q\" dir=\"ltr\"><span class=\" FdCeP\" style=\"font-size: 18pt\"><strong>Obligaciones<\/strong><\/span><\/p>\n<\/div>\n<\/div>\n<\/div>\n<\/div>\n<\/div>\n<\/div>\n<\/div>\n<\/div>\n<\/div>\n<\/section>\n<section id=\"h.40c2421eb0210b5b_150\" class=\"yaqOZd lQAHbd\">\n<div class=\"IFuOkc\">&nbsp;<\/div>\n<div class=\"mYVXT\">\n<div class=\"LS81yb VICjCf\">\n<div class=\"hJDwNd-AhqUyc-uQSCkd purZT-AhqUyc-II5mzb pSzOP-AhqUyc-qWD73c JNdkSc\">\n<div class=\"JNdkSc-SmKAyb\">\n<div class=\"\">\n<div class=\"oKdM2c Kzv0Me\">\n<div id=\"h.40c2421eb0210b5b_153\" class=\"hJDwNd-AhqUyc-uQSCkd jXK9ad D2fZ2 OjCsFc wHaque GNzUNc\">\n<div class=\"jXK9ad-SmKAyb\">\n<div class=\"tyJCtd mGzaTb baZpAe\">\n<p class=\"CDt4Ke zfr3Q\" dir=\"ltr\">Los beneficiarios\/as del Programa est\u00e1n obligados\/as a:<\/p>\n<p class=\"CDt4Ke zfr3Q\" dir=\"ltr\">\u2022\u200b Garantizar un uso adecuado y cuidadoso de los libros de texto.<\/p>\n<p class=\"CDt4Ke zfr3Q\" dir=\"ltr\">\u2022 \u200bForrar los libros con pl\u00e1stico transparente, colocando el nombre del alumno\/a y apellidos en una pegatina, que se colocar\u00e1 en la parte central superior de la portada del libro. En el caso de que los libros no sean nuevos, se debe proceder a una renovaci\u00f3n del forro.<\/p>\n<p class=\"CDt4Ke zfr3Q\" dir=\"ltr\">\u2022 \u200bLos libros de texto no se podr\u00e1n subrayar, ni pintar, ni hacer anotaciones al margen, cuidando al m\u00e1ximo su uso.<\/p>\n<p class=\"CDt4Ke zfr3Q\" dir=\"ltr\">\u2022 \u200bUna Comisi\u00f3n har\u00e1 revisiones peri\u00f3dicas para comprobar el estado de conservaci\u00f3n de los mismos. En caso de observar alg\u00fan incumplimiento de las normas, se notificar\u00e1 a los padres, madres o tutores o tutoras legales.<\/p>\n<p class=\"CDt4Ke zfr3Q\" dir=\"ltr\">\u2022 \u200bAl finalizar el curso, o en el momento de la baja en caso de traslado, los libros deber\u00e1n ser entregados al centro. En el supuesto de que el libro no se encuentre en situaci\u00f3n de ser reutilizado, por un deterioro malintencionado, se haya extraviado\u2026; los padres, madres o tutores\/as legales deber\u00e1n reponerlo. Si no se repone el libro de texto el alumno\/a perder\u00e1 el derecho a solicitar el Programa de Gratuidad de los Libros de Texto para el curso siguiente.<\/p>\n<\/div>\n<\/div>\n<\/div>\n<\/div>\n<\/div>\n<\/div>\n<\/div>\n<\/div>\n<\/div>\n<\/section>\n<section id=\"h.40c2421eb0210b5b_154\" class=\"yaqOZd\">\n<div class=\"IFuOkc\">&nbsp;<\/div>\n<div class=\"mYVXT\">\n<div class=\"LS81yb VICjCf\">\n<div class=\"hJDwNd-AhqUyc-uQSCkd purZT-AhqUyc-II5mzb pSzOP-AhqUyc-qWD73c JNdkSc\">\n<div class=\"JNdkSc-SmKAyb\">\n<div class=\"\">\n<div class=\"oKdM2c Kzv0Me\">\n<div id=\"h.40c2421eb0210b5b_157\" class=\"hJDwNd-AhqUyc-uQSCkd jXK9ad D2fZ2 OjCsFc wHaque GNzUNc\">\n<div class=\"jXK9ad-SmKAyb\">\n<div class=\"tyJCtd mGzaTb baZpAe\">\n<p class=\"CDt4Ke zfr3Q\" dir=\"ltr\"><span class=\" FdCeP\" style=\"font-size: 18pt\"><strong>Cheque-libro<\/strong><\/span><\/p>\n<\/div>\n<\/div>\n<\/div>\n<\/div>\n<\/div>\n<\/div>\n<\/div>\n<\/div>\n<\/div>\n<\/section>\n<section id=\"h.40c2421eb0210b5b_158\" class=\"yaqOZd lQAHbd\">\n<div class=\"IFuOkc\">&nbsp;<\/div>\n<div class=\"mYVXT\">\n<div class=\"LS81yb VICjCf\">\n<div class=\"hJDwNd-AhqUyc-uQSCkd purZT-AhqUyc-II5mzb pSzOP-AhqUyc-qWD73c JNdkSc\">\n<div class=\"JNdkSc-SmKAyb\">\n<div class=\"\">\n<div class=\"oKdM2c Kzv0Me\">\n<div id=\"h.40c2421eb0210b5b_161\" class=\"hJDwNd-AhqUyc-uQSCkd jXK9ad D2fZ2 OjCsFc wHaque GNzUNc\">\n<div class=\"jXK9ad-SmKAyb\">\n<div class=\"tyJCtd mGzaTb baZpAe\">\n<p class=\"CDt4Ke zfr3Q\" dir=\"ltr\">Cada a\u00f1o, la Consejer\u00eda de Educaci\u00f3n informar\u00e1 de los cursos escolares a los que les corresponde renovar los libros de texto. El proceso de adquisici\u00f3n de dichos libros acogi\u00e9ndose al programa de gratuidad habr\u00e1 de seguir los pasos siguientes:<\/p>\n<ol class=\"n8H08c BKnRcf\">\n<li class=\"TYR86d wXCUfe zfr3Q\">\n<p class=\"CDt4Ke zfr3Q\" dir=\"ltr\">Durante el mes de junio los centros docentes sostenidos con fondos p\u00fablicos seleccionan y aprueban la relaci\u00f3n de libros y materiales curriculares que se utilizar\u00e1n a partir del curso siguiente.<\/p>\n<\/li>\n<li class=\"TYR86d wXCUfe zfr3Q\">\n<p class=\"CDt4Ke zfr3Q\" dir=\"ltr\">A finales de junio o principios de julio, las familias del alumnado que ese a\u00f1o deban adquirir libros de texto nuevos recibir\u00e1n un cheque-libro. Dicho cheque s\u00f3lo podr\u00e1 emplearse para comprar los libros de texto designados como tales por el centro docente. El resto de materiales complementarios y fungibles que, por su naturaleza, no puedan ser reutilizados, deber\u00e1n ser adquiridos por las familias.<\/p>\n<\/li>\n<li class=\"TYR86d wXCUfe zfr3Q\">\n<p class=\"CDt4Ke zfr3Q\" dir=\"ltr\">Las familias podr\u00e1n adquirir los libros de texto en cualquier establecimiento de su elecci\u00f3n, canje\u00e1ndolos por el cheque-libro debidamente cumplimentado.<\/p>\n<\/li>\n<li class=\"TYR86d wXCUfe zfr3Q\">\n<p class=\"CDt4Ke zfr3Q\" dir=\"ltr\">Las librer\u00edas o establecimientos comerciales remitir\u00e1n a los centros escolares las correspondientes facturas para su abono, antes del 30 de noviembre de cada a\u00f1o.<\/p>\n<\/li>\n<\/ol>\n<\/div>\n<\/div>\n<\/div>\n<\/div>\n<\/div>\n<\/div>\n<\/div>\n<\/div>\n<\/div>\n<\/section>\n<section id=\"h.40c2421eb0210b5b_162\" class=\"yaqOZd\">\n<div class=\"IFuOkc\">&nbsp;<\/div>\n<div class=\"mYVXT\">\n<div class=\"LS81yb VICjCf\">\n<div class=\"hJDwNd-AhqUyc-uQSCkd purZT-AhqUyc-II5mzb pSzOP-AhqUyc-qWD73c JNdkSc\">\n<div class=\"JNdkSc-SmKAyb\">\n<div class=\"\">\n<div class=\"oKdM2c Kzv0Me\">\n<div id=\"h.40c2421eb0210b5b_165\" class=\"hJDwNd-AhqUyc-uQSCkd jXK9ad D2fZ2 OjCsFc wHaque GNzUNc\">\n<div class=\"jXK9ad-SmKAyb\">\n<div class=\"tyJCtd mGzaTb baZpAe\">\n<p class=\"CDt4Ke zfr3Q\" dir=\"ltr\"><span class=\" FdCeP\" style=\"font-size: 18pt\"><b>Normativa<\/b><\/span><\/p>\n<\/div>\n<\/div>\n<\/div>\n<\/div>\n<\/div>\n<\/div>\n<\/div>\n<\/div>\n<\/div>\n<\/section>\n<section id=\"h.40c2421eb0210b5b_166\" class=\"yaqOZd lQAHbd\">\n<div class=\"IFuOkc\">&nbsp;<\/div>\n<div class=\"mYVXT\">\n<div class=\"LS81yb VICjCf\">\n<div class=\"hJDwNd-AhqUyc-uQSCkd purZT-AhqUyc-II5mzb pSzOP-AhqUyc-qWD73c JNdkSc\">\n<div class=\"JNdkSc-SmKAyb\">\n<div class=\"\">\n<div class=\"oKdM2c Kzv0Me\">\n<div id=\"h.40c2421eb0210b5b_169\" class=\"hJDwNd-AhqUyc-uQSCkd jXK9ad D2fZ2 OjCsFc wHaque GNzUNc\">\n<div class=\"jXK9ad-SmKAyb\">\n<div class=\"tyJCtd mGzaTb baZpAe\">\n<p class=\"CDt4Ke zfr3Q\" dir=\"ltr\">Instrucciones de 28 de mayo de 2020\u200b, de la Direcci\u00f3n General de Atenci\u00f3n a la Diversidad, Participaci\u00f3n y Convivencia Escolar sobre el Programa de Gratuidad de los Libros de Texto para el curso escolar 2019-2020.<\/p>\n<\/div>\n<\/div>\n<\/div>\n<\/div>\n<\/div>\n<\/div>\n<\/div>\n<\/div>\n<\/div>\n<\/section>\n<section id=\"h.40c2421eb0210b5b_170\" class=\"yaqOZd\">\n<div class=\"IFuOkc\">&nbsp;<\/div>\n<div class=\"mYVXT\">\n<div class=\"LS81yb VICjCf\">\n<div class=\"hJDwNd-AhqUyc-uQSCkd purZT-AhqUyc-II5mzb pSzOP-AhqUyc-qWD73c JNdkSc\">\n<div class=\"JNdkSc-SmKAyb\">\n<div class=\"\">\n<div class=\"oKdM2c Kzv0Me\">\n<div id=\"h.40c2421eb0210b5b_173\" class=\"hJDwNd-AhqUyc-uQSCkd jXK9ad D2fZ2 OjCsFc wHaque GNzUNc\">\n<div class=\"jXK9ad-SmKAyb\">\n<div class=\"tyJCtd mGzaTb baZpAe\">\n<p class=\"CDt4Ke zfr3Q\" dir=\"ltr\"><span class=\" CGqCRe\"><strong>M\u00e1s informaci\u00f3n:<\/strong><\/span> <span class=\" jW0mOd\"><a class=\"XqQF9c rXJpyf\" href=\"https:\/\/www.google.com\/url?q=https%3A%2F%2Fwww.juntadeandalucia.es%2Feducacion%2Fportals%2Fweb%2Fbecas-y-ayudas%2Fgratuidad-de-libros&amp;sa=D&amp;sntz=1&amp;usg=AFQjCNFY6i2cPOhsDJOq2KBbKvSY4yBXkw\" target=\"_blank\" rel=\"noopener noreferrer\">Web Junta de Andaluc\u00eda (click aqu\u00ed)<\/a><\/span><\/p>\n<p dir=\"ltr\">&nbsp;<\/p>\n<p dir=\"ltr\"><span style=\"font-size: 14pt\"><b><u><br \/>LISTADO DE LIBROS DEL CEIP SACRATIF PARA EL CURSO ESCOLAR 21\/ 22<\/u><\/b><\/span><\/p>\n<p dir=\"ltr\"><b><u>LIBROS DE INFANTIL<\/u><\/b><\/p>\n<p dir=\"ltr\">La adquisici\u00f3n de libros de textos para el alumnado de E. Infantil no est\u00e1 sujeta a <em>Instrucciones de gratuidad de libros de texto,<\/em> por lo que las familias deben abonar la totalidad de los mismos.<\/p>\n<p dir=\"ltr\">&nbsp;<\/p>\n<p dir=\"ltr\"><img loading=\"lazy\" decoding=\"async\" class=\"aligncenter size-medium wp-image-1608\" src=\"https:\/\/blogsaverroes.juntadeandalucia.es\/cpsacratif\/files\/2022\/03\/A5C300FF-9B2F-4EB5-8195-E2EE79A959CF-292x300.jpeg\" alt=\"\" width=\"292\" height=\"300\"><\/p>\n<p dir=\"ltr\">&nbsp;<\/p>\n<p dir=\"ltr\"><span style=\"color: #ff0000\">Pincha en la imagen para ver el listado de libros de infantil. ( no disponible este curso)<\/span><\/p>\n<p dir=\"ltr\">&nbsp;<\/p>\n<p dir=\"ltr\"><b><u>LIBROS DE PRIMARIA Y SECUNDARIA.<\/u><\/b><\/p>\n<p dir=\"ltr\">&nbsp;<\/p>\n<section id=\"h.43cc6950049cc3be_11\" class=\"yaqOZd lQAHbd\">\n<div class=\"mYVXT\">\n<div class=\"LS81yb VICjCf\">\n<div class=\"hJDwNd-AhqUyc-uQSCkd purZT-AhqUyc-II5mzb pSzOP-AhqUyc-qWD73c JNdkSc\">\n<div class=\"JNdkSc-SmKAyb\">\n<div class=\"\">\n<div class=\"oKdM2c Kzv0Me\">\n<div id=\"h.43cc6950049cc3be_8\" class=\"hJDwNd-AhqUyc-uQSCkd jXK9ad D2fZ2 OjCsFc wHaque GNzUNc\">\n<div class=\"jXK9ad-SmKAyb\">\n<div class=\"tyJCtd mGzaTb baZpAe\">\n<p class=\"CDt4Ke zfr3Q\" dir=\"ltr\"><u><span class=\" Rn3Z1b\"><strong>Cheque libro de 1<\/strong><\/span><sup class=\" jgG6ef\"><strong>er <\/strong><\/sup><span class=\" Rn3Z1b\"><strong>ciclo (1\u00ba y 2\u00ba E.Primaria)<\/strong><\/span><\/u><\/p>\n<\/div>\n<\/div>\n<\/div>\n<\/div>\n<\/div>\n<\/div>\n<\/div>\n<\/div>\n<\/div>\n<\/section>\n<section id=\"h.43cc6950049cc3be_7\" class=\"yaqOZd\">\n<div class=\"IFuOkc\">&nbsp;<\/div>\n<div class=\"mYVXT\">\n<div class=\"LS81yb VICjCf\">\n<div class=\"hJDwNd-AhqUyc-uQSCkd purZT-AhqUyc-II5mzb pSzOP-AhqUyc-qWD73c JNdkSc\">\n<div class=\"JNdkSc-SmKAyb\">\n<div class=\"\">\n<div class=\"oKdM2c Kzv0Me\">\n<div id=\"h.43cc6950049cc3be_4\" class=\"hJDwNd-AhqUyc-uQSCkd jXK9ad D2fZ2 OjCsFc wHaque GNzUNc\">\n<div class=\"jXK9ad-SmKAyb\">\n<div class=\"tyJCtd mGzaTb baZpAe\">\n<p class=\"CDt4Ke zfr3Q\" dir=\"ltr\">El cheque libro se recoger\u00e1 en la Secretar\u00eda del centro. Se firmar\u00e1 la recepci\u00f3n del mismo por parte de la familia. Este cheque puede ser entregado en cualquier establecimiento dedicado a la venta de libros. Se aconseja reservarlos cuanto antes. El cheque se entregar\u00e1 al establecimiento una vez que nos den todos los libros que en \u00e9l figuran.<\/p>\n<p class=\"CDt4Ke zfr3Q\" dir=\"ltr\">Las familias deben comprobar que los libros entregados son los que aparecen en el cheque libro.<\/p>\n<p class=\"CDt4Ke zfr3Q\" dir=\"ltr\">Los libros que adquiere el alumnado de 1\u00ba y 2\u00ba son fungibles, es decir, el alumnado podr\u00e1 escribir en ellos durante el curso y al finalizar \u00e9ste se lo llevar\u00e1n para su casa. En el caso de que un alumno\/a se traslade de centro antes de finalizar el curso, debe dejar en el colegio los libros no usados.<\/p>\n<p class=\"CDt4Ke zfr3Q\" dir=\"ltr\">A principios de septiembre, las familias llevar\u00e1n los libros al colegio y una vez tengan la certeza de que son los que se han pedido, los forrar\u00e1n y pondr\u00e1n el nombre, apellidos y curso de su hijo\/a en la portada exterior en la parte superior central, con una etiqueta o similar.<\/p>\n<\/div>\n<\/div>\n<\/div>\n<\/div>\n<\/div>\n<\/div>\n<\/div>\n<\/div>\n<\/div>\n<\/section>\n<section id=\"h.43cc6950049cc3be_12\" class=\"yaqOZd lQAHbd\">\n<div class=\"IFuOkc\">&nbsp;<\/div>\n<div class=\"mYVXT\">\n<div class=\"LS81yb VICjCf\">\n<div class=\"hJDwNd-AhqUyc-uQSCkd purZT-AhqUyc-II5mzb pSzOP-AhqUyc-qWD73c JNdkSc\">\n<div class=\"JNdkSc-SmKAyb\">\n<div class=\"\">\n<div class=\"oKdM2c Kzv0Me\">\n<div id=\"h.43cc6950049cc3be_15\" class=\"hJDwNd-AhqUyc-uQSCkd jXK9ad D2fZ2 OjCsFc wHaque GNzUNc\">\n<div class=\"jXK9ad-SmKAyb\">\n<div class=\"tyJCtd mGzaTb baZpAe\">\n<p dir=\"ltr\">&nbsp;<\/p>\n<p class=\"CDt4Ke zfr3Q\" dir=\"ltr\"><u><span class=\" Rn3Z1b\"><strong>Cheque libro de 2\u00ba<\/strong><\/span> <span class=\" Rn3Z1b\"><strong>ciclo (<\/strong><\/span><span class=\" Rn3Z1b\"><strong>3<\/strong><\/span><span class=\" Rn3Z1b\"><strong>\u00ba y <\/strong><\/span><span class=\" Rn3Z1b\"><strong>4<\/strong><\/span><span class=\" Rn3Z1b\"><strong>\u00ba E.Primaria), 3<\/strong><\/span><sup class=\" jgG6ef\"><strong>er<\/strong><\/sup><span class=\" Rn3Z1b\"><strong> ciclo (5\u00ba y 6\u00ba de E. Primaria) y Secundaria ( 1\u00ba y 2\u00ba de la ESO )<\/strong><\/span><\/u><\/p>\n<\/div>\n<\/div>\n<\/div>\n<\/div>\n<\/div>\n<\/div>\n<\/div>\n<\/div>\n<\/div>\n<\/section>\n<section id=\"h.43cc6950049cc3be_19\" class=\"yaqOZd\">\n<div class=\"IFuOkc\">&nbsp;<\/div>\n<div class=\"mYVXT\">\n<div class=\"LS81yb VICjCf\">\n<div class=\"hJDwNd-AhqUyc-uQSCkd purZT-AhqUyc-II5mzb pSzOP-AhqUyc-qWD73c JNdkSc\">\n<div class=\"JNdkSc-SmKAyb\">\n<div class=\"\">\n<div class=\"oKdM2c Kzv0Me\">\n<div id=\"h.43cc6950049cc3be_16\" class=\"hJDwNd-AhqUyc-uQSCkd jXK9ad D2fZ2 OjCsFc wHaque GNzUNc\">\n<div class=\"jXK9ad-SmKAyb\">\n<div class=\"tyJCtd mGzaTb baZpAe\">\n<p class=\"CDt4Ke zfr3Q\" dir=\"ltr\">El alumnado de 3\u00ba, 4\u00ba, 5\u00ba , 6\u00ba de E.Primaria &nbsp;y 1\u00ba y 2\u00ba de la ESO tendr\u00e1 los libros en servicio de pr\u00e9stamo del curso anterior, por lo que las familias de este alumnado no tendr\u00e1n que recoger ning\u00fan cheque libro en la Secretar\u00eda del centro.<\/p>\n<p class=\"CDt4Ke zfr3Q\" dir=\"ltr\">Los libros que adquiere el alumnado de 3\u00ba, 4\u00ba, 5\u00ba &nbsp;6\u00ba &nbsp;y 1\u00ba y 2\u00ba de la ESO no son fungibles, es decir, el alumnado no podr\u00e1 escribir en ellos durante el curso y al finalizar \u00e9ste se entregar\u00e1 al centro en la \u00faltima semana del curso. Son libros que se utilizan en servicio de pr\u00e9stamo y en la portada interior, el centro coloca una etiqueta donde se escribe el nombre y apellidos del alumno\/a que lo va usando cada a\u00f1o.<\/p>\n<p class=\"CDt4Ke zfr3Q\" dir=\"ltr\">A principios de septiembre, se entregar\u00e1 al alumnado los libros de texto correspondientes, para que lo forren, y encima de este forro, peguen en la portada en la parte superior central, una etiqueta con su nombre, apellidos y curso.<\/p>\n<p class=\"CDt4Ke zfr3Q\" dir=\"ltr\">Al final de curso, la Comisi\u00f3n Permanente del Consejo Escolar o Comisi\u00f3n de Gratuidad de Libros del Consejo Escolar, revisar\u00e1 el estado de estos libros y, en caso de deterioro por parte del alumnado, ser\u00e1 repuesto por la familia y ,en caso de deterioro por el uso de muchos alumnos\/as, ser\u00e1 repuesto por el centro.<\/p>\n<\/div>\n<\/div>\n<\/div>\n<\/div>\n<\/div>\n<\/div>\n<\/div>\n<\/div>\n<\/div>\n<\/section>\n<p dir=\"ltr\">&nbsp;<\/p>\n<p dir=\"ltr\"><a href=\"https:\/\/blogsaverroes.juntadeandalucia.es\/cpsacratif\/files\/2022\/03\/Relacion_de_libros_usados_en_cada_materia.pdf\"><img loading=\"lazy\" decoding=\"async\" class=\"wp-image-1611 size-medium aligncenter\" src=\"https:\/\/blogsaverroes.juntadeandalucia.es\/cpsacratif\/files\/2022\/03\/F86CB457-B52A-41EA-A813-4EDD35789656-300x300.jpeg\" alt=\"Listado de libros de texto primaria y secundaria.\" width=\"300\" height=\"300\"><\/a><\/p>\n<p dir=\"ltr\"><span style=\"color: #ff0000\">Pincha en la imagen para ver el listado de libros de primaria y secundaria.&nbsp;<\/span><\/p>\n<p dir=\"ltr\">&nbsp;<\/p>\n<p dir=\"ltr\"><b><u>Cheque libro alumnado con N.E.E.( Necesidades educativas especiales ).<\/u><\/b><\/p>\n<p class=\"CDt4Ke zfr3Q\" dir=\"ltr\">Debido a que el alumnado con necesidades educativas especiales, puede presentar circunstancias muy diversas, se distinguir\u00e1n las posibles situaciones:<\/p>\n<ol class=\"n8H08c BKnRcf\">\n<li class=\"TYR86d wXCUfe zfr3Q\">\n<p class=\"CDt4Ke zfr3Q\" dir=\"ltr\">Alumnado con N.E.E., que utiliza los mismos materiales que el resto del alumnado de su curso: se le entregar\u00e1 el cheque-libro o reposici\u00f3n de los libros recogidos para su reutilizaci\u00f3n, como al resto de su grupo clase.<\/p>\n<\/li>\n<li class=\"TYR86d wXCUfe zfr3Q\">\n<p class=\"CDt4Ke zfr3Q\" dir=\"ltr\">Alumnado con N.E.E. que cursa utiliza materiales curriculares que pertenecen a otros cursos o niveles educativos o material adaptado a las necesidades individuales: se lo comprar\u00e1 o facilitar\u00e1 el centro a propuesta del equipo docente.<\/p>\n<p><img loading=\"lazy\" decoding=\"async\" class=\"aligncenter size-medium wp-image-1615\" src=\"https:\/\/blogsaverroes.juntadeandalucia.es\/cpsacratif\/files\/2022\/03\/0C5AB847-CC28-4A90-95CC-FEC8812F4097-295x300.jpeg\" alt=\"\" width=\"295\" height=\"300\"><\/p>\n<\/li>\n<\/ol>\n<\/div>\n<\/div>\n<\/div>\n<\/div>\n<\/div>\n<\/div>\n<\/div>\n<\/div>\n<\/div>\n<\/section>\n<p>[\/et_pb_text][\/et_pb_column][\/et_pb_row][\/et_pb_section]<\/p>\n","protected":false},"excerpt":{"rendered":"<p>El Estatuto de Autonom\u00eda reconoce como derecho la gratuidad de los libros de texto en la ense\u00f1anza obligatoria en los centros docentes sostenidos con fondos p\u00fablicos. La aplicaci\u00f3n de este derecho se canaliza a trav\u00e9s del Programa de Gratuidad de Libros de Texto que ejecuta la Consejer\u00eda de Educaci\u00f3n. Los libros de textos ser\u00e1n propiedad [&hellip;]<\/p>\n","protected":false},"author":11443,"featured_media":0,"parent":0,"menu_order":0,"comment_status":"closed","ping_status":"closed","template":"","meta":{"_et_pb_use_builder":"on","_et_pb_old_content":"","_et_gb_content_width":"","ngg_post_thumbnail":0,"footnotes":""},"aioseo_notices":[],"_links":{"self":[{"href":"https:\/\/blogsaverroes.juntadeandalucia.es\/cpsacratif\/wp-json\/wp\/v2\/pages\/1414"}],"collection":[{"href":"https:\/\/blogsaverroes.juntadeandalucia.es\/cpsacratif\/wp-json\/wp\/v2\/pages"}],"about":[{"href":"https:\/\/blogsaverroes.juntadeandalucia.es\/cpsacratif\/wp-json\/wp\/v2\/types\/page"}],"author":[{"embeddable":true,"href":"https:\/\/blogsaverroes.juntadeandalucia.es\/cpsacratif\/wp-json\/wp\/v2\/users\/11443"}],"replies":[{"embeddable":true,"href":"https:\/\/blogsaverroes.juntadeandalucia.es\/cpsacratif\/wp-json\/wp\/v2\/comments?post=1414"}],"version-history":[{"count":8,"href":"https:\/\/blogsaverroes.juntadeandalucia.es\/cpsacratif\/wp-json\/wp\/v2\/pages\/1414\/revisions"}],"predecessor-version":[{"id":1622,"href":"https:\/\/blogsaverroes.juntadeandalucia.es\/cpsacratif\/wp-json\/wp\/v2\/pages\/1414\/revisions\/1622"}],"wp:attachment":[{"href":"https:\/\/blogsaverroes.juntadeandalucia.es\/cpsacratif\/wp-json\/wp\/v2\/media?parent=1414"}],"curies":[{"name":"wp","href":"https:\/\/api.w.org\/{rel}","templated":true}]}}