{"id":1420,"date":"2022-02-17T23:33:00","date_gmt":"2022-02-17T22:33:00","guid":{"rendered":"https:\/\/blogsaverroes.juntadeandalucia.es\/cpsacratif\/?page_id=1420"},"modified":"2022-03-24T14:05:04","modified_gmt":"2022-03-24T13:05:04","slug":"documentos","status":"publish","type":"page","link":"https:\/\/blogsaverroes.juntadeandalucia.es\/cpsacratif\/documentos\/","title":{"rendered":"DOCUMENTOS"},"content":{"rendered":"<p><img loading=\"lazy\" decoding=\"async\" class=\"wp-image-1834 alignleft\" src=\"https:\/\/blogsaverroes.juntadeandalucia.es\/cpsacratif\/files\/2022\/03\/Documentos_Secretaria-300x88.png\" alt=\"\" width=\"613\" height=\"180\" srcset=\"https:\/\/blogsaverroes.juntadeandalucia.es\/cpsacratif\/files\/2022\/03\/Documentos_Secretaria-300x88.png 613w, https:\/\/blogsaverroes.juntadeandalucia.es\/cpsacratif\/files\/2022\/03\/Documentos_Secretaria-480x140.png 480w\" sizes=\"(min-width: 0px) and (max-width: 480px) 480px, (min-width: 481px) 613px, 100vw\" \/>&nbsp; &nbsp; &nbsp; &nbsp; &nbsp; &nbsp; &nbsp; <img loading=\"lazy\" decoding=\"async\" class=\" wp-image-1835 alignright\" src=\"https:\/\/blogsaverroes.juntadeandalucia.es\/cpsacratif\/files\/2022\/03\/images.jpg\" alt=\"\" width=\"285\" height=\"202\"><\/p>\n<p>&nbsp;<\/p>\n<p>En la siguiente p\u00e1gina encontrar\u00e1 aquellos documentos necesarios para realizar un tr\u00e1mite en nuestra secretaria:<\/p>\n<p>&nbsp;<\/p>\n<p><strong>TR\u00c1MITES DEL PROGRAMA DE GRATUIDAD DE LIBROS:<\/strong><\/p>\n<ul>\n<li><span style=\"color: #3366ff\"><a style=\"color: #3366ff\" href=\"https:\/\/blogsaverroes.juntadeandalucia.es\/cpsacratif\/files\/2022\/03\/Perdida-de-cheque-libro-.doc\">Perdida de cheque libro<\/a><\/span><\/li>\n<li><span style=\"color: #3366ff\"><a style=\"color: #3366ff\" href=\"https:\/\/blogsaverroes.juntadeandalucia.es\/cpsacratif\/files\/2022\/03\/Certificado-de-entrega-de-libros-por-alumnado-RELLENABLE-trasladado.pdf\">Certificado-de-entrega-de-libros-por-alumnado- RELLENABLE trasladado<\/a><\/span><\/li>\n<li><span style=\"color: #3366ff\"><a style=\"color: #3366ff\" href=\"https:\/\/blogsaverroes.juntadeandalucia.es\/cpsacratif\/files\/2022\/03\/RECOGIDA-DE-LIBROS-DE-TEXTO-PRIMARIA.doc\">RECOGIDA DE LIBROS DE TEXTO PRIMARIA<\/a><\/span><\/li>\n<li><span style=\"color: #3366ff\"><a style=\"color: #3366ff\" href=\"https:\/\/blogsaverroes.juntadeandalucia.es\/cpsacratif\/files\/2022\/03\/RECOGIDA-DE-LIBROS-DE-TEXTO-SECUNDARIA.doc\">RECOGIDA DE LIBROS DE TEXTO SECUNDARIA<\/a><\/span><\/li>\n<\/ul>\n<p>&nbsp;<\/p>\n<p><strong>TR\u00c1MITES DEL ALUMNADO:<\/strong><\/p>\n<ul>\n<li><span style=\"color: #3366ff\"><a style=\"color: #3366ff\" href=\"https:\/\/blogsaverroes.juntadeandalucia.es\/cpsacratif\/files\/2022\/03\/AUTORIZACION-DE-RECOGIDA-DE-ALUMNO-A-LA-SALIDA-DEL-COLEGIO.docx\">AUTORIZACION DE RECOGIDA DE ALUMNO A LA SALIDA DEL COLEGIO<\/a><\/span><\/li>\n<li><span style=\"color: #3366ff\"><a style=\"color: #3366ff\" href=\"https:\/\/blogsaverroes.juntadeandalucia.es\/cpsacratif\/files\/2022\/03\/Comunicacion-de-falta-de-asistencia-de-alumnado.pdf\">Comunicacion de falta de asistencia de alumnado<\/a><\/span><\/li>\n<li><span style=\"color: #3366ff\"><a style=\"color: #3366ff\" href=\"https:\/\/blogsaverroes.juntadeandalucia.es\/cpsacratif\/files\/2022\/03\/Comunicacion-familiar-de-traslado-de-centro.pdf\">Comunicacion familiar de traslado de centro con pensamiento de retornar.<\/a><\/span><\/li>\n<li><span style=\"color: #3366ff\"><a style=\"color: #3366ff\" href=\"https:\/\/blogsaverroes.juntadeandalucia.es\/cpsacratif\/files\/2022\/03\/Solicitud-de-trasladode-alumno-del-centro-escolar-sin-pensamiento-de-retornar..docx\">Comunicaci\u00f3n familiar de traslado de alumno del centro escolar sin pensamiento de retornar.<\/a><\/span><\/li>\n<li><span style=\"color: #0000ff\"><a style=\"color: #0000ff\" href=\"https:\/\/blogsaverroes.juntadeandalucia.es\/cpsacratif\/files\/2022\/03\/SOLICITUD-DE-SALIDA-DE-ALUMNO-EN-HORARIO-ESCOLAR.-1.pdf\">SOLICITUD DE SALIDA DE ALUMNO EN HORARIO ESCOLAR.<\/a><\/span><\/li>\n<li><span style=\"color: #3366ff\"><a style=\"color: #3366ff\" href=\"https:\/\/blogsaverroes.juntadeandalucia.es\/cpsacratif\/files\/2022\/03\/AUTORIZACI\u00d3N-FAMILIAR-PARA-IR-A-UNA-ACTIVIDAD-EXTRAESCOLAR.docx\">AUTORIZACI\u00d3N FAMILIAR PARA IR A UNA ACTIVIDAD EXTRAESCOLAR<\/a><\/span><\/li>\n<li><span style=\"color: #3366ff\"><a style=\"color: #3366ff\" href=\"https:\/\/blogsaverroes.juntadeandalucia.es\/cpsacratif\/files\/2022\/03\/AUTORIZACIO\u0301N-DE-USO-DE-CUENTAS-G-SUITE-PARA-CENTROS-EDUCATIVOS-ceip-sacratif.pdf\">AUTORIZACIO\u0301N-DE-USO-DE-CUENTAS-G-SUITE-PARA-CENTROS-EDUCATIVOS-ceip sacratif<\/a><\/span><\/li>\n<\/ul>\n<p>&nbsp;<\/p>\n<p><strong>TR\u00c1MITES DEL PROFESORADO:<\/strong><\/p>\n<ul>\n<li><span style=\"color: #0000ff\"><a style=\"color: #0000ff\" href=\"https:\/\/www.juntadeandalucia.es\/educacion\/portals\/delegate\/content\/19169456-b3c2-45e9-827f-933ae186acee\/Anexo%20I\">Nuevo Formulario permisos&nbsp; licencias y reducci\u00f3n de jornada.<\/a><\/span><\/li>\n<li><span style=\"color: #0000ff\"><a style=\"color: #0000ff\" href=\"https:\/\/www.juntadeandalucia.es\/educacion\/portals\/delegate\/content\/1dad2c94-2b01-407a-b93b-1991bcf03718\/Anexo%20II%20-%20Cuadro%20Resumen%20de%20permisos,%20licencias%20y%20reducciones%20de%20jornada\">Anexo II Cuadro resumen de permisos,licencias y reducci\u00f3n de jornada.<\/a><\/span><\/li>\n<li><span style=\"color: #3366ff\"><a style=\"color: #3366ff\" href=\"https:\/\/blogsaverroes.juntadeandalucia.es\/cpsacratif\/files\/2022\/03\/TEL\u00c9FONOS-DE-LA-DELEGACION-DE-EDUCACI\u00d3N-GRANADA.pdf\">TEL\u00c9FONOS DE LA DELEGACION DE EDUCACI\u00d3N GRANADA<\/a><\/span><\/li>\n<li><span style=\"color: #3366ff\"><a style=\"color: #3366ff\" title=\"CALENDARIO DE RESERVA DE ORDENADORES PORTATILES PLANTA 1\u00ba\" href=\"https:\/\/blogsaverroes.juntadeandalucia.es\/cpsacratif\/files\/2022\/03\/Recogida-inicial-de-informacion-del-alumnado-para-el-tutor-1.docx\">Recogida inicial de informacion del alumnado para el tutor<\/a><\/span><\/li>\n<li><span style=\"color: #3366ff\"><a style=\"color: #3366ff\" href=\"https:\/\/blogsaverroes.juntadeandalucia.es\/cpsacratif\/files\/2022\/03\/FICHA-DEL-PROFESORADO-PARA-REALIZAR-UNA-ACTIVIDAD-EXTRAESCOLAR.docx\">FICHA DEL PROFESORADO PARA REALIZAR UNA ACTIVIDAD EXTRAESCOLAR<\/a><\/span><\/li>\n<li><span style=\"color: #3366ff\"><a style=\"color: #3366ff\" href=\"https:\/\/blogsaverroes.juntadeandalucia.es\/cpsacratif\/files\/2022\/03\/HOJA-DE-INVENTARIO.doc\">HOJA DE INVENTARIO<\/a><\/span><\/li>\n<\/ul>\n<p>&nbsp;<\/p>\n<p><strong>TR\u00c1MITES DEL COMEDOR &#8211; AULA MATINAL:<\/strong><\/p>\n<ul>\n<li><span style=\"color: #3366ff\"><a style=\"color: #3366ff\" href=\"https:\/\/blogsaverroes.juntadeandalucia.es\/cpsacratif\/files\/2022\/03\/AUTORIZACION-DE-RECOGIDA-DE-ALUMNO-DE-COMEDOR.docx\">AUTORIZACION DE RECOGIDA DE ALUMNO DE COMEDOR<\/a><\/span><\/li>\n<li><span style=\"color: #3366ff\"><a style=\"color: #3366ff\" href=\"https:\/\/blogsaverroes.juntadeandalucia.es\/cpsacratif\/files\/2022\/03\/Plan-de-Apertura-Recurso-de-alzada-la-RESOLUCIO\u0301N-DE-ADMISIO\u0301N.pdf\">Plan de Apertura &#8211; Recurso de alzada la RESOLUCIO\u0301N DE ADMISIO\u0301N<\/a><\/span><\/li>\n<li><span style=\"color: #3366ff\"><a style=\"color: #3366ff\" href=\"https:\/\/blogsaverroes.juntadeandalucia.es\/cpsacratif\/files\/2022\/03\/Recurso-reposicio\u0301n-contra-la-bonificacio\u0301n.pdf\">Recurso reposicio\u0301n contra la bonificacio\u0301n<\/a><\/span><\/li>\n<\/ul>\n<p>&nbsp;<\/p>\n<p><strong>TR\u00c1MITES DE SECRETARIA:<\/strong><\/p>\n<ul>\n<li><span style=\"color: #3366ff\"><a style=\"color: #3366ff\" href=\"https:\/\/blogsaverroes.juntadeandalucia.es\/cpsacratif\/files\/2022\/03\/SOLICITUD-DE-DOCUMENTACION-DE-ALUMNOS.docx\">SOLICITUD DE DOCUMENTACION DE ALUMNOS<\/a><\/span><\/li>\n<li><span style=\"color: #3366ff\"><a style=\"color: #3366ff\" href=\"https:\/\/blogsaverroes.juntadeandalucia.es\/cpsacratif\/files\/2022\/03\/TEL\u00c9FONOS-DE-LA-DELEGACION-DE-EDUCACI\u00d3N-GRANADA.pdf\">TEL\u00c9FONOS DE LA DELEGACION DE EDUCACI\u00d3N GRANADA<\/a><\/span><\/li>\n<\/ul>\n<p>&nbsp;<\/p>\n<p><strong>TR\u00c1MITES PARA RESERVA DE PORT\u00c1TILES:<\/strong><\/p>\n<ul>\n<li><span style=\"color: #0000ff\"><a style=\"color: #0000ff\" title=\"CALENDARIO DE RESERVA DE ORDENADORES PORTATILES PLANTA 1\u00ba\" href=\"https:\/\/calendar.google.com\/calendar\/u\/0?cid=Y18za3RlcjdsazE4YnUybmgwdWw3dGlvcGE1MEBncm91cC5jYWxlbmRhci5nb29nbGUuY29t\">CALENDARIO DE RESERVA DE ORDENADORES PORTATILES PLANTA 1\u00ba<\/a><\/span><\/li>\n<li><span style=\"color: #3366ff\"><a style=\"color: #3366ff\" href=\"https:\/\/calendar.google.com\/calendar\/u\/0?cid=Y19xZzd0N3UwcDM3Ymx1amhybThoa3BocXAzMEBncm91cC5jYWxlbmRhci5nb29nbGUuY29t\">CALENDARIO DE RESERVA DE ORDENADORES PORTATILES PLANTA BAJA<\/a><\/span><\/li>\n<li><span style=\"color: #3366ff\"><a style=\"color: #3366ff\" href=\"https:\/\/calendar.google.com\/calendar\/u\/0?cid=Y19hZzdmNGsyaTZ0ZDQ5cm5kbnFwMzJiNWR2NEBncm91cC5jYWxlbmRhci5nb29nbGUuY29t\">CALENDARIO DE RESERVA DE ORDENADORES PORTATILES DE ROB\u00d3TICA<\/a><\/span><\/li>\n<li><span style=\"color: #3366ff\"><a style=\"color: #3366ff\" href=\"https:\/\/blogsaverroes.juntadeandalucia.es\/cpsacratif\/files\/2022\/03\/HOJA-DE-PRESTAMO-DE-PORTATILES-copia.docx\"><span style=\"color: #3366ff\">HOJA DE PRESTAMO DE PORTATILES <\/span><\/a><\/span><\/li>\n<li><span style=\"color: #3366ff\"><a style=\"color: #3366ff\" href=\"https:\/\/blogsaverroes.juntadeandalucia.es\/cpsacratif\/files\/2022\/03\/HOJA-DE-DEVOLUCION-DE-PORTATILES.docx\">HOJA DE DEVOLUCION DE PORTATILES<\/a><\/span><\/li>\n<\/ul>\n<p>Si detectamos alguna averia o deterioro de algun material de relacionado con las TIC (ordenadores portatiles, pizarras digitales etc..) deberemos de notificarlo a Secretaria de la siguiente manera, se rellena uno de los archivos siguientes&nbsp; &nbsp;y se envia por correo electronico a la siguiente direccion: <span style=\"color: #0000ff\">18006820.edu@juntadeandalucia.es<\/span> en el asunto se pone &#8221; Deterioro de material TIC &#8221;<\/p>\n<ul>\n<li><span style=\"color: #0000ff\"><a style=\"color: #0000ff\" href=\"https:\/\/blogsaverroes.juntadeandalucia.es\/cpsacratif\/files\/2022\/03\/Hoja-de-averias-o-roturas-de-ordenadores.pdf\">Hoja de averias o roturas de ordenadores<\/a><\/span><\/li>\n<li><span style=\"color: #0000ff\"><a style=\"color: #0000ff\" href=\"https:\/\/blogsaverroes.juntadeandalucia.es\/cpsacratif\/files\/2022\/03\/COMUNICACI\u00d3N-DE-AVERIAS-ROTURAS-DE-CLASE.-1.xls\">COMUNICACI\u00d3N DE AVERIAS &#8211; ROTURAS DE CLASE.<\/a><\/span><\/li>\n<\/ul>\n<p>&nbsp;<\/p>\n<p><strong>TR\u00c1MITES DE DETERIORO DE MATERIAL:<\/strong><\/p>\n<p>Si detectamos alguna averia o deterioro de algun material de la clase o del centro en general deberemos de notificarlo a Secretaria de la siguiente manera, se rellena&nbsp; el archivo adjunto (es un archivo en excell ) y se envia por correo electronico a la siguiente direccion: <span style=\"color: #0000ff\">18006820.edu@juntadeandalucia.es<\/span> en el asunto se pone &#8221; Deterioro de material &#8221;<\/p>\n<ul>\n<li><span style=\"color: #0000ff\"><a style=\"color: #0000ff\" href=\"https:\/\/blogsaverroes.juntadeandalucia.es\/cpsacratif\/files\/2022\/03\/COMUNICACI\u00d3N-DE-AVERIAS-ROTURAS-DE-CLASE.-2.xls\">COMUNICACI\u00d3N DE AVERIAS &#8211; ROTURAS DE CLASE.<\/a><\/span><\/li>\n<\/ul>\n","protected":false},"excerpt":{"rendered":"<p>&nbsp; &nbsp; &nbsp; &nbsp; &nbsp; &nbsp; &nbsp; &nbsp; En la siguiente p\u00e1gina encontrar\u00e1 aquellos documentos necesarios para realizar un tr\u00e1mite en nuestra secretaria: &nbsp; TR\u00c1MITES DEL PROGRAMA DE GRATUIDAD DE LIBROS: Perdida de cheque libro Certificado-de-entrega-de-libros-por-alumnado- RELLENABLE trasladado RECOGIDA DE LIBROS DE TEXTO PRIMARIA RECOGIDA DE LIBROS DE TEXTO SECUNDARIA &nbsp; TR\u00c1MITES DEL ALUMNADO: AUTORIZACION [&hellip;]<\/p>\n","protected":false},"author":11443,"featured_media":0,"parent":0,"menu_order":0,"comment_status":"closed","ping_status":"closed","template":"","meta":{"_et_pb_use_builder":"","_et_pb_old_content":"","_et_gb_content_width":"","ngg_post_thumbnail":0,"footnotes":""},"aioseo_notices":[],"_links":{"self":[{"href":"https:\/\/blogsaverroes.juntadeandalucia.es\/cpsacratif\/wp-json\/wp\/v2\/pages\/1420"}],"collection":[{"href":"https:\/\/blogsaverroes.juntadeandalucia.es\/cpsacratif\/wp-json\/wp\/v2\/pages"}],"about":[{"href":"https:\/\/blogsaverroes.juntadeandalucia.es\/cpsacratif\/wp-json\/wp\/v2\/types\/page"}],"author":[{"embeddable":true,"href":"https:\/\/blogsaverroes.juntadeandalucia.es\/cpsacratif\/wp-json\/wp\/v2\/users\/11443"}],"replies":[{"embeddable":true,"href":"https:\/\/blogsaverroes.juntadeandalucia.es\/cpsacratif\/wp-json\/wp\/v2\/comments?post=1420"}],"version-history":[{"count":21,"href":"https:\/\/blogsaverroes.juntadeandalucia.es\/cpsacratif\/wp-json\/wp\/v2\/pages\/1420\/revisions"}],"predecessor-version":[{"id":1892,"href":"https:\/\/blogsaverroes.juntadeandalucia.es\/cpsacratif\/wp-json\/wp\/v2\/pages\/1420\/revisions\/1892"}],"wp:attachment":[{"href":"https:\/\/blogsaverroes.juntadeandalucia.es\/cpsacratif\/wp-json\/wp\/v2\/media?parent=1420"}],"curies":[{"name":"wp","href":"https:\/\/api.w.org\/{rel}","templated":true}]}}