{"id":1424,"date":"2022-02-17T23:35:50","date_gmt":"2022-02-17T22:35:50","guid":{"rendered":"https:\/\/blogsaverroes.juntadeandalucia.es\/cpsacratif\/?page_id=1424"},"modified":"2022-03-15T13:46:46","modified_gmt":"2022-03-15T12:46:46","slug":"protocolo-de-actividades-extraescolares","status":"publish","type":"page","link":"https:\/\/blogsaverroes.juntadeandalucia.es\/cpsacratif\/protocolo-de-actividades-extraescolares\/","title":{"rendered":"Protocolo  de actividades extraescolares"},"content":{"rendered":"<p><img loading=\"lazy\" decoding=\"async\" class=\"aligncenter size-full wp-image-1735\" src=\"https:\/\/blogsaverroes.juntadeandalucia.es\/cpsacratif\/files\/2022\/03\/imagesatividades.png\" alt=\"\" width=\"299\" height=\"168\"><\/p>\n<p>&nbsp;<\/p>\n<p>&nbsp; Dentro del marco legal que regulan las Actividades Extraescolares, fijamos una serie de normas que regulen la programaci\u00f3n, la realizaci\u00f3n y la gesti\u00f3n de las mismas.<\/p>\n<p>&nbsp;<\/p>\n<ol>\n<li><strong>Programaci\u00f3n.<\/strong><\/li>\n<\/ol>\n<p><strong>&nbsp;<\/strong><\/p>\n<p>&nbsp; &nbsp; &nbsp; &nbsp; &nbsp; La programaci\u00f3n y preparaci\u00f3n de las Actividades Extraescolares debe realizarse siguiendo las siguientes pautas:<\/p>\n<p>&nbsp;<\/p>\n<ol>\n<li>La actividad organizada por el tutor\/a o especialista debe aparecer en la Programaci\u00f3n de la Asignatura, con indicaci\u00f3n de los fines pedag\u00f3gicos de la misma, fecha pr\u00f3xima de realizaci\u00f3n, alumnado al que va destinada y profesorado responsable.<\/li>\n<\/ol>\n<p>&nbsp;<\/p>\n<ol start=\"2\">\n<li>Todas las actividades deben ser aprobadas por el Consejo Escolar a propuesta de los diferentes ciclos o del Equipo Directivo. En casos donde la urgencia de su aprobaci\u00f3n lo requiera se podr\u00e1 solicitar una aprobaci\u00f3n provisional a la Comisi\u00f3n de Actividades Extraescolares del Consejo Escolar.<\/li>\n<\/ol>\n<p>&nbsp;<\/p>\n<ol start=\"3\">\n<li>La participaci\u00f3n en las actividades realizadas dentro del horario lectivo (aunque a veces puedan prolongarse m\u00e1s all\u00e1 de este) es obligatorio para aquellos alumnos a los que va destinada. El centro garantizar\u00e1 la realizaci\u00f3n de la actividad por parte de todos.<\/li>\n<li>Las actividades realizadas en horario no lectivo son voluntarias.<\/li>\n<li>En las actividades organizadas de una determinada asignatura y nivel participar\u00e1n todos los grupos que tengan alumnado matriculado en esa asignatura.<\/li>\n<li>El Proyecto debe presentarse ante equipo de ciclo con un m\u00ednimo de treinta d\u00edas previos a la realizaci\u00f3n de la actividad.<\/li>\n<li>No se aceptar\u00e1n aquellas actividades que no est\u00e9n en relaci\u00f3n con los objetivos y contenidos se\u00f1alados en las programaciones did\u00e1cticas o que no desarrollen los principios recogidos en el Proyecto Educativo.<\/li>\n<li>En caso desplazamientos fuera del centro el alumnado participante deber\u00e1 aportar una autorizaci\u00f3n de sus padres .<\/li>\n<\/ol>\n<p>&nbsp;<\/p>\n<p>Para la aprobaci\u00f3n de una actividad ser\u00e1 necesaria la realizaci\u00f3n de un sencillo proyectoque conste de:<\/p>\n<p>&nbsp;<\/p>\n<ol>\n<li><strong>Objetivos.<\/strong><\/li>\n<li><strong>Descripci\u00f3n (contenidos).<\/strong><\/li>\n<li><strong>Evaluaci\u00f3n: inclusi\u00f3n de la actividad en la programaci\u00f3n did\u00e1ctica de la asignatura<\/strong><\/li>\n<li><strong>Grupo de alumnos\/as participantes.<\/strong><\/li>\n<li><strong>Profesorado responsable.<\/strong><\/li>\n<li><strong>Fecha y lugar.<\/strong><\/li>\n<li><strong>Costes y financiaci\u00f3n.<\/strong><\/li>\n<\/ol>\n<p><strong>&nbsp;<\/strong><\/p>\n<p>&nbsp;<\/p>\n<ol start=\"2\">\n<li><strong>Realizaci\u00f3n.<\/strong><\/li>\n<\/ol>\n<p><strong>&nbsp;<\/strong><\/p>\n<p>Para la realizaci\u00f3n de desplazamientos fuera de la localidad deberemos tener en cuenta:<\/p>\n<p>&nbsp;<\/p>\n<ol>\n<li>Todos los profesores\/as responsables de una actividad participar\u00e1n y colaborar\u00e1n en la organizaci\u00f3n de la misma de forma que no quede la responsabilidad en manos de un solo profesor.<\/li>\n<li>Todos los profesores\/as responsables acompa\u00f1ar\u00e1n a los\/as alumnos\/as participantes desde el comienzo hasta el final de la actividad.<\/li>\n<li>Como norma participar\u00e1 un profesor por cada grupo de veinte alumnos, con un m\u00ednimo de dos profesores en cada actividad. En caso de pernoctar el m\u00ednimo de profesores ser\u00e1 de tres. Siempre a criterios de la organizaci\u00f3n, del Equipo Directivo y de la disponibilidad del Centro.<\/li>\n<li>El n\u00famero de alumnos participantes necesarios para poder realizar una actividad deber\u00e1 ser superior al 50% de los alumnos a los que va dirigida dicha actividad, teniendo en cuenta las circunstancias espec\u00edficas de cada actividad.<\/li>\n<li>Los profesores responsables de una actividad extraescolar deber\u00e1n dejar en la Direcci\u00f3n una lista con la relaci\u00f3n nominal de alumnos\/as y profesores participantes 48 horas antes de realizar la misma.<\/li>\n<li>Las horas de clase de los profesores que asisten a una actividad extraescolar ser\u00e1n cubiertas por los profesores del centro con el siguiente orden:<\/li>\n<\/ol>\n<p>&nbsp;<\/p>\n<ul>\n<li><strong>Los profesores que libren por ausencia de los alumnos que est\u00e1n asintiendo a la citada actividad.<\/strong><\/li>\n<li><strong>Los profesores de guardia del centro.<\/strong><\/li>\n<\/ul>\n<p><strong>&nbsp;<\/strong><\/p>\n<ol start=\"7\">\n<li>Los alumnos que no realicen la actividad deber\u00e1n asistir al centro y realizar los trabajos que dejen los profesores que asisten a la misma. Estos ser\u00e1n agrupados siguiendo los criterios de la Jefatura de estudios, teniendo en cuenta la posibilidad de agruparlos formando el menor n\u00famero posible de grupos.<\/li>\n<li>Los profesores que asisten a una actividad deber\u00e1n tener cubierto sus gastos de manutenci\u00f3n y desplazamiento. En caso de que no est\u00e9n cubiertos percibir\u00e1 de la organizaci\u00f3n una dieta por cada comida que realice y, en caso de que use su veh\u00edculo para alg\u00fan desplazamiento percibir\u00e1 el precio por Km que determin\u00e9 cada a\u00f1o el centro para los viajes. (Durante este curso la dieta es de 20 \u20ac\/comida y de 0,20 \u20ac\/Km)<\/li>\n<li>La fecha l\u00edmite para realizar una actividad extraescolar que requiera salida de la localidad ser\u00e1 el 15 de mayo de cada curso. S\u00f3lo se permitir\u00e1 realizar alguna actividad posteriormente a esta fecha si est\u00e1 recogida en el Plan Anual.<\/li>\n<li>Las actividades generales del centro que se programen para los d\u00edas oficiales de Constituci\u00f3n, Paz, Andaluc\u00eda, etc., deber\u00e1n ser claras, cerradas y concretas. En caso contrario, cada ciclo realizar\u00e1 las programadas en su Plan Anual y en su programaci\u00f3n.<\/li>\n<\/ol>\n<p>&nbsp;<\/p>\n<p>&nbsp;<\/p>\n<p><strong>&nbsp;&nbsp;&nbsp;&nbsp;&nbsp;&nbsp;&nbsp; Para la realizaci\u00f3n de una actividad nos remitiremos a las normas de convivencia del Centro. En todo caso, se respetar\u00e1 el DECRETO 85\/1999, de 6 de abril, por el que se regulan los derechos y deberes del alumnado y las correspondientes normas de Convivencia en los Centros docentes p\u00fablicos y privados concertados no universitarios.<\/strong><\/p>\n<p><strong>&nbsp;<\/strong><\/p>\n<p><strong>Los criterios para asistir a las actividades extraescolares que supongan salida fuera de la localidad son los siguientes:<\/strong><\/p>\n<p><strong>&nbsp;<\/strong><\/p>\n<ol>\n<li>Podr\u00e1 participar todo el alumnado que no haya tenido alguna conducta considerada gravemente perjudicial para la convivencia durante el mes anterior a la realizaci\u00f3n de la actividad<\/li>\n<li>Aquellos alumnos o alumnas que durante una actividad extraescolar fuera del centro cometa una falta grave, no volver\u00e1n a participar en ninguna otra durante el resto del curso.<\/li>\n<li>No podr\u00e1n participar aquellos alumnos y alumnas que sean absentistas totales parciales. Se considerar\u00e1n absentistas parciales aquellos(as) que tengan m\u00e1s de cinco faltas (m\u00e1s de 30 horas) de asistencia sin justificar en el per\u00edodo de un mes previo a la realizaci\u00f3n de la actividad.<\/li>\n<li>No podr\u00e1n participar aquellos alumnos y alumnas que no colaboren habitualmente en el desarrollo de las actividades en tres o m\u00e1s \u00e1reas o asignaturas. Para ello, el(la) tutor(a) consultar\u00e1 la documentaci\u00f3n recogida en S\u00e9neca, referida a evaluaciones, faltas de asistencia y faltas de disciplina, y junto con el Equipo Educativo tomaran una decisi\u00f3n e informar\u00e1n a los responsables de la misma.<\/li>\n<li>No obstante y como norma general, los alumnos o las alumnas que se encuentren en alguno de los supuestos anteriores y que muestren su inter\u00e9s por asistir a alguna actividad extraescolar podr\u00e1n solicitar de la Comisi\u00f3n de Convivencia la posibilidad de autorizar su participaci\u00f3n.<\/li>\n<\/ol>\n<p>&nbsp;<\/p>\n<p><strong>Forma de proceder para la aplicaci\u00f3n de estos criterios:<\/strong><\/p>\n<p><strong>&nbsp;<\/strong><\/p>\n<ol>\n<li>El profesorado responsable de una salida deber\u00e1 pedir informe a los(as) tutores(as) de los grupos implicados.<\/li>\n<li>Los(as) tutores informar\u00e1n, consultando para ello al Equipo Educativo y, en su caso, a la Jefatura de Estudios.<\/li>\n<li>En caso de aplicaci\u00f3n del criterio 5 por parte del tutor o tutora, el profesorado responsable de la actividad solicitar\u00e1 a la Direcci\u00f3n la reuni\u00f3n de la Comisi\u00f3n de Convivencia para someterlo a su criterio.<\/li>\n<\/ol>\n<p>&nbsp;<\/p>\n<ol start=\"3\">\n<li><strong> Financiaci\u00f3n.<\/strong><\/li>\n<\/ol>\n<p><strong>&nbsp;<\/strong><\/p>\n<p>En la preparaci\u00f3n de cada actividad se indicar\u00e1n los costes y los medios de financiaci\u00f3n, desglosando (en su caso):<\/p>\n<p>&nbsp;<\/p>\n<ol>\n<li>Aportaciones del centro.<\/li>\n<li>Aportaciones de la AMPA.<\/li>\n<li>Aportaciones del Alumnado.<\/li>\n<li>Aportaciones de otras entidades.<\/li>\n<li>Ingresos especiales (venta de productos y\/o organizaci\u00f3n de algunas actividades de recaudaci\u00f3n de fondos).<\/li>\n<\/ol>\n<p>&nbsp;<\/p>\n<p>&nbsp;Si queda algo de remanente de una actividad&nbsp; quedara a disposici\u00f3n del centro para gastos o a disposici\u00f3n del alumnado que ha participado en la actividad ,seg\u00fan vean los organizadores, en ning\u00fan caso ser\u00e1 para uso personal o para ni\u00f1os que no han participado en la actividad.<\/p>\n<p><strong>&nbsp;<\/strong><\/p>\n<ol start=\"4\">\n<li><strong> Memoria.<\/strong><\/li>\n<\/ol>\n<p><strong>&nbsp;<\/strong><\/p>\n<p>&nbsp;&nbsp; Al finalizar la actividad se redactar\u00e1 una breve memoria en la que se hagan constar las incidencias, consejos y grado de satisfacci\u00f3n por la actividad, procurando recoger el sentir de los alumnos y alumnas participantes, puesto que esta memoria ser\u00e1 muy \u00fatil para plantear actividades otros cursos.<\/p>\n<p>En los siguientes enlaces os podreis bajar un modelo de autorizaci\u00f3n para d\u00e1rselo a las familias y la ficha de la memoria de la actividad extraescolar que hay que rellenar previo a la actividad extraescolar a realizar.<\/p>\n<p><span style=\"color: #0000ff\"><a style=\"color: #0000ff\" href=\"https:\/\/blogsaverroes.juntadeandalucia.es\/cpsacratif\/files\/2022\/03\/Ficha-de-de-la-actividad-extraescolar.docx\">Ficha de la memoria de la actividad extraescolar que hay que presentar a la Jefatura de Estudios.<\/a><\/span><\/p>\n<p><span style=\"color: #0000ff\"><a style=\"color: #0000ff\" href=\"https:\/\/blogsaverroes.juntadeandalucia.es\/cpsacratif\/files\/2022\/03\/autorizaci\u00f3n-para-actividad-extraescolar.docx\">Ficha de alumno para la autorizaci\u00f3n de la actividad extraescolar<\/a><\/span><\/p>\n<p>&nbsp;<\/p>\n","protected":false},"excerpt":{"rendered":"<p>&nbsp; &nbsp; Dentro del marco legal que regulan las Actividades Extraescolares, fijamos una serie de normas que regulen la programaci\u00f3n, la realizaci\u00f3n y la gesti\u00f3n de las mismas. &nbsp; Programaci\u00f3n. &nbsp; &nbsp; &nbsp; &nbsp; &nbsp; &nbsp; La programaci\u00f3n y preparaci\u00f3n de las Actividades Extraescolares debe realizarse siguiendo las siguientes pautas: &nbsp; La actividad organizada por [&hellip;]<\/p>\n","protected":false},"author":11443,"featured_media":0,"parent":0,"menu_order":0,"comment_status":"closed","ping_status":"closed","template":"","meta":{"_et_pb_use_builder":"","_et_pb_old_content":"","_et_gb_content_width":"","ngg_post_thumbnail":0,"footnotes":""},"aioseo_notices":[],"_links":{"self":[{"href":"https:\/\/blogsaverroes.juntadeandalucia.es\/cpsacratif\/wp-json\/wp\/v2\/pages\/1424"}],"collection":[{"href":"https:\/\/blogsaverroes.juntadeandalucia.es\/cpsacratif\/wp-json\/wp\/v2\/pages"}],"about":[{"href":"https:\/\/blogsaverroes.juntadeandalucia.es\/cpsacratif\/wp-json\/wp\/v2\/types\/page"}],"author":[{"embeddable":true,"href":"https:\/\/blogsaverroes.juntadeandalucia.es\/cpsacratif\/wp-json\/wp\/v2\/users\/11443"}],"replies":[{"embeddable":true,"href":"https:\/\/blogsaverroes.juntadeandalucia.es\/cpsacratif\/wp-json\/wp\/v2\/comments?post=1424"}],"version-history":[{"count":4,"href":"https:\/\/blogsaverroes.juntadeandalucia.es\/cpsacratif\/wp-json\/wp\/v2\/pages\/1424\/revisions"}],"predecessor-version":[{"id":1741,"href":"https:\/\/blogsaverroes.juntadeandalucia.es\/cpsacratif\/wp-json\/wp\/v2\/pages\/1424\/revisions\/1741"}],"wp:attachment":[{"href":"https:\/\/blogsaverroes.juntadeandalucia.es\/cpsacratif\/wp-json\/wp\/v2\/media?parent=1424"}],"curies":[{"name":"wp","href":"https:\/\/api.w.org\/{rel}","templated":true}]}}