{"id":1448,"date":"2022-02-20T23:06:31","date_gmt":"2022-02-20T22:06:31","guid":{"rendered":"https:\/\/blogsaverroes.juntadeandalucia.es\/cpsacratif\/?page_id=1448"},"modified":"2022-02-20T23:17:34","modified_gmt":"2022-02-20T22:17:34","slug":"documentos-de-convivencia","status":"publish","type":"page","link":"https:\/\/blogsaverroes.juntadeandalucia.es\/cpsacratif\/documentos-de-convivencia\/","title":{"rendered":"Documentos de convivencia"},"content":{"rendered":"<h4><a class=\"fancyboxforwp\" href=\"http:\/\/iespalmeral.es\/wp-content\/uploads\/2016\/03\/protocolo.jpg\" data-fancybox=\"gallery\"><img loading=\"lazy\" decoding=\"async\" class=\"aligncenter wp-image-1476\" src=\"http:\/\/iespalmeral.es\/wp-content\/uploads\/2016\/03\/protocolo.jpg\" alt=\"protocolo\" width=\"213\" height=\"192\"><\/a><strong><br \/>\n<\/strong><\/h4>\n<h4><strong>PROTOCOLOS DE ACTUACI\u00d3N<\/strong><\/h4>\n<h4><span style=\"color: #0000ff\"><a style=\"color: #0000ff\" href=\"http:\/\/iespalmeral.es\/wp-content\/uploads\/2016\/03\/PROTOCOLO-ACOSO-ESCOLAR-JUNTA-DE-ANDALUC%C3%8DA.pdf\">PROTOCOLO ACOSO ESCOLAR JUNTA DE ANDALUC\u00cdA<\/a><\/span><\/h4>\n<h4><span style=\"color: #0000ff\"><a style=\"color: #0000ff\" href=\"http:\/\/iespalmeral.es\/wp-content\/uploads\/2016\/03\/PROTOCOLO-AGRESI%C3%93N-PROFESORADO-Y-PERSONAL-NO-DOCENTE.pdf\">PROTOCOLO AGRESI\u00d3N PROFESORADO Y PERSONAL NO DOCENTE<\/a><\/span><\/h4>\n<h4><span style=\"color: #0000ff\"><a style=\"color: #0000ff\" href=\"http:\/\/iespalmeral.es\/wp-content\/uploads\/2016\/03\/PROTOCOLO-IDENTIDAD-DE-G%C3%89NERO-JUNTA-DE-ANDALUC%C3%8DA.pdf\">PROTOCOLO IDENTIDAD DE G\u00c9NERO JUNTA DE ANDALUC\u00cdA<\/a><\/span><\/h4>\n<h4><span style=\"color: #0000ff\"><a style=\"color: #0000ff\" href=\"http:\/\/iespalmeral.es\/wp-content\/uploads\/2016\/03\/PROTOCOLO-MALTRATO-INFANTIL-JUNTA-DE-ANDALUC%C3%8DA.pdf\">PROTOCOLO MALTRATO INFANTIL JUNTA DE ANDALUC\u00cdA<\/a><\/span><\/h4>\n<h4><span style=\"color: #0000ff\"><a style=\"color: #0000ff\" href=\"http:\/\/iespalmeral.es\/wp-content\/uploads\/2016\/03\/PROTOCOLO-VIOLENCIA-DE-G%C3%89NERO-JUNTA-DE-ANDALUC%C3%8DA.pdf\">PROTOCOLO VIOLENCIA DE G\u00c9NERO JUNTA DE ANDALUC\u00cdA<\/a><\/span><\/h4>\n<h4><strong>DOCUMENTOS DE INTER\u00c9S<\/strong><\/h4>\n<h2>&nbsp;<img loading=\"lazy\" decoding=\"async\" class=\"aligncenter wp-image-1523\" src=\"http:\/\/iespalmeral.es\/wp-content\/uploads\/2016\/03\/ciberbullying.png\" alt=\"ciberbullying\" width=\"196\" height=\"291\"><\/h2>\n<h4><strong>&nbsp;<a href=\"http:\/\/iespalmeral.es\/wp-content\/uploads\/2016\/03\/PROTOCOLO-ACTUACI%C3%93N-CIBERBULLYING.pdf\">PROTOCOLO ACTUACI\u00d3N CIBERBULLYING<\/a><\/strong><\/h4>\n<h4>El protocolo es el resultado del trabajo de un conjunto de profesionales que, agrupados bajo el nombre de EMICI (Equipo Multidisciplinar de Investigaci\u00f3n del Ciberbullying), tratan de dar respuesta a un problema que se manifiesta d\u00eda a d\u00eda en nuestra sociedad y, por ende, en las aulas: la presencia de situaciones del ciberbullying.<\/h4>\n<p>&nbsp;<\/p>\n<p><a class=\"fancyboxforwp\" href=\"http:\/\/iespalmeral.es\/wp-content\/uploads\/2016\/03\/GU%C3%8DA-CIBER-ACOSO.jpg\" data-fancybox=\"gallery\"><img loading=\"lazy\" decoding=\"async\" class=\"aligncenter wp-image-1525\" src=\"http:\/\/iespalmeral.es\/wp-content\/uploads\/2016\/03\/GU%C3%8DA-CIBER-ACOSO.jpg\" alt=\"GU\u00cdA CIBER ACOSO\" width=\"171\" height=\"234\"><\/a><\/p>\n<p>&nbsp;<\/p>\n<h4><strong><a href=\"http:\/\/iespalmeral.es\/wp-content\/uploads\/2016\/03\/Guia-Actuaci%C3%B3n-contra-Ciberacoso_vf_pi.pdf\">Guia Actuaci\u00f3n contra Ciberacoso_vf_pi<\/a><\/strong><\/h4>\n<h4>Segunda edici\u00f3n de la gu\u00eda de actuaci\u00f3n contra el <strong>ciberacoso<\/strong> para familias y educadores. A lo largo de la misma se abordan los aspectos educativos, preventivos y de actuaci\u00f3n necesarios para combatir el ciberacoso escolar (ciberbullying) y el ciberacoso sexual a menores (grooming).<br \/>\nEsta gu\u00eda es fruto de la colaboraci\u00f3n de un grupo de personas expertas desde diferentes \u00e1mbitos y experiencias han puesto su conocimiento a disposici\u00f3n del entorno familiar y educativo.<\/h4>\n<h4><a class=\"fancyboxforwp\" href=\"http:\/\/iespalmeral.es\/wp-content\/uploads\/2016\/03\/COPOE.jpg\" data-fancybox=\"gallery\"><img loading=\"lazy\" decoding=\"async\" class=\"aligncenter wp-image-1527\" src=\"http:\/\/iespalmeral.es\/wp-content\/uploads\/2016\/03\/COPOE.jpg\" alt=\"COPOE\" width=\"135\" height=\"180\"><\/a><strong><br \/>\n<\/strong><\/h4>\n<h4>&nbsp;<\/h4>\n<h4><strong>DOSIER PR\u00c1CTICO PARA LA DETECCI\u00d3N E INTERVENCI\u00d3N EN EL<\/strong> <strong>ACOSO ESCOLAR EN LA INFANCIA Y ADOLESCENCIA ( COPOE )<\/strong><\/h4>\n<h4><strong><a href=\"http:\/\/iespalmeral.es\/wp-content\/uploads\/2016\/03\/Dossier-Acoso-escolar-en-la-infancia-y-adolescencia.pdf\">Dossier-Acoso-escolar-en-la-infancia-y-adolescencia<\/a><\/strong><\/h4>\n<h4>&nbsp;<\/h4>\n<h4><a class=\"fancyboxforwp\" href=\"http:\/\/iespalmeral.es\/wp-content\/uploads\/2016\/03\/EDUCAR-PARA-PROTEGER.png\" data-fancybox=\"gallery\"><img loading=\"lazy\" decoding=\"async\" class=\"aligncenter wp-image-1531\" src=\"http:\/\/iespalmeral.es\/wp-content\/uploads\/2016\/03\/EDUCAR-PARA-PROTEGER.png\" alt=\"EDUCAR PARA PROTEGER\" width=\"314\" height=\"175\"><\/a><\/h4>\n<h4><strong>\u00bfTienes hijos o hijas menores &nbsp;y te preocupan los riesgos que puedan correr al navegar por Internet? Nuestras Gu\u00edas Educar para proteger se han dise\u00f1ado para facilitar a &nbsp;padres, madres y educadores la labor de enfrentarse a este reto. En ellas encontrar\u00e1s consejos sobre el manejo y los peligros de las herramientas tecnol\u00f3gicas m\u00e1s comunes que emplean los menores, tanto ni\u00f1os &nbsp;y ni\u00f1as como adolescentes.&nbsp;<\/strong><\/h4>\n<h4><strong><a href=\"http:\/\/iespalmeral.es\/wp-content\/uploads\/2016\/03\/GUIA-FORMACION-TIC-PARA-PADRES-Y-MADRES-DE-ADOLESCENTES.pdf\">GUIA FORMACION TIC PARA PADRES Y MADRES DE ADOLESCENTES<\/a><\/strong><\/h4>\n<h4><strong><a href=\"http:\/\/iespalmeral.es\/wp-content\/uploads\/2016\/03\/GUIA-FORMACION-TIC-PARA-PADRES-Y-MADRES-DE-MENORES-DE-3-A-11-A%C3%91OS.pdf\">GUIA FORMACION TIC PARA PADRES Y MADRES DE MENORES DE 3 A 11 A\u00d1OS<\/a><\/strong><\/h4>\n<p>&nbsp;<\/p>\n<p>INFORMACION OBTENIDA DEL \u00cdES EL PALMERAL DE VERA.<\/p>\n","protected":false},"excerpt":{"rendered":"<p>PROTOCOLOS DE ACTUACI\u00d3N PROTOCOLO ACOSO ESCOLAR JUNTA DE ANDALUC\u00cdA PROTOCOLO AGRESI\u00d3N PROFESORADO Y PERSONAL NO DOCENTE PROTOCOLO IDENTIDAD DE G\u00c9NERO JUNTA DE ANDALUC\u00cdA PROTOCOLO MALTRATO INFANTIL JUNTA DE ANDALUC\u00cdA PROTOCOLO VIOLENCIA DE G\u00c9NERO JUNTA DE ANDALUC\u00cdA DOCUMENTOS DE INTER\u00c9S &nbsp; &nbsp;PROTOCOLO ACTUACI\u00d3N CIBERBULLYING El protocolo es el resultado del trabajo de un conjunto de profesionales [&hellip;]<\/p>\n","protected":false},"author":11443,"featured_media":0,"parent":0,"menu_order":0,"comment_status":"closed","ping_status":"closed","template":"","meta":{"_et_pb_use_builder":"","_et_pb_old_content":"","_et_gb_content_width":"","ngg_post_thumbnail":0,"footnotes":""},"aioseo_notices":[],"_links":{"self":[{"href":"https:\/\/blogsaverroes.juntadeandalucia.es\/cpsacratif\/wp-json\/wp\/v2\/pages\/1448"}],"collection":[{"href":"https:\/\/blogsaverroes.juntadeandalucia.es\/cpsacratif\/wp-json\/wp\/v2\/pages"}],"about":[{"href":"https:\/\/blogsaverroes.juntadeandalucia.es\/cpsacratif\/wp-json\/wp\/v2\/types\/page"}],"author":[{"embeddable":true,"href":"https:\/\/blogsaverroes.juntadeandalucia.es\/cpsacratif\/wp-json\/wp\/v2\/users\/11443"}],"replies":[{"embeddable":true,"href":"https:\/\/blogsaverroes.juntadeandalucia.es\/cpsacratif\/wp-json\/wp\/v2\/comments?post=1448"}],"version-history":[{"count":4,"href":"https:\/\/blogsaverroes.juntadeandalucia.es\/cpsacratif\/wp-json\/wp\/v2\/pages\/1448\/revisions"}],"predecessor-version":[{"id":1457,"href":"https:\/\/blogsaverroes.juntadeandalucia.es\/cpsacratif\/wp-json\/wp\/v2\/pages\/1448\/revisions\/1457"}],"wp:attachment":[{"href":"https:\/\/blogsaverroes.juntadeandalucia.es\/cpsacratif\/wp-json\/wp\/v2\/media?parent=1448"}],"curies":[{"name":"wp","href":"https:\/\/api.w.org\/{rel}","templated":true}]}}