{"id":1496,"date":"2022-02-22T22:44:31","date_gmt":"2022-02-22T21:44:31","guid":{"rendered":"https:\/\/blogsaverroes.juntadeandalucia.es\/cpsacratif\/?page_id=1496"},"modified":"2022-10-09T09:27:46","modified_gmt":"2022-10-09T08:27:46","slug":"plan-de-transformacion-digital-educativa","status":"publish","type":"page","link":"https:\/\/blogsaverroes.juntadeandalucia.es\/cpsacratif\/plan-de-transformacion-digital-educativa\/","title":{"rendered":"Plan de transformaci\u00f3n digital educativa. TDE."},"content":{"rendered":"<p>[et_pb_section fb_built=&#8221;1&#8243; _builder_version=&#8221;4.14.5&#8243; _module_preset=&#8221;default&#8221; global_colors_info=&#8221;{}&#8221;][et_pb_row _builder_version=&#8221;4.14.5&#8243; _module_preset=&#8221;default&#8221; global_colors_info=&#8221;{}&#8221;][et_pb_column type=&#8221;4_4&#8243; _builder_version=&#8221;4.14.5&#8243; _module_preset=&#8221;default&#8221; global_colors_info=&#8221;{}&#8221;][et_pb_text _builder_version=&#8221;4.14.5&#8243; _module_preset=&#8221;default&#8221; hover_enabled=&#8221;0&#8243; global_colors_info=&#8221;{}&#8221; sticky_enabled=&#8221;0&#8243;]<\/p>\n<header class=\"main-header clearfix header-layout-menu-below-header-center sticky-header mainmenu-light\">\n<div class=\"container\">\n<div class=\"row\">\n<div class=\"col-md-12\">\n<div class=\"header-center\">\n<div class=\"logo\">\n<h2><strong>\u00bfQu\u00e9 es la TDE?<\/strong><\/h2>\n<p><img loading=\"lazy\" decoding=\"async\" class=\"wp-image-3031 alignright\" src=\"http:\/\/www.iesae.com\/wp-content\/uploads\/2021\/05\/descarga-300x95.jpg\" alt=\"\" width=\"655\" height=\"208\"><\/p>\n<p>&nbsp;<\/p>\n<p>&nbsp;<\/p>\n<p>&nbsp;<br \/>El 31 de julio de 2020, la Consejer\u00eda de Educaci\u00f3n y Deporte de la Junta de Andaluc\u00eda dicta una&nbsp;<a href=\"https:\/\/www.juntadeandalucia.es\/export\/drupaljda\/otras_disposiciones\/20\/08\/Instruccion%2031_07_2020_transformacion_digital_centros.pdf\" target=\"_blank\" rel=\"noreferrer noopener\" aria-label=\" (abre en una nueva pesta\u00f1a)\">instrucci\u00f3n sobre las medidas de Transformaci\u00f3n Digital Educativa<\/a>&nbsp;(TDE) en los centros p\u00fablicos no universitarios, para el curso 20-21.<\/p>\n<p>Este programa de Transformaci\u00f3n Digital Educativa es el sucesor del programa #PRODIG, se basa en los <a href=\"https:\/\/www.juntadeandalucia.es\/educacion\/portals\/abaco-portlet\/content\/7f9245a0-0e96-4fcd-a5e5-89bfe984c215\" target=\"_blank\" rel=\"noreferrer noopener\" aria-label=\"marcos europeos de competencia digital (abre en una nueva pesta\u00f1a)\">marcos europeos de competencia digital<\/a>&nbsp;(DigCompOrg, DigCompEdu y DigComp), que pretenden convertir a los centros educativos en centros digitalmente competentes, teniendo en cuenta tres l\u00edneas fundamentales:<\/p>\n<ul>\n<li>Organizaci\u00f3n y gesti\u00f3n del centro.<\/li>\n<li>Procesos de ense\u00f1anza-aprendizaje.<\/li>\n<li>Informaci\u00f3n y comunicaci\u00f3n.<\/li>\n<\/ul>\n<p>En esta instrucci\u00f3n sobre medidas de TDE se habla de que se proporcionar\u00e1 equipamiento digital a los centros para que puedan reducir la denominada \u201cbrecha digital\u201d del alumnado y el profesorado, y se insta a los centros a fomentar que el alumnado aporte sus propios dispositivos (Bring Your Own Device \u2013 BYOD), teniendo en cuenta las medidas sanitarias adoptadas para el curso 20-21, y la recomendaci\u00f3n de no compartir material personal debido a la crisis sanitaria por el COVID 19, para lo que el centro deber\u00e1 regular esta posibilidad.<\/p>\n<p>La TDE conlleva la inclusi\u00f3n en el Plan de Centro de un&nbsp;<strong>Plan de Actuaci\u00f3n Digital<\/strong>&nbsp;(<strong>PAD<\/strong>), que debe realizarse durante la primera quincena de octubre, y en el que se indicar\u00e1n: las l\u00edneas de actuaci\u00f3n, las tareas en las que se concretan, la temporalizaci\u00f3n, los grupos de responsables y participantes, y la evaluaci\u00f3n prevista. El PAD debe contener las sugerencias de toda la comunidad educativa, y debe revisarse peri\u00f3dicamente.<\/p>\n<p>El CEIP Sacratif&nbsp;&nbsp;ya ven\u00eda utilizando las herramientas digitales en procesos educativos, mediante el uso de blogs de clase, distintas herramientas online y offline, etc.<\/p>\n<p><strong>Documentos \u00fatiles:<\/strong><\/p>\n<ul>\n<li><a href=\"http:\/\/www.iesae.com\/wp-content\/uploads\/2021\/04\/Informe_del_Plan_de_Actuacion_Digital.pdf\">Informe_del_Plan_de_Actuacion_Digital<\/a> del Ceip Sacratif.<\/li>\n<li><a href=\"http:\/\/www.iesae.com\/wp-content\/uploads\/2021\/04\/GuiaUsoResponsable.pdf\">Gu\u00eda de Uso Responsable de equipos y dispositivos<\/a><\/li>\n<li><a href=\"http:\/\/www.iesae.com\/wp-content\/uploads\/2021\/05\/Docencia-telematica-20-21.pdf\">Docencia telematica 20-21<\/a> (revisi\u00f3n mayo\/2021).&nbsp; En caso de cese de la actividad educativa presencial: (1) Protocolo para identificar las necesidades del alumnado. (2) Medidas para llevar a cabo la docencia telem\u00e1tica de modo que se pueda continuar con la actividad acad\u00e9mica<\/li>\n<\/ul>\n<p><strong>Enlaces \u00fatiles:<\/strong><\/p>\n<ul>\n<li><a href=\"https:\/\/www.juntadeandalucia.es\/educacion\/eaprendizaje\">Punto de encuentro de la comunidad educativa \u2013 Recursos<\/a><\/li>\n<li><a href=\"https:\/\/www.juntadeandalucia.es\/educacion\/eaprendizaje\/gsuite\/\">GSuite para Educaci\u00f3n \u2013 Plataforma Google para centros educativos<\/a><\/li>\n<li><a href=\"https:\/\/www.youtube.com\/user\/miguelangelcba\/videos\">Videotutoriales de Moodle Centros, S\u00e9neca y Herramientas Google<\/a><\/li>\n<li><a href=\"https:\/\/www.youtube.com\/channel\/UCQXHOZiDbSNSrjwnslYvZ1A\/videos\">M\u00e1s videotutoriales Moodle Centros y Cuaderno del profesor de S\u00e9neca<\/a><\/li>\n<li><a href=\"https:\/\/sites.google.com\/g.educaand.es\/iniciandogeducaand\/inicio\">Primeros pasos a dar con g.educaand<\/a><\/li>\n<li><a href=\"https:\/\/www.youtube.com\/watch?v=WHBv8vmevM8\">Migrar clases de Classroom a la cuenta g.educaand.es<\/a><\/li>\n<li><a href=\"https:\/\/www.juntadeandalucia.es\/boja\/2010\/101\/1\">Cuaderno del profesorado de S\u00e9neca<\/a><\/li>\n<li>\u00bf<a href=\"http:\/\/e-via.org\/blog\/index.php\/por-que-deberian-utilizar-pasen?blog=2\">Por qu\u00e9 usar PASEN<\/a>?<\/li>\n<li><a href=\"https:\/\/www.google.es\/intl\/es\/slides\/about\/\">Presentaciones online en Google<\/a><\/li>\n<li><a href=\"https:\/\/www.canva.com\/es_es\/\">Crea, trabaja en equipo y comparte (Canva)<\/a><\/li>\n<li><a href=\"https:\/\/creately.com\/\">Mapas conceptuales (Creately)<\/a><\/li>\n<li><a href=\"https:\/\/www.smore.com\/\">Murales digitales (Smore)<\/a><\/li>\n<li><a href=\"https:\/\/es.padlet.com\/\">Tablones digitales (Padlet)<\/a><\/li>\n<li><a href=\"https:\/\/www.genial.ly\/es\">Infograf\u00edas (Genially)<\/a><\/li>\n<li><a href=\"http:\/\/descargas.educalab.es\/cedec\/guia_rea_cedec_v2017\/guia_rea_cedec_v2017\/index.html\">Gu\u00eda para creadores de Recursos Educativos Abiertos (REA) (Cedec)<\/a><\/li>\n<li><a href=\"https:\/\/www.cae.net\/es\/principios-formato-scorm-elearning\/\">M\u00e1s informaci\u00f3n sobre el formato SCORM<\/a><\/li>\n<li><a href=\"http:\/\/agrega.educacion.es\/visualizadorcontenidos2\/Portada\/Portada.do\">Agrega (acceso al buscador)<\/a><\/li>\n<li><a href=\"http:\/\/procomun.educalab.es\/es\">Procom\u00fan (Red de recursos educativos en abierto, dependiente del Intef)<\/a><\/li>\n<li><a href=\"https:\/\/www.alaluzdeunabombilla.com\/\">Gamificaci\u00f3n (A t\u00edtulo de ejemplo, blog A la luz de una bombilla)<\/a><\/li>\n<li><a href=\"http:\/\/www.juntadeandalucia.es\/educacion\/portalaverroes\/experienciaseducativas\">Portal Averroes (experiencias educativas)<\/a><\/li>\n<li><a href=\"http:\/\/recursostic.educacion.es\/bancoimagenes\/web\/\">Banco de im\u00e1genes y sonidos del INTEF<\/a><\/li>\n<li><a href=\"https:\/\/enlinea.intef.es\/courses\">AprendeIntef<\/a>. Cursos online de los que existen diversas modalidades, tem\u00e1ticas e idiomas. Los que se dirigen al desarrollo de la competencia digital, mapeados seg\u00fan el marco DigComp (competencia digital ciudadana)<\/li>\n<\/ul>\n<p><strong>C\u00f3mo activar la cuenta de correo GSuite desde iPASEN<\/strong>. V\u00eddeo explicativo en este <a href=\"https:\/\/www.youtube.com\/watch?v=-ppCzFs-MSU\">enlace<\/a>.<\/p>\n<p>&nbsp;<\/p>\n<\/div>\n<\/div>\n<div class=\"header-right\">&nbsp;<\/div>\n<\/div>\n<\/div>\n<div class=\"mainmenu mainmenu-light mainmenu-center mainmenu-none mainmenu-regularfont mainmenu-downarrow clearfix\" role=\"navigation\">\n<div id=\"navbar\" class=\"navbar navbar-default clearfix\">\n<div class=\"navbar-inner\">\n<div class=\"container\">\n<div class=\"navbar-center-wrapper\">&nbsp;<\/div>\n<\/div>\n<\/div>\n<\/div>\n<\/div>\n<\/div>\n<\/header>\n<div class=\"content-block \">\n<div class=\"container container-page-item-title with-bg\" data-style=\"background-image: url(https:\/\/www.hurtadodemendoza.es\/wp-content\/uploads\/2021\/02\/cabecera-tde-web.png);\" data-speed=\"0.1\">\n<div class=\"row\">\n<div class=\"col-md-12 col-overlay\">\n<div class=\"container\">\n<div class=\"page-item-title-single page-item-title-page\">\n<h1 class=\"page-title\">Transformaci\u00f3n Digital Educativa<\/h1>\n<\/div>\n<\/div>\n<\/div>\n<\/div>\n<\/div>\n<div class=\"page-container container span-col-md-12\">\n<div class=\"row\">\n<div class=\"col-md-12\">\n<div class=\"entry-content clearfix\" role=\"main\">\n<article>\n<div class=\"vc_row wpb_row vc_row-fluid\">\n<div class=\"wpb_column vc_column_container vc_col-sm-12\">\n<div class=\"vc_column-inner\">\n<div class=\"wpb_wrapper\">\n<div class=\"wpb_text_column wpb_content_element \">\n<div class=\"wpb_wrapper\">\n<p>La Instrucci\u00f3n de 31 de julio, de la Direcci\u00f3n General de Formaci\u00f3n del Profesorado e Innovaci\u00f3n Educativa, sobre medidas de transformaci\u00f3n digital educativa en los centros docentes p\u00fablicos para el curso 2020\/21 tiene por objeto establecer pautas de actuaci\u00f3n relativas a los procesos de transformaci\u00f3n digital educativa, para su aplicaci\u00f3n durante el curso 2020\/21 en los centros docentes de Andaluc\u00eda que imparten ense\u00f1anzas no universitarias, determinando as\u00ed un marco de actuaci\u00f3n com\u00fan.<\/p>\n<p>Dicha instrucci\u00f3n introduce el concepto de <strong>transformaci\u00f3n digital educativa (TDE)<\/strong> que incluye el conjunto de actuaciones orientadas a la mejora y modernizaci\u00f3n de los procesos, los procedimientos, los h\u00e1bitos y comportamientos de las organizaciones educativas y de las personas que, haciendo uso de las tecnolog\u00edas digitales, mejoren su capacidad de hacer frente a los retos de la sociedad actual. Todo ello redundar\u00e1 en la mejora de un aprendizaje competencial, en la mejora de la experiencia, de los resultados de aprendizaje y en un refuerzo de la equidad, a cuyo servicio se supedita dicha transformaci\u00f3n, encuadrada dentro de los Marcos de Referencia Europeos relativos a la competencia digital (DigCompOrg, DigCompEdu y DigComp).<\/p>\n<\/div>\n<\/div>\n<\/div>\n<\/div>\n<\/div>\n<\/div>\n<div class=\"vc_row wpb_row vc_row-fluid vc_row-o-content-middle vc_row-flex\" data-vc-full-width=\"true\" data-vc-full-width-init=\"true\">\n<div class=\"wpb_column vc_column_container vc_col-sm-6\">\n<div class=\"vc_column-inner\">\n<div class=\"wpb_wrapper\">\n<div class=\"wpb_text_column wpb_content_element \">\n<div class=\"wpb_wrapper\">\n<p>Esta transformaci\u00f3n digital engloba tres \u00e1mbitos de actuaci\u00f3n:<\/p>\n<ol>\n<li>Organizaci\u00f3n y gesti\u00f3n de los centros docentes.<\/li>\n<li>Procesos de ense\u00f1anza-aprendizaje.<\/li>\n<li>Informaci\u00f3n y comunicaci\u00f3n, tanto interna como externa.<\/li>\n<\/ol>\n<\/div>\n<\/div>\n<div class=\"vc_tta-container\" data-vc-action=\"collapseAll\">\n<div class=\"vc_general vc_tta vc_tta-accordion vc_tta-color-green vc_tta-style-modern vc_tta-shape-rounded vc_tta-o-shape-group vc_tta-controls-align-left vc_tta-o-all-clickable\">\n<div class=\"vc_tta-panels-container\">\n<div class=\"vc_tta-panels\">\n<div id=\"1635449356123-1f758a3a-c42f\" class=\"vc_tta-panel\" data-vc-content=\".vc_tta-panel-body\">\n<div class=\"vc_tta-panel-heading\">\n<h4 class=\"vc_tta-panel-title vc_tta-controls-icon-position-left\"><a href=\"https:\/\/www.hurtadodemendoza.es\/tde\/#1635449356123-1f758a3a-c42f\" data-vc-accordion=\"\" data-vc-container=\".vc_tta-container\"><i class=\"vc_tta-icon fa fa-user-o\"><\/i><span class=\"vc_tta-title-text\">Coordinador #TDE<\/span><i class=\"vc_tta-controls-icon vc_tta-controls-icon-chevron\"><\/i><\/a><\/h4>\n<\/div>\n<div id=\"1635449356138-481f6012-3c0a\" class=\"vc_tta-panel\" data-vc-content=\".vc_tta-panel-body\">\n<div class=\"vc_tta-panel-heading\">\n<h4 class=\"vc_tta-panel-title vc_tta-controls-icon-position-left\"><a href=\"https:\/\/www.hurtadodemendoza.es\/tde\/#1635449356138-481f6012-3c0a\" data-vc-accordion=\"\" data-vc-container=\".vc_tta-container\"><i class=\"vc_tta-icon fa fa-envelope-o\"><\/i><span class=\"vc_tta-title-text\">Contacto<\/span><i class=\"vc_tta-controls-icon vc_tta-controls-icon-chevron\"><\/i><\/a><\/h4>\n<\/div>\n<div class=\"wpb_column vc_column_container vc_col-sm-6\">\n<div class=\"vc_column-inner\">\n<div class=\"wpb_wrapper\">\n<div class=\"wpb_text_column wpb_content_element \">\n<div class=\"wpb_wrapper\">\n<div class=\"embed-container\"><iframe loading=\"lazy\" src=\"https:\/\/www.youtube.com\/embed\/ij2RFtZeTUs?feature=oembed\" width=\"1140\" height=\"641\" frameborder=\"0\"><\/iframe><\/div>\n<\/div>\n<\/div>\n<\/div>\n<\/div>\n<\/div>\n<\/div>\n<div class=\"vc_row-full-width vc_clearfix\">&nbsp;<\/div>\n<div class=\"vc_row wpb_row vc_row-fluid\">\n<div class=\"wpb_column vc_column_container vc_col-sm-12\">\n<div class=\"vc_column-inner\">\n<div class=\"wpb_wrapper\">\n<div class=\"vc_separator wpb_content_element vc_separator_align_center vc_sep_width_100 vc_sep_pos_align_center vc_separator_no_text vc_sep_color_grey\">&nbsp;<\/div>\n<\/div>\n<\/div>\n<\/div>\n<\/div>\n<div class=\"vc_row wpb_row vc_row-fluid vc_row-o-content-middle vc_row-flex\">\n<div class=\"wpb_column vc_column_container vc_col-sm-6\">\n<div class=\"vc_column-inner\">\n<div class=\"wpb_wrapper\">\n<div class=\"wpb_text_column wpb_content_element \">\n<div class=\"wpb_wrapper\">\n<p><strong>Descarga el Plan #TDE del CEIP SACRATIF<\/strong><\/p>\n<p>&nbsp;<\/p>\n<p><strong><a href=\"https:\/\/blogsaverroes.juntadeandalucia.es\/cpsacratif\/files\/2022\/10\/PLAN-DE-TDE-2223.pdf\">PLAN TDE CEIP SACRATIF<\/a><\/strong><br \/><a href=\"https:\/\/blogsaverroes.juntadeandalucia.es\/cpsacratif\/files\/2022\/10\/PLAN-DE-TDE-2223.pdf\" target=\"_blank\" rel=\"noopener noreferrer\">PINCHA AQU\u00cd PARA VER EL PLAN DE TRANSFORMACI\u00d3N DIGITAL DEL CEIP SACRATIF.<\/a><\/p>\n<p>&nbsp;<\/p>\n<\/div>\n<\/div>\n<\/div>\n<\/div>\n<\/div>\n<div class=\"wpb_column vc_column_container vc_col-sm-6\">\n<div class=\"vc_column-inner\">\n<div class=\"wpb_wrapper\">\n<div class=\"wpb_text_column wpb_content_element \">\n<div class=\"wpb_wrapper\">\n<p><strong>Enlaces de inter\u00e9s<\/strong><\/p>\n<ul>\n<li><a href=\"https:\/\/www.juntadeandalucia.es\/educacion\/portals\/web\/transformacion-digital-educativa\">Transformaci\u00f3n Digital Educativa (Junta de Andaluc\u00eda)<\/a><\/li>\n<li><a class=\"swipebox\" href=\"https:\/\/www.youtube.com\/watch?v=IsOtsNoObAk\" data-rel=\"lightbox-video-0\">Hacia la Transformaci\u00f3n Digital Educativa (v\u00eddeo)<\/a><\/li>\n<li><a href=\"https:\/\/aprende.intef.es\/sites\/default\/files\/2018-05\/2017_1020_Marco-Com%C3%BAn-de-Competencia-Digital-Docente.pdf\">Marco Com\u00fan de la Competencia Digital Docente<\/a><\/li>\n<li><a href=\"https:\/\/ec.europa.eu\/jrc\/en\/digcomporg\/framework\">Marco Europeo para Organizaciones Educativas Digitalmente Competentes<\/a><\/li>\n<li><a href=\"https:\/\/ec.europa.eu\/education\/schools-go-digital_es\">SELFIE<\/a><\/li>\n<\/ul>\n<\/div>\n<\/div>\n<\/div>\n<\/div>\n<\/div>\n<\/div>\n<\/div>\n<\/div>\n<\/div>\n<\/div>\n<\/div>\n<\/div>\n<\/div>\n<\/div>\n<\/div>\n<\/article>\n<\/div>\n<\/div>\n<\/div>\n<\/div>\n<\/div>\n<p>[\/et_pb_text][\/et_pb_column][\/et_pb_row][\/et_pb_section]<\/p>\n","protected":false},"excerpt":{"rendered":"<p>\u00bfQu\u00e9 es la TDE? &nbsp; &nbsp; &nbsp;El 31 de julio de 2020, la Consejer\u00eda de Educaci\u00f3n y Deporte de la Junta de Andaluc\u00eda dicta una&nbsp;instrucci\u00f3n sobre las medidas de Transformaci\u00f3n Digital Educativa&nbsp;(TDE) en los centros p\u00fablicos no universitarios, para el curso 20-21. Este programa de Transformaci\u00f3n Digital Educativa es el sucesor del programa #PRODIG, se [&hellip;]<\/p>\n","protected":false},"author":11443,"featured_media":0,"parent":0,"menu_order":0,"comment_status":"closed","ping_status":"closed","template":"","meta":{"_et_pb_use_builder":"on","_et_pb_old_content":"","_et_gb_content_width":"","ngg_post_thumbnail":0,"footnotes":""},"aioseo_notices":[],"_links":{"self":[{"href":"https:\/\/blogsaverroes.juntadeandalucia.es\/cpsacratif\/wp-json\/wp\/v2\/pages\/1496"}],"collection":[{"href":"https:\/\/blogsaverroes.juntadeandalucia.es\/cpsacratif\/wp-json\/wp\/v2\/pages"}],"about":[{"href":"https:\/\/blogsaverroes.juntadeandalucia.es\/cpsacratif\/wp-json\/wp\/v2\/types\/page"}],"author":[{"embeddable":true,"href":"https:\/\/blogsaverroes.juntadeandalucia.es\/cpsacratif\/wp-json\/wp\/v2\/users\/11443"}],"replies":[{"embeddable":true,"href":"https:\/\/blogsaverroes.juntadeandalucia.es\/cpsacratif\/wp-json\/wp\/v2\/comments?post=1496"}],"version-history":[{"count":6,"href":"https:\/\/blogsaverroes.juntadeandalucia.es\/cpsacratif\/wp-json\/wp\/v2\/pages\/1496\/revisions"}],"predecessor-version":[{"id":2251,"href":"https:\/\/blogsaverroes.juntadeandalucia.es\/cpsacratif\/wp-json\/wp\/v2\/pages\/1496\/revisions\/2251"}],"wp:attachment":[{"href":"https:\/\/blogsaverroes.juntadeandalucia.es\/cpsacratif\/wp-json\/wp\/v2\/media?parent=1496"}],"curies":[{"name":"wp","href":"https:\/\/api.w.org\/{rel}","templated":true}]}}