{"id":2269,"date":"2022-10-20T21:54:11","date_gmt":"2022-10-20T20:54:11","guid":{"rendered":"https:\/\/blogsaverroes.juntadeandalucia.es\/cpsacratif\/?page_id=2269"},"modified":"2022-10-20T21:54:11","modified_gmt":"2022-10-20T20:54:11","slug":"manual-ipasen","status":"publish","type":"page","link":"https:\/\/blogsaverroes.juntadeandalucia.es\/cpsacratif\/manual-ipasen\/","title":{"rendered":"MANUAL IPASEN."},"content":{"rendered":"<h1 class=\"post-title entry-title\">Manual iPasen<\/h1>\n<div class=\"entry themeform\">\n<div class=\"entry-inner\">\n<h3>1. <u>\u00bfC\u00f3mo conseguir el USUARIO y la CONTRASE\u00d1A?<\/u><\/h3>\n<p><img loading=\"lazy\" decoding=\"async\" class=\"alignright wp-image-7961\" src=\"https:\/\/blogsaverroes.juntadeandalucia.es\/iesodiel\/files\/2022\/06\/iPasen-login2.png\" alt=\"\" width=\"258\" height=\"456\">Est\u00e1 disponible un nuevo procedimiento de <em>autologin<\/em>para usuarios con perfiles tutor\/a legal&nbsp; mediante el cual cualquier padre\/madre podr\u00e1 realizar ese proceso de <em>autologin<\/em> para obtener el USUARIO y la CONTRASE\u00d1A para el&nbsp; acceso a PASEN.<\/p>\n<p>Para realizar el <em>autologin<\/em> a trav\u00e9s de la aplicaci\u00f3n web o de la app iPasen, las familias deber\u00e1n pinchar en el enlace \u2018No tengo acceso\u2019 de la pantalla de <em>login<\/em>. (Ver la imagen de la derecha)<\/p>\n<p>Se requerir\u00e1n tres datos:<\/p>\n<ul>\n<li>El NIF<\/li>\n<li>Fecha de nacimiento (de algunos de sus hijos\/as o la suya propia)<\/li>\n<li>N\u00famero de tel\u00e9fono m\u00f3vil donde recibir\u00e1 por SMS el USUARIO y la CONTRASE\u00d1A.<\/li>\n<\/ul>\n<p>(Este \u00faltimo deber\u00e1 coincidir con el que consta en S\u00e9neca para los tutores legales) &nbsp;<\/p>\n<p>En el caso de que no llegue el SMS por alg\u00fan motivo puede pasarse por jefatura de estudios y le ayudaremos a conseguir las credenciales de acceso.<\/p>\n<p>Si lo desea, puede consultar estos videotutoriales:<\/p>\n<ul>\n<li>Instalaci\u00f3n y primer acceso<\/li>\n<\/ul>\n<div class=\"wp-video\"><span class=\"mejs-offscreen\">Reproductor de v\u00eddeo<\/span><\/p>\n<div id=\"mep_0\" class=\"mejs-container wp-video-shortcode mejs-video mejs-hide-cues mejs-container-keyboard-inactive\" role=\"application\" aria-label=\"Reproductor de v\u00eddeo\">\n<div class=\"mejs-inner\">\n<div class=\"mejs-mediaelement\"><video id=\"video-2435-1_html5\" class=\"wp-video-shortcode\" src=\"https:\/\/blogsaverroes.juntadeandalucia.es\/iesodiel\/files\/2022\/06\/iPASEN-Instalaci0n_y_Primer-Acceso.mp4?_=1\" poster=\"https:\/\/blogsaverroes.juntadeandalucia.es\/iesodiel\/files\/2022\/06\/ipasen1.png\" preload=\"metadata\" width=\"1920\" height=\"1080\" data-mce-fragment=\"1\"><\/p>\n<div class=\"mejs-layers\">\n<div class=\"mejs-overlay mejs-layer\">\n<div class=\"mejs-overlay-error\"><img decoding=\"async\" src=\"https:\/\/blogsaverroes.juntadeandalucia.es\/iesodiel\/files\/2022\/06\/ipasen1.png\" alt=\"Descargar archivo\"><\/p>\n<div class=\"mejs-cannotplay\">\n<p>Media error: Format(s) not supported or source(s) not found<\/p>\n<p><a href=\"https:\/\/blogsaverroes.juntadeandalucia.es\/iesodiel\/files\/2022\/06\/iPASEN-Instalaci0n_y_Primer-Acceso.mp4?_=1\" data-type=\"video\/mp4\"><span>Descargar archivo: https:\/\/blogsaverroes.juntadeandalucia.es\/iesodiel\/files\/2022\/06\/iPASEN-Instalaci0n_y_Primer-Acceso.mp4?_=1<\/span><\/a><\/div>\n<\/div>\n<\/div>\n<div class=\"mejs-controls mejs-offscreen\">\n<div class=\"mejs-button mejs-playpause-button mejs-play\"><button type=\"button\" title=\"Reproducir\" aria-label=\"Reproducir\"><\/button><\/div>\n<div class=\"mejs-time mejs-currenttime-container\" role=\"timer\"><span class=\"mejs-currenttime\">00:00<\/span><\/div>\n<div class=\"mejs-time-rail\"><span class=\"mejs-time-total mejs-time-slider\"><span class=\"mejs-time-loaded\"><\/span><span class=\"mejs-time-current\"><\/span><span class=\"mejs-time-hovered no-hover\"><\/span><span class=\"mejs-time-handle\"><span class=\"mejs-time-handle-content\"><\/span><\/span><\/p>\n<div class=\"mejs-time mejs-duration-container\"><span class=\"mejs-duration\">00:00<\/span><\/div>\n<div class=\"mejs-button mejs-volume-button mejs-mute\"><button type=\"button\" title=\"Silenciar\" aria-label=\"Silenciar\"><\/button><\/p>\n<div class=\"mejs-button mejs-fullscreen-button\"><button type=\"button\" title=\"Pantalla completa\" aria-label=\"Pantalla completa\"><\/button><\/div>\n<\/div>\n<p><\/span><\/div>\n<\/div>\n<\/div>\n<ul>\n<li>C\u00f3mo recuperar la contrase\u00f1a<\/li>\n<\/ul>\n<div class=\"wp-video\"><span class=\"mejs-offscreen\">Reproductor de v\u00eddeo<\/span><\/p>\n<div id=\"mep_1\" class=\"mejs-container mejs-container-keyboard-inactive wp-video-shortcode mejs-video mejs-hide-cues\" role=\"application\" aria-label=\"Reproductor de v\u00eddeo\">\n<div class=\"mejs-inner\">\n<div class=\"mejs-mediaelement\"><video class=\"wp-video-shortcode\" id=\"video-2435-2_html5\" width=\"1920\" height=\"1080\" poster=\"https:\/\/blogsaverroes.juntadeandalucia.es\/iesodiel\/files\/2022\/06\/ipasen2.png\" preload=\"metadata\" src=\"https:\/\/blogsaverroes.juntadeandalucia.es\/iesodiel\/files\/2022\/06\/iPASEN-Recuperar-Contrase%C3%B1a.mp4?_=2\"><\/p>\n<div class=\"mejs-layers\">\n<div class=\"mejs-overlay mejs-layer\">\n<div class=\"mejs-overlay-error\"><img decoding=\"async\" src=\"https:\/\/blogsaverroes.juntadeandalucia.es\/iesodiel\/files\/2022\/06\/ipasen2.png\" alt=\"Descargar archivo\"><\/p>\n<div class=\"mejs-cannotplay\">\n<p>Media error: Format(s) not supported or source(s) not found<\/p>\n<p><a href=\"https:\/\/blogsaverroes.juntadeandalucia.es\/iesodiel\/files\/2022\/06\/iPASEN-Recuperar-Contrase%C3%B1a.mp4?_=2\" data-type=\"video\/mp4\"><span>Descargar archivo: https:\/\/blogsaverroes.juntadeandalucia.es\/iesodiel\/files\/2022\/06\/iPASEN-Recuperar-Contrase%C3%B1a.mp4?_=2<\/span><\/a><\/div>\n<\/div>\n<\/div>\n<div class=\"mejs-controls mejs-offscreen\">\n<div class=\"mejs-button mejs-playpause-button mejs-play\"><button type=\"button\" title=\"Reproducir\" aria-label=\"Reproducir\"><\/button><\/div>\n<div class=\"mejs-time mejs-currenttime-container\" role=\"timer\"><span class=\"mejs-currenttime\">00:00<\/span><\/div>\n<div class=\"mejs-time-rail\"><span class=\"mejs-time-total mejs-time-slider\"><span class=\"mejs-time-loaded\"><\/span><span class=\"mejs-time-current\"><\/span><span class=\"mejs-time-hovered no-hover\"><\/span><span class=\"mejs-time-handle\"><span class=\"mejs-time-handle-content\"><\/span><\/span><\/p>\n<div class=\"mejs-time mejs-duration-container\"><span class=\"mejs-duration\">00:00<\/span><\/div>\n<div class=\"mejs-button mejs-volume-button mejs-mute\"><button type=\"button\" title=\"Silenciar\" aria-label=\"Silenciar\"><\/button><\/p>\n<div class=\"mejs-button mejs-fullscreen-button\"><button type=\"button\" title=\"Pantalla completa\" aria-label=\"Pantalla completa\"><\/button><\/div>\n<\/div>\n<p><\/span><\/div>\n<\/div>\n<\/div>\n<p>&nbsp;<\/p>\n<h3>2. <span>\u00bfQu\u00e9<\/span><u> podemos hacer con esta aplicaci\u00f3n<\/u>?<\/h3>\n<p>\u2013 Consulta de las<strong> Calificaciones<\/strong> en cualquier materia.<\/p>\n<p>\u2013 Obtener el <a href=\"https:\/\/blogsaverroes.juntadeandalucia.es\/iesodiel\/2021\/09\/15\/nuevas-cuentas-para-utilizar-classroom-gmail-septiembre-2021\/\" target=\"_blank\" rel=\"noopener noreferrer\">usuario y contrase\u00f1a de acceso a Classroom<\/a> de nuestros hijos.<\/p>\n<p>\u2013 Acceso con el mismo usuario\/contrase\u00f1a que a la <a href=\"https:\/\/seneca.juntadeandalucia.es\/seneca\/jsp\/portalpasen\/\" target=\"_blank\" rel=\"noopener noreferrer\">aplicaci\u00f3n web PASEN<\/a>.<\/p>\n<p>\u2013 Cambio de contrase\u00f1a y acceso a \u2018Mis datos\u2019 con toda la informaci\u00f3n de usuario relevante para el sistema.<\/p>\n<p>\u2013 Acceso a la Mensajer\u00eda interna.<\/p>\n<p>\u2013 Acceso a la Agenda personal.<\/p>\n<p>\u2013 Consultas de los datos del centro educativo.<\/p>\n<p>\u2013 Consulta del Calendario escolar oficial.<\/p>\n<p>\u2013 Consulta del Tabl\u00f3n de anuncios.<\/p>\n<p>\u2013 Consulta del Horario escolar de sus hijos.<\/p>\n<p>\u2013 Consulta, justificaci\u00f3n y comunicaci\u00f3n de ausencias de sus hijos.<\/p>\n<p>\u2013 Consulta de las actividades evaluables, tareas, controles, etc, creados en los Cuadernos de clase del profesorado.<\/p>\n<p>\u2013 Consulta de las Observaciones que se hayan introducido por parte del profesorado sobre la marcha de sus hijos.<\/p>\n<p>\u2013 Recepci\u00f3n de Notificaciones enviadas desde S\u00e9neca por ausencias de sus hijos o cualquier otro tipo de mensaje.<\/p>\n<p>\u2013 Subida de la foto del alumnado a su ficha.<\/p>\n<p>&nbsp;<\/p>\n<div id=\"contenido_sitio\">\n<div id=\"news\">\n<p>Pinchando en el enlace puede descargar este pr\u00e1ctico <a title=\"Manual iPasen\" href=\"https:\/\/blogsaverroes.juntadeandalucia.es\/iesodiel\/files\/2022\/06\/Manual-iPasen-Jefatura-Estudios_2022_06_11.pdf\" target=\"_blank\" rel=\"noopener noreferrer\"><strong>manual de iPasen<\/strong><\/a> elaborado por Jefatura de Estudios en formato pdf.<\/p>\n<p>M\u00e1s informaci\u00f3n en <a href=\"https:\/\/seneca.juntadeandalucia.es\/seneca\/jsp\/portalpasen\/\" target=\"_blank\" rel=\"noopener noreferrer\">https:\/\/seneca.juntadeandalucia.es\/seneca\/jsp\/portalpasen\/<\/a><\/p>\n<p>&nbsp;<\/p>\n<p>Luis G. Alb\u00e9ndiz, Jefe de Estudios.<\/p>\n<p>Agradecemos al Maestro Mallo sus <a href=\"https:\/\/www.youtube.com\/c\/MaestroMallo\/videos\" target=\"_blank\" rel=\"noopener noreferrer\">videotutoriales<\/a><\/p>\n<\/div>\n<\/div>\n<p><\/video><\/div>\n<\/div>\n<\/div>\n<\/div>\n<p><\/video><\/div>\n<\/div>\n<\/div>\n<\/div>\n<\/div>\n<\/div>\n<div class=\"entry themeform\">\n<div class=\"entry-inner\">\n<div class=\"wp-video\">\n<div id=\"mep_0\" class=\"mejs-container wp-video-shortcode mejs-video mejs-hide-cues mejs-container-keyboard-inactive\" role=\"application\" aria-label=\"Reproductor de v\u00eddeo\">\n<div class=\"mejs-inner\">\n<div class=\"mejs-mediaelement\">\n<ul>\n<li>C\u00f3mo recuperar la contrase\u00f1a<\/li>\n<\/ul>\n<div class=\"mejs-overlay mejs-layer\">\n<div class=\"mejs-overlay-error\"><img decoding=\"async\" src=\"https:\/\/blogsaverroes.juntadeandalucia.es\/iesodiel\/files\/2022\/06\/ipasen2.png\" alt=\"Descargar archivo\"><\/p>\n<div class=\"mejs-cannotplay\">\n<p>Media error: Format(s) not supported or source(s) not found<\/p>\n<p><a href=\"https:\/\/blogsaverroes.juntadeandalucia.es\/iesodiel\/files\/2022\/06\/iPASEN-Recuperar-Contrase%C3%B1a.mp4?_=2\" data-type=\"video\/mp4\">Descargar archivo: https:\/\/blogsaverroes.juntadeandalucia.es\/iesodiel\/files\/2022\/06\/iPASEN-Recuperar-Contrase%C3%B1a.mp4?_=2<\/a><\/div>\n<\/div>\n<\/div>\n<div class=\"mejs-controls mejs-offscreen\">\n<div class=\"mejs-button mejs-playpause-button mejs-play\">&nbsp;<\/div>\n<div class=\"mejs-time mejs-currenttime-container\" role=\"timer\"><span class=\"mejs-currenttime\">00:00<\/span><\/div>\n<div class=\"mejs-time-rail\">\n<div class=\"mejs-time mejs-duration-container\"><span class=\"mejs-duration\">00:00<\/span><\/div>\n<div class=\"mejs-button mejs-volume-button mejs-mute\"><button title=\"Silenciar\" type=\"button\" aria-label=\"Silenciar\"><\/button><\/p>\n<div class=\"mejs-button mejs-fullscreen-button\"><span style=\"color: #333333;font-size: 22px\">2. \u00bfQu\u00e9<\/span><u style=\"color: #333333;font-size: 22px\"> podemos hacer con esta aplicaci\u00f3n<\/u><span style=\"color: #333333;font-size: 22px\">?<\/span><\/div>\n<\/div>\n<\/div>\n<\/div>\n<p>\u2013 Consulta de las<strong> Calificaciones<\/strong> en cualquier materia.<\/p>\n<p>\u2013 Obtener el <a href=\"https:\/\/blogsaverroes.juntadeandalucia.es\/iesodiel\/2021\/09\/15\/nuevas-cuentas-para-utilizar-classroom-gmail-septiembre-2021\/\" target=\"_blank\" rel=\"noopener noreferrer\">usuario y contrase\u00f1a de acceso a Classroom<\/a> de nuestros hijos.<\/p>\n<p>\u2013 Acceso con el mismo usuario\/contrase\u00f1a que a la <a href=\"https:\/\/seneca.juntadeandalucia.es\/seneca\/jsp\/portalpasen\/\" target=\"_blank\" rel=\"noopener noreferrer\">aplicaci\u00f3n web PASEN<\/a>.<\/p>\n<p>\u2013 Cambio de contrase\u00f1a y acceso a \u2018Mis datos\u2019 con toda la informaci\u00f3n de usuario relevante para el sistema.<\/p>\n<p>\u2013 Acceso a la Mensajer\u00eda interna.<\/p>\n<p>\u2013 Acceso a la Agenda personal.<\/p>\n<p>\u2013 Consultas de los datos del centro educativo.<\/p>\n<p>\u2013 Consulta del Calendario escolar oficial.<\/p>\n<p>\u2013 Consulta del Tabl\u00f3n de anuncios.<\/p>\n<p>\u2013 Consulta del Horario escolar de sus hijos.<\/p>\n<p>\u2013 Consulta, justificaci\u00f3n y comunicaci\u00f3n de ausencias de sus hijos.<\/p>\n<p>\u2013 Consulta de las actividades evaluables, tareas, controles, etc, creados en los Cuadernos de clase del profesorado.<\/p>\n<p>\u2013 Consulta de las Observaciones que se hayan introducido por parte del profesorado sobre la marcha de sus hijos.<\/p>\n<p>\u2013 Recepci\u00f3n de Notificaciones enviadas desde S\u00e9neca por ausencias de sus hijos o cualquier otro tipo de mensaje.<\/p>\n<p>\u2013 Subida de la foto del alumnado a su ficha.<\/p>\n<div id=\"contenido_sitio\">\n<div id=\"news\">\n<p>Pinchando en el enlace puede descargar este pr\u00e1ctico <a title=\"Manual iPasen\" href=\"https:\/\/blogsaverroes.juntadeandalucia.es\/iesodiel\/files\/2022\/06\/Manual-iPasen-Jefatura-Estudios_2022_06_11.pdf\" target=\"_blank\" rel=\"noopener noreferrer\"><strong>manual de iPasen<\/strong><\/a> elaborado por Jefatura de Estudios en formato pdf.<\/p>\n<p>M\u00e1s informaci\u00f3n en <a href=\"https:\/\/seneca.juntadeandalucia.es\/seneca\/jsp\/portalpasen\/\" target=\"_blank\" rel=\"noopener noreferrer\">https:\/\/seneca.juntadeandalucia.es\/seneca\/jsp\/portalpasen\/<\/a><\/p>\n<p>Fernando Rodriguez, Secretario.<\/p>\n<p>Agradecemos al Maestro Mallo sus <a href=\"https:\/\/www.youtube.com\/c\/MaestroMallo\/videos\" target=\"_blank\" rel=\"noopener noreferrer\">videotutoriales<\/a><\/p>\n<\/div>\n<\/div>\n<\/div>\n<\/div>\n<\/div>\n<\/div>\n<\/div>\n<\/div>\n","protected":false},"excerpt":{"rendered":"<p>Manual iPasen 1. \u00bfC\u00f3mo conseguir el USUARIO y la CONTRASE\u00d1A? Est\u00e1 disponible un nuevo procedimiento de autologinpara usuarios con perfiles tutor\/a legal&nbsp; mediante el cual cualquier padre\/madre podr\u00e1 realizar ese proceso de autologin para obtener el USUARIO y la CONTRASE\u00d1A para el&nbsp; acceso a PASEN. Para realizar el autologin a trav\u00e9s de la aplicaci\u00f3n web [&hellip;]<\/p>\n","protected":false},"author":11443,"featured_media":0,"parent":0,"menu_order":0,"comment_status":"closed","ping_status":"closed","template":"","meta":{"_et_pb_use_builder":"","_et_pb_old_content":"","_et_gb_content_width":"","ngg_post_thumbnail":0,"footnotes":""},"aioseo_notices":[],"_links":{"self":[{"href":"https:\/\/blogsaverroes.juntadeandalucia.es\/cpsacratif\/wp-json\/wp\/v2\/pages\/2269"}],"collection":[{"href":"https:\/\/blogsaverroes.juntadeandalucia.es\/cpsacratif\/wp-json\/wp\/v2\/pages"}],"about":[{"href":"https:\/\/blogsaverroes.juntadeandalucia.es\/cpsacratif\/wp-json\/wp\/v2\/types\/page"}],"author":[{"embeddable":true,"href":"https:\/\/blogsaverroes.juntadeandalucia.es\/cpsacratif\/wp-json\/wp\/v2\/users\/11443"}],"replies":[{"embeddable":true,"href":"https:\/\/blogsaverroes.juntadeandalucia.es\/cpsacratif\/wp-json\/wp\/v2\/comments?post=2269"}],"version-history":[{"count":3,"href":"https:\/\/blogsaverroes.juntadeandalucia.es\/cpsacratif\/wp-json\/wp\/v2\/pages\/2269\/revisions"}],"predecessor-version":[{"id":2272,"href":"https:\/\/blogsaverroes.juntadeandalucia.es\/cpsacratif\/wp-json\/wp\/v2\/pages\/2269\/revisions\/2272"}],"wp:attachment":[{"href":"https:\/\/blogsaverroes.juntadeandalucia.es\/cpsacratif\/wp-json\/wp\/v2\/media?parent=2269"}],"curies":[{"name":"wp","href":"https:\/\/api.w.org\/{rel}","templated":true}]}}