{"id":824,"date":"2020-12-18T08:31:23","date_gmt":"2020-12-18T07:31:23","guid":{"rendered":"https:\/\/blogsaverroes.juntadeandalucia.es\/pre\/plantilla-pencil\/?page_id=817"},"modified":"2022-02-22T23:34:57","modified_gmt":"2022-02-22T22:34:57","slug":"1o-ciclo-de-educacion-primaria","status":"publish","type":"page","link":"https:\/\/blogsaverroes.juntadeandalucia.es\/cpsacratif\/1o-ciclo-de-educacion-primaria\/","title":{"rendered":"Prevenci\u00f3n de violencia de g\u00e9nero."},"content":{"rendered":"<p>[et_pb_section fb_built=&#8221;1&#8243; _builder_version=&#8221;3.23.3&#8243; custom_padding=&#8221;0px||0px|&#8221; z_index_tablet=&#8221;500&#8243; box_shadow_horizontal_tablet=&#8221;0px&#8221; box_shadow_vertical_tablet=&#8221;0px&#8221; box_shadow_blur_tablet=&#8221;40px&#8221; box_shadow_spread_tablet=&#8221;0px&#8221; global_colors_info=&#8221;{}&#8221;][et_pb_row _builder_version=&#8221;3.25&#8243; background_size=&#8221;initial&#8221; background_position=&#8221;top_left&#8221; background_repeat=&#8221;repeat&#8221; global_colors_info=&#8221;{}&#8221;][et_pb_column type=&#8221;4_4&#8243; _builder_version=&#8221;3.25&#8243; custom_padding=&#8221;|||&#8221; global_colors_info=&#8221;{}&#8221; custom_padding__hover=&#8221;|||&#8221;][et_pb_image src=&#8221;https:\/\/blogsaverroes.juntadeandalucia.es\/cpsacratif\/files\/2022\/02\/46ADA7C0-29EA-4E95-AC01-4AD7A6260E06.jpeg&#8221; title_text=&#8221;46ADA7C0-29EA-4E95-AC01-4AD7A6260E06&#8243; admin_label=&#8221;Imagen de la portada&#8221; _builder_version=&#8221;4.14.5&#8243; z_index_tablet=&#8221;500&#8243; box_shadow_horizontal_tablet=&#8221;0px&#8221; box_shadow_vertical_tablet=&#8221;0px&#8221; box_shadow_blur_tablet=&#8221;40px&#8221; box_shadow_spread_tablet=&#8221;0px&#8221; global_colors_info=&#8221;{}&#8221;][\/et_pb_image][et_pb_text admin_label=&#8221;Texto descriptivo&#8221; _builder_version=&#8221;4.14.5&#8243; hover_enabled=&#8221;0&#8243; z_index_tablet=&#8221;500&#8243; text_text_shadow_horizontal_length_tablet=&#8221;0px&#8221; text_text_shadow_vertical_length_tablet=&#8221;0px&#8221; text_text_shadow_blur_strength_tablet=&#8221;1px&#8221; link_text_shadow_horizontal_length_tablet=&#8221;0px&#8221; link_text_shadow_vertical_length_tablet=&#8221;0px&#8221; link_text_shadow_blur_strength_tablet=&#8221;1px&#8221; ul_text_shadow_horizontal_length_tablet=&#8221;0px&#8221; ul_text_shadow_vertical_length_tablet=&#8221;0px&#8221; ul_text_shadow_blur_strength_tablet=&#8221;1px&#8221; ol_text_shadow_horizontal_length_tablet=&#8221;0px&#8221; ol_text_shadow_vertical_length_tablet=&#8221;0px&#8221; ol_text_shadow_blur_strength_tablet=&#8221;1px&#8221; quote_text_shadow_horizontal_length_tablet=&#8221;0px&#8221; quote_text_shadow_vertical_length_tablet=&#8221;0px&#8221; quote_text_shadow_blur_strength_tablet=&#8221;1px&#8221; header_text_shadow_horizontal_length_tablet=&#8221;0px&#8221; header_text_shadow_vertical_length_tablet=&#8221;0px&#8221; header_text_shadow_blur_strength_tablet=&#8221;1px&#8221; header_2_text_shadow_horizontal_length_tablet=&#8221;0px&#8221; header_2_text_shadow_vertical_length_tablet=&#8221;0px&#8221; header_2_text_shadow_blur_strength_tablet=&#8221;1px&#8221; header_3_text_shadow_horizontal_length_tablet=&#8221;0px&#8221; header_3_text_shadow_vertical_length_tablet=&#8221;0px&#8221; header_3_text_shadow_blur_strength_tablet=&#8221;1px&#8221; header_4_text_shadow_horizontal_length_tablet=&#8221;0px&#8221; header_4_text_shadow_vertical_length_tablet=&#8221;0px&#8221; header_4_text_shadow_blur_strength_tablet=&#8221;1px&#8221; header_5_text_shadow_horizontal_length_tablet=&#8221;0px&#8221; header_5_text_shadow_vertical_length_tablet=&#8221;0px&#8221; header_5_text_shadow_blur_strength_tablet=&#8221;1px&#8221; header_6_text_shadow_horizontal_length_tablet=&#8221;0px&#8221; header_6_text_shadow_vertical_length_tablet=&#8221;0px&#8221; header_6_text_shadow_blur_strength_tablet=&#8221;1px&#8221; box_shadow_horizontal_tablet=&#8221;0px&#8221; box_shadow_vertical_tablet=&#8221;0px&#8221; box_shadow_blur_tablet=&#8221;40px&#8221; box_shadow_spread_tablet=&#8221;0px&#8221; global_colors_info=&#8221;{}&#8221; sticky_enabled=&#8221;0&#8243;]<\/p>\n<h2>&nbsp;<\/h2>\n<h1><b>PROYECTO DE PREVENCI\u00d3N DE LA VIOLENCIA DE G\u00c9NERO&nbsp;<\/b><\/h1>\n<h2><em><strong>1.-OBJETIVOS:<\/strong><\/em><\/h2>\n<p>-Concienciar a la Comunidad Educativa de la importancia de la prevenci\u00f3n en violencia de g\u00e9nero y la creaci\u00f3n de un entorno educativo y social que potencie la Igualdad y la Equidad.<\/p>\n<p>-Promover la participaci\u00f3n de todos los sectores implicados en la educaci\u00f3n en las actividades propuestas en materia de Igualdad y prevenci\u00f3n de la Violencia de G\u00e9nero.<\/p>\n<p>-Favorecer la apertura del centro a los recursos del entorno que nos ayuden a luchar contra la violencia de g\u00e9nero.<\/p>\n<p>-Ampliar los recursos del aula de emociones e incluir la educaci\u00f3n emocional en nuestro curr\u00edculo para lograr el desarrollo integral del alumnado<\/p>\n<p>-Fomentar el protagonismo del alumnado en la mejora del centro.<\/p>\n<p>-Utilizar recursos Tic\u2019s para la creaci\u00f3n de elementos y materiales reivindicativos que favorezcan conocimiento del papel de la mujer en la sociedad y el concepto de igualdad.<\/p>\n<p>-Desarrollar entre el alumnado la capacidad de percibir e identificar conductas sexistas en situaciones cotidianas de su vida, y actuar frente a ellas.<\/p>\n<p>-Potenciar la resoluci\u00f3n de conflictos de forma dialogada.<\/p>\n<p>-Colaborar entre todos\/as para dise\u00f1ar actividades motivadoras y creativas que hagan posible la concienciaci\u00f3n en materia de violencia de g\u00e9nero<\/p>\n<p>-Difundir nuestro trabajo a toda la localidad utilizando los recursos TIc\u2018s y los medios de comunicaci\u00f3n locales.<\/p>\n<p>&nbsp;<\/p>\n<h2><em><strong>2.- RELACI\u00d3N CON LAS COMPETENCIAS CLAVE<\/strong><strong>:<\/strong><\/em><\/h2>\n<p>Este proyecto est\u00e1 totalmente relacionado, de forma transversal, con el curr\u00edculo del alumnado en todas las etapas educativas. La interdisciplinaridad es total, si bien es cierto, que se trabajar\u00e1 m\u00e1s desde unas \u00e1reas educativas que otras.<\/p>\n<p>Para el desarrollo de las actividades propuestas se utilizar\u00e1 el horario lectivo del alumno adem\u00e1s de parte del horario no lectivo para las actividades donde participen las familias.<\/p>\n<p>El desarrollo de las actividades propuestas se relaciona directamente con la totalidad de las competencias clave:<\/p>\n<p>*Comunicaci\u00f3n ling\u00fc\u00edstica, presente en todas las actividades y, especialmente, en las de creaci\u00f3n literaria o representaci\u00f3n.<\/p>\n<p>*Competencia matem\u00e1tica y competencias b\u00e1sicas en ciencia y tecnolog\u00eda, necesaria para la puesta en marcha de algunas de las actividades.<\/p>\n<p>* Competencia digital, relacionada especialmente con el uso de las TIC\u2019s del centro para investigaci\u00f3n, dise\u00f1o y difusi\u00f3n de las actividades. Se incorporan t\u00e9cnicas novedosas como el 3D y otras aplicaciones.<\/p>\n<p>*Aprender a aprender, favoreciendo la riqueza de experiencias y la toma de conciencia para actuar de forma correcta en situaciones similares.<\/p>\n<p>*Competencias sociales y c\u00edvicas, a trav\u00e9s de la educaci\u00f3n emocional, intentamos enriquecer al alumnado con destrezas, tanto educativas como sociales, que le puedan ayudar en el futuro. Al mismo tiempo, la implicaci\u00f3n de las familias puede favorecer el clima de igualdad tanto en el colegio como en la vida extraescolar del ni\u00f1o.<\/p>\n<p>*Sentido de iniciativa y esp\u00edritu emprendedor, consiguiendo que el alumno se sienta protagonista del cambio producido en el centro por su acci\u00f3n. Que sepan que son capaces de provocar cambios en su entorno de manera positiva y constructiva.<\/p>\n<p>*Conciencia y expresiones culturales, conociendo su entorno y los recursos que le ofrece.<\/p>\n<h2><em><strong>3.-PARTICIPANTES:<\/strong><\/em><\/h2>\n<p>El proyecto incluye a toda la Comunidad Educativa:<\/p>\n<p>-Sector del profesorado: a trav\u00e9s del Claustro de profesores.<\/p>\n<p>-Sector de las familias: A trav\u00e9s del AMPA, de los padres y madres delegados\/as de aula y de los representantes del Consejo Escolar del centro.<\/p>\n<p>-Sector del alumnado: Se dirige a todos los\/as alumnos\/as del centro, desde la Educaci\u00f3n Infantil hasta el Tercer Ciclo de Primaria.<\/p>\n<p>-Sector Servicios: con la colaboraci\u00f3n del conserje, la monitora escolar y la monitora de Necesidades Educativas (PTIS).<\/p>\n<p>-Administraciones implicadas en educaci\u00f3n: Ministerio de la Presidencia, relaciones con las Cortes e Igualdad, Pacto de Estado contra la Violencia de G\u00e9nero, Consejer\u00eda de Educaci\u00f3n y Deportes de la Junta de Andaluc\u00eda, Consejer\u00eda de Igualdad, Pol\u00edticas Sociales y conciliaci\u00f3n y el Ilustr\u00edsimo Ayuntamiento de Cabra.<\/p>\n<p>-Otros: Asociaciones locales, instituciones relacionadas, organismos, Fuerzas y cuerpos de seguridad (Polic\u00eda Local y Nacional), etc.<\/p>\n<p>&nbsp;<\/p>\n<h2><em><strong>4.-TEMPORALIZACI\u00d3N:<\/strong><\/em><\/h2>\n<table>\n<tbody>\n<tr>\n<td width=\"156\"><strong>OCTUBRE <\/strong><\/td>\n<td width=\"130\"><strong>NOVIEMBRE<\/strong><\/td>\n<td width=\"115\"><strong>DICIEMBRE<\/strong><\/td>\n<td width=\"103\"><strong>&nbsp;DESDE ENERO Al 20&nbsp; DE MAYO<\/strong><\/td>\n<td width=\"107\"><strong>DEL&nbsp; 21 DE MAYO AL&nbsp; 30 DE&nbsp; MAYO<\/strong><\/td>\n<\/tr>\n<tr>\n<td width=\"156\">Reuni\u00f3n de la comisi\u00f3n de Igualdad del centro para proponer la redacci\u00f3n inicial del proyecto.<\/td>\n<td rowspan=\"2\" width=\"130\">Creaci\u00f3n de la Comisi\u00f3n Organizadora del proyecto<\/td>\n<td rowspan=\"2\" width=\"115\">Aprobaci\u00f3n proyecto definitivo por&nbsp; el Consejo Escolar<\/td>\n<td width=\"103\">Realizaci\u00f3n de las actividades<\/td>\n<td width=\"107\">Evaluaci\u00f3n de la puesta en pr\u00e1ctica del Proyecto<\/td>\n<\/tr>\n<tr>\n<td width=\"156\">Aprobaci\u00f3n proyecto inicial por el Claustro<\/td>\n<td width=\"103\">Difusi\u00f3n de las actividades<\/td>\n<td width=\"107\">Justificaci\u00f3n econ\u00f3mica en S\u00e9neca<\/td>\n<\/tr>\n<tr>\n<td width=\"156\">Reuni\u00f3n de la Comisi\u00f3n de convivencia del Consejo Escolar para explicar el proyecto<\/td>\n<td rowspan=\"2\" width=\"130\">Asambleas con el alumnado en las tutor\u00edas para informar y recabar ideas<\/td>\n<td rowspan=\"2\" width=\"115\">\n<p>Reuniones de la comisi\u00f3n organizadora:-concretar actividades y tiempos<\/p>\n<p>-Reparto de tareas entre los miembros de la comisi\u00f3n.<\/p>\n<\/td>\n<td width=\"103\">&nbsp;<\/td>\n<td width=\"107\">Realizaci\u00f3n de la memoria final<\/td>\n<\/tr>\n<tr>\n<td width=\"156\">Solicitud a trav\u00e9s de SENECA (cuestionario)<\/td>\n<td width=\"103\">&nbsp;<\/td>\n<td width=\"107\">Aprobaci\u00f3n de la memoria final (Claustro y Consejo Escolar)<\/td>\n<\/tr>\n<tr>\n<td width=\"156\">&nbsp;<\/td>\n<td width=\"130\">Celebraci\u00f3n en el centro del D\u00eda contra la Violencia de G\u00e9nero (25 noviembre)<\/td>\n<td width=\"115\">-Inicio de las actividades<\/td>\n<td width=\"103\">&nbsp;<\/td>\n<td width=\"107\">&nbsp;<\/td>\n<\/tr>\n<\/tbody>\n<\/table>\n<p><strong>&nbsp;<\/strong><\/p>\n<h2><em><strong>5.-RECURSOS.<\/strong><\/em><\/h2>\n<p>Los recursos necesarios para llevar a cabo dichas actividades son:<\/p>\n<p>-Recursos humanos: Incluido todo el personal del centro (profesorado, alumnado de todos los niveles, personal no docente y familias). Adem\u00e1s de los cuerpos y fuerzas de seguridad, los servicios sanitarios de la zona, los servicios municipales, etc.<\/p>\n<p>-Recursos materiales:<\/p>\n<p>* Recursos propios del centro.<\/p>\n<p>*Recursos que hay que comprar (pinturas de murales, material musical de creaci\u00f3n y reproducci\u00f3n, impresora 3D y ordenador, material fungible para creaciones art\u00edsticas, etc.)<\/p>\n<h2><em><strong>6.-ACTUACIONES PROGRAMADAS:<\/strong><\/em><\/h2>\n<p>El proyecto nace con una vocaci\u00f3n de participaci\u00f3n activa y democr\u00e1tica de toda la Comunidad Escolar. Para ello, se crea la comisi\u00f3n organizadora con representantes de cada uno de los sectores implicados, elegidos de forma democr\u00e1tica entre sus miembros.<\/p>\n<p>&nbsp;La comisi\u00f3n la integrar\u00e1n 19 personas:<\/p>\n<p>-El equipo directivo<\/p>\n<p>-Los profesores integrantes de la comisi\u00f3n de igualdad del centro (1 por cada ciclo)<\/p>\n<p>-La coordinadora del Plan de Igualdad del centro<\/p>\n<p>-La coordinadora del grupo de trabajo de emociones<\/p>\n<p>-El orientador del centro<\/p>\n<p>-1 representante del sector servicios (PAS)<\/p>\n<p>-4 alumnos del centro en representaci\u00f3n de sus compa\u00f1eros\/as (2 de 5\u00ba curso y 2 de 6\u00ba curso)<\/p>\n<p>-2 representantes del AMPA<\/p>\n<p>Nuestra intenci\u00f3n es que todos los sectores implicados en el proyecto participen exponiendo sus ideas y que la comisi\u00f3n organizadora sea la encargada de llevarlas para su estudio, aprobaci\u00f3n y temporalizaci\u00f3n. Las actividades propuestas en el proyecto se ir\u00e1n ampliando con todas aquellas que surjan a lo largo del desarrollo del mismo y que sean viables.<\/p>\n<p>&nbsp;<\/p>\n<h2><em><strong>5.-EVALUACI\u00d3N:<\/strong><\/em><\/h2>\n<p>La evaluaci\u00f3n del proyecto ser\u00e1 continua.<\/p>\n<p>A lo largo de todo su desarrollo se ir\u00e1 realizando un an\u00e1lisis, especialmente teniendo en cuenta los siguientes par\u00e1metros:<\/p>\n<p>-Si el desarrollo de la actividad ha sido correcto<\/p>\n<p>-Si la actividad ha sido \u00fatil para el sector al que se dedicaba<\/p>\n<p>-Si la actividad ha sido motivadora<\/p>\n<p>-Si los recursos han sido los adecuados y\/o suficientes.<\/p>\n<p>-Si han participado todos los sectores implicados<\/p>\n<p>-otros.<\/p>\n<p>Al final del proyecto, en el mes de mayo-junio, cada sector realizar\u00e1 la valoraci\u00f3n del proyecto en su conjunto, indicando mejoras o cambios para mejorarlo en a\u00f1os posteriores.<\/p>\n<p>En el mes de junio se reunir\u00e1 la comisi\u00f3n organizadora para aportar la valoraci\u00f3n de cada sector y hacer un an\u00e1lisis y evaluaci\u00f3n conjunta del proyecto. Se incluir\u00e1 en la memoria, que sobre el proyecto redacte la coordinadora del mismo. En dicha comisi\u00f3n tambi\u00e9n se presentar\u00e1 la justificaci\u00f3n econ\u00f3mica del proyecto y se&nbsp; justificar\u00e1 a trav\u00e9s de la herramienta S\u00c9NECA por la secretaria del centro.<\/p>\n<p>EN EL SIGUIENTE ENLACE PODR\u00c1N CONSULTAR TODO LO RELACIONADO CON LAS ACTIVIDADES QUE SE REALIZAN EN NUESTRO CENTRO DE ESTE PROYECTO.<\/p>\n<p><span style=\"color: #0000ff\">https:\/\/blogsaverroes.juntadeandalucia.es\/coedusacratif\/<\/span><\/p>\n<p>&nbsp;<\/p>\n<p>[\/et_pb_text][\/et_pb_column][\/et_pb_row][\/et_pb_section]<\/p>\n","protected":false},"excerpt":{"rendered":"<p>&nbsp; PROYECTO DE PREVENCI\u00d3N DE LA VIOLENCIA DE G\u00c9NERO&nbsp; 1.-OBJETIVOS: -Concienciar a la Comunidad Educativa de la importancia de la prevenci\u00f3n en violencia de g\u00e9nero y la creaci\u00f3n de un entorno educativo y social que potencie la Igualdad y la Equidad. -Promover la participaci\u00f3n de todos los sectores implicados en la educaci\u00f3n en las actividades [&hellip;]<\/p>\n","protected":false},"author":11456,"featured_media":0,"parent":0,"menu_order":0,"comment_status":"closed","ping_status":"closed","template":"","meta":{"_et_pb_use_builder":"on","_et_pb_old_content":"","_et_gb_content_width":"","ngg_post_thumbnail":0,"footnotes":""},"aioseo_notices":[],"_links":{"self":[{"href":"https:\/\/blogsaverroes.juntadeandalucia.es\/cpsacratif\/wp-json\/wp\/v2\/pages\/824"}],"collection":[{"href":"https:\/\/blogsaverroes.juntadeandalucia.es\/cpsacratif\/wp-json\/wp\/v2\/pages"}],"about":[{"href":"https:\/\/blogsaverroes.juntadeandalucia.es\/cpsacratif\/wp-json\/wp\/v2\/types\/page"}],"author":[{"embeddable":true,"href":"https:\/\/blogsaverroes.juntadeandalucia.es\/cpsacratif\/wp-json\/wp\/v2\/users\/11456"}],"replies":[{"embeddable":true,"href":"https:\/\/blogsaverroes.juntadeandalucia.es\/cpsacratif\/wp-json\/wp\/v2\/comments?post=824"}],"version-history":[{"count":6,"href":"https:\/\/blogsaverroes.juntadeandalucia.es\/cpsacratif\/wp-json\/wp\/v2\/pages\/824\/revisions"}],"predecessor-version":[{"id":1528,"href":"https:\/\/blogsaverroes.juntadeandalucia.es\/cpsacratif\/wp-json\/wp\/v2\/pages\/824\/revisions\/1528"}],"wp:attachment":[{"href":"https:\/\/blogsaverroes.juntadeandalucia.es\/cpsacratif\/wp-json\/wp\/v2\/media?parent=824"}],"curies":[{"name":"wp","href":"https:\/\/api.w.org\/{rel}","templated":true}]}}