{"id":825,"date":"2020-12-18T08:32:50","date_gmt":"2020-12-18T07:32:50","guid":{"rendered":"https:\/\/blogsaverroes.juntadeandalucia.es\/pre\/plantilla-pencil\/?page_id=824"},"modified":"2022-02-22T23:20:09","modified_gmt":"2022-02-22T22:20:09","slug":"2o-ciclo-de-educacion-infantil","status":"publish","type":"page","link":"https:\/\/blogsaverroes.juntadeandalucia.es\/cpsacratif\/2o-ciclo-de-educacion-infantil\/","title":{"rendered":"Plan de salud laboral"},"content":{"rendered":"<p>[et_pb_section fb_built=&#8221;1&#8243; _builder_version=&#8221;3.23.3&#8243; custom_padding=&#8221;0px||0px|&#8221; z_index_tablet=&#8221;500&#8243; box_shadow_horizontal_tablet=&#8221;0px&#8221; box_shadow_vertical_tablet=&#8221;0px&#8221; box_shadow_blur_tablet=&#8221;40px&#8221; box_shadow_spread_tablet=&#8221;0px&#8221; global_colors_info=&#8221;{}&#8221;][et_pb_row _builder_version=&#8221;3.25&#8243; background_size=&#8221;initial&#8221; background_position=&#8221;top_left&#8221; background_repeat=&#8221;repeat&#8221; global_colors_info=&#8221;{}&#8221;][et_pb_column type=&#8221;4_4&#8243; _builder_version=&#8221;3.25&#8243; custom_padding=&#8221;|||&#8221; global_colors_info=&#8221;{}&#8221; custom_padding__hover=&#8221;|||&#8221;][et_pb_image src=&#8221;https:\/\/blogsaverroes.juntadeandalucia.es\/cpsacratif\/files\/2022\/02\/2EF66C09-9A51-43D1-A960-8696CBBECC34.jpeg&#8221; title_text=&#8221;2EF66C09-9A51-43D1-A960-8696CBBECC34&#8243; admin_label=&#8221;Imagen de la portada&#8221; _builder_version=&#8221;4.14.5&#8243; z_index_tablet=&#8221;500&#8243; box_shadow_horizontal_tablet=&#8221;0px&#8221; box_shadow_vertical_tablet=&#8221;0px&#8221; box_shadow_blur_tablet=&#8221;40px&#8221; box_shadow_spread_tablet=&#8221;0px&#8221; global_colors_info=&#8221;{}&#8221;][\/et_pb_image][et_pb_text admin_label=&#8221;Texto descriptivo&#8221; _builder_version=&#8221;4.14.5&#8243; hover_enabled=&#8221;0&#8243; z_index_tablet=&#8221;500&#8243; text_text_shadow_horizontal_length_tablet=&#8221;0px&#8221; text_text_shadow_vertical_length_tablet=&#8221;0px&#8221; text_text_shadow_blur_strength_tablet=&#8221;1px&#8221; link_text_shadow_horizontal_length_tablet=&#8221;0px&#8221; link_text_shadow_vertical_length_tablet=&#8221;0px&#8221; link_text_shadow_blur_strength_tablet=&#8221;1px&#8221; ul_text_shadow_horizontal_length_tablet=&#8221;0px&#8221; ul_text_shadow_vertical_length_tablet=&#8221;0px&#8221; ul_text_shadow_blur_strength_tablet=&#8221;1px&#8221; ol_text_shadow_horizontal_length_tablet=&#8221;0px&#8221; ol_text_shadow_vertical_length_tablet=&#8221;0px&#8221; ol_text_shadow_blur_strength_tablet=&#8221;1px&#8221; quote_text_shadow_horizontal_length_tablet=&#8221;0px&#8221; quote_text_shadow_vertical_length_tablet=&#8221;0px&#8221; quote_text_shadow_blur_strength_tablet=&#8221;1px&#8221; header_text_shadow_horizontal_length_tablet=&#8221;0px&#8221; header_text_shadow_vertical_length_tablet=&#8221;0px&#8221; header_text_shadow_blur_strength_tablet=&#8221;1px&#8221; header_2_text_shadow_horizontal_length_tablet=&#8221;0px&#8221; header_2_text_shadow_vertical_length_tablet=&#8221;0px&#8221; header_2_text_shadow_blur_strength_tablet=&#8221;1px&#8221; header_3_text_shadow_horizontal_length_tablet=&#8221;0px&#8221; header_3_text_shadow_vertical_length_tablet=&#8221;0px&#8221; header_3_text_shadow_blur_strength_tablet=&#8221;1px&#8221; header_4_text_shadow_horizontal_length_tablet=&#8221;0px&#8221; header_4_text_shadow_vertical_length_tablet=&#8221;0px&#8221; header_4_text_shadow_blur_strength_tablet=&#8221;1px&#8221; header_5_text_shadow_horizontal_length_tablet=&#8221;0px&#8221; header_5_text_shadow_vertical_length_tablet=&#8221;0px&#8221; header_5_text_shadow_blur_strength_tablet=&#8221;1px&#8221; header_6_text_shadow_horizontal_length_tablet=&#8221;0px&#8221; header_6_text_shadow_vertical_length_tablet=&#8221;0px&#8221; header_6_text_shadow_blur_strength_tablet=&#8221;1px&#8221; box_shadow_horizontal_tablet=&#8221;0px&#8221; box_shadow_vertical_tablet=&#8221;0px&#8221; box_shadow_blur_tablet=&#8221;40px&#8221; box_shadow_spread_tablet=&#8221;0px&#8221; global_colors_info=&#8221;{}&#8221; sticky_enabled=&#8221;0&#8243;]<\/p>\n<h2>Plan de salud laboral<\/h2>\n<div class=\"portlet-content\">\n<div class=\" portlet-content-container\">\n<div class=\"portlet-body\">\n<div class=\"contenido_portlet \">\n<div class=\"portlet_novedades\">\n<div class=\"listado_novedades mosaico\">\n<div id=\"_ABACO_CONTENIDOS_MULTI_WAR_abacoportlet_INSTANCE_3KgoQeIPPk01_wrapper_mosaico\" class=\"wrapper_mosaico  iniziated-mosaico\">\n<section class=\"grid-mosaico-novedades\">\n<div id=\"mosaicobbacb8cd-b909-4394-80dd-54dc5947897d\" class=\"grid-structure11\">\n<div class=\"gm-row\">\n<div class=\"span4 gm-col\">\n<div class=\"gm-content gm-content-secondary gm-fullBackground \">\n<div class=\"gm-content-text clearfix\">\n<p>La Consejer\u00eda de Educaci\u00f3n de la Junta de Andaluc\u00eda aprob\u00f3 en Consejo de Gobierno del d\u00eda 19 de Septiembre de 2006 el I Plan Andaluz de Salud Laboral y Prevenci\u00f3n de Riesgos Laborales del personal docente de los Centros P\u00fablicos (BOJA n\u00ba 196 de 9 de Octubre de 2006) como instrumento de planificaci\u00f3n y coordinaci\u00f3n de todas las actuaciones de la Administraci\u00f3n Educativa en materia de seguridad y salud laboral del profesorado. En dicho plan se incluye el plan de autoprotecci\u00f3n de los centros educativos.<\/p>\n<p><strong>PLAN DE AUTOPROTECCI\u00d3N<\/strong><\/p>\n<p>El Plan de Autoprotecci\u00f3n de todos los centros docentes p\u00fablicos de Andaluc\u00eda, est\u00e1 regulado por la Orden de 16 de Abril de 2008 y tiene por objeto poder facilitar la planificaci\u00f3n y prevenci\u00f3n ante una emergencia.<\/p>\n<p>El Plan de Autoprotecci\u00f3n es \u00abel sistema de acciones y medidas adoptadas por los responsables de las actividades educativas encaminadas a prevenir y controlar los riesgos que vayan surgiendo\u00bb, es decir, ser\u00edan \u00abel conjunto de medidas organizativas que el centro dise\u00f1a y pone en pr\u00e1ctica para planificar las actuaciones de seguridad tendentes a neutralizar accidentes y sus posibles consecuencias, hasta la llegada de las ayudas externas\u00bb.<\/p>\n<p>Las actividades que se llevan a cabo son:<\/p>\n<ol>\n<li title=\"\" data-original-title=\"\"><strong>Elaboraci\u00f3n y revisi\u00f3n del Plan de Autoprotecci\u00f3n del Centro.<\/strong><\/li>\n<li title=\"\" data-original-title=\"\"><strong>Dar a conocer al profesorado, al alumnado , personal de administraci\u00f3n y servicios los pasos a seguir en caso de emergencias.<\/strong><\/li>\n<li title=\"\" data-original-title=\"\"><strong>Colocaci\u00f3n de planos de los edificios, con el fin de poder consultar el recorrido a seguir en caso de emergencias.<\/strong><\/li>\n<li title=\"\" data-original-title=\"\"><strong>Realizaci\u00f3n de simulacros de evacuaci\u00f3n o confinamiento de emergencia.<\/strong><\/li>\n<li title=\"\" data-original-title=\"\"><strong>Revisi\u00f3n peri\u00f3dica y mantenimiento de botiquines e instalaciones del centro.<\/strong><\/li>\n<li title=\"\" data-original-title=\"\"><strong>Registro de accidentes e incidentes del profesorado, alumnado y personal de administraci\u00f3n y servicios<\/strong><\/li>\n<li title=\"\" data-original-title=\"\"><strong>Participaci\u00f3n en actividades de formaci\u00f3n en materia de salud laboral y prevenci\u00f3n de riesgos laborales.<\/strong><\/li>\n<\/ol>\n<p><strong>OBJETIVOS<\/strong><\/p>\n<p>Los objetivos que se persiguen con el Plan de Autoprotecci\u00f3n son los siguientes:<\/p>\n<ol>\n<li title=\"\" data-original-title=\"\"><strong>Proteger a las personas y los usuarios del centro, as\u00ed como los bienes, estableciendo una estructura y unos procedimientos que aseguren las respuestas m\u00e1s adecuadas ante las posibles emergencias.<\/strong><\/li>\n<li title=\"\" data-original-title=\"\"><strong>Facilitar, a la estructura organizativa del centro, los instrumentos y recursos en relaci\u00f3n con la seguridad y control de las posibles situaciones de emergencia.<\/strong><\/li>\n<li title=\"\" data-original-title=\"\"><strong>Concienciar y sensibilizar a la comunidad educativa sobre la importancia de establecer protocolos de actuaci\u00f3n y h\u00e1bitos de entrenamiento para solventar situaciones de emergencia de diversa \u00edndole.<\/strong><\/li>\n<li title=\"\" data-original-title=\"\"><strong>Conocer el centro y su entorno (edificio e instalaciones), los focos de peligro reales, los medios disponibles y las normas de actuaci\u00f3n en el caso de que ocurra un siniestro, estudiar las v\u00edas de evacuaci\u00f3n y las formas de confinamiento, y adoptar las medidas preventivas necesarias.<\/strong><\/li>\n<li title=\"\" data-original-title=\"\"><strong>Garantizar la fiabilidad de todos los medios de protecci\u00f3n y disponer de un equipo de personas informadas, organizadas, formadas y adiestradas que garanticen rapidez y eficacia en las acciones a emprender ante las emergencias.<\/strong><\/li>\n<li title=\"\" data-original-title=\"\"><strong>Facilitar el mantenimiento preventivo de las instalaciones, la detecci\u00f3n y eliminaci\u00f3n de los riesgos, definiendo una organizaci\u00f3n que implante y actualice el Plan de Autoprotecci\u00f3n.<\/strong><\/li>\n<li title=\"\" data-original-title=\"\"><strong>Posibilitar la coordinaci\u00f3n entre los medios de emergencias externos y el centro, para optimizar las medidas de prevenci\u00f3n, protecci\u00f3n e intervenci\u00f3n, garantizando la conexi\u00f3n con los procedimientos y planificaci\u00f3n de \u00e1mbito<\/strong>&nbsp;<strong>superior, planes de autoprotecci\u00f3n locales, supramunicipales, regionales o auton\u00f3micos y nacionales\u2026<\/strong><\/li>\n<\/ol>\n<p><span style=\"color: #3366ff\"><a style=\"color: #3366ff\" href=\"https:\/\/blogsaverroes.juntadeandalucia.es\/cpsacratif\/files\/2022\/02\/PLAN-AUTOPROTECCION-POWER-POINT2.pdf\">PLAN DE AUTOPROTECCI\u00d3N DEL CEIP SACRATIF. pdf &nbsp; &nbsp; <\/a><\/span><\/p>\n<p><span style=\"color: #3366ff\"><a style=\"color: #3366ff\" href=\"https:\/\/www.juntadeandalucia.es\/educacion\/portals\/web\/ced\/riesgos-laborales\">M\u00c1S INFORMACI\u00d3N PULSANDO EN ESTE ENLACE<\/a><\/span><\/p>\n<\/div>\n<\/div>\n<\/div>\n<\/div>\n<\/div>\n<\/section>\n<\/div>\n<\/div>\n<\/div>\n<\/div>\n<\/div>\n<\/div>\n<\/div>\n<p><span style=\"color: #3366ff\"><a style=\"color: #3366ff\" href=\"https:\/\/www.juntadeandalucia.es\/averroes\/centros-tic\/18008841a\/helvia\/aula\/archivos\/repositorio\/0\/53\/html\/www.prevenciondocente.com\/normativaautopranda.htm\">NORMATIVA EN ANDALUC\u00cdA<\/a><\/span><\/p>\n<p>[\/et_pb_text][\/et_pb_column][\/et_pb_row][\/et_pb_section]<\/p>\n","protected":false},"excerpt":{"rendered":"<p>Plan de salud laboral La Consejer\u00eda de Educaci\u00f3n de la Junta de Andaluc\u00eda aprob\u00f3 en Consejo de Gobierno del d\u00eda 19 de Septiembre de 2006 el I Plan Andaluz de Salud Laboral y Prevenci\u00f3n de Riesgos Laborales del personal docente de los Centros P\u00fablicos (BOJA n\u00ba 196 de 9 de Octubre de 2006) como instrumento [&hellip;]<\/p>\n","protected":false},"author":11456,"featured_media":0,"parent":0,"menu_order":0,"comment_status":"closed","ping_status":"closed","template":"","meta":{"_et_pb_use_builder":"on","_et_pb_old_content":"","_et_gb_content_width":"","ngg_post_thumbnail":0,"footnotes":""},"aioseo_notices":[],"_links":{"self":[{"href":"https:\/\/blogsaverroes.juntadeandalucia.es\/cpsacratif\/wp-json\/wp\/v2\/pages\/825"}],"collection":[{"href":"https:\/\/blogsaverroes.juntadeandalucia.es\/cpsacratif\/wp-json\/wp\/v2\/pages"}],"about":[{"href":"https:\/\/blogsaverroes.juntadeandalucia.es\/cpsacratif\/wp-json\/wp\/v2\/types\/page"}],"author":[{"embeddable":true,"href":"https:\/\/blogsaverroes.juntadeandalucia.es\/cpsacratif\/wp-json\/wp\/v2\/users\/11456"}],"replies":[{"embeddable":true,"href":"https:\/\/blogsaverroes.juntadeandalucia.es\/cpsacratif\/wp-json\/wp\/v2\/comments?post=825"}],"version-history":[{"count":6,"href":"https:\/\/blogsaverroes.juntadeandalucia.es\/cpsacratif\/wp-json\/wp\/v2\/pages\/825\/revisions"}],"predecessor-version":[{"id":1519,"href":"https:\/\/blogsaverroes.juntadeandalucia.es\/cpsacratif\/wp-json\/wp\/v2\/pages\/825\/revisions\/1519"}],"wp:attachment":[{"href":"https:\/\/blogsaverroes.juntadeandalucia.es\/cpsacratif\/wp-json\/wp\/v2\/media?parent=825"}],"curies":[{"name":"wp","href":"https:\/\/api.w.org\/{rel}","templated":true}]}}