{"id":850,"date":"2020-12-18T08:41:27","date_gmt":"2020-12-18T07:41:27","guid":{"rendered":"https:\/\/blogsaverroes.juntadeandalucia.es\/pre\/plantilla-pencil\/?page_id=850"},"modified":"2022-10-08T21:11:38","modified_gmt":"2022-10-08T20:11:38","slug":"planes-y-proyectos","status":"publish","type":"page","link":"https:\/\/blogsaverroes.juntadeandalucia.es\/cpsacratif\/planes-y-proyectos\/","title":{"rendered":"Planes y Proyectos"},"content":{"rendered":"<p>[et_pb_section fb_built=&#8221;1&#8243; _builder_version=&#8221;3.22&#8243; collapsed=&#8221;off&#8221; global_colors_info=&#8221;{}&#8221;][et_pb_row _builder_version=&#8221;3.25&#8243; background_size=&#8221;initial&#8221; background_position=&#8221;top_left&#8221; background_repeat=&#8221;repeat&#8221; hover_enabled=&#8221;0&#8243; global_colors_info=&#8221;{}&#8221; sticky_enabled=&#8221;0&#8243;][et_pb_column type=&#8221;4_4&#8243; _builder_version=&#8221;3.25&#8243; custom_padding=&#8221;|||&#8221; global_colors_info=&#8221;{}&#8221; custom_padding__hover=&#8221;|||&#8221;][et_pb_text admin_label=&#8221;Texto descriptivo&#8221; _builder_version=&#8221;4.14.5&#8243; hover_enabled=&#8221;0&#8243; z_index_tablet=&#8221;500&#8243; text_text_shadow_horizontal_length_tablet=&#8221;0px&#8221; text_text_shadow_vertical_length_tablet=&#8221;0px&#8221; text_text_shadow_blur_strength_tablet=&#8221;1px&#8221; link_text_shadow_horizontal_length_tablet=&#8221;0px&#8221; link_text_shadow_vertical_length_tablet=&#8221;0px&#8221; link_text_shadow_blur_strength_tablet=&#8221;1px&#8221; ul_text_shadow_horizontal_length_tablet=&#8221;0px&#8221; ul_text_shadow_vertical_length_tablet=&#8221;0px&#8221; ul_text_shadow_blur_strength_tablet=&#8221;1px&#8221; ol_text_shadow_horizontal_length_tablet=&#8221;0px&#8221; ol_text_shadow_vertical_length_tablet=&#8221;0px&#8221; ol_text_shadow_blur_strength_tablet=&#8221;1px&#8221; quote_text_shadow_horizontal_length_tablet=&#8221;0px&#8221; quote_text_shadow_vertical_length_tablet=&#8221;0px&#8221; quote_text_shadow_blur_strength_tablet=&#8221;1px&#8221; header_text_shadow_horizontal_length_tablet=&#8221;0px&#8221; header_text_shadow_vertical_length_tablet=&#8221;0px&#8221; header_text_shadow_blur_strength_tablet=&#8221;1px&#8221; header_2_text_shadow_horizontal_length_tablet=&#8221;0px&#8221; header_2_text_shadow_vertical_length_tablet=&#8221;0px&#8221; header_2_text_shadow_blur_strength_tablet=&#8221;1px&#8221; header_3_text_shadow_horizontal_length_tablet=&#8221;0px&#8221; header_3_text_shadow_vertical_length_tablet=&#8221;0px&#8221; header_3_text_shadow_blur_strength_tablet=&#8221;1px&#8221; header_4_text_shadow_horizontal_length_tablet=&#8221;0px&#8221; header_4_text_shadow_vertical_length_tablet=&#8221;0px&#8221; header_4_text_shadow_blur_strength_tablet=&#8221;1px&#8221; header_5_text_shadow_horizontal_length_tablet=&#8221;0px&#8221; header_5_text_shadow_vertical_length_tablet=&#8221;0px&#8221; header_5_text_shadow_blur_strength_tablet=&#8221;1px&#8221; header_6_text_shadow_horizontal_length_tablet=&#8221;0px&#8221; header_6_text_shadow_vertical_length_tablet=&#8221;0px&#8221; header_6_text_shadow_blur_strength_tablet=&#8221;1px&#8221; box_shadow_horizontal_tablet=&#8221;0px&#8221; box_shadow_vertical_tablet=&#8221;0px&#8221; box_shadow_blur_tablet=&#8221;40px&#8221; box_shadow_spread_tablet=&#8221;0px&#8221; global_colors_info=&#8221;{}&#8221; sticky_enabled=&#8221;0&#8243;]<\/p>\n<h2><b><u>Planes y Proyectos Educativos del Ceip Sacratif<\/u><\/b><\/h2>\n<p>.<\/p>\n<div id=\"un-icon-box-1\" class=\"media un-icon-box  \" data-delay=\"0\">\n<div class=\"media-body \">\n<h4 class=\"media-heading\"><span style=\"color: #0000ff\"><a style=\"color: #0000ff\" href=\"http:\/\/www.juntadeandalucia.es\/educacion\/webportal\/web\/lecturas-y-bibliotecas-escolares\/bibliotecas-escolares\" target=\"_blank\" rel=\"noopener noreferrer\">Organizaci\u00f3n y Funcionamiento de Bibliotecas Escolares<\/a><\/span><\/h4>\n<p>En la sociedad de la informaci\u00f3n y el conocimiento se requiere que las bibliotecas escolares se conviertan en centros de recursos para la ense\u00f1anza y el aprendizaje.<\/p>\n<\/div>\n<\/div>\n<div id=\"un-icon-box-2\" class=\"media un-icon-box  \" data-delay=\"0\">\n<div class=\"pull-left\">\n<div class=\"un-icon\">&nbsp;<\/div>\n<\/div>\n<div class=\"media-body \">\n<h4 class=\"media-heading\"><span style=\"color: #0000ff\"><a style=\"color: #0000ff\" href=\"https:\/\/www.juntadeandalucia.es\/educacion\/portals\/web\/ced\/plan-de-prevencion-de-riesgos-laborales\" target=\"_blank\" rel=\"noopener noreferrer\">Plan de Salud Laboral (PRL)<\/a><\/span><\/h4>\n<p>Plan que tiene como finalidad implantar la cultura preventiva en la sociedad andaluza e impulsar la gesti\u00f3n de la calidad, integrando la prevenci\u00f3n en todas las decisiones, actividades y niveles jer\u00e1rquicos de la Administraci\u00f3n educativa.<\/p>\n<p>&nbsp;<\/p>\n<\/div>\n<\/div>\n<div id=\"un-icon-box-4\" class=\"media un-icon-box  \" data-delay=\"0\">\n<div class=\"media-body \">\n<h4 class=\"media-heading\"><span style=\"color: #0000ff\"><a style=\"color: #0000ff\" href=\"https:\/\/www.juntadeandalucia.es\/educacion\/portals\/web\/igualdad\" target=\"_blank\" rel=\"noopener noreferrer\">Plan de igualdad entre hombres y mujeres en la educaci\u00f3n<\/a><\/span><\/h4>\n<p>El Plan de Igualdad entre Hombres y Mujeres en Educaci\u00f3n tiene como objetivo crear, impulsar y coordinar medidas y actuaciones de diversa \u00edndole que favorezcan el establecimiento en los contextos educativos de las condiciones necesarias para que la igualdad entre hombres y mujeres sea una realidad.<\/p>\n<\/div>\n<\/div>\n<div id=\"un-icon-box-5\" class=\"media un-icon-box  \" data-delay=\"0\">\n<div class=\"pull-left\">\n<div class=\"un-icon\"><img loading=\"lazy\" decoding=\"async\" class=\"alignleft size-full wp-image-1009\" src=\"https:\/\/blogsaverroes.juntadeandalucia.es\/cpsacratif\/files\/2022\/01\/A9D689AF-4AA9-4D35-A272-F5450C06D645.png\" alt=\"\" width=\"256\" height=\"197\"><\/div>\n<\/div>\n<\/div>\n<div id=\"un-icon-box-6\" class=\"media un-icon-box  \" data-delay=\"0\">\n<div class=\"media-body \">\n<h4 class=\"media-heading\">&nbsp;<\/h4>\n<\/div>\n<\/div>\n<div id=\"un-icon-box-7\" class=\"media un-icon-box  \" data-delay=\"0\">\n<div class=\"media-body \">\n<h4>&nbsp;<\/h4>\n<h4>&nbsp;<\/h4>\n<h4>&nbsp;<\/h4>\n<h4>&nbsp;<\/h4>\n<h4>&nbsp;<\/h4>\n<h4>&nbsp;<\/h4>\n<h4>&nbsp;<\/h4>\n<h4>&nbsp;<\/h4>\n<h4 class=\"media-heading\"><span style=\"color: #0000ff\"><a style=\"color: #0000ff\" href=\"http:\/\/www.juntadeandalucia.es\/educacion\/webportal\/web\/proyecto-linguistico-centro\/programa-proyecto-linguistico-de-centro\" target=\"_blank\" rel=\"noopener noreferrer\">Programa Proyecto Ling\u00fc\u00edstico de Centro<\/a><\/span><\/h4>\n<p>Como objetivo fundamental impulsar y apoyar la puesta en marcha en los centros educativos de un proyecto global para la mejora de la competencia en comunicaci\u00f3n ling\u00fc\u00edstica<\/p>\n<\/div>\n<\/div>\n<div id=\"un-icon-box-8\" class=\"media un-icon-box  \" data-delay=\"0\">\n<div class=\"pull-left\">\n<div class=\"un-icon\">&nbsp;<\/div>\n<\/div>\n<div class=\"media-body \">\n<h4>&nbsp;<\/h4>\n<h4 class=\"media-heading\"><span style=\"color: #0000ff\"><a style=\"color: #0000ff\" href=\"https:\/\/blogsaverroes.juntadeandalucia.es\/tde\/proyecto-steam-robotica-aplicada-al-aula-2021-2022\/\" target=\"_blank\" rel=\"noopener noreferrer\">Proyecto steam: Rob\u00f3tica aplicada en el aula.<\/a><\/span><\/h4>\n<p>La Consejer\u00eda de Educaci\u00f3n y Deporte de la Junta de Andaluc\u00eda pone en marcha este curso el <strong>Proyecto STEAM: Rob\u00f3tica aplicada al aula<\/strong>, con el objeto de formar al profesorado en esta tem\u00e1tica y fomentar en el alumnado las vocaciones STEAM promoviendo proyectos centrados en la innovaci\u00f3n, la creatividad, el dise\u00f1o y la resoluci\u00f3n de problemas con la rob\u00f3tica como herramienta.<\/p>\n<p>El proyecto est\u00e1 dirigido a centros docentes sostenidos con fondos p\u00fablicos de Andaluc\u00eda de educaci\u00f3n primaria, educaci\u00f3n secundaria obligatoria, bachillerato.<\/p>\n<p><span style=\"color: #3366ff\"><a style=\"color: #3366ff\" href=\"https:\/\/blogsaverroes.juntadeandalucia.es\/tde\/proyecto-steam-robotica-aplicada-al-aula-2021-2022\/\">M\u00e1s informaci\u00f3n pinchando en este enlace.<\/a>&nbsp;<\/span><\/p>\n<\/div>\n<\/div>\n<div id=\"un-icon-box-9\" class=\"media un-icon-box  \" data-delay=\"0\">\n<div class=\"pull-left\">\n<div class=\"un-icon\">\n<h4>&nbsp;<\/h4>\n<h4>&nbsp;<\/h4>\n<h4>&nbsp;<\/h4>\n<h4 class=\"media-heading\"><span style=\"color: #0000ff\"><a style=\"color: #0000ff\" href=\"https:\/\/blogsaverroes.juntadeandalucia.es\/tde\/proyecto-steam-investigacion-aeroespacial-aplicada-al-aula\/\" target=\"_blank\" rel=\"noopener noreferrer\">Proyecto steam: Investigaci\u00f3n aeroespacial aplicada en el aula.<\/a><\/span><\/h4>\n<p align=\"justify\">La Oficina Europea de Recursos para la Educaci\u00f3n en Espa\u00f1a (ESERO) cuenta entre sus objetivos proporcionar recursos a docentes de primaria y secundaria para mejorar su alfabetizaci\u00f3n y competencias en materias STEAM (Ciencias, Tecnolog\u00eda, Ingenier\u00eda, Arte y Matem\u00e1ticas). Bajo esta idea se crea el proyecto STEAM \u201cInvestigaci\u00f3n Aeroespacial aplicada al aula\u201d donde se pretende acercar al alumnado y profesorado a la investigaci\u00f3n aeroespacial.<\/p>\n<p align=\"justify\">Dentro de los materiales con los que se puede contar en este proyecto est\u00e1n los kits aeroespaciales proporcionados por la Agencia Espacial Europea (ESA) y la Consejer\u00eda de Educaci\u00f3n y Deporte.<\/p>\n<p align=\"justify\">Nuestro Centro participa en el primer nivel de este proyecto, nivel orientado a una iniciaci\u00f3n en la tem\u00e1tica aeroespacial. En los pr\u00f3ximos cursos se continuar\u00e1 con el proyecto en el siguiente nivel donde adem\u00e1s de aprender muchos aspectos sobre la investigaci\u00f3n aeroespacial podremos aplicar estos conocimientos para participar en distintos concursos que organiza la ESA.<\/p>\n<p align=\"justify\"><span style=\"color: #3366ff\"><a style=\"color: #3366ff\" href=\"https:\/\/blogsaverroes.juntadeandalucia.es\/tde\/proyecto-steam-investigacion-aeroespacial-aplicada-al-aula\/\">M\u00e1s informaci\u00f3n.<\/a><\/span><\/p>\n<h4>&nbsp;<\/h4>\n<h4 class=\"media-heading\"><span style=\"color: #0000ff\"><a style=\"color: #0000ff\" href=\"https:\/\/www.juntadeandalucia.es\/organismos\/agriculturaganaderiapescaydesarrollosostenible\/areas\/produccion-ecologica\/huertos-sociales-ecologicos\/paginas\/huertos-educativos.html\" target=\"_blank\" rel=\"noopener noreferrer\">Huerto escolar<\/a><\/span><\/h4>\n<p>Un <strong>huerto educativo <\/strong>es una aventura en la que participan todas las personas con el objetivo de ense\u00f1ar y aprender: profesorado, grupos de alumnado, familias, amistades, personal del centro, del barrio\u2026 y que se puede hacer en terreno disponible dentro del propio centro, en un espacio cedido o utilizar macetas, canastas, cajas, envases\u2026<\/p>\n<p>Desde <a href=\"https:\/\/www.juntadeandalucia.es\/organismos\/agriculturaganaderiapescaydesarrollosostenible\/areas\/produccion-ecologica\/huertos-sociales-ecologicos.html\">Andalhuerto<\/a> se trabaja promoviendo el conocimiento de la agricultura y los alimentos ecol\u00f3gicos facilitando la labor de la comunidad educativa, recomendando m\u00e9todos y soluciones f\u00e1ciles y pr\u00e1cticas, en el montaje y gesti\u00f3n del huerto.<\/p>\n<\/div>\n<h4>&nbsp;<\/h4>\n<h4 class=\"media-heading\"><span style=\"color: #0000ff\"><a style=\"color: #0000ff\" href=\"https:\/\/www.juntadeandalucia.es\/educacion\/portals\/web\/convivencia-escolar\/inicio\/-\/novedades\/detalle\/yWgyellFzPWk\/curso-a-distancia-programa-de-prevencion-del-acoso-escolar-y-ciberacoso-conred-1wpxmsedlbzc5\" target=\"_blank\" rel=\"noopener noreferrer\">Programa conred de acoso y ciberacoso<\/a><\/span><\/h4>\n<p>El <strong>recurso ConRed Andaluc\u00eda<\/strong> de prevenci\u00f3n del acoso escolar y ciberacoso tiene un enfoque esencialmente preventivo y de promoci\u00f3n de la convivencia positiva, para contribuir a la mejora del clima de convivencia en los centros educativos y favorecer el desarrollo personal y social del alumnado.<\/p>\n<p>Este curso de presentaci\u00f3n del<strong> recurso ConRed Andaluc\u00eda<\/strong> pretende dar a conocer y guiar al profesorado en la aplicaci\u00f3n de las 6 sesiones de trabajo propuestas para desarrollar con el alumnado.<\/p>\n<p>El curso contempla en su fase pr\u00e1ctica la aplicaci\u00f3n del recurso de acuerdo con las caracter\u00edsticas del alumnado del propio centro.<\/p>\n<p>La finalidad del recursos ConRed Andaluc\u00eda es impulsar y ayudar a los centros educativos a:<\/p>\n<ul>\n<li>Sensibilizar a la comunidad escolar de la importancia de prevenir y erradicar el acoso y ciberacoso entre iguales.<\/li>\n<li>Prevenir posibles situaciones de acoso y ciberacoso en el centro educativo.<\/li>\n<li>Detectar de forma temprana casos de acoso en cualquiera de sus manifestaciones. Objetivos:<\/li>\n<li>Sensibilizar a la comunidad escolar de la importancia de prevenir y erradicar el acoso escolar y el ciberacoso.<\/li>\n<li>Dotar de herramientas al profesorado para poner en pr\u00e1ctica metodolog\u00edas eficaces de prevenci\u00f3n del acoco escolar y el ciberacoso.<\/li>\n<li>Potenciar y promover un uso seguro y positivo de las TIC.<\/li>\n<li>Facilitar la adecuada presentaci\u00f3n y aplicaci\u00f3n del recurso ConRed Andaluc\u00eda.<\/li>\n<li>Analizar los aspectos clave y diferentes opciones a tener en cuenta en la aplicaci\u00f3n de las unidades did\u00e1cticas del recurso ConRed Andaluc\u00eda.<\/li>\n<li>Orientar sobre la realizaci\u00f3n de las actividades propuestas en la aplicaci\u00f3n del recurso ConRed Andaluc\u00eda.<\/li>\n<li>Aplicar en el aula el recurso ConRed Andaluc\u00eda de prevenci\u00f3n del acoco escolar y el ciberacoso.<\/li>\n<\/ul>\n<p><span style=\"color: #0000ff\"><a style=\"color: #0000ff\" href=\"https:\/\/www.juntadeandalucia.es\/educacion\/portals\/web\/convivencia-escolar\/inicio\/-\/novedades\/detalle\/yWgyellFzPWk\/curso-a-distancia-programa-de-prevencion-del-acoso-escolar-y-ciberacoso-conred-1wpxmsedlbzc5\">M\u00e1s informaci\u00f3n\u2026.<\/a><\/span><\/p>\n<\/div>\n<\/div>\n<p>&nbsp;<\/p>\n<div id=\"un-icon-box-9\" class=\"media un-icon-box  \" data-delay=\"0\">\n<div class=\"media-body \">\n<h4 class=\"media-heading\"><span style=\"color: #0000ff\"><a style=\"color: #0000ff\" href=\"https:\/\/fcce.practicaseducacion.com\/documentos\/folleto_infantil_FINAL.pdf\" target=\"_blank\" rel=\"noopener noreferrer\">Practicum grado maestro.<\/a><\/span><\/h4>\n<p>El Pr\u00e1cticum de las titulaciones de Grado en Educaci\u00f3n Infantil y Primaria se configura como un conjunto de actividades formativas que permitir\u00e1n al estudiante la aplicaci\u00f3n pr\u00e1ctica de los conocimientos adquiridos en su formaci\u00f3n acad\u00e9mica, prepar\u00e1ndole para el ejercicio de actividades profesionales y facilitando su incorporaci\u00f3n al mercado de trabajo. Debe ser para el alumnado un elemento profesionalizador b\u00e1sico de su formaci\u00f3n inicial que le permita desarrollar un conjunto integrado de pr\u00e1cticas de iniciaci\u00f3n docente en el aula y le proporcione informaci\u00f3n sobre el sistema escolar. Constituye uno de los ejes angulares de los estudios de Grado en Educaci\u00f3n.<br \/>Y en nuestro centro pretendemos ayudar a este alumnado a completar su formaci\u00f3n asistiendo a clase con las tutoras que hayan solicitado formar parte de este plan, se realizar\u00e1 cada curso en el mes de junio. Somos por tanto, un centro colaborador con la Universidad de Granada en el proceso de formaci\u00f3n de su alumnado.<\/p>\n<p>En nuestro centro, cada curso, recibimos alumnas\/os de tercer y cuarto curso de Grado de Maestro, , para realizar su per\u00edodo de pr\u00e1cticas correspondiente a la asignatura Pr\u00e1cticum I o II.<\/p>\n<p>&nbsp;<\/p>\n<h4 class=\"media-heading\"><span style=\"color: #0000ff\"><a style=\"color: #0000ff\" href=\"https:\/\/www.juntadeandalucia.es\/educacion\/portals\/web\/ced\/innovacion-educativa\/transformacion-digital\" target=\"_blank\" rel=\"noopener noreferrer\">Plan de Transformaci\u00f3n Digital Educativa<\/a><\/span><\/h4>\n<p>El Plan para facilitar la adquisici\u00f3n y desarrollo de competencias y habilidades a quienes formar\u00e1n la ciudadan\u00eda en un futuro inmediato..<\/p>\n<\/div>\n<\/div>\n<div id=\"un-icon-box-10\" class=\"media un-icon-box  \" data-delay=\"0\">\n<div class=\"media-body \">\n<p><img loading=\"lazy\" decoding=\"async\" class=\"size-full wp-image-1008 alignleft\" src=\"https:\/\/blogsaverroes.juntadeandalucia.es\/cpsacratif\/files\/2022\/01\/138DBA9E-DD22-4580-A731-C36BB846DEE4.png\" alt=\"\" width=\"223\" height=\"226\"><\/p>\n<\/div>\n<\/div>\n<p>[\/et_pb_text][\/et_pb_column][\/et_pb_row][\/et_pb_section]<\/p>\n","protected":false},"excerpt":{"rendered":"<p>Planes y Proyectos Educativos del Ceip Sacratif . Organizaci\u00f3n y Funcionamiento de Bibliotecas Escolares En la sociedad de la informaci\u00f3n y el conocimiento se requiere que las bibliotecas escolares se conviertan en centros de recursos para la ense\u00f1anza y el aprendizaje. &nbsp; Plan de Salud Laboral (PRL) Plan que tiene como finalidad implantar la cultura [&hellip;]<\/p>\n","protected":false},"author":11456,"featured_media":0,"parent":0,"menu_order":0,"comment_status":"closed","ping_status":"closed","template":"","meta":{"_et_pb_use_builder":"on","_et_pb_old_content":"","_et_gb_content_width":"","ngg_post_thumbnail":0,"footnotes":""},"aioseo_notices":[],"_links":{"self":[{"href":"https:\/\/blogsaverroes.juntadeandalucia.es\/cpsacratif\/wp-json\/wp\/v2\/pages\/850"}],"collection":[{"href":"https:\/\/blogsaverroes.juntadeandalucia.es\/cpsacratif\/wp-json\/wp\/v2\/pages"}],"about":[{"href":"https:\/\/blogsaverroes.juntadeandalucia.es\/cpsacratif\/wp-json\/wp\/v2\/types\/page"}],"author":[{"embeddable":true,"href":"https:\/\/blogsaverroes.juntadeandalucia.es\/cpsacratif\/wp-json\/wp\/v2\/users\/11456"}],"replies":[{"embeddable":true,"href":"https:\/\/blogsaverroes.juntadeandalucia.es\/cpsacratif\/wp-json\/wp\/v2\/comments?post=850"}],"version-history":[{"count":21,"href":"https:\/\/blogsaverroes.juntadeandalucia.es\/cpsacratif\/wp-json\/wp\/v2\/pages\/850\/revisions"}],"predecessor-version":[{"id":2249,"href":"https:\/\/blogsaverroes.juntadeandalucia.es\/cpsacratif\/wp-json\/wp\/v2\/pages\/850\/revisions\/2249"}],"wp:attachment":[{"href":"https:\/\/blogsaverroes.juntadeandalucia.es\/cpsacratif\/wp-json\/wp\/v2\/media?parent=850"}],"curies":[{"name":"wp","href":"https:\/\/api.w.org\/{rel}","templated":true}]}}