{"id":867,"date":"2020-12-18T08:55:13","date_gmt":"2020-12-18T07:55:13","guid":{"rendered":"https:\/\/blogsaverroes.juntadeandalucia.es\/pre\/plantilla-pencil\/?page_id=867"},"modified":"2022-06-28T17:40:07","modified_gmt":"2022-06-28T16:40:07","slug":"idiomas","status":"publish","type":"page","link":"https:\/\/blogsaverroes.juntadeandalucia.es\/cpsacratif\/idiomas\/","title":{"rendered":"Idiomas"},"content":{"rendered":"<p>[et_pb_section fb_built=&#8221;1&#8243; _builder_version=&#8221;3.23.3&#8243; custom_padding=&#8221;0px||0px|&#8221; z_index_tablet=&#8221;500&#8243; box_shadow_horizontal_tablet=&#8221;0px&#8221; box_shadow_vertical_tablet=&#8221;0px&#8221; box_shadow_blur_tablet=&#8221;40px&#8221; box_shadow_spread_tablet=&#8221;0px&#8221; global_colors_info=&#8221;{}&#8221;][et_pb_row _builder_version=&#8221;3.25&#8243; background_size=&#8221;initial&#8221; background_position=&#8221;top_left&#8221; background_repeat=&#8221;repeat&#8221; global_colors_info=&#8221;{}&#8221;][et_pb_column type=&#8221;4_4&#8243; _builder_version=&#8221;3.25&#8243; custom_padding=&#8221;|||&#8221; global_colors_info=&#8221;{}&#8221; custom_padding__hover=&#8221;|||&#8221;][et_pb_image src=&#8221;https:\/\/blogsaverroes.juntadeandalucia.es\/cpsacratif\/files\/2022\/06\/677776E1-CE88-47E5-BDF3-FBD10AD54F96.jpeg&#8221; title_text=&#8221;677776E1-CE88-47E5-BDF3-FBD10AD54F96&#8243; admin_label=&#8221;Imagen de la portada&#8221; _builder_version=&#8221;4.14.5&#8243; z_index_tablet=&#8221;500&#8243; box_shadow_horizontal_tablet=&#8221;0px&#8221; box_shadow_vertical_tablet=&#8221;0px&#8221; box_shadow_blur_tablet=&#8221;40px&#8221; box_shadow_spread_tablet=&#8221;0px&#8221; global_colors_info=&#8221;{}&#8221;][\/et_pb_image][et_pb_text admin_label=&#8221;Texto descriptivo&#8221; _builder_version=&#8221;4.14.5&#8243; hover_enabled=&#8221;0&#8243; z_index_tablet=&#8221;500&#8243; text_text_shadow_horizontal_length_tablet=&#8221;0px&#8221; text_text_shadow_vertical_length_tablet=&#8221;0px&#8221; text_text_shadow_blur_strength_tablet=&#8221;1px&#8221; link_text_shadow_horizontal_length_tablet=&#8221;0px&#8221; link_text_shadow_vertical_length_tablet=&#8221;0px&#8221; link_text_shadow_blur_strength_tablet=&#8221;1px&#8221; ul_text_shadow_horizontal_length_tablet=&#8221;0px&#8221; ul_text_shadow_vertical_length_tablet=&#8221;0px&#8221; ul_text_shadow_blur_strength_tablet=&#8221;1px&#8221; ol_text_shadow_horizontal_length_tablet=&#8221;0px&#8221; ol_text_shadow_vertical_length_tablet=&#8221;0px&#8221; ol_text_shadow_blur_strength_tablet=&#8221;1px&#8221; quote_text_shadow_horizontal_length_tablet=&#8221;0px&#8221; quote_text_shadow_vertical_length_tablet=&#8221;0px&#8221; quote_text_shadow_blur_strength_tablet=&#8221;1px&#8221; header_text_shadow_horizontal_length_tablet=&#8221;0px&#8221; header_text_shadow_vertical_length_tablet=&#8221;0px&#8221; header_text_shadow_blur_strength_tablet=&#8221;1px&#8221; header_2_text_shadow_horizontal_length_tablet=&#8221;0px&#8221; header_2_text_shadow_vertical_length_tablet=&#8221;0px&#8221; header_2_text_shadow_blur_strength_tablet=&#8221;1px&#8221; header_3_text_shadow_horizontal_length_tablet=&#8221;0px&#8221; header_3_text_shadow_vertical_length_tablet=&#8221;0px&#8221; header_3_text_shadow_blur_strength_tablet=&#8221;1px&#8221; header_4_text_shadow_horizontal_length_tablet=&#8221;0px&#8221; header_4_text_shadow_vertical_length_tablet=&#8221;0px&#8221; header_4_text_shadow_blur_strength_tablet=&#8221;1px&#8221; header_5_text_shadow_horizontal_length_tablet=&#8221;0px&#8221; header_5_text_shadow_vertical_length_tablet=&#8221;0px&#8221; header_5_text_shadow_blur_strength_tablet=&#8221;1px&#8221; header_6_text_shadow_horizontal_length_tablet=&#8221;0px&#8221; header_6_text_shadow_vertical_length_tablet=&#8221;0px&#8221; header_6_text_shadow_blur_strength_tablet=&#8221;1px&#8221; box_shadow_horizontal_tablet=&#8221;0px&#8221; box_shadow_vertical_tablet=&#8221;0px&#8221; box_shadow_blur_tablet=&#8221;40px&#8221; box_shadow_spread_tablet=&#8221;0px&#8221; global_colors_info=&#8221;{}&#8221; sticky_enabled=&#8221;0&#8243;]<\/p>\n<p>\u00a1Nuestro centro ha sido seleccionado para el proyecto STEAM: investigaci\u00f3n aeroespacial aplicada al aula!<\/p>\n<p>Este proyecto, puesto en marcha por la Consejer\u00eda de Educaci\u00f3n y Deporte de la Junta de Andaluc\u00eda, tiene el objeto de acercar al profesorado y al alumnado a la investigaci\u00f3n aeroespacial y poder mejorar las competencias del alumnado en ciencia y tecnolog\u00eda, poniendo al mismo en el papel de investigador acerca de los avances en el estudio aeroespacial.<\/p>\n<p>OBJETIVOS<br \/>Los objetivos espec\u00edficos del proyecto son:<\/p>\n<ul>\n<li>Formar al profesorado en la manipulaci\u00f3n de recursos y kits aeroespaciales proporcionados por la Agencia Espacial Europea y la Consejer\u00eda de Educaci\u00f3n y Deporte.<\/li>\n<li>Guiar la participaci\u00f3n en los concursos aeroespaciales.<\/li>\n<li>Fomentar las vocaciones STEAM en el alumnado, especialmente entre las alumnas, contribuyendo a la igualdad de oportunidades.<\/li>\n<li>Guiar al profesorado en la planificaci\u00f3n de visitas aeroespaciales<\/li>\n<\/ul>\n<p>&nbsp;<\/p>\n<p><b><br \/>CURSO 21\/22<\/b><\/p>\n<p>Os dejamos un peque\u00f1o video del trabajo realizado durante el presente curso escolar de este fabuloso proyecto sobre investigaci\u00f3n aeroespacial, coordinado por nuestra profesora Rocio S\u00e1nchez . Pincha en el enlace para ver el v\u00eddeo.<\/p>\n<p><span style=\"color: #ff0000\"><a style=\"color: #ff0000\" href=\"https:\/\/drive.google.com\/file\/d\/1ruZcJPyGWnxfISsq_0UYXJJRY4p2fdLZ\/view?usp=sharing\">https:\/\/drive.google.com\/file\/d\/1ruZcJPyGWnxfISsq_0UYXJJRY4p2fdLZ\/view?usp=drive_webhttps:\/\/drive.google.com\/file\/d\/1ruZcJPyGWnxfISsq_0UYXJJRY4p2fdLZ\/view?usp=drive_web<\/a><\/span><\/p>\n<p>[\/et_pb_text][\/et_pb_column][\/et_pb_row][\/et_pb_section]<\/p>\n","protected":false},"excerpt":{"rendered":"<p>\u00a1Nuestro centro ha sido seleccionado para el proyecto STEAM: investigaci\u00f3n aeroespacial aplicada al aula! Este proyecto, puesto en marcha por la Consejer\u00eda de Educaci\u00f3n y Deporte de la Junta de Andaluc\u00eda, tiene el objeto de acercar al profesorado y al alumnado a la investigaci\u00f3n aeroespacial y poder mejorar las competencias del alumnado en ciencia y [&hellip;]<\/p>\n","protected":false},"author":11456,"featured_media":0,"parent":0,"menu_order":0,"comment_status":"closed","ping_status":"closed","template":"","meta":{"_et_pb_use_builder":"on","_et_pb_old_content":"","_et_gb_content_width":"","ngg_post_thumbnail":0,"footnotes":""},"aioseo_notices":[],"_links":{"self":[{"href":"https:\/\/blogsaverroes.juntadeandalucia.es\/cpsacratif\/wp-json\/wp\/v2\/pages\/867"}],"collection":[{"href":"https:\/\/blogsaverroes.juntadeandalucia.es\/cpsacratif\/wp-json\/wp\/v2\/pages"}],"about":[{"href":"https:\/\/blogsaverroes.juntadeandalucia.es\/cpsacratif\/wp-json\/wp\/v2\/types\/page"}],"author":[{"embeddable":true,"href":"https:\/\/blogsaverroes.juntadeandalucia.es\/cpsacratif\/wp-json\/wp\/v2\/users\/11456"}],"replies":[{"embeddable":true,"href":"https:\/\/blogsaverroes.juntadeandalucia.es\/cpsacratif\/wp-json\/wp\/v2\/comments?post=867"}],"version-history":[{"count":7,"href":"https:\/\/blogsaverroes.juntadeandalucia.es\/cpsacratif\/wp-json\/wp\/v2\/pages\/867\/revisions"}],"predecessor-version":[{"id":2215,"href":"https:\/\/blogsaverroes.juntadeandalucia.es\/cpsacratif\/wp-json\/wp\/v2\/pages\/867\/revisions\/2215"}],"wp:attachment":[{"href":"https:\/\/blogsaverroes.juntadeandalucia.es\/cpsacratif\/wp-json\/wp\/v2\/media?parent=867"}],"curies":[{"name":"wp","href":"https:\/\/api.w.org\/{rel}","templated":true}]}}