{"id":2133,"date":"2015-11-25T15:34:37","date_gmt":"2015-11-25T14:34:37","guid":{"rendered":"http:\/\/blogsaverroes.juntadeandalucia.es\/cpvvamesia\/?page_id=2133"},"modified":"2025-03-05T14:16:43","modified_gmt":"2025-03-05T13:16:43","slug":"escolarizacion-2-2","status":"publish","type":"page","link":"https:\/\/blogsaverroes.juntadeandalucia.es\/cpvvamesia\/escolarizacion-2-2\/","title":{"rendered":"Escolarizaci\u00f3n"},"content":{"rendered":"<p><img loading=\"lazy\" decoding=\"async\" class=\"alignnone wp-image-4834 aligncenter\" src=\"https:\/\/blogsaverroes.juntadeandalucia.es\/cpvvamesia\/files\/2021\/03\/COVER_FACEBOOK_ADMISION-200x74.jpg\" alt=\"\" width=\"515\" height=\"191\" srcset=\"https:\/\/blogsaverroes.juntadeandalucia.es\/cpvvamesia\/files\/2021\/03\/COVER_FACEBOOK_ADMISION-200x74.jpg 200w, https:\/\/blogsaverroes.juntadeandalucia.es\/cpvvamesia\/files\/2021\/03\/COVER_FACEBOOK_ADMISION-768x284.jpg 768w, https:\/\/blogsaverroes.juntadeandalucia.es\/cpvvamesia\/files\/2021\/03\/COVER_FACEBOOK_ADMISION.jpg 851w\" sizes=\"(max-width: 515px) 100vw, 515px\" \/><\/p>\n<p>Desde la Delegaci\u00f3n Territorial de Educaci\u00f3n y Deporte de Granada, se nos ha comunicado la oferta de plazas&nbsp; educativas as\u00ed como las plazas de Servicios Complementarios (Aula Matinal, Comedor y Actividades Extraescolares) en nuestro Centro para el curso 2025-2026. Desde el 26 de febrero, se pueden consultar los documentos en la web del colegio y en el tabl\u00f3n de anuncios.&nbsp;<\/p>\n<p>Se inicia de este modo el proceso de escolarizaci\u00f3n en el que participan todos los ni\u00f1os y ni\u00f1as que se incorporan por primera vez al sistema educativo, as\u00ed como al alumnado que cambie de centro escolar.<\/p>\n<p>Entre los d\u00edas 1 y 31 de marzo, ambos inclusive, deber\u00e1n presentar la solicitud. Esta solicitud se puede entregar en el centro entre el 4 y el 31 de marzo en horario de secretar\u00eda, <a href=\"https:\/\/blogsaverroes.juntadeandalucia.es\/cpvvamesia\/files\/2025\/03\/cartel-05032025140239.jpg\" target=\"_blank\" rel=\"noopener\">pincha aqu\u00ed para verlo<\/a>. Adem\u00e1s pueden cumplimentarlo por medios telem\u00e1ticos a trav\u00e9s de la Secretar\u00eda Virtual de la Junta de Andaluc\u00eda.<\/p>\n<p><a href=\"https:\/\/portales.ced.junta-andalucia.es\/educacion\/portales\/web\/escolarizacion\/infantil-a-bachillerato\" target=\"_blank\" rel=\"noopener\">PORTAL ESCOLARIZACI\u00d3N CONSEJER\u00cdA EDUCACI\u00d3N Y DEPORTE 2025-2026<\/a><\/p>\n<p><a href=\"https:\/\/drive.google.com\/file\/d\/1UhQ1swQhkB4NHYayUh74SGgTOqZxr0q3\/view?usp=sharing\" target=\"_blank\" rel=\"noopener noreferrer\">INSTRUCCIONES PROCEDIMIENTO DE ADMISI\u00d3N Y MATRICULACI\u00d3N<\/a><\/p>\n<p><a href=\"https:\/\/drive.google.com\/file\/d\/1jMCcXHfx6ZfbM6Im6MSLQl_8Y0xEY0Sr\/view?usp=sharing\" target=\"_blank\" rel=\"noopener\">IMPRESOS ADMISI\u00d3N CURSO 2025-2026<\/a><\/p>\n<p><a href=\"https:\/\/drive.google.com\/file\/d\/1pZROvpsEo5hLvtO19eTR6w0OjhbBPwsh\/view?usp=sharing\" target=\"_blank\" rel=\"noopener\">OFERTA EDUCATIVA CURSO 2025-2026<\/a><\/p>\n<p><a href=\"https:\/\/drive.google.com\/file\/d\/1u19HW0gbigiax2TnjriGGZrmbfWQ6Qgb\/view?usp=sharing\" target=\"_blank\" rel=\"noopener\">PROCEDIMIENTO ADMISI\u00d3N ALUMNADO 2025-2026<\/a><\/p>\n<p><a href=\"https:\/\/drive.google.com\/file\/d\/1pAhu8qQzS62Y8z4zpnjqLmazVL0YoSqK\/view?usp=sharing\" target=\"_blank\" rel=\"noopener\">CERTIFICACI\u00d3N DE LA PUBLICACI\u00d3N DE LA ADMISI\u00d3N ALUMNADO<\/a><\/p>\n<p>&nbsp;<\/p>\n<p>&nbsp;<\/p>\n","protected":false},"excerpt":{"rendered":"<p>Desde la Delegaci\u00f3n Territorial de Educaci\u00f3n y Deporte de Granada, se nos ha comunicado la oferta de plazas&nbsp; educativas as\u00ed como las plazas de Servicios Complementarios (Aula Matinal, Comedor y Actividades Extraescolares) en nuestro&#46;&#46;&#46;<\/p>\n","protected":false},"author":2340,"featured_media":0,"parent":0,"menu_order":0,"comment_status":"open","ping_status":"open","template":"","meta":{"ngg_post_thumbnail":0,"footnotes":"","_mc_calendar":[]},"aioseo_notices":[],"_links":{"self":[{"href":"https:\/\/blogsaverroes.juntadeandalucia.es\/cpvvamesia\/wp-json\/wp\/v2\/pages\/2133"}],"collection":[{"href":"https:\/\/blogsaverroes.juntadeandalucia.es\/cpvvamesia\/wp-json\/wp\/v2\/pages"}],"about":[{"href":"https:\/\/blogsaverroes.juntadeandalucia.es\/cpvvamesia\/wp-json\/wp\/v2\/types\/page"}],"author":[{"embeddable":true,"href":"https:\/\/blogsaverroes.juntadeandalucia.es\/cpvvamesia\/wp-json\/wp\/v2\/users\/2340"}],"replies":[{"embeddable":true,"href":"https:\/\/blogsaverroes.juntadeandalucia.es\/cpvvamesia\/wp-json\/wp\/v2\/comments?post=2133"}],"version-history":[{"count":16,"href":"https:\/\/blogsaverroes.juntadeandalucia.es\/cpvvamesia\/wp-json\/wp\/v2\/pages\/2133\/revisions"}],"predecessor-version":[{"id":5538,"href":"https:\/\/blogsaverroes.juntadeandalucia.es\/cpvvamesia\/wp-json\/wp\/v2\/pages\/2133\/revisions\/5538"}],"wp:attachment":[{"href":"https:\/\/blogsaverroes.juntadeandalucia.es\/cpvvamesia\/wp-json\/wp\/v2\/media?parent=2133"}],"curies":[{"name":"wp","href":"https:\/\/api.w.org\/{rel}","templated":true}]}}