{"id":2139,"date":"2015-11-25T15:35:44","date_gmt":"2015-11-25T14:35:44","guid":{"rendered":"http:\/\/blogsaverroes.juntadeandalucia.es\/cpvvamesia\/?page_id=2139"},"modified":"2025-11-17T08:16:55","modified_gmt":"2025-11-17T07:16:55","slug":"calendario-escolar-2","status":"publish","type":"page","link":"https:\/\/blogsaverroes.juntadeandalucia.es\/cpvvamesia\/calendario-escolar-2\/","title":{"rendered":"Calendario Escolar"},"content":{"rendered":"<div class=\"contenedor_cabeceraD_normativa\">\n<div class=\"titulo_cabecera_normativa\">Calendario Escolar del Curso 2025-2026 \u2013 Provincia de Granada<\/div>\n<p><a href=\"http:\/\/blogsaverroes.juntadeandalucia.es\/cpvvamesia\/files\/2015\/11\/Calendario-Escolar-2015-2016-Valencia-1024x831.jpg\"><img loading=\"lazy\" decoding=\"async\" class=\"alignnone wp-image-2469\" src=\"http:\/\/blogsaverroes.juntadeandalucia.es\/cpvvamesia\/files\/2015\/11\/Calendario-Escolar-2015-2016-Valencia-1024x831-200x162.jpg\" alt=\"Calendario-Escolar-2015-2016-Valencia-1024x831\" width=\"377\" height=\"305\" srcset=\"https:\/\/blogsaverroes.juntadeandalucia.es\/cpvvamesia\/files\/2015\/11\/Calendario-Escolar-2015-2016-Valencia-1024x831-200x162.jpg 200w, https:\/\/blogsaverroes.juntadeandalucia.es\/cpvvamesia\/files\/2015\/11\/Calendario-Escolar-2015-2016-Valencia-1024x831.jpg 1024w\" sizes=\"(max-width: 377px) 100vw, 377px\" \/><\/a><\/p>\n<\/div>\n<div class=\"contenedor_medioD_normativa\">\n<div class=\"descripcion_cabecera_normativa\">Resoluci\u00f3n de la Delegaci\u00f3n Territorial de Educaci\u00f3n, Cultura y Deporte de Granada y Calendario Escolar para el curso 2024\/2025.<\/div>\n<div class=\"descripcion_cabecera_normativa\">&nbsp;<\/div>\n<\/div>\n<div class=\"contenedor_mas_informaci\u00f3n_normativa\">\n<div class=\"titulo_rango_normativa\">Rango:&nbsp;Resoluci\u00f3n<\/div>\n<div class=\"separador5px\">&nbsp;\u00c1mbito:&nbsp;Provincial<\/div>\n<div class=\"separador5px\">&nbsp;\u00d3rgano emisor:&nbsp;Delegaci\u00f3n Territorial de Educaci\u00f3n, Cultura y Deporte de Granada<\/div>\n<div class=\"separador5px\">&nbsp;Destinatarios:&nbsp;Comunidad Educativa<\/div>\n<div class=\"separador5px\">&nbsp;Documentos:<\/div>\n<ul>\n<li class=\"contenido_documento_normativa\"><a href=\"https:\/\/drive.google.com\/file\/d\/1W5t0Hj9AgE-XR03HjGjksG3AFXyRVEi8\/view?usp=sharing\" target=\"_blank\" rel=\"noopener\">Resoluci\u00f3n<\/a><\/li>\n<li>Los d\u00edas festivos en la localidad de Villanueva Mes\u00eda durante el curso escolar 2025\/2026 ES: <strong><br \/>\n<\/strong>Lunes 20 de Octubre. El Consejo Escolar aprob\u00f3&nbsp; como no lectivos los d\u00edas martes 3 de marzo y lunes 4 de mayo<\/li>\n<\/ul>\n<p>&nbsp;<\/p>\n<div class=\"separador1px\">&nbsp;<\/div>\n<\/div>\n","protected":false},"excerpt":{"rendered":"<p>Calendario Escolar del Curso 2025-2026 \u2013 Provincia de Granada Resoluci\u00f3n de la Delegaci\u00f3n Territorial de Educaci\u00f3n, Cultura y Deporte de Granada y Calendario Escolar para el curso 2024\/2025. &nbsp; Rango:&nbsp;Resoluci\u00f3n &nbsp;\u00c1mbito:&nbsp;Provincial &nbsp;\u00d3rgano emisor:&nbsp;Delegaci\u00f3n Territorial&#46;&#46;&#46;<\/p>\n","protected":false},"author":2340,"featured_media":0,"parent":0,"menu_order":0,"comment_status":"open","ping_status":"open","template":"","meta":{"ngg_post_thumbnail":0,"footnotes":"","_mc_calendar":[]},"aioseo_notices":[],"_links":{"self":[{"href":"https:\/\/blogsaverroes.juntadeandalucia.es\/cpvvamesia\/wp-json\/wp\/v2\/pages\/2139"}],"collection":[{"href":"https:\/\/blogsaverroes.juntadeandalucia.es\/cpvvamesia\/wp-json\/wp\/v2\/pages"}],"about":[{"href":"https:\/\/blogsaverroes.juntadeandalucia.es\/cpvvamesia\/wp-json\/wp\/v2\/types\/page"}],"author":[{"embeddable":true,"href":"https:\/\/blogsaverroes.juntadeandalucia.es\/cpvvamesia\/wp-json\/wp\/v2\/users\/2340"}],"replies":[{"embeddable":true,"href":"https:\/\/blogsaverroes.juntadeandalucia.es\/cpvvamesia\/wp-json\/wp\/v2\/comments?post=2139"}],"version-history":[{"count":32,"href":"https:\/\/blogsaverroes.juntadeandalucia.es\/cpvvamesia\/wp-json\/wp\/v2\/pages\/2139\/revisions"}],"predecessor-version":[{"id":5555,"href":"https:\/\/blogsaverroes.juntadeandalucia.es\/cpvvamesia\/wp-json\/wp\/v2\/pages\/2139\/revisions\/5555"}],"wp:attachment":[{"href":"https:\/\/blogsaverroes.juntadeandalucia.es\/cpvvamesia\/wp-json\/wp\/v2\/media?parent=2139"}],"curies":[{"name":"wp","href":"https:\/\/api.w.org\/{rel}","templated":true}]}}