{"id":2142,"date":"2015-11-25T15:36:05","date_gmt":"2015-11-25T14:36:05","guid":{"rendered":"http:\/\/blogsaverroes.juntadeandalucia.es\/cpvvamesia\/?page_id=2142"},"modified":"2025-11-17T08:13:22","modified_gmt":"2025-11-17T07:13:22","slug":"actividades-escolares","status":"publish","type":"page","link":"https:\/\/blogsaverroes.juntadeandalucia.es\/cpvvamesia\/actividades-escolares\/","title":{"rendered":"Actividades Extraescolares"},"content":{"rendered":"<p>&nbsp;<\/p>\n<p>&nbsp;<\/p>\n<p style=\"text-align: center\"><span style=\"font-size: 36pt\">&nbsp;<span style=\"color: #008000;font-family: comic sans ms,sans-serif\">HORARIO ACTIVIDADES EXTRAESCOLARES 2025\/26<\/span><\/span><\/p>\n<p>&nbsp;<\/p>\n<table style=\"height: 634px;width: 702px\" cellpadding=\"1\" border=\"3\">\n<tbody>\n<tr>\n<td style=\"text-align: center;width: 101.233px\"><span style=\"background-color: #ffffff\"><strong><span style=\"color: #000000\">HORA<\/span><\/strong><\/span><\/td>\n<td style=\"text-align: center;width: 137.767px\"><span style=\"background-color: #ffffff\"><strong>LUNES<\/strong><\/span><\/td>\n<td style=\"text-align: center;width: 134px\"><span style=\"background-color: #ffffff\"><strong>MARTES<\/strong><\/span><\/td>\n<td style=\"text-align: center;width: 138px\"><span style=\"background-color: #ffffff\"><strong>MI\u00c9RCOLES<\/strong><\/span><\/td>\n<td style=\"text-align: center;width: 134px\"><span style=\"background-color: #ffffff\"><strong>JUEVES<\/strong><\/span><\/td>\n<\/tr>\n<tr>\n<td style=\"text-align: center;width: 101.233px\"><span style=\"font-family: comic sans ms, sans-serif\"><strong>16:00-17:00<\/strong><\/span><\/td>\n<td style=\"width: 137.767px;text-align: center\"><strong>BAILE\/DANZA<\/strong><\/td>\n<td style=\"width: 134px;text-align: center\"><strong>MULTIDEPORTE<\/strong><\/td>\n<td style=\"width: 138px;text-align: center\"><b>BAILE\/DANZA<\/b><\/td>\n<td style=\"width: 134px;text-align: center\">&nbsp;<\/p>\n<p><strong>MULTIDEPORTE<\/strong><br \/>\n&nbsp;<\/td>\n<\/tr>\n<tr>\n<td style=\"text-align: center;width: 101.233px\"><span style=\"background-color: #ffffff\"><strong><span style=\"font-family: comic sans ms,sans-serif\">17:00-18:00<\/span><\/strong><\/span><\/td>\n<td style=\"width: 137.767px;text-align: center\"><b>INGL\u00c9S<\/b><\/td>\n<td style=\"width: 134px;text-align: center\">&nbsp;<\/td>\n<td style=\"width: 138px;text-align: center\">&nbsp;<\/p>\n<p><b>INGL\u00c9S<\/b><br \/>\n&nbsp;<\/td>\n<td style=\"width: 134px;text-align: center\">&nbsp;<\/td>\n<\/tr>\n<\/tbody>\n<\/table>\n<ul>\n<li>El alumnado antes de asistir deber\u00e1 haber solicitado la actividad y su bonificaci\u00f3n en el colegio.<\/li>\n<li>Solamente ser\u00e1 bonificada una actividad, las dem\u00e1s actividades costar\u00e1n 17,51\u20ac al mes.<\/li>\n<li>Las actividades comenzar\u00e1n el primer d\u00eda lectivo de Octubre<\/li>\n<\/ul>\n<p>&nbsp;<\/p>\n<div class=\"_fUc irc_mimg\">&nbsp;<\/div>\n","protected":false},"excerpt":{"rendered":"<p>&nbsp; &nbsp; &nbsp;HORARIO ACTIVIDADES EXTRAESCOLARES 2025\/26 &nbsp; HORA LUNES MARTES MI\u00c9RCOLES JUEVES 16:00-17:00 BAILE\/DANZA MULTIDEPORTE BAILE\/DANZA &nbsp; MULTIDEPORTE &nbsp; 17:00-18:00 INGL\u00c9S &nbsp; &nbsp; INGL\u00c9S &nbsp; &nbsp; El alumnado antes de asistir deber\u00e1 haber solicitado&#46;&#46;&#46;<\/p>\n","protected":false},"author":2340,"featured_media":0,"parent":0,"menu_order":0,"comment_status":"open","ping_status":"open","template":"","meta":{"ngg_post_thumbnail":0,"footnotes":"","_mc_calendar":[]},"aioseo_notices":[],"_links":{"self":[{"href":"https:\/\/blogsaverroes.juntadeandalucia.es\/cpvvamesia\/wp-json\/wp\/v2\/pages\/2142"}],"collection":[{"href":"https:\/\/blogsaverroes.juntadeandalucia.es\/cpvvamesia\/wp-json\/wp\/v2\/pages"}],"about":[{"href":"https:\/\/blogsaverroes.juntadeandalucia.es\/cpvvamesia\/wp-json\/wp\/v2\/types\/page"}],"author":[{"embeddable":true,"href":"https:\/\/blogsaverroes.juntadeandalucia.es\/cpvvamesia\/wp-json\/wp\/v2\/users\/2340"}],"replies":[{"embeddable":true,"href":"https:\/\/blogsaverroes.juntadeandalucia.es\/cpvvamesia\/wp-json\/wp\/v2\/comments?post=2142"}],"version-history":[{"count":34,"href":"https:\/\/blogsaverroes.juntadeandalucia.es\/cpvvamesia\/wp-json\/wp\/v2\/pages\/2142\/revisions"}],"predecessor-version":[{"id":5554,"href":"https:\/\/blogsaverroes.juntadeandalucia.es\/cpvvamesia\/wp-json\/wp\/v2\/pages\/2142\/revisions\/5554"}],"wp:attachment":[{"href":"https:\/\/blogsaverroes.juntadeandalucia.es\/cpvvamesia\/wp-json\/wp\/v2\/media?parent=2142"}],"curies":[{"name":"wp","href":"https:\/\/api.w.org\/{rel}","templated":true}]}}