{"id":2184,"date":"2015-11-25T15:48:56","date_gmt":"2015-11-25T14:48:56","guid":{"rendered":"http:\/\/blogsaverroes.juntadeandalucia.es\/cpvvamesia\/?page_id=2184"},"modified":"2017-04-01T10:16:46","modified_gmt":"2017-04-01T09:16:46","slug":"blogs-del-centro","status":"publish","type":"page","link":"https:\/\/blogsaverroes.juntadeandalucia.es\/cpvvamesia\/blogs-del-centro\/","title":{"rendered":"Materiales del Profesorado"},"content":{"rendered":"<ul>\n<li class=\"categoria\"><a href=\"http:\/\/blogsaverroes.juntadeandalucia.es\/cpvvamesia\/files\/2015\/11\/b_carpetam.gif\"><img loading=\"lazy\" decoding=\"async\" class=\"alignnone size-full wp-image-2300\" src=\"http:\/\/blogsaverroes.juntadeandalucia.es\/cpvvamesia\/files\/2015\/11\/b_carpetam.gif\" alt=\"b_carpetam\" height=\"24\" width=\"27\"\/><\/a>BLOGS\n<ul>\n<li><a href=\"http:\/\/infcpvvamesia.blogspot.com\" target=\"_blank\"> Blog de Infantil<\/a><\/li>\n<li><a href=\"http:\/\/efisicacpvvamesia.blogspot.com\/\" target=\"_blank\"> Blog de la Educaci\u00f3n F\u00edsica<\/a><\/li>\n<li><a href=\"http:\/\/miblogcoledemusica.blogspot.com\/\" target=\"_blank\"> Blog de M\u00fasica del Cole<\/a><\/li>\n<li><a href=\"http:\/\/rafaelgarofano.blogspot.com\/\" target=\"_blank\"> Blog de Sociales, Tecnolog\u00eda, M\u00fasica, Pl\u00e1stica y Tutor\u00eda. <\/a><\/li>\n<li><a href=\"http:\/\/cpvvamesia.blogspot.com\/\" target=\"_blank\"> Blog del Cole<\/a><\/li>\n<li><a href=\"http:\/\/delicious.com\/cepgranadablog\" target=\"_blank\"> BlogTeca del CEP de Granada<\/a><\/li>\n<li><a href=\"http:\/\/englishcpvvamesia.blogspot.com\/\" target=\"_blank\"> English Blog<\/a><\/li>\n<li><a href=\"http:\/\/mcfrncs.blogspot.com\/\" target=\"_blank\"> Le blog de Fran\u00e7ais<\/a><\/li>\n<\/ul>\n<\/li>\n<\/ul>\n<ul>\n<li class=\"categoria\"><a href=\"http:\/\/blogsaverroes.juntadeandalucia.es\/cpvvamesia\/files\/2015\/11\/b_carpetam.gif\"><img loading=\"lazy\" decoding=\"async\" class=\"alignnone size-full wp-image-2300\" src=\"http:\/\/blogsaverroes.juntadeandalucia.es\/cpvvamesia\/files\/2015\/11\/b_carpetam.gif\" alt=\"b_carpetam\" height=\"24\" width=\"27\"\/><\/a>CENTRO\n<ul>\n<li><a href=\"http:\/\/docs.google.com\/TeamPresent?docid=dgmhxtqj_214fjjhgwf4&amp;skipauth=true\" target=\"_blank\"> Dec\u00e1logo para formar a un delincuente, por el Juez de Menores, D. Emilio Calatayud.<\/a><\/li>\n<li><a href=\"https:\/\/docs.google.com\/open?id=0B9zcKH2yZY2HOGE4MzZmM2YtYTQxNS00NzZkLTg1MDUtZjkzOTdjNTMxMWNl\" target=\"_blank\"> Documentos Memoria Hist\u00f3rica del Colegio<\/a><\/li>\n<li><a href=\"https:\/\/docs.google.com\/open?id=0B9zcKH2yZY2HNjBlNWRkMGUtMmZhMS00NzgzLTlmMjktMDNmYjcxNmUwMjI2\" target=\"_blank\"> Guia \u00abJuguetes: una elecci\u00f3n segura\u00bb<\/a><\/li>\n<li><a href=\"http:\/\/docs.google.com\/TeamPresent?docid=dgmhxtqj_2554s43m2f9&amp;skipauth=true\" target=\"_blank\"> Normas del colegio.<\/a><\/li>\n<li><a href=\"http:\/\/docs.google.com\/Doc?id=dgmhxtqj_640dsjh7thc\" target=\"_blank\"> Programa actividades Plan Acogida Infantil 3 a\u00f1os<\/a><\/li>\n<li><a href=\"https:\/\/docs.google.com\/open?id=0B9zcKH2yZY2HNkhZWE5HcFlSaS1sOTRDUEtYTUYzdw\" target=\"_blank\"> Salud Bucodental<\/a><\/li>\n<li><a href=\"http:\/\/www.juntadeandalucia.es\/educacion\/portal\/com\/bin\/Contenidos\/TemasFuerza\/nuevosTF\/290108_Ley_Educacion_Andalucia\/LEA\/1201696918777_lea.pdf\" target=\"_blank\"> LEA: Ley de Educaci\u00f3n de Andaluc\u00eda.<\/a><\/li>\n<li><a href=\"https:\/\/docs.google.com\/gview?a=v&amp;pid=explorer&amp;chrome=true&amp;api=true&amp;srcid=1EWllmPy35Dr1Wurwe_UfW8rGlkhw-AsCCj1JfJtUklw0gkPHkX0R3KmWKswX&amp;hl=es\" target=\"_blank\"> Presentaci\u00f3n Servicio Inspecci\u00f3n Educativa Granada PowerPoint sobre el ROC &#8211; Decreto 328\/2010<\/a><\/li>\n<\/ul>\n<\/li>\n<\/ul>\n<ul>\n<li class=\"categoria\"><a href=\"http:\/\/blogsaverroes.juntadeandalucia.es\/cpvvamesia\/files\/2015\/11\/b_carpetam.gif\"><img loading=\"lazy\" decoding=\"async\" class=\"alignnone size-full wp-image-2300\" src=\"http:\/\/blogsaverroes.juntadeandalucia.es\/cpvvamesia\/files\/2015\/11\/b_carpetam.gif\" alt=\"b_carpetam\" height=\"24\" width=\"27\"\/><\/a>EXPERIENCIAS\n<ul>\n<li><a href=\"http:\/\/cabodegata.pbworks.com\" target=\"_blank\"> Conocer es valorar el Parque Natural del Cabo de Gata, Almer\u00eda.<\/a><\/li>\n<li><a href=\"http:\/\/cpvvamesia.pbworks.com\/w\/page\/52908562\/Encuesta%20H%C3%A1bitos%20de%20Actividad%20F%C3%ADsica%20con%20Google%20Docs\" target=\"_blank\"> Estudio de los h\u00e1bitos deportivos en Villanueva Mes\u00eda a trav\u00e9s del Google Docs. (2009)<\/a><\/li>\n<li><a href=\"https:\/\/docs.google.com\/file\/d\/0B9zcKH2yZY2HMlo3T2FYX3Y5LTQ\/edit?usp=sharing\" target=\"_blank\"> Proyecto &#8211; Experiencia de integraci\u00f3n de las nuevas tecnolog\u00edas a trav\u00e9s de la educaci\u00f3n ambiental, curso 1990\/1991<\/a><\/li>\n<li><a href=\"http:\/\/www.juntadeandalucia.es\/averroes\/cpvvamesia\/ac_venta.php?id=3\" target=\"_blank\"> Proyecto Puleva, curso 2006\/2007<\/a><\/li>\n<li><a href=\"http:\/\/revistacpvvamesia.blogspot.com\/\" target=\"_blank\"> Revista Digital del cole<\/a><\/li>\n<li><a href=\"http:\/\/periurbanavvamesia.pbworks.com\" target=\"_blank\"> Ruta Periurbana<\/a><\/li>\n<\/ul>\n<\/li>\n<\/ul>\n<ul>\n<li class=\"categoria\"><a href=\"http:\/\/blogsaverroes.juntadeandalucia.es\/cpvvamesia\/files\/2015\/11\/b_carpetam.gif\"><img loading=\"lazy\" decoding=\"async\" class=\"alignnone size-full wp-image-2300\" src=\"http:\/\/blogsaverroes.juntadeandalucia.es\/cpvvamesia\/files\/2015\/11\/b_carpetam.gif\" alt=\"b_carpetam\" height=\"24\" width=\"27\"\/><\/a>FORMACI\u00d3N\n<ul>\n<li><a href=\"http:\/\/docs.google.com\/Doc?id=dgmhxtqj_10979r5vh\" target=\"_blank\"> El proyecto curricular en Educaci\u00f3n Infantil y la nueva realidad.<\/a><\/li>\n<li><a href=\"http:\/\/docs.google.com\/Doc?id=dgmhxtqj_116gzhgd7\" target=\"_blank\"> Memoria Actividades del GT \u00abAplicaciones del trabajo on-line en un Centro Digital\u00bb.<\/a><\/li>\n<li><a href=\"http:\/\/www.scribd.com\/full\/16749717?access_key=key-6uardtrhog2t7j7yhy\" target=\"_blank\"> Ponencia Jornadas Provinciales de Intercambio de Experiencias en Centros TIC: El Trabajo colaborativo on line.<\/a><\/li>\n<li><a href=\"http:\/\/docs.google.com\/Presentation?id=dgmhxtqj_578gdt6vdhb#\" target=\"_blank\"> Presentaci\u00f3n ponencia Encuentro Grupos de Trabajo: Aplicaciones del trabajo online en un Centro TIC<\/a><\/li>\n<li><a href=\"http:\/\/docs.google.com\/Doc?id=dgmhxtqj_111w44sgt\" target=\"_blank\"> Proyecto Grupo de Trabajo: Aplicaciones del trabajo on-line en un Centro Digital<\/a><\/li>\n<li><a href=\"http:\/\/www.scribd.com\/full\/2472361?access_key=key-ak8v5krgtb0d6lv4qwm\" target=\"_blank\"> Revista Digital Docente: Ponencia trabajo On-Line en el Encuentro Grupos de Trabajo.<\/a><\/li>\n<li><a href=\"http:\/\/www.um.es\/atica\/contenidos\/streaming\/FLASH\/player2.php?formato=169&amp;video=473\/1789.mp4\" target=\"_blank\"> Consejos para el Dise\u00f1o de Buenas Presentaciones Visuales<\/a><\/li>\n<li><a href=\"http:\/\/docs.google.com\/Presentation?id=dgmhxtqj_1844gxsrfj42\" target=\"_blank\"> Estructura Plan Autoprotecci\u00f3n<\/a><\/li>\n<li><a href=\"http:\/\/www.juntadeandalucia.es\/averroes\/cpvvamesia\/tra_profes\/f1Triptico_Guia_NO_%20sexista.pdf\" target=\"_blank\"> Gu\u00eda No Sexista dirigida a Chicas: \u00abNo te l\u00edes con chicos malos\u00bb<\/a><\/li>\n<li><a href=\"https:\/\/docs.google.com\/file\/d\/0B5mhGSw1THnvZm5oU1NPOWx2N3M\/edit?usp=sharing\" target=\"_blank\"> El Trabajo Cooperativo como Metodolog\u00eda para la Escuela Inclusiva (C) Fundaci\u00f3n Maphre.<\/a><\/li>\n<li><a href=\"http:\/\/www.scribd.com\/full\/21185555?access_key=key-1c1gn1ypd8v043l873ox\" target=\"_blank\"> La investigaci\u00f3n del medio en la escuela. (C) Francisco Olvera L\u00f3pez.<\/a><\/li>\n<li><a href=\"http:\/\/www.scribd.com\/full\/25961556?access_key=key-1kk0miix8ddjd3o2uzhc\" target=\"_blank\"> La investigaci\u00f3n en el aula, una pedagod\u00eda para las competencias. (C) Francisco Olvera L\u00f3pez.<\/a><\/li>\n<\/ul>\n<\/li>\n<\/ul>\n<ul>\n<li class=\"categoria\"><a href=\"http:\/\/blogsaverroes.juntadeandalucia.es\/cpvvamesia\/files\/2015\/11\/b_carpetam.gif\"><img loading=\"lazy\" decoding=\"async\" class=\"alignnone size-full wp-image-2300\" src=\"http:\/\/blogsaverroes.juntadeandalucia.es\/cpvvamesia\/files\/2015\/11\/b_carpetam.gif\" alt=\"b_carpetam\" height=\"24\" width=\"27\"\/><\/a>RECURSOS\n<ul>\n<li><a href=\"https:\/\/docs.google.com\/file\/d\/0B9zcKH2yZY2HX2dTUm5MVUF3aGc\/edit\" target=\"_blank\"> Material Complementario de Matem\u00e1ticas 1er Ciclo (2\u00aa parte) de la Se\u00f1orita Pepi<\/a><\/li>\n<li><a href=\"https:\/\/docs.google.com\/file\/d\/0B9zcKH2yZY2HWjJsQjhRcEEyYlU\/edit?usp=sharing\" target=\"_blank\"> Material Complementario de Matem\u00e1ticas 1er ciclo (2\u00aa parte) de la Se\u00f1orita Pepi<\/a><\/li>\n<li><a href=\"https:\/\/docs.google.com\/file\/d\/0B9zcKH2yZY2HeTFGajhlWjZQNlU\/edit\" target=\"_blank\"> M\u00e9todo Lecto-Escritura 1 de la Se\u00f1orita Pepi<\/a><\/li>\n<li><a href=\"https:\/\/docs.google.com\/file\/d\/0B9zcKH2yZY2HdGFOR1hKUm5QQnc\/edit\" target=\"_blank\"> M\u00e9todo Lecto-Escritura 2 de la Se\u00f1orita Pepi<\/a><\/li>\n<li><a href=\"http:\/\/ulises.cepgranada.org\/moodle\/course\/view.php?id=344\" target=\"_blank\"> Red Provincial de Lectura y Bibliotecas Escolares<\/a><\/li>\n<li><a href=\"https:\/\/drive.google.com\/folderview?id=0B9zcKH2yZY2HNGYxZTUzYzktMmJiOS00ZmUzLWFlMmUtOWRiMmYxYWYzY2I2&amp;usp=sharing\" target=\"_blank\"> CARPETA MATERIALES ESCUELA ESPACIO DE PAZ<\/a><\/li>\n<li><a href=\"http:\/\/ulises.cepgranada.org\/%7Emballesteros\/TEXTOS-GUIONES\/\" target=\"_blank\"> Banco de lecturas: Textos y guiones.<\/a><\/li>\n<\/ul>\n<\/li>\n<\/ul>\n<ul>\n<li class=\"categoria\"><a href=\"http:\/\/blogsaverroes.juntadeandalucia.es\/cpvvamesia\/files\/2015\/11\/b_carpetam.gif\"><img loading=\"lazy\" decoding=\"async\" class=\"alignnone size-full wp-image-2300\" src=\"http:\/\/blogsaverroes.juntadeandalucia.es\/cpvvamesia\/files\/2015\/11\/b_carpetam.gif\" alt=\"b_carpetam\" height=\"24\" width=\"27\"\/><\/a>WEB QUEST\n<ul>\n<li><a href=\"http:\/\/phpwebquest.org\/wq25\/webquest\/soporte_tablon_w.php?id_actividad=36715&amp;id_pagina=1\" target=\"_blank\"> Imagine &#8211; Day of Peace<\/a><\/li>\n<li><a href=\"http:\/\/webquest.org\/search\/webquest_results.php?language=en&amp;descwords=English&amp;searchfield=descrip&amp;search=Search+SDSU+Database\" target=\"_blank\"> WebQuest Search Results English<\/a><\/li>\n<li><a href=\"http:\/\/phpwebquest.org\/wq25\/miniquest\/soporte_mondrian_m.php?id_actividad=64252&amp;id_pagina=1\" target=\"_blank\"> Dise\u00f1a el v\u00eddeo de presentaci\u00f3n del colegio en nuestra Web.<\/a><\/li>\n<\/ul>\n<\/li>\n<\/ul>\n<ul>\n<li class=\"categoria\"><a href=\"http:\/\/blogsaverroes.juntadeandalucia.es\/cpvvamesia\/files\/2015\/11\/b_carpetam.gif\"><img loading=\"lazy\" decoding=\"async\" class=\"alignnone size-full wp-image-2300\" src=\"http:\/\/blogsaverroes.juntadeandalucia.es\/cpvvamesia\/files\/2015\/11\/b_carpetam.gif\" alt=\"b_carpetam\" height=\"24\" width=\"27\"\/><\/a>WIKI\n<ul>\n<li><a href=\"http:\/\/englishcpvvamesia.pbworks.com\/\" target=\"_blank\"> English Wiki<\/a><\/li>\n<li><a href=\"http:\/\/cpvvamesia.pbworks.com\/\" target=\"_blank\"> Wiki Cole<\/a><\/li>\n<\/ul>\n<\/li>\n<\/ul>\n","protected":false},"excerpt":{"rendered":"<p>BLOGS Blog de Infantil Blog de la Educaci\u00f3n F\u00edsica Blog de M\u00fasica del Cole Blog de Sociales, Tecnolog\u00eda, M\u00fasica, Pl\u00e1stica y Tutor\u00eda. Blog del Cole BlogTeca del CEP de Granada English Blog Le blog&#46;&#46;&#46;<\/p>\n","protected":false},"author":2340,"featured_media":0,"parent":0,"menu_order":0,"comment_status":"open","ping_status":"open","template":"","meta":{"ngg_post_thumbnail":0,"footnotes":"","_mc_calendar":[]},"aioseo_notices":[],"_links":{"self":[{"href":"https:\/\/blogsaverroes.juntadeandalucia.es\/cpvvamesia\/wp-json\/wp\/v2\/pages\/2184"}],"collection":[{"href":"https:\/\/blogsaverroes.juntadeandalucia.es\/cpvvamesia\/wp-json\/wp\/v2\/pages"}],"about":[{"href":"https:\/\/blogsaverroes.juntadeandalucia.es\/cpvvamesia\/wp-json\/wp\/v2\/types\/page"}],"author":[{"embeddable":true,"href":"https:\/\/blogsaverroes.juntadeandalucia.es\/cpvvamesia\/wp-json\/wp\/v2\/users\/2340"}],"replies":[{"embeddable":true,"href":"https:\/\/blogsaverroes.juntadeandalucia.es\/cpvvamesia\/wp-json\/wp\/v2\/comments?post=2184"}],"version-history":[{"count":13,"href":"https:\/\/blogsaverroes.juntadeandalucia.es\/cpvvamesia\/wp-json\/wp\/v2\/pages\/2184\/revisions"}],"predecessor-version":[{"id":3999,"href":"https:\/\/blogsaverroes.juntadeandalucia.es\/cpvvamesia\/wp-json\/wp\/v2\/pages\/2184\/revisions\/3999"}],"wp:attachment":[{"href":"https:\/\/blogsaverroes.juntadeandalucia.es\/cpvvamesia\/wp-json\/wp\/v2\/media?parent=2184"}],"curies":[{"name":"wp","href":"https:\/\/api.w.org\/{rel}","templated":true}]}}