{"id":2216,"date":"2015-11-25T16:02:29","date_gmt":"2015-11-25T15:02:29","guid":{"rendered":"http:\/\/blogsaverroes.juntadeandalucia.es\/cpvvamesia\/?page_id=2216"},"modified":"2023-10-19T13:26:29","modified_gmt":"2023-10-19T12:26:29","slug":"datos-del-centro-5","status":"publish","type":"page","link":"https:\/\/blogsaverroes.juntadeandalucia.es\/cpvvamesia\/datos-del-centro-5\/","title":{"rendered":"Datos del Centro"},"content":{"rendered":"<p><strong>Nombre: <\/strong>CEIP Alamedas del Genil<\/p>\n<p><strong>Direcci\u00f3n: <\/strong>C\/ Paz, 1<\/p>\n<p><strong>C.Postal: <\/strong>18369<\/p>\n<p><strong>Localidad: <\/strong>Villanueva Mes\u00eda<\/p>\n<p><strong>Provincia:<\/strong> Granada<\/p>\n<p><strong>Tlf Primaria: <\/strong>958893800&nbsp; &nbsp;&nbsp;&nbsp; <strong>Tlf. Corporativo:<\/strong> 190800&nbsp;&nbsp;&nbsp;&nbsp;<\/p>\n<p><strong>Tlf. Infantil: <\/strong>958893801&nbsp;&nbsp;&nbsp;&nbsp;&nbsp;&nbsp; <strong>Tlf. Corporativo Infantil: <\/strong>190801<\/p>\n<p><strong>E-mail:<\/strong> 18008609.edu@juntadeandalucia.es<\/p>\n<p><iframe loading=\"lazy\" src=\"https:\/\/www.google.com\/maps\/d\/embed?mid=zHfuh-k1mAuI.kPaL5lNrMR8Y&amp;hl=es\" width=\"640\" height=\"480\"><\/iframe><\/p>\n<hr \/>\n<div align=\"justify\">\n<h4>Colegio P\u00fablico de Infantil, Primaria y Primer Ciclo de ESO, situado en la Vega del Genil, en la localidad de Villanueva Mes\u00eda, Granada.<\/h4>\n<\/div>\n<div align=\"justify\">&nbsp;<strong>Villanueva Mes\u00eda, localidad del Poniente Granadino<\/strong><\/div>\n<div align=\"justify\">\n<p style=\"text-align: left\"><strong>(Toda la informaci\u00f3n que aparece a continuaci\u00f3n ha sido alojada en la <a title=\"Villanueva Mesia\" href=\"http:\/\/es.wikipedia.org\/wiki\/Villanueva_Mes%C3%ADa\" target=\"_blank\" rel=\"noopener noreferrer\"><strong>Wikipedia<\/strong> <\/a>como aportaci\u00f3n del colegio)<\/strong><\/p>\n<p style=\"text-align: left\"><strong><a title=\"Imagen:fusionvva01_1.jpg\" href=\"http:\/\/es.wikipedia.org\/wiki\/Imagen:Fusionvva01_1.jpg\"><img loading=\"lazy\" decoding=\"async\" src=\"http:\/\/upload.wikimedia.org\/wikipedia\/commons\/c\/c0\/Fusionvva01_1.jpg\" alt=\"Imagen:fusionvva01_1.jpg\" width=\"600\" height=\"211\" border=\"0\"\/><\/a><\/strong><\/p>\n<p style=\"text-align: left\">Municipio de la <a title=\"Provincia de Granada\" href=\"http:\/\/es.wikipedia.org\/wiki\/Provincia_de_Granada\">provincia de Granada<\/a>, en la <a title=\"Comarca de Loja\" href=\"http:\/\/es.wikipedia.org\/w\/index.php?title=Comarca_de_Loja&amp;action=edit\">comarca de Loja<\/a>&nbsp; &nbsp; &nbsp; &nbsp;<strong>Superficie: 11 km\u00b2<\/strong><\/p>\n<p><strong>Poblaci\u00f3n: 2.031 (2022), extranjeros: 34<br \/>\n<\/strong><\/p>\n<p><strong>Limita: al N con el municipio de <a title=\"Montefr\u00edo\" href=\"http:\/\/es.wikipedia.org\/wiki\/Montefr%C3%ADo\">Montefr\u00edo<\/a>, al E con el municipio de <a title=\"\u00cdllora\" href=\"http:\/\/es.wikipedia.org\/wiki\/%C3%8Dllora\">\u00cdllora<\/a>, al S con el municipio de <a title=\"Moraleda de Zafayona\" href=\"http:\/\/es.wikipedia.org\/wiki\/Moraleda_de_Zafayona\">Moraleda de Zafayona<\/a>, al SO con el municipio de<a title=\"Hu\u00e9tor T\u00e1jar\" href=\"http:\/\/es.wikipedia.org\/wiki\/Hu%C3%A9tor_T%C3%A1jar\">Hu\u00e9tor T\u00e1jar<\/a>, y al O con el municipio de <a title=\"Loja\" href=\"http:\/\/es.wikipedia.org\/wiki\/Loja\">Loja<\/a>.<\/strong><\/p>\n<p><strong>Altitud 486 m. Latitud: 37\u00ba 13&#8242; Longitud: -4\u00ba 00&#8242;.<\/strong><\/p>\n<\/div>\n<p><strong><a href=\"http:\/\/maps.google.com\/maps\/ms?ie=UTF8&amp;hl=es&amp;msa=0&amp;msid=114263387427386164554.000438de31a6195ca0ccd&amp;om=1&amp;ll=37.21295,-4.015674&amp;spn=0,0&amp;output=embed&amp;s=AARTsJqcynn93HonndMpKyM8xfe3txVowg\" target=\"_blank\" rel=\"noopener noreferrer\">Ver localizaci\u00f3n del colegio en Villanueva Mes\u00eda aqu\u00ed<\/a><\/strong><\/p>\n<h2><strong><span class=\"mw-headline\">HISTORIA<\/span><br \/>\n<\/strong><\/h2>\n<div align=\"justify\">\n<p>Villanueva Mes\u00eda es un municipio del <a title=\"Poniente Granadino\" href=\"http:\/\/es.wikipedia.org\/wiki\/Poniente_Granadino\">Poniente Granadino<\/a>, zona lim\u00edtrofe entre las provincias de <a title=\"Granada\" href=\"http:\/\/es.wikipedia.org\/wiki\/Granada\">Granada<\/a>, <a title=\"M\u00e1laga\" href=\"http:\/\/es.wikipedia.org\/wiki\/M%C3%A1laga\">M\u00e1laga<\/a> y <a title=\"C\u00f3rdoba\" href=\"http:\/\/es.wikipedia.org\/wiki\/C%C3%B3rdoba\">C\u00f3rdoba<\/a> que se mantuvo durante m\u00e1s de dos siglos como frontera entre el reino <a title=\"Nazar\u00ed\" href=\"http:\/\/es.wikipedia.org\/wiki\/Nazar%C3%AD\">nazar\u00ed<\/a> de Granada y el reino cristiano de <a title=\"Castilla\" href=\"http:\/\/es.wikipedia.org\/wiki\/Castilla\">Castilla<\/a>. Fue la \u00abUltima frontera de <a title=\"Al \u00c1ndalus\" href=\"http:\/\/es.wikipedia.org\/w\/index.php?title=Al_%C3%81ndalus&amp;action=edit\">Al \u00c1ndalus<\/a>\u00ab, y por eso los pueblos y tierras que la forman son fuente inagotable de leyendas, historias y batallas. Regado por el r\u00edo Genil en su confluencia con el <a title=\"Cac\u00edn\" href=\"http:\/\/es.wikipedia.org\/wiki\/Cac%C3%ADn\">Cac\u00edn<\/a>, de f\u00e9rtiles huertas y frondosos frutales, tiene un origen isl\u00e1mico y estuvo formado en un principio por numerosos molinos, la mayor\u00eda de agua, y alquer\u00edas. Si bien los asentamientos en esta tierra &#8211; seg\u00fan los restos arqueol\u00f3gicos hallados &#8211; se inician con el hombre de<a title=\"Neandertal\" href=\"http:\/\/es.wikipedia.org\/wiki\/Neandertal\">Neandertal<\/a>, en el <a title=\"Paleol\u00edtico\" href=\"http:\/\/es.wikipedia.org\/wiki\/Paleol%C3%ADtico\">Paleol\u00edtico<\/a> Superior, hace m\u00e1s de 150.000 a\u00f1os y contin\u00faan con los <a title=\"\u00cdberos\" href=\"http:\/\/es.wikipedia.org\/wiki\/%C3%8Dberos\">\u00edberos<\/a> <a title=\"Turdetanos\" href=\"http:\/\/es.wikipedia.org\/wiki\/Turdetanos\">turdetanos<\/a>, <a title=\"Fenicios\" href=\"http:\/\/es.wikipedia.org\/wiki\/Fenicios\">fenicios<\/a>, <a title=\"Romanos\" href=\"http:\/\/es.wikipedia.org\/wiki\/Romanos\">romanos<\/a>, <a title=\"Visigodos\" href=\"http:\/\/es.wikipedia.org\/wiki\/Visigodos\">visigodos<\/a> y, por \u00faltimo, los <a title=\"Musulmanes\" href=\"http:\/\/es.wikipedia.org\/wiki\/Musulmanes\">musulmanes<\/a>.<\/p>\n<p><a title=\"Imagen:fuegosartifi0030.JPG\" href=\"http:\/\/es.wikipedia.org\/wiki\/Imagen:Fuegosartifi0030.JPG\"><img loading=\"lazy\" decoding=\"async\" src=\"http:\/\/upload.wikimedia.org\/wikipedia\/commons\/5\/5d\/Fuegosartifi0030.JPG\" alt=\"Imagen:fuegosartifi0030.JPG\" width=\"450\" height=\"600\" border=\"0\"\/><\/a><\/p>\n<p>&nbsp;<\/p>\n<h2><span class=\"mw-headline\">GASTRONOMIA<\/span><\/h2>\n<p>En los bares y restaurantes se pueden degustar una amplia variedad de productos de nuestra rica huerta y de embutidos de cerdo. Las comidas m\u00e1s t\u00edpicas son: el remoj\u00f3n de patatas y naranja, la <a title=\"Pipirrana\" href=\"http:\/\/es.wikipedia.org\/wiki\/Pipirrana\">pipirrana<\/a>, la porra malena, el guisao de caracoles, las chuletas de cerdo con patatas y, sobre todo, el <a title=\"Esp\u00e1rrago\" href=\"http:\/\/es.wikipedia.org\/wiki\/Esp%C3%A1rrago\">esp\u00e1rrago<\/a> verde en diferentes recetas. En las tiendas y negocios se puede comprar a buen precio numerosos productos de la zona: exquisitos dulces de <a title=\"Reposter\u00eda\" href=\"http:\/\/es.wikipedia.org\/wiki\/Reposter%C3%ADa\">reposter\u00eda<\/a>, legumbres, embutidos de cerdo, aceite de oliva con denominaci\u00f3n origen del Poniente Granadino y otros productos de la vega, especialmente el esp\u00e1rrago verde-morado, tambi\u00e9n con denominaci\u00f3n de origen.<\/p>\n<p><a title=\"Imagen:Esparragos.jpg\" href=\"http:\/\/es.wikipedia.org\/wiki\/Imagen:Esparragos.jpg\"><img loading=\"lazy\" decoding=\"async\" src=\"http:\/\/upload.wikimedia.org\/wikipedia\/commons\/6\/65\/Esparragos.jpg\" alt=\"Imagen:Esparragos.jpg\" width=\"450\" height=\"600\" border=\"0\"\/><\/a><\/p>\n<p><a name=\"LOCALIZACION_Y_COMUNICACIONES\"><\/a><\/p>\n<p><span class=\"mw-headline\">LOCALIZACION Y COMUNICACIONES<\/span>Su privilegiada situaci\u00f3n geogr\u00e1fica en el centro de <a title=\"Andaluc\u00eda\" href=\"http:\/\/es.wikipedia.org\/wiki\/Andaluc%C3%ADa\">Andaluc\u00eda<\/a>, junto a la autov\u00eda A-92, permite acceder desde cualquier lugar y en poco tiempo.<a title=\"Granada\" href=\"http:\/\/es.wikipedia.org\/wiki\/Granada\">Granada<\/a> capital est\u00e1 a tan s\u00f3lo 37 kms. y <a title=\"M\u00e1laga\" href=\"http:\/\/es.wikipedia.org\/wiki\/M%C3%A1laga\">M\u00e1laga<\/a> a 88. El transporte p\u00fablico por carretera es fluido y cont\u00ednuo desde estos lugares. El aeropuerto <a title=\"Garc\u00eda Lorca\" href=\"http:\/\/es.wikipedia.org\/wiki\/Garc%C3%ADa_Lorca\">Garc\u00eda Lorca<\/a> de Granada-Ja\u00e9n est\u00e1 a tan s\u00f3lo 30 kms. Asimismo, desde aqu\u00ed se pueden hacer visitas radiales a los pueblos del Poniente Granadino (el m\u00e1s lejano est\u00e1 a 50 minutos), y tambi\u00e9n, por su cercan\u00eda, a la <a title=\"Costa del Sol\" href=\"http:\/\/es.wikipedia.org\/wiki\/Costa_del_Sol\">Costa del Sol<\/a>, <a title=\"Axarqu\u00eda\" href=\"http:\/\/es.wikipedia.org\/wiki\/Axarqu%C3%ADa\">Axarqu\u00eda<\/a>, <a title=\"Alpujarras\" href=\"http:\/\/es.wikipedia.org\/wiki\/Alpujarras\">Alpujarras<\/a>, <a title=\"Costa Tropical\" href=\"http:\/\/es.wikipedia.org\/wiki\/Costa_Tropical\">Costa Tropical<\/a>, <a title=\"Sierra Nevada\" href=\"http:\/\/es.wikipedia.org\/wiki\/Sierra_Nevada\">Sierra Nevada<\/a>, <a title=\"Sevilla\" href=\"http:\/\/es.wikipedia.org\/wiki\/Sevilla\">Sevilla<\/a>, <a title=\"C\u00f3rdoba\" href=\"http:\/\/es.wikipedia.org\/wiki\/C%C3%B3rdoba\">C\u00f3rdoba<\/a>, etc.<\/p>\n<h2><span class=\"mw-headline\">ALOJAMIENTO<\/span><\/h2>\n<p>En distintas casas rurales y, pr\u00f3ximamente, en el alojamiento rural \u00abCortijo del Guarda\u00bb con capacidad para 48 personas. Ideal para campamentos, albergues o grupos.<strong>DISFRUTA DE LA BELLEZA DEL ENTORNO NATURAL MALENO.<\/strong><\/p>\n<p><span style=\"font-size: medium\">FIESTAS<\/span><strong>Fiestas en honor de Santiago Ap\u00f3stol:<\/strong> 24, 25 y 26 de Julio. <strong>Fiestas y Feria de Ganado:<\/strong> 18, 19 y 20 de Octubre. <strong>D\u00eda del Patr\u00f3n San Sebasti\u00e1n:<\/strong> 20 de Enero. <strong>D\u00eda de la Candelaria:<\/strong> 2 de Febrero. <strong>San Marcos:<\/strong> 25 de Abril (D\u00eda de campo) <strong>Semana Cultural:<\/strong> \u00daltima de Junio.<\/p>\n<p><strong>Bici de Monta\u00f1a:<\/strong> M\u00e1s de 20 rutas con salida y llegada desde Villanueva Mes\u00eda. Recomendamos la ruta <a title=\"Hiponova\" href=\"http:\/\/es.wikipedia.org\/wiki\/Hiponova\">Hiponova<\/a> -46 kms-, que est\u00e1 completamente se\u00f1alizada.<\/p>\n<p><a title=\"Imagen:Signhipo014.jpg\" href=\"http:\/\/es.wikipedia.org\/wiki\/Imagen:Signhipo014.jpg\"><img loading=\"lazy\" decoding=\"async\" src=\"http:\/\/upload.wikimedia.org\/wikipedia\/commons\/4\/48\/Signhipo014.jpg\" alt=\"Imagen:Signhipo014.jpg\" width=\"600\" height=\"450\" border=\"0\"\/><\/a><\/p>\n<p>&#8211; En <strong>Piragua:<\/strong> Por el rio Genil desde el Puente de Castilla hasta el puente de Villanueva.<\/p>\n<p><a title=\"Imagen:116_1694.jpg\" href=\"http:\/\/es.wikipedia.org\/wiki\/Imagen:116_1694.jpg\"><img loading=\"lazy\" decoding=\"async\" src=\"http:\/\/upload.wikimedia.org\/wikipedia\/commons\/7\/76\/116_1694.jpg\" alt=\"Imagen:116_1694.jpg\" width=\"600\" height=\"388\" border=\"0\"\/><\/a><\/p>\n<p align=\"left\">&#8211; <strong>Andando:<\/strong> Varias rutas circulares a los pueblos vecinos y parajes naturales, pero recomendamos hacer la ruta periurbana (8&#8217;8 km.) y la ruta por la ribera del Genil. <a title=\"Imagen:Senderismo.jpg\" href=\"http:\/\/es.wikipedia.org\/wiki\/Imagen:Senderismo.jpg\"><img loading=\"lazy\" decoding=\"async\" src=\"http:\/\/upload.wikimedia.org\/wikipedia\/commons\/5\/59\/Senderismo.jpg\" alt=\"Imagen:Senderismo.jpg\" width=\"600\" height=\"450\" border=\"0\"\/><\/a><\/p>\n<p>&#8211; <strong>Ruta hist\u00f3rica y monumental<\/strong> por el centro del pueblo.<\/p>\n<h2><span class=\"mw-headline\">LA TAHONA<\/span><\/h2>\n<p><span class=\"mw-headline\"><span class=\"mw-headline\">Situada en la calle <a title=\"P\u00f3sito\" href=\"http:\/\/es.wikipedia.org\/wiki\/P%C3%B3sito\">P\u00f3sito<\/a>, junto a la iglesia, es el museo local y el centro de interpretaci\u00f3n de la <a title=\"Prehistoria\" href=\"http:\/\/es.wikipedia.org\/wiki\/Prehistoria\">Prehistoria<\/a> del Poniente Granadino. El edificio fue, durante mucho tiempo, el P\u00f3sito de Villanueva, para convertirse posteriormente y hasta nuestros d\u00edas, en la <a title=\"Tahona\" href=\"http:\/\/es.wikipedia.org\/w\/index.php?title=Tahona&amp;action=edit\">tahona<\/a>. Es, por tanto, el lugar m\u00e1s adecuado para explicar como funcionaba un molino de harina y tambi\u00e9n para exponer la historia de nuestro pueblo. Un rinc\u00f3n privilegiado donde dar a conocer a los visitantes la oferta cultural, deportiva y natural, la <a title=\"Gastronom\u00eda\" href=\"http:\/\/es.wikipedia.org\/wiki\/Gastronom%C3%ADa\">gastronom\u00eda<\/a>, los alojamientos rurales y, en fin, todas la posibilidades para disfrutar unos dias entre sus gentes. Tambi\u00e9n hay un espacio que alberga una exposici\u00f3n sobre los distintos asentamientos de culturas que han pasado por el Poniente Granadino hasta la llegada de los musulmanes.<\/span><\/span>La Tahona abre los s\u00e1bados y domingos, por la ma\u00f1ana de 10 a 14 horas y por la tarde de 16&#8217;30 a 20 horas. Durante la semana se pueden concertar citas llamando al tel\u00e9fono del ayuntamiento 958444005.<\/p>\n<p>&nbsp;<\/p>\n<hr \/>\n<p><strong>AYUNTAMIENTO DE VILLANUEVA MESIA<\/strong><\/p>\n<p>Plaza del Cine, 4<\/p>\n<p>18369 Villanueva Mesia (Granada)<\/p>\n<p>Tel\u00e9fono 958444005 Fax 958444565<\/p>\n<p>Web: <a title=\"http:\/\/www.villanuevamesia.com\" href=\"http:\/\/www.villanuevamesia.com\/\">www.villanuevamesia.com<\/a><\/p>\n<p>E-mail: ayuntamiento@villanuevamesia.com<\/p>\n<\/div>\n","protected":false},"excerpt":{"rendered":"<p>Nombre: CEIP Alamedas del Genil Direcci\u00f3n: C\/ Paz, 1 C.Postal: 18369 Localidad: Villanueva Mes\u00eda Provincia: Granada Tlf Primaria: 958893800&nbsp; &nbsp;&nbsp;&nbsp; Tlf. Corporativo: 190800&nbsp;&nbsp;&nbsp;&nbsp; Tlf. Infantil: 958893801&nbsp;&nbsp;&nbsp;&nbsp;&nbsp;&nbsp; Tlf. Corporativo Infantil: 190801 E-mail: 18008609.edu@juntadeandalucia.es Colegio P\u00fablico&#46;&#46;&#46;<\/p>\n","protected":false},"author":2340,"featured_media":0,"parent":0,"menu_order":0,"comment_status":"open","ping_status":"open","template":"","meta":{"ngg_post_thumbnail":0,"footnotes":"","_mc_calendar":[]},"aioseo_notices":[],"_links":{"self":[{"href":"https:\/\/blogsaverroes.juntadeandalucia.es\/cpvvamesia\/wp-json\/wp\/v2\/pages\/2216"}],"collection":[{"href":"https:\/\/blogsaverroes.juntadeandalucia.es\/cpvvamesia\/wp-json\/wp\/v2\/pages"}],"about":[{"href":"https:\/\/blogsaverroes.juntadeandalucia.es\/cpvvamesia\/wp-json\/wp\/v2\/types\/page"}],"author":[{"embeddable":true,"href":"https:\/\/blogsaverroes.juntadeandalucia.es\/cpvvamesia\/wp-json\/wp\/v2\/users\/2340"}],"replies":[{"embeddable":true,"href":"https:\/\/blogsaverroes.juntadeandalucia.es\/cpvvamesia\/wp-json\/wp\/v2\/comments?post=2216"}],"version-history":[{"count":13,"href":"https:\/\/blogsaverroes.juntadeandalucia.es\/cpvvamesia\/wp-json\/wp\/v2\/pages\/2216\/revisions"}],"predecessor-version":[{"id":5316,"href":"https:\/\/blogsaverroes.juntadeandalucia.es\/cpvvamesia\/wp-json\/wp\/v2\/pages\/2216\/revisions\/5316"}],"wp:attachment":[{"href":"https:\/\/blogsaverroes.juntadeandalucia.es\/cpvvamesia\/wp-json\/wp\/v2\/media?parent=2216"}],"curies":[{"name":"wp","href":"https:\/\/api.w.org\/{rel}","templated":true}]}}