{"id":2458,"date":"2015-12-16T19:21:25","date_gmt":"2015-12-16T18:21:25","guid":{"rendered":"http:\/\/blogsaverroes.juntadeandalucia.es\/cpvvamesia\/?page_id=2458"},"modified":"2015-12-16T19:31:32","modified_gmt":"2015-12-16T18:31:32","slug":"enlaces","status":"publish","type":"page","link":"https:\/\/blogsaverroes.juntadeandalucia.es\/cpvvamesia\/enlaces\/","title":{"rendered":"Enlaces de inter\u00e9s"},"content":{"rendered":"<p><a href=\"http:\/\/blogsaverroes.juntadeandalucia.es\/cpvvamesia\/files\/2015\/12\/enlaces-de-interes-1.jpg\"><img loading=\"lazy\" decoding=\"async\" class=\"alignnone  wp-image-2466\" src=\"http:\/\/blogsaverroes.juntadeandalucia.es\/cpvvamesia\/files\/2015\/12\/enlaces-de-interes-1-200x91.jpg\" alt=\"enlaces-de-interes-1\" width=\"376\" height=\"171\" srcset=\"https:\/\/blogsaverroes.juntadeandalucia.es\/cpvvamesia\/files\/2015\/12\/enlaces-de-interes-1-200x91.jpg 200w, https:\/\/blogsaverroes.juntadeandalucia.es\/cpvvamesia\/files\/2015\/12\/enlaces-de-interes-1.jpg 550w\" sizes=\"(max-width: 376px) 100vw, 376px\" \/><\/a><\/p>\n<p>Han sido muchos los enlaces de interesantes sitios los que se han ido a\u00f1adiendo en poco tiempo a esta secci\u00f3n de Enlaces de nuestra web. Esa ha sido la causa fundamental que nos ha movido a buscar una herramienta m\u00e1s potente que nos ayude a organizarlos, a administrarlos y a gestionarlos para conseguir orden y eficacia. La red ofrece, como siempre, amplias posibilidades habiendo optado finalmente por las las que nos da <a href=\"http:\/\/delicious.com\/cpvvamesia\" target=\"_blank\">www.delicious.com<\/a> por su sencilles, comodidad y claridad. As\u00ed pues, es en este sitio en donde hemos creado nuestro <strong>Cat\u00e1logo de Enlaces del Centro<\/strong> que adem\u00e1s, podemos poner a disposici\u00f3n de toda la Comunidad Intern\u00e1utica, ya que este sitio tambi\u00e9n da la opci\u00f3n de poder compartir los respectivos cat\u00e1logos.<br \/>\nEl \u00fanico inconveniente, hasta cierto punto, es que est\u00e1 en ingl\u00e9s.<\/p>\n<ul>\n<li><a href=\"http:\/\/delicious.com\/cpvvamesia\" target=\"_blank\">Cat\u00e1logo de Enlaces del CEIP Cardenal Cisneros.<\/a>\n<p class=\"descripcion\">\u00abDelicious\u00bb es un servicio de marcadores sociales que permite a los usuarios etiquetar, almacenar, gestionar y compartir p\u00e1ginas web a partir de una fuente centralizada. Destaca la opci\u00f3n de poder compartir con otras personas e instituciones nuestros<\/p>\n<\/li>\n<\/ul>\n","protected":false},"excerpt":{"rendered":"<p>Han sido muchos los enlaces de interesantes sitios los que se han ido a\u00f1adiendo en poco tiempo a esta secci\u00f3n de Enlaces de nuestra web. Esa ha sido la causa fundamental que nos ha&#46;&#46;&#46;<\/p>\n","protected":false},"author":2340,"featured_media":0,"parent":0,"menu_order":0,"comment_status":"closed","ping_status":"open","template":"","meta":{"ngg_post_thumbnail":0,"footnotes":"","_mc_calendar":[]},"aioseo_notices":[],"_links":{"self":[{"href":"https:\/\/blogsaverroes.juntadeandalucia.es\/cpvvamesia\/wp-json\/wp\/v2\/pages\/2458"}],"collection":[{"href":"https:\/\/blogsaverroes.juntadeandalucia.es\/cpvvamesia\/wp-json\/wp\/v2\/pages"}],"about":[{"href":"https:\/\/blogsaverroes.juntadeandalucia.es\/cpvvamesia\/wp-json\/wp\/v2\/types\/page"}],"author":[{"embeddable":true,"href":"https:\/\/blogsaverroes.juntadeandalucia.es\/cpvvamesia\/wp-json\/wp\/v2\/users\/2340"}],"replies":[{"embeddable":true,"href":"https:\/\/blogsaverroes.juntadeandalucia.es\/cpvvamesia\/wp-json\/wp\/v2\/comments?post=2458"}],"version-history":[{"count":6,"href":"https:\/\/blogsaverroes.juntadeandalucia.es\/cpvvamesia\/wp-json\/wp\/v2\/pages\/2458\/revisions"}],"predecessor-version":[{"id":2468,"href":"https:\/\/blogsaverroes.juntadeandalucia.es\/cpvvamesia\/wp-json\/wp\/v2\/pages\/2458\/revisions\/2468"}],"wp:attachment":[{"href":"https:\/\/blogsaverroes.juntadeandalucia.es\/cpvvamesia\/wp-json\/wp\/v2\/media?parent=2458"}],"curies":[{"name":"wp","href":"https:\/\/api.w.org\/{rel}","templated":true}]}}