{"id":112,"date":"2022-12-01T12:07:31","date_gmt":"2022-12-01T12:07:31","guid":{"rendered":"https:\/\/blogsaverroes.juntadeandalucia.es\/creah5p\/?page_id=112"},"modified":"2023-01-26T08:50:22","modified_gmt":"2023-01-26T08:50:22","slug":"drag-the-words-arrastra-palabras","status":"publish","type":"page","link":"https:\/\/blogsaverroes.juntadeandalucia.es\/creah5p\/drag-the-words-arrastra-palabras\/","title":{"rendered":"Drag the words: arrastra palabras"},"content":{"rendered":"<p id=\"yui_3_17_2_1_1669892794307_5719\" dir=\"ltr\">&nbsp;<\/p>\n<div id=\"wrapper\">\n<div id=\"container\">\n<div id=\"yui_3_17_2_1_1669892794307_5721\">\n<div id=\"content\">\n<section id=\"post-content\" role=\"main\">\n<div id=\"yui_3_17_2_1_1669892794307_5722\">\n<div id=\"block-system-main\">\n<div id=\"yui_3_17_2_1_1669892794307_5723\">\n<div id=\"yui_3_17_2_1_1669892794307_5724\">\n<div id=\"yui_3_17_2_1_1669892794307_5725\">\n<div id=\"yui_3_17_2_1_1669892794307_5726\">\n<div id=\"yui_3_17_2_1_1669892794307_5727\">\n<p><iframe loading=\"lazy\" title=\"Tutorial Drag the Words\" width=\"500\" height=\"281\" src=\"https:\/\/www.youtube.com\/embed\/MaiAi7JJ6iU?feature=oembed&#038;wmode=opaque\" frameborder=\"0\" allow=\"accelerometer; autoplay; clipboard-write; encrypted-media; gyroscope; picture-in-picture; web-share\" allowfullscreen><\/iframe><\/p>\n<h2 id=\"guides-header-3\">Paso 1: Crea una actividad Drag the Words<\/h2>\n<p id=\"yui_3_17_2_1_1669892794307_5756\">Agrega una nueva actividad Drag the Words.<\/p>\n<p id=\"yui_3_17_2_1_1669892794307_5759\"><img loading=\"lazy\" decoding=\"async\" id=\"yui_3_17_2_1_1669892794307_5760\" src=\"https:\/\/h5p.org\/sites\/default\/files\/dtw.png\" alt=\"\" width=\"1440\" height=\"1201\"><\/p>\n<h2 id=\"guides-header-4\">Paso 3: Arrastra el editor de palabras<\/h2>\n<p id=\"yui_3_17_2_1_1669892794307_5761\">Ahora deber\u00eda aparecer el editor Drag the words. La parte superior del editor se ve as\u00ed:<\/p>\n<p id=\"yui_3_17_2_1_1669892794307_5762\"><img loading=\"lazy\" decoding=\"async\" id=\"yui_3_17_2_1_1669892794307_5763\" src=\"https:\/\/h5p.org\/sites\/default\/files\/01_14.png\" alt=\"\" width=\"1436\" height=\"1084\"><\/p>\n<h2 id=\"guides-header-5\">Paso 4: T\u00edtulo y descripci\u00f3n de la tarea<\/h2>\n<p id=\"yui_3_17_2_1_1669892794307_5764\">La <strong id=\"yui_3_17_2_1_1669892794307_5765\">descripci\u00f3n de la tarea&nbsp;<\/strong> debe brindar al alumno una breve introducci\u00f3n o algunas instrucciones.Por defecto suele salir la frase&nbsp; \u00bb <em id=\"yui_3_17_2_1_1669892794307_5766\">Arrastra las palabras a los cuadros correctos<\/em> \u00ab, pero puedes editarla a tu gusto.<\/p>\n<p id=\"yui_3_17_2_1_1669892794307_5768\"><img loading=\"lazy\" decoding=\"async\" class=\"alignnone wp-image-264 size-full\" src=\"https:\/\/blogsaverroes.juntadeandalucia.es\/creah5p\/files\/2023\/01\/descripci\u00f3n.png\" alt=\"\" width=\"774\" height=\"141\" srcset=\"https:\/\/blogsaverroes.juntadeandalucia.es\/creah5p\/files\/2023\/01\/descripci\u00f3n.png 774w, https:\/\/blogsaverroes.juntadeandalucia.es\/creah5p\/files\/2023\/01\/descripci\u00f3n-300x55.png 300w, https:\/\/blogsaverroes.juntadeandalucia.es\/creah5p\/files\/2023\/01\/descripci\u00f3n-768x140.png 768w\" sizes=\"(max-width: 774px) 100vw, 774px\" \/><\/p>\n<h2 id=\"guides-header-6\">Paso 5: Agrega un ejercicio<\/h2>\n<p id=\"yui_3_17_2_1_1669892794307_5770\">El&nbsp; campo <strong id=\"yui_3_17_2_1_1669892794307_5771\">Texto&nbsp;<\/strong> es donde escribir\u00e1s tu ejercicio. Para resaltar aquellas palabras que deber\u00e1n arrastrarse, hay que escribir el signo* delante y detr\u00e1s de la palabra.<\/p>\n<p id=\"yui_3_17_2_1_1669892794307_5772\"><img loading=\"lazy\" decoding=\"async\" class=\"alignnone wp-image-265 size-full\" src=\"https:\/\/blogsaverroes.juntadeandalucia.es\/creah5p\/files\/2023\/01\/texto-1.png\" alt=\"\" width=\"786\" height=\"143\" srcset=\"https:\/\/blogsaverroes.juntadeandalucia.es\/creah5p\/files\/2023\/01\/texto-1.png 786w, https:\/\/blogsaverroes.juntadeandalucia.es\/creah5p\/files\/2023\/01\/texto-1-300x55.png 300w, https:\/\/blogsaverroes.juntadeandalucia.es\/creah5p\/files\/2023\/01\/texto-1-768x140.png 768w\" sizes=\"(max-width: 786px) 100vw, 786px\" \/><\/p>\n<p id=\"yui_3_17_2_1_1669892794307_5778\">&nbsp;<\/p>\n<p id=\"yui_3_17_2_1_1669892794307_5787\">&nbsp;<\/p>\n<p id=\"yui_3_17_2_1_1669892794307_5789\">&nbsp;<\/p>\n<h2 id=\"guides-header-8\">Paso 7: Agregar comentarios&nbsp;<\/h2>\n<p id=\"yui_3_17_2_1_1669892794307_5792\">Opcionalmente, puede agregar <strong id=\"yui_3_17_2_1_1669892794307_5793\">comentarios correctos<\/strong> e <strong id=\"yui_3_17_2_1_1669892794307_5794\">incorrectos<\/strong> &nbsp;para cada palabra\/frase. Esta retroalimentaci\u00f3n se mostrar\u00e1 debajo del ejercicio una vez que el estudiante haga clic en \u00abComprobar\u00bb. <br id=\"yui_3_17_2_1_1669892794307_5795\">La retroalimentaci\u00f3n se define escribiendo&nbsp; <strong id=\"yui_3_17_2_1_1669892794307_5796\">\\+retroalimentaci\u00f3n_correcta<\/strong> &nbsp;y&nbsp; <strong id=\"yui_3_17_2_1_1669892794307_5797\">\\-retroalimentaci\u00f3n_incorrecta&nbsp;<\/strong> al lado de la palabra.&nbsp;<\/p>\n<p id=\"yui_3_17_2_1_1669892794307_5801\">&nbsp;<\/p>\n<h2 id=\"guides-header-10\">Paso 9: Terminando<\/h2>\n<p id=\"yui_3_17_2_1_1669892794307_5804\">\u00a1 Presiona&nbsp; <strong id=\"yui_3_17_2_1_1669892794307_5805\">Guardar<\/strong> &nbsp;cuando hayas terminado! <br id=\"yui_3_17_2_1_1669892794307_5806\"><div class=\"h5p-iframe-wrapper\"><iframe id=\"h5p-iframe-20\" class=\"h5p-iframe\" data-content-id=\"20\" style=\"height:1px\" src=\"about:blank\" frameBorder=\"0\" scrolling=\"no\" title=\"Locomotor System Drag the Words\"><\/iframe><\/div><\/p>\n<\/div>\n<\/div>\n<\/div>\n<\/div>\n<\/div>\n<\/div>\n<\/div>\n<\/section>\n<\/div>\n<\/div>\n<\/div>\n<\/div>\n","protected":false},"excerpt":{"rendered":"<p>&nbsp; Paso 1: Crea una actividad Drag the Words Agrega una nueva actividad Drag the Words. Paso 3: Arrastra el editor de palabras Ahora deber\u00eda aparecer el editor Drag the words. La parte superior&#46;&#46;&#46;<\/p>\n","protected":false},"author":10977,"featured_media":0,"parent":0,"menu_order":0,"comment_status":"closed","ping_status":"closed","template":"","meta":{"ngg_post_thumbnail":0,"footnotes":""},"aioseo_notices":[],"_links":{"self":[{"href":"https:\/\/blogsaverroes.juntadeandalucia.es\/creah5p\/wp-json\/wp\/v2\/pages\/112"}],"collection":[{"href":"https:\/\/blogsaverroes.juntadeandalucia.es\/creah5p\/wp-json\/wp\/v2\/pages"}],"about":[{"href":"https:\/\/blogsaverroes.juntadeandalucia.es\/creah5p\/wp-json\/wp\/v2\/types\/page"}],"author":[{"embeddable":true,"href":"https:\/\/blogsaverroes.juntadeandalucia.es\/creah5p\/wp-json\/wp\/v2\/users\/10977"}],"replies":[{"embeddable":true,"href":"https:\/\/blogsaverroes.juntadeandalucia.es\/creah5p\/wp-json\/wp\/v2\/comments?post=112"}],"version-history":[{"count":3,"href":"https:\/\/blogsaverroes.juntadeandalucia.es\/creah5p\/wp-json\/wp\/v2\/pages\/112\/revisions"}],"predecessor-version":[{"id":263,"href":"https:\/\/blogsaverroes.juntadeandalucia.es\/creah5p\/wp-json\/wp\/v2\/pages\/112\/revisions\/263"}],"wp:attachment":[{"href":"https:\/\/blogsaverroes.juntadeandalucia.es\/creah5p\/wp-json\/wp\/v2\/media?parent=112"}],"curies":[{"name":"wp","href":"https:\/\/api.w.org\/{rel}","templated":true}]}}