{"id":122,"date":"2022-12-02T12:57:30","date_gmt":"2022-12-02T12:57:30","guid":{"rendered":"https:\/\/blogsaverroes.juntadeandalucia.es\/creah5p\/?page_id=122"},"modified":"2023-10-06T08:37:51","modified_gmt":"2023-10-06T08:37:51","slug":"multiple-choice-preguntas-de-opcion-multiple","status":"publish","type":"page","link":"https:\/\/blogsaverroes.juntadeandalucia.es\/creah5p\/multiple-choice-preguntas-de-opcion-multiple\/","title":{"rendered":"Multiple choice: preguntas de opci\u00f3n m\u00faltiple."},"content":{"rendered":"<p><iframe loading=\"lazy\" title=\"Tutorial Multiple choice\" width=\"500\" height=\"281\" src=\"https:\/\/www.youtube.com\/embed\/yhyt3jYf0fQ?feature=oembed&#038;wmode=opaque\" frameborder=\"0\" allow=\"accelerometer; autoplay; clipboard-write; encrypted-media; gyroscope; picture-in-picture; web-share\" allowfullscreen><\/iframe><\/p>\n<p>&nbsp;<\/p>\n<div id=\"yui_3_17_2_1_1669984148175_6024\">\n<div id=\"block-system-main\">\n<div id=\"yui_3_17_2_1_1669984148175_6025\">\n<div id=\"yui_3_17_2_1_1669984148175_6026\">\n<div id=\"yui_3_17_2_1_1669984148175_6027\">\n<div id=\"yui_3_17_2_1_1669984148175_6028\">\n<div id=\"yui_3_17_2_1_1669984148175_6029\">\n<p id=\"yui_3_17_2_1_1669984148175_6030\" dir=\"ltr\"><span id=\"yui_3_17_2_1_1669984148175_6031\" data-mce-mark=\"1\"><code><div class=\"h5p-iframe-wrapper\"><iframe id=\"h5p-iframe-22\" class=\"h5p-iframe\" data-content-id=\"22\" style=\"height:1px\" src=\"about:blank\" frameBorder=\"0\" scrolling=\"no\" title=\"Actions\"><\/iframe><\/div><\/code><\/span><\/p>\n<\/div>\n<\/div>\n<\/div>\n<\/div>\n<\/div>\n<p dir=\"ltr\">&nbsp;<\/p>\n<div id=\"yui_3_17_2_1_1669984148175_6025\">\n<div id=\"yui_3_17_2_1_1669984148175_6026\">\n<div id=\"yui_3_17_2_1_1669984148175_6040\">\n<div id=\"yui_3_17_2_1_1669984148175_6041\">\n<div id=\"yui_3_17_2_1_1669984148175_6042\">\n<p id=\"yui_3_17_2_1_1669984148175_6049\">Las preguntas de opci\u00f3n m\u00faltiple se pueden usar para probar habilidades&nbsp; relacionadas con un tema determinado. Pueden ser una herramienta de evaluaci\u00f3n eficaz y el alumnado puede recibir comentarios inmediatos sobre su propio desempe\u00f1o. Las preguntas de opci\u00f3n m\u00faltiple H5P pueden tener una o varias opciones correctas por pregunta.<\/p>\n<p id=\"yui_3_17_2_1_1669984148175_6050\">Las preguntas de opci\u00f3n m\u00faltiple se pueden usar de forma independiente o se pueden usar en <a id=\"yui_3_17_2_1_1669984148175_6051\" href=\"https:\/\/h5p.org\/question-set\" target=\"_blank\" rel=\"noopener noreferrer\">conjuntos de preguntas <\/a>, <a id=\"yui_3_17_2_1_1669984148175_6052\" href=\"https:\/\/h5p.org\/interactive-video\" target=\"_blank\" rel=\"noopener noreferrer\">v\u00eddeos interactivos <\/a>o <a id=\"yui_3_17_2_1_1669984148175_6053\" href=\"https:\/\/h5p.org\/presentation\" target=\"_blank\" rel=\"noopener noreferrer\">presentaciones <\/a>.<\/p>\n<h2 id=\"guides-header-4\">Paso 1: crear una pregunta de opci\u00f3n m\u00faltiple<\/h2>\n<p id=\"yui_3_17_2_1_1669984148175_6060\">Selecciona&nbsp; <strong id=\"yui_3_17_2_1_1669984148175_6061\">Nuevo contenido <\/strong>y elije <strong id=\"yui_3_17_2_1_1669984148175_6062\">Opci\u00f3n m\u00faltiple <\/strong>de la lista de tipos de contenido:<\/p>\n<p id=\"yui_3_17_2_1_1669984148175_6063\"><img loading=\"lazy\" decoding=\"async\" id=\"yui_3_17_2_1_1669984148175_6064\" src=\"https:\/\/h5p.org\/sites\/default\/files\/mc.png\" alt=\"\" width=\"1377\" height=\"1203\"><\/p>\n<h2 id=\"guides-header-5\">Paso 2: editor de preguntas de opci\u00f3n m\u00faltiple<\/h2>\n<p>La pregunta de opci\u00f3n m\u00faltiple consta de una <strong>pregunta<\/strong> y un conjunto de <strong>opciones<\/strong>. La <strong>Pregunta <\/strong>se utiliza para presentar el problema a resolver, y las <strong>Opciones <\/strong>son las posibles respuestas que el alumno puede elegir.<\/p>\n<p><img loading=\"lazy\" decoding=\"async\" class=\"alignnone wp-image-289 size-full\" src=\"https:\/\/blogsaverroes.juntadeandalucia.es\/creah5p\/files\/2023\/03\/Sin-t\u00edtulo-2.png\" alt=\"\" width=\"796\" height=\"545\" srcset=\"https:\/\/blogsaverroes.juntadeandalucia.es\/creah5p\/files\/2023\/03\/Sin-t\u00edtulo-2.png 796w, https:\/\/blogsaverroes.juntadeandalucia.es\/creah5p\/files\/2023\/03\/Sin-t\u00edtulo-2-300x205.png 300w, https:\/\/blogsaverroes.juntadeandalucia.es\/creah5p\/files\/2023\/03\/Sin-t\u00edtulo-2-768x526.png 768w\" sizes=\"(max-width: 796px) 100vw, 796px\" \/><\/p>\n<h2 id=\"guides-header-6\">Paso 3: Media<\/h2>\n<p>Desde la pesta\u00f1a <strong>Media<\/strong>, puedes agregar archivos de imagen , audio o v\u00eddeo relevantes para la pregunta.<\/p>\n<p><img loading=\"lazy\" decoding=\"async\" src=\"https:\/\/h5p.org\/sites\/default\/files\/3a.png\" alt=\"\" width=\"1440\" height=\"454\"><strong>Video: <\/strong><strong>Imagen: <\/strong><\/p>\n<p>&nbsp;<\/p>\n<h2 id=\"guides-header-7\">Paso 4: Pregunta<\/h2>\n<p>Escribe una <strong>pregunta.<\/strong><\/p>\n<p><em>&nbsp;<\/em><\/p>\n<p>&nbsp;<\/p>\n<h2 id=\"guides-header-8\">Paso 5: Opciones disponibles<\/h2>\n<p>En <strong>Opciones disponibles <\/strong>, escribimos las opciones de respuesta que se&nbsp; puedan elegir. De manera predeterminada, se enumeran dos opciones disponibles vac\u00edas, ya que generalmente necesitamos al menos una opci\u00f3n de respuesta correcta y una incorrecta.<\/p>\n<p>Marca la casilla<strong> Correct <\/strong>en aquella respuesta que sea la correcta.<\/p>\n<p><img loading=\"lazy\" decoding=\"async\" src=\"https:\/\/h5p.org\/sites\/default\/files\/07_1.png\" alt=\"\" width=\"1440\" height=\"1061\"><\/p>\n<p>Para a\u00f1adir otra opci\u00f3n de respuesta, cliquearemos en&nbsp; <strong>Agregar opci\u00f3n, <\/strong>debajo de las dos opciones disponibles por defecto.<\/p>\n<p>Puedes agregar tantas opciones de respuesta como desees. Elimina las opciones de respuesta presionando el bot\u00f3n <img loading=\"lazy\" decoding=\"async\" src=\"https:\/\/h5p.org\/sites\/default\/files\/09_1.png\" alt=\"\" width=\"29\" height=\"29\">en la esquina superior derecha . Cambia el orden de las opciones de respuesta haciendo scroll&nbsp; en la esquina superior derecha <img loading=\"lazy\" decoding=\"async\" src=\"https:\/\/h5p.org\/sites\/default\/files\/10_0.png\" alt=\"\" width=\"19\" height=\"39\">.<img loading=\"lazy\" decoding=\"async\" src=\"https:\/\/h5p.org\/sites\/default\/files\/08_1.png\" alt=\"\" width=\"1440\" height=\"439\"><\/p>\n<h2 id=\"guides-header-9\">Paso 6: Tipo de pregunta en Configuraci\u00f3n de comportamiento<\/h2>\n<p>Puedes seleccionar uno de los siguientes tipos de preguntas en Opci\u00f3n m\u00faltiple a trav\u00e9s de <strong>Configuraci\u00f3n de comportamiento<\/strong>.<\/p>\n<ul>\n<li><strong>Autom\u00e1tico<\/strong><\/li>\n<li><strong>Opci\u00f3n m\u00faltiple<\/strong> (casillas de verificaci\u00f3n)<\/li>\n<li><strong>Elecci\u00f3n \u00fanica<\/strong> (botones de radio)<\/li>\n<\/ul>\n<p><strong>Autom\u00e1tico:<br \/>\n<\/strong>De forma predeterminada, se selecciona el tipo de pregunta &#8216;Autom\u00e1tico&#8217;. Si tiene varias opciones correctas, se comportar\u00e1 como Opci\u00f3n m\u00faltiple y las casillas de verificaci\u00f3n se mostrar\u00e1n autom\u00e1ticamente. Si tiene una opci\u00f3n correcta, se comportar\u00e1 como Opci\u00f3n \u00fanica y los botones de radio se mostrar\u00e1n autom\u00e1ticamente.<\/p>\n<p><strong>Opci\u00f3n multiple:<br \/>\n<\/strong>Puede seleccionar el tipo de pregunta &#8216;Opci\u00f3n m\u00faltiple&#8217; del men\u00fa desplegable si tiene varias opciones correctas y se mostrar\u00e1n las casillas de verificaci\u00f3n<\/p>\n<p><strong>Elecci\u00f3n \u00fanica:<br \/>\n<\/strong>Puede seleccionar el tipo de pregunta &#8216;Opci\u00f3n \u00fanica&#8217; del men\u00fa desplegable si tiene una sola opci\u00f3n correcta y se mostrar\u00e1n los botones de opci\u00f3n.<\/p>\n<p>Tendr\u00e1s algo como esto en el editor: <img loading=\"lazy\" decoding=\"async\" src=\"https:\/\/h5p.org\/sites\/default\/files\/11_3.png\" alt=\"\" width=\"1440\" height=\"338\"><\/p>\n<p>En este ejemplo, solo queremos una respuesta correcta, por lo que dejaremos el valor por defecto <strong>Automatic <\/strong>del men\u00fa comportamiento.<\/p>\n<p>Marca&nbsp; <strong>Aleatorizar respuestas <\/strong>para que las opciones de respuesta se muestren en un orden arbitrario.<\/p>\n<p><img loading=\"lazy\" decoding=\"async\" src=\"https:\/\/h5p.org\/sites\/default\/files\/1a.png\" alt=\"\" width=\"1440\" height=\"658\"><\/p>\n<h2 id=\"guides-header-10\">Paso 8: Comentarios<\/h2>\n<p>Este es un paso opcional y puedes <a href=\"https:\/\/h5p.org\/tutorial-multichoice-question#step6\">saltar al Paso 9 <\/a>para terminar.<\/p>\n<p>Opci\u00f3n m\u00faltiple permite al alumno o alumna obtener comentarios sobre las opciones de respuesta seleccionadas. Esto podr\u00eda ser \u00fatil para proporcionar al alumnado sugerencias sobre qu\u00e9 estudiar m\u00e1s despu\u00e9s de seleccionar una determinada opci\u00f3n de respuesta.<\/p>\n<p>Para cada opci\u00f3n, agregaremos algunos comentarios.<\/p>\n<p>En la <strong>Opci\u00f3n<\/strong> correcta <strong>,<\/strong> <em>escribimos el texto \u00ab\u00a1Buen trabajo.<\/em><em> Opci\u00f3n correcta\u00bb,&nbsp; <\/em>en el comentario.<\/p>\n<p>En las otras opciones podemos escribir alg\u00fan comentario de \u00e1nimo o alguna pista para resolver la pregunta .<\/p>\n<p><img loading=\"lazy\" decoding=\"async\" src=\"https:\/\/h5p.org\/sites\/default\/files\/14_0.png\" alt=\"\" width=\"1440\" height=\"1201\"><img loading=\"lazy\" decoding=\"async\" src=\"https:\/\/h5p.org\/sites\/default\/files\/15.png\" alt=\"\" width=\"1440\" height=\"1148\"><\/p>\n<blockquote><p>Utilizar el bot\u00f3n <img loading=\"lazy\" decoding=\"async\" src=\"https:\/\/h5p.org\/sites\/default\/files\/17.png\" alt=\"\" width=\"24\" height=\"24\"> para plegar cada <strong>opci\u00f3n&nbsp;<\/strong>y ofrecer una&nbsp; visi\u00f3n&nbsp; general mejor al editar.<\/p><\/blockquote>\n<h2 id=\"guides-header-11\">Paso 9: Terminando<\/h2>\n<p>En la parte inferior del editor, encontrar\u00e1s el bot\u00f3n <strong>Habilitar intentarlo de nuevo <\/strong>. D\u00e9jalo marcado para que se pueda intentar resolver las preguntas de opci\u00f3n m\u00faltiple varias veces.<\/p>\n<p><strong>No olvides guardar el trabajo para poder recuperarlo m\u00e1s tarde.<br \/>\n<\/strong><\/p>\n<\/div>\n<\/div>\n<\/div>\n<\/div>\n<\/div>\n<\/div>\n<\/div>\n","protected":false},"excerpt":{"rendered":"<p>&nbsp; &nbsp; Las preguntas de opci\u00f3n m\u00faltiple se pueden usar para probar habilidades&nbsp; relacionadas con un tema determinado. Pueden ser una herramienta de evaluaci\u00f3n eficaz y el alumnado puede recibir comentarios inmediatos sobre su&#46;&#46;&#46;<\/p>\n","protected":false},"author":10977,"featured_media":0,"parent":0,"menu_order":0,"comment_status":"closed","ping_status":"closed","template":"","meta":{"ngg_post_thumbnail":0,"footnotes":""},"aioseo_notices":[],"_links":{"self":[{"href":"https:\/\/blogsaverroes.juntadeandalucia.es\/creah5p\/wp-json\/wp\/v2\/pages\/122"}],"collection":[{"href":"https:\/\/blogsaverroes.juntadeandalucia.es\/creah5p\/wp-json\/wp\/v2\/pages"}],"about":[{"href":"https:\/\/blogsaverroes.juntadeandalucia.es\/creah5p\/wp-json\/wp\/v2\/types\/page"}],"author":[{"embeddable":true,"href":"https:\/\/blogsaverroes.juntadeandalucia.es\/creah5p\/wp-json\/wp\/v2\/users\/10977"}],"replies":[{"embeddable":true,"href":"https:\/\/blogsaverroes.juntadeandalucia.es\/creah5p\/wp-json\/wp\/v2\/comments?post=122"}],"version-history":[{"count":6,"href":"https:\/\/blogsaverroes.juntadeandalucia.es\/creah5p\/wp-json\/wp\/v2\/pages\/122\/revisions"}],"predecessor-version":[{"id":352,"href":"https:\/\/blogsaverroes.juntadeandalucia.es\/creah5p\/wp-json\/wp\/v2\/pages\/122\/revisions\/352"}],"wp:attachment":[{"href":"https:\/\/blogsaverroes.juntadeandalucia.es\/creah5p\/wp-json\/wp\/v2\/media?parent=122"}],"curies":[{"name":"wp","href":"https:\/\/api.w.org\/{rel}","templated":true}]}}