{"id":126,"date":"2022-12-07T09:07:00","date_gmt":"2022-12-07T09:07:00","guid":{"rendered":"https:\/\/blogsaverroes.juntadeandalucia.es\/creah5p\/?page_id=126"},"modified":"2023-03-16T12:18:12","modified_gmt":"2023-03-16T12:18:12","slug":"mark-the-words-marca-las-palabras","status":"publish","type":"page","link":"https:\/\/blogsaverroes.juntadeandalucia.es\/creah5p\/mark-the-words-marca-las-palabras\/","title":{"rendered":"Mark the Words: marca las palabras."},"content":{"rendered":"<p><iframe loading=\"lazy\" title=\"Tutorial Mark the words\" width=\"500\" height=\"281\" src=\"https:\/\/www.youtube.com\/embed\/GsIKu_T7-30?feature=oembed&#038;wmode=opaque\" frameborder=\"0\" allow=\"accelerometer; autoplay; clipboard-write; encrypted-media; gyroscope; picture-in-picture; web-share\" allowfullscreen><\/iframe><\/p>\n<p id=\"yui_3_17_2_1_1670400755190_1481\" dir=\"ltr\">&nbsp;<\/p>\n<p id=\"yui_3_17_2_1_1670400755190_1483\">MARK THE WORDS (Marca las palabras), permite&nbsp; crear expresiones textuales con un conjunto definido de palabras correctas. El alumno o alumna debe resaltar las palabras seg\u00fan la descripci\u00f3n de la tarea y obtiene una puntuaci\u00f3n. Por respuestas incorrectas, el usuario obtiene puntos negativos.<\/p>\n<p id=\"yui_3_17_2_1_1670400755190_1488\">A continuaci\u00f3n mostramos un ejemplo:&nbsp;<\/p>\n<div class=\"h5p-iframe-wrapper\"><iframe id=\"h5p-iframe-11\" class=\"h5p-iframe\" data-content-id=\"11\" style=\"height:1px\" src=\"about:blank\" frameBorder=\"0\" scrolling=\"no\" title=\"Encuentra los verbos\"><\/iframe><\/div>\n<p>&nbsp;<\/p>\n<h2 id=\"guides-header-1\">Cu\u00e1ndo usar Marque las palabras<\/h2>\n<p id=\"yui_3_17_2_1_1670400755190_1491\">Las actividades <strong>Mark the Words <\/strong> son muy usadas en el \u00e1mbito de la competencia ling\u00fa\u00edstica. Por ejemplo, para crear desaf\u00edos donde el usuario debe marcar tipos espec\u00edficos de verbos en un texto, o encontrar adjetivos, o encontrar faltas de ortograf\u00eda, etc . <a id=\"step1\" name=\"step1\"><\/a><\/p>\n<p id=\"yui_3_17_2_1_1670400755190_1506\">&nbsp;<\/p>\n<h2 id=\"guides-header-3\">Paso 2: Creando un Mark the words<\/h2>\n<p id=\"yui_3_17_2_1_1670400755190_1507\">Selecciona la opci\u00f3n Nuevo contenido y elije <strong>Mark the words<\/strong> de la lista de Tipos de contenido:&nbsp;<\/p>\n<p id=\"yui_3_17_2_1_1670400755190_1508\"><img loading=\"lazy\" decoding=\"async\" id=\"yui_3_17_2_1_1670400755190_1509\" src=\"https:\/\/h5p.org\/sites\/default\/files\/mark-the-words.jpg\" alt=\"Marque las palabras dentro del centro\" width=\"1452\" height=\"1212\"><\/p>\n<h2 id=\"guides-header-4\">Paso 2:Escribe el t\u00edtulo en&nbsp; el editor de palabras<\/h2>\n<p>Escribe el t\u00edtulo en el editor de palabras .<\/p>\n<p><img loading=\"lazy\" decoding=\"async\" class=\"alignnone wp-image-132 size-full\" src=\"https:\/\/blogsaverroes.juntadeandalucia.es\/creah5p\/files\/2022\/12\/Screenshot-2022-12-07-at-11-07-21-Crear-nuevo-contenido-Lumi-1.png\" alt=\"\" width=\"797\" height=\"217\" srcset=\"https:\/\/blogsaverroes.juntadeandalucia.es\/creah5p\/files\/2022\/12\/Screenshot-2022-12-07-at-11-07-21-Crear-nuevo-contenido-Lumi-1.png 797w, https:\/\/blogsaverroes.juntadeandalucia.es\/creah5p\/files\/2022\/12\/Screenshot-2022-12-07-at-11-07-21-Crear-nuevo-contenido-Lumi-1-300x82.png 300w, https:\/\/blogsaverroes.juntadeandalucia.es\/creah5p\/files\/2022\/12\/Screenshot-2022-12-07-at-11-07-21-Crear-nuevo-contenido-Lumi-1-768x209.png 768w\" sizes=\"(max-width: 797px) 100vw, 797px\" \/>&nbsp;<\/p>\n<h2>&nbsp;<\/h2>\n<h2 id=\"guides-header-5\">Paso 3: descripci\u00f3n de la tarea&nbsp;<\/h2>\n<p>En el campo Descripci\u00f3n de la tarea damos instrucciones b\u00e1sicas o presentamos el problema a resolver.<\/p>\n<p>&nbsp;<\/p>\n<p><img loading=\"lazy\" decoding=\"async\" class=\"alignnone wp-image-133 size-full\" src=\"https:\/\/blogsaverroes.juntadeandalucia.es\/creah5p\/files\/2022\/12\/Screenshot-2022-12-07-at-11-13-53-Encuentra-los-verbos-\u2039-Edit-H5p-me-\u2014-WordPress.png\" alt=\"\" width=\"1078\" height=\"202\" srcset=\"https:\/\/blogsaverroes.juntadeandalucia.es\/creah5p\/files\/2022\/12\/Screenshot-2022-12-07-at-11-13-53-Encuentra-los-verbos-\u2039-Edit-H5p-me-\u2014-WordPress.png 1078w, https:\/\/blogsaverroes.juntadeandalucia.es\/creah5p\/files\/2022\/12\/Screenshot-2022-12-07-at-11-13-53-Encuentra-los-verbos-\u2039-Edit-H5p-me-\u2014-WordPress-300x56.png 300w, https:\/\/blogsaverroes.juntadeandalucia.es\/creah5p\/files\/2022\/12\/Screenshot-2022-12-07-at-11-13-53-Encuentra-los-verbos-\u2039-Edit-H5p-me-\u2014-WordPress-1024x192.png 1024w, https:\/\/blogsaverroes.juntadeandalucia.es\/creah5p\/files\/2022\/12\/Screenshot-2022-12-07-at-11-13-53-Encuentra-los-verbos-\u2039-Edit-H5p-me-\u2014-WordPress-768x144.png 768w\" sizes=\"(max-width: 1078px) 100vw, 1078px\" \/><\/p>\n<p>&nbsp;<\/p>\n<p>&nbsp;<\/p>\n<p>&nbsp;<\/p>\n<h2 id=\"guides-header-6\">Paso 5: Definir una tarea<\/h2>\n<p>En Textfield, agregamos nuestro texto y definimos qu\u00e9 palabras necesita identificar el alumno o alumna. Esto se hace poniendo la palabra entre asteriscos: Esta es la&nbsp; <strong>*respuesta*<\/strong> .<\/p>\n<p>&nbsp;<\/p>\n<p><img loading=\"lazy\" decoding=\"async\" class=\"alignnone wp-image-143 size-full\" src=\"https:\/\/blogsaverroes.juntadeandalucia.es\/creah5p\/files\/2022\/12\/POEMA.png\" alt=\"\" width=\"586\" height=\"795\" srcset=\"https:\/\/blogsaverroes.juntadeandalucia.es\/creah5p\/files\/2022\/12\/POEMA.png 586w, https:\/\/blogsaverroes.juntadeandalucia.es\/creah5p\/files\/2022\/12\/POEMA-221x300.png 221w\" sizes=\"(max-width: 586px) 100vw, 586px\" \/><\/p>\n<p>&nbsp;<\/p>\n<h2 id=\"guides-header-7\">Paso 6: Terminando&nbsp;<\/h2>\n<p><strong>No olvides siempre guardar tu trabajo.<br \/>\n<\/strong><\/p>\n","protected":false},"excerpt":{"rendered":"<p>&nbsp; MARK THE WORDS (Marca las palabras), permite&nbsp; crear expresiones textuales con un conjunto definido de palabras correctas. El alumno o alumna debe resaltar las palabras seg\u00fan la descripci\u00f3n de la tarea y obtiene&#46;&#46;&#46;<\/p>\n","protected":false},"author":10977,"featured_media":0,"parent":0,"menu_order":0,"comment_status":"closed","ping_status":"closed","template":"","meta":{"ngg_post_thumbnail":0,"footnotes":""},"aioseo_notices":[],"_links":{"self":[{"href":"https:\/\/blogsaverroes.juntadeandalucia.es\/creah5p\/wp-json\/wp\/v2\/pages\/126"}],"collection":[{"href":"https:\/\/blogsaverroes.juntadeandalucia.es\/creah5p\/wp-json\/wp\/v2\/pages"}],"about":[{"href":"https:\/\/blogsaverroes.juntadeandalucia.es\/creah5p\/wp-json\/wp\/v2\/types\/page"}],"author":[{"embeddable":true,"href":"https:\/\/blogsaverroes.juntadeandalucia.es\/creah5p\/wp-json\/wp\/v2\/users\/10977"}],"replies":[{"embeddable":true,"href":"https:\/\/blogsaverroes.juntadeandalucia.es\/creah5p\/wp-json\/wp\/v2\/comments?post=126"}],"version-history":[{"count":8,"href":"https:\/\/blogsaverroes.juntadeandalucia.es\/creah5p\/wp-json\/wp\/v2\/pages\/126\/revisions"}],"predecessor-version":[{"id":128,"href":"https:\/\/blogsaverroes.juntadeandalucia.es\/creah5p\/wp-json\/wp\/v2\/pages\/126\/revisions\/128"}],"wp:attachment":[{"href":"https:\/\/blogsaverroes.juntadeandalucia.es\/creah5p\/wp-json\/wp\/v2\/media?parent=126"}],"curies":[{"name":"wp","href":"https:\/\/api.w.org\/{rel}","templated":true}]}}