{"id":14,"date":"2022-10-11T12:41:25","date_gmt":"2022-10-11T12:41:25","guid":{"rendered":"https:\/\/blogsaverroes.juntadeandalucia.es\/creah5p\/?page_id=14"},"modified":"2022-12-15T11:30:31","modified_gmt":"2022-12-15T11:30:31","slug":"quien-soy","status":"publish","type":"page","link":"https:\/\/blogsaverroes.juntadeandalucia.es\/creah5p\/","title":{"rendered":"Crea tus actividades interactivas"},"content":{"rendered":"<p><img loading=\"lazy\" decoding=\"async\" class=\" wp-image-28 aligncenter\" src=\"https:\/\/blogsaverroes.juntadeandalucia.es\/creah5p\/files\/2022\/10\/idea-para-blog-300x188.png\" alt=\"\" width=\"691\" height=\"433\" srcset=\"https:\/\/blogsaverroes.juntadeandalucia.es\/creah5p\/files\/2022\/10\/idea-para-blog-300x188.png 300w, https:\/\/blogsaverroes.juntadeandalucia.es\/creah5p\/files\/2022\/10\/idea-para-blog-1024x640.png 1024w, https:\/\/blogsaverroes.juntadeandalucia.es\/creah5p\/files\/2022\/10\/idea-para-blog-768x480.png 768w, https:\/\/blogsaverroes.juntadeandalucia.es\/creah5p\/files\/2022\/10\/idea-para-blog-1536x960.png 1536w, https:\/\/blogsaverroes.juntadeandalucia.es\/creah5p\/files\/2022\/10\/idea-para-blog.png 1920w\" sizes=\"(max-width: 691px) 100vw, 691px\" \/><\/p>\n<p>H5P es una herramienta de creaci\u00f3n de actividades interactivas que funciona sobre Html5 y nos permite crear ejercicios con feedback inmediato, adem\u00e1s de presentaciones con audio, v\u00eddeo y preguntas de diferentes tipos y con diferentes mec\u00e1nicas.<strong><br \/>\n<\/strong><\/p>\n<p>Si accedemos a la web de <a href=\"https:\/\/h5p.org\/content-types-and-applications\" target=\"_blank\" rel=\"noopener noreferrer\">H5p<\/a>, basta visualizar \u201cejemplos y descargas\u201d para hallar un amplio paquete de ejemplos y actividades clasificados como: juegos, contenido multimedia, preguntas y redes sociales.<\/p>\n<p><img decoding=\"async\" id=\"yui_3_17_2_1_1665474981743_46\" role=\"presentation\" src=\"https:\/\/educacionadistancia.juntadeandalucia.es\/centros\/sevilla21\/pluginfile.php\/1473909\/mod_page\/content\/2\/Captura%20de%20pantalla%202021-11-29%20a%20las%2016.37.46.png\" alt=\"\"><\/p>\n<p>Todas estas actividades pueden ser incrustadas en Moodle y el alumnado puede realizarlas sin salir de la plataforma.<\/p>\n<p>A su vez, desde Moodle centros, la plataforma Moodle de la Junta de Andaluc\u00eda, est\u00e1n implementadas muchas de estas actividades.<\/p>\n<p>Desde este blog vamos a aprender a manejarlas e integrarlas dentro de dicha plataforma. Encontrar\u00e1s tutoriales sobre c\u00f3mo elaborar distintos tipos de actividades e incrustarlas en tu plataforma Moodle.<\/p>\n","protected":false},"excerpt":{"rendered":"<p>H5P es una herramienta de creaci\u00f3n de actividades interactivas que funciona sobre Html5 y nos permite crear ejercicios con feedback inmediato, adem\u00e1s de presentaciones con audio, v\u00eddeo y preguntas de diferentes tipos y con&#46;&#46;&#46;<\/p>\n","protected":false},"author":10977,"featured_media":0,"parent":0,"menu_order":0,"comment_status":"closed","ping_status":"closed","template":"","meta":{"ngg_post_thumbnail":0,"footnotes":""},"aioseo_notices":[],"_links":{"self":[{"href":"https:\/\/blogsaverroes.juntadeandalucia.es\/creah5p\/wp-json\/wp\/v2\/pages\/14"}],"collection":[{"href":"https:\/\/blogsaverroes.juntadeandalucia.es\/creah5p\/wp-json\/wp\/v2\/pages"}],"about":[{"href":"https:\/\/blogsaverroes.juntadeandalucia.es\/creah5p\/wp-json\/wp\/v2\/types\/page"}],"author":[{"embeddable":true,"href":"https:\/\/blogsaverroes.juntadeandalucia.es\/creah5p\/wp-json\/wp\/v2\/users\/10977"}],"replies":[{"embeddable":true,"href":"https:\/\/blogsaverroes.juntadeandalucia.es\/creah5p\/wp-json\/wp\/v2\/comments?post=14"}],"version-history":[{"count":5,"href":"https:\/\/blogsaverroes.juntadeandalucia.es\/creah5p\/wp-json\/wp\/v2\/pages\/14\/revisions"}],"predecessor-version":[{"id":31,"href":"https:\/\/blogsaverroes.juntadeandalucia.es\/creah5p\/wp-json\/wp\/v2\/pages\/14\/revisions\/31"}],"wp:attachment":[{"href":"https:\/\/blogsaverroes.juntadeandalucia.es\/creah5p\/wp-json\/wp\/v2\/media?parent=14"}],"curies":[{"name":"wp","href":"https:\/\/api.w.org\/{rel}","templated":true}]}}