{"id":149,"date":"2022-12-07T12:54:38","date_gmt":"2022-12-07T12:54:38","guid":{"rendered":"https:\/\/blogsaverroes.juntadeandalucia.es\/creah5p\/?page_id=149"},"modified":"2023-10-05T15:48:42","modified_gmt":"2023-10-05T15:48:42","slug":"fill-in-the-blanks-rellena-los-huecos","status":"publish","type":"page","link":"https:\/\/blogsaverroes.juntadeandalucia.es\/creah5p\/fill-in-the-blanks-rellena-los-huecos\/","title":{"rendered":"Fill in the blanks: Rellena los huecos"},"content":{"rendered":"<p><iframe loading=\"lazy\" title=\"Tutorial Fill in the Blanks\" width=\"500\" height=\"281\" src=\"https:\/\/www.youtube.com\/embed\/70h6TcBppeo?feature=oembed&#038;wmode=opaque\" frameborder=\"0\" allow=\"accelerometer; autoplay; clipboard-write; encrypted-media; gyroscope; picture-in-picture; web-share\" allowfullscreen><\/iframe><\/p>\n<p>&nbsp;<\/p>\n<p id=\"yui_3_17_2_1_1670414713261_6034\" dir=\"ltr\">El tipo de actividad <strong>fill in the blanks <\/strong>(rellena los huecos) permite crear pruebas donde hay que escribir sobre espacios en blanco. Se eliminan partes de palabras u oraciones de un texto y se le pide al alumnado que reemplace el texto que falta.&nbsp; &nbsp; &nbsp;<\/p>\n<div id=\"yui_3_17_2_1_1670414713261_6042\">\n<div id=\"content\">\n<section id=\"post-content\" role=\"main\">\n<div id=\"yui_3_17_2_1_1670414713261_6043\">\n<div id=\"block-system-main\">\n<div id=\"yui_3_17_2_1_1670414713261_6044\">\n<div id=\"yui_3_17_2_1_1670414713261_6045\">\n<div id=\"yui_3_17_2_1_1670414713261_6046\">\n<div id=\"yui_3_17_2_1_1670414713261_6047\">\n<div id=\"yui_3_17_2_1_1670414713261_6048\">\n<div class=\"h5p-iframe-wrapper\"><iframe id=\"h5p-iframe-14\" class=\"h5p-iframe\" data-content-id=\"14\" style=\"height:1px\" src=\"about:blank\" frameBorder=\"0\" scrolling=\"no\" title=\"GUESS THE CENTURY\"><\/iframe><\/div>\n<h2 id=\"guides-header-5\">Paso 1: Creando una actividad fill in the blanks<\/h2>\n<p id=\"yui_3_17_2_1_1670414713261_6051\">Selecciona la&nbsp; opci\u00f3n <strong id=\"yui_3_17_2_1_1670414713261_6052\">Nuevo contenido&nbsp; y <\/strong>elije <strong id=\"yui_3_17_2_1_1670414713261_6053\">Fill in the gaps<\/strong>&nbsp; de la lista de Tipos de contenido:&nbsp;<\/p>\n<p><img loading=\"lazy\" decoding=\"async\" class=\"alignnone wp-image-150 size-full\" src=\"https:\/\/blogsaverroes.juntadeandalucia.es\/creah5p\/files\/2022\/12\/fill-in-the-blanks.png\" alt=\"\" width=\"955\" height=\"779\" srcset=\"https:\/\/blogsaverroes.juntadeandalucia.es\/creah5p\/files\/2022\/12\/fill-in-the-blanks.png 955w, https:\/\/blogsaverroes.juntadeandalucia.es\/creah5p\/files\/2022\/12\/fill-in-the-blanks-300x245.png 300w, https:\/\/blogsaverroes.juntadeandalucia.es\/creah5p\/files\/2022\/12\/fill-in-the-blanks-768x626.png 768w\" sizes=\"(max-width: 955px) 100vw, 955px\" \/><\/p>\n<p id=\"yui_3_17_2_1_1670414713261_6054\">&nbsp;<\/p>\n<h2 id=\"guides-header-6\">Paso 2: Completa el editor de Fill in the blanks<\/h2>\n<p id=\"yui_3_17_2_1_1670414713261_6057\">&nbsp;<\/p>\n<p id=\"yui_3_17_2_1_1670414713261_6058\"><img decoding=\"async\" id=\"yui_3_17_2_1_1670414713261_6059\" src=\"https:\/\/h5p.org\/sites\/default\/files\/fitb1.jpg\"><\/p>\n<p id=\"yui_3_17_2_1_1670414713261_6060\">&nbsp;La creaci\u00f3n de contenido ocurre en la parte superior del editor.<\/p>\n<p id=\"yui_3_17_2_1_1670414713261_6062\">El editor&nbsp; consta de&nbsp; <strong id=\"yui_3_17_2_1_1670414713261_6063\">Descripci\u00f3n de la tarea<\/strong> y <strong id=\"yui_3_17_2_1_1670414713261_6064\">Bloques de texto<\/strong> .<\/p>\n<h2 id=\"guides-header-7\">Paso 3: descripci\u00f3n de la tarea&nbsp;<\/h2>\n<p id=\"yui_3_17_2_1_1670414713261_6065\">En el&nbsp; campo <strong id=\"yui_3_17_2_1_1670414713261_6066\">Descripci\u00f3n de la tarea<\/strong> &nbsp;, le damos al alumno\/a instrucciones b\u00e1sicas o le presentamos el problema a resolver.<\/p>\n<p id=\"yui_3_17_2_1_1670414713261_6070\"><img loading=\"lazy\" decoding=\"async\" class=\"alignnone wp-image-151 size-full\" src=\"https:\/\/blogsaverroes.juntadeandalucia.es\/creah5p\/files\/2022\/12\/fill-in-the-blanks-titulo.png\" alt=\"\" width=\"804\" height=\"165\" srcset=\"https:\/\/blogsaverroes.juntadeandalucia.es\/creah5p\/files\/2022\/12\/fill-in-the-blanks-titulo.png 804w, https:\/\/blogsaverroes.juntadeandalucia.es\/creah5p\/files\/2022\/12\/fill-in-the-blanks-titulo-300x62.png 300w, https:\/\/blogsaverroes.juntadeandalucia.es\/creah5p\/files\/2022\/12\/fill-in-the-blanks-titulo-768x158.png 768w\" sizes=\"(max-width: 804px) 100vw, 804px\" \/><\/p>\n<h2 id=\"guides-header-8\">Paso 5: bloques de texto<\/h2>\n<p id=\"yui_3_17_2_1_1670414713261_6072\">En&nbsp; <strong id=\"yui_3_17_2_1_1670414713261_6073\">Bloques de texto,<\/strong> &nbsp;agregamos nuestras&nbsp; oraciones y definimos qu\u00e9 palabras se eliminar\u00e1n para que el alumno\/a las identifique.<\/p>\n<p id=\"yui_3_17_2_1_1670414713261_6074\">Podemos agregar varios bloques de texto y podemos eliminar varias palabras en cada bloque de texto.&nbsp;<\/p>\n<p id=\"yui_3_17_2_1_1670414713261_6075\">De forma predeterminada, solo se muestra un \u00fanico&nbsp; <strong id=\"yui_3_17_2_1_1670414713261_6076\">bloque de texto.<\/strong><\/p>\n<p id=\"yui_3_17_2_1_1670414713261_6078\">&nbsp;Presiona el bot\u00f3n <strong id=\"yui_3_17_2_1_1670414713261_6079\">Agregar bloque de texto<\/strong> para agregar m\u00e1s .&nbsp;<\/p>\n<p id=\"yui_3_17_2_1_1670414713261_6081\"><img decoding=\"async\" id=\"yui_3_17_2_1_1670414713261_6082\" src=\"https:\/\/h5p.org\/sites\/default\/files\/fitb3.jpg\"><\/p>\n<p>&nbsp;<\/p>\n<p id=\"yui_3_17_2_1_1670414713261_6084\"><img loading=\"lazy\" decoding=\"async\" class=\"alignnone wp-image-152 size-full\" src=\"https:\/\/blogsaverroes.juntadeandalucia.es\/creah5p\/files\/2022\/12\/fill-in-the-blanks-bloque-de-txt.png\" alt=\"\" width=\"785\" height=\"625\" srcset=\"https:\/\/blogsaverroes.juntadeandalucia.es\/creah5p\/files\/2022\/12\/fill-in-the-blanks-bloque-de-txt.png 785w, https:\/\/blogsaverroes.juntadeandalucia.es\/creah5p\/files\/2022\/12\/fill-in-the-blanks-bloque-de-txt-300x239.png 300w, https:\/\/blogsaverroes.juntadeandalucia.es\/creah5p\/files\/2022\/12\/fill-in-the-blanks-bloque-de-txt-768x611.png 768w\" sizes=\"(max-width: 785px) 100vw, 785px\" \/><\/p>\n<p>&nbsp;<\/p>\n<p id=\"yui_3_17_2_1_1670414713261_6087\">Podemos definir respuestas alternativas usando una barra oblicua para separar las respuestas alternativas aceptadas dentro de los asteriscos, as\u00ed:<\/p>\n<p id=\"yui_3_17_2_1_1670414713261_6088\"><em id=\"yui_3_17_2_1_1670414713261_6089\">*21\/21st*.<\/em><\/p>\n<p>Puedes agregar tantos <strong id=\"yui_3_17_2_1_1670414713261_6095\">bloques de texto<\/strong> como desees. <strong id=\"yui_3_17_2_1_1670414713261_6096\">Los bloques de texto se<\/strong> eliminan&nbsp; &nbsp;presionando el&nbsp;&nbsp; bot\u00f3n <img decoding=\"async\" id=\"yui_3_17_2_1_1670414713261_6097\" src=\"https:\/\/h5p.org\/sites\/default\/files\/remove.JPG\"> en la esquina superior derecha del&nbsp; <strong id=\"yui_3_17_2_1_1670414713261_6098\">bloque de texto<\/strong> . Puedes cambiar el orden de los <strong id=\"yui_3_17_2_1_1670414713261_6099\">bloques<\/strong> de texto tirando del&nbsp;&nbsp; bot\u00f3n <img decoding=\"async\" id=\"yui_3_17_2_1_1670414713261_6100\" src=\"https:\/\/h5p.org\/sites\/default\/files\/up%20down.JPG\"> en la esquina superior derecha del&nbsp; <strong id=\"yui_3_17_2_1_1670414713261_6101\">bloque de texto<\/strong> .<\/p>\n<p id=\"yui_3_17_2_1_1670414713261_6102\">Si necesita instrucciones sobre c\u00f3mo crear contenido, puede presionar el bot\u00f3n \u00abMostrar instrucciones\u00bb en cualquier momento y se abrir\u00e1 el bloque de instrucciones.<\/p>\n<p id=\"yui_3_17_2_1_1670414713261_6103\"><img decoding=\"async\" id=\"yui_3_17_2_1_1670414713261_6104\" src=\"https:\/\/h5p.org\/sites\/default\/files\/fitb5.jpg\"><\/p>\n<h2 id=\"guides-header-9\">Paso 5: bot\u00f3n Intentar de nuevo<\/h2>\n<p id=\"yui_3_17_2_1_1670414713261_6105\">Marca la casilla de verificaci\u00f3n <strong id=\"yui_3_17_2_1_1670414713261_6106\">Habilitar el bot\u00f3n \u00abIntentar de nuevo\u00bb<\/strong> para permitir que el alumno\/a intente resolver los espacios en blanco varias veces.<\/p>\n<p id=\"yui_3_17_2_1_1670414713261_6107\">Si incluyes&nbsp; <strong id=\"yui_3_17_2_1_1670414713261_6108\">Completar los espacios<\/strong> en blanco en&nbsp; Conjuntos de <a id=\"yui_3_17_2_1_1670414713261_6109\" href=\"https:\/\/h5p.org\/question-set\" target=\"_blank\" rel=\"noopener noreferrer\">preguntas<\/a> ,&nbsp; <a href=\"https:\/\/h5p.org\/interactive-video\" target=\"_blank\" rel=\"noopener noreferrer\">Videos interactivos<\/a> &nbsp;o&nbsp; <a href=\"https:\/\/h5p.org\/presentation\" target=\"_blank\" rel=\"noopener noreferrer\">Presentaciones<\/a> , es posible que desees considerar que el usuario solo tenga una oportunidad para resolver la tarea.<\/p>\n<h2 id=\"guides-header-10\">Paso 6: may\u00fasculas y min\u00fasculas<\/h2>\n<p>Desmarcamos la casilla de verificaci\u00f3n <strong>Sensible<\/strong> a may\u00fasculas y min\u00fasculas . Ejemplo: el alumno obtendr\u00e1 la respuesta correcta al insertar <em>fresas<\/em> y <em>fresas<\/em> &nbsp;en la primera oraci\u00f3n.<\/p>\n<h2 id=\"guides-header-11\">Paso 7: Terminando&nbsp;<\/h2>\n<p><strong>Recuerda siempre guardar tu trabajo.<br \/>\n<\/strong><\/p>\n<\/div>\n<\/div>\n<\/div>\n<\/div>\n<\/div>\n<\/div>\n<\/div>\n<\/section>\n<\/div>\n<\/div>\n","protected":false},"excerpt":{"rendered":"<p>&nbsp; El tipo de actividad fill in the blanks (rellena los huecos) permite crear pruebas donde hay que escribir sobre espacios en blanco. Se eliminan partes de palabras u oraciones de un texto y&#46;&#46;&#46;<\/p>\n","protected":false},"author":10977,"featured_media":0,"parent":0,"menu_order":0,"comment_status":"closed","ping_status":"closed","template":"","meta":{"ngg_post_thumbnail":0,"footnotes":""},"aioseo_notices":[],"_links":{"self":[{"href":"https:\/\/blogsaverroes.juntadeandalucia.es\/creah5p\/wp-json\/wp\/v2\/pages\/149"}],"collection":[{"href":"https:\/\/blogsaverroes.juntadeandalucia.es\/creah5p\/wp-json\/wp\/v2\/pages"}],"about":[{"href":"https:\/\/blogsaverroes.juntadeandalucia.es\/creah5p\/wp-json\/wp\/v2\/types\/page"}],"author":[{"embeddable":true,"href":"https:\/\/blogsaverroes.juntadeandalucia.es\/creah5p\/wp-json\/wp\/v2\/users\/10977"}],"replies":[{"embeddable":true,"href":"https:\/\/blogsaverroes.juntadeandalucia.es\/creah5p\/wp-json\/wp\/v2\/comments?post=149"}],"version-history":[{"count":5,"href":"https:\/\/blogsaverroes.juntadeandalucia.es\/creah5p\/wp-json\/wp\/v2\/pages\/149\/revisions"}],"predecessor-version":[{"id":157,"href":"https:\/\/blogsaverroes.juntadeandalucia.es\/creah5p\/wp-json\/wp\/v2\/pages\/149\/revisions\/157"}],"wp:attachment":[{"href":"https:\/\/blogsaverroes.juntadeandalucia.es\/creah5p\/wp-json\/wp\/v2\/media?parent=149"}],"curies":[{"name":"wp","href":"https:\/\/api.w.org\/{rel}","templated":true}]}}