{"id":197,"date":"2022-12-13T09:55:34","date_gmt":"2022-12-13T09:55:34","guid":{"rendered":"https:\/\/blogsaverroes.juntadeandalucia.es\/creah5p\/?page_id=197"},"modified":"2022-12-13T09:55:34","modified_gmt":"2022-12-13T09:55:34","slug":"crear-contenido-h5p-desde-wordpress","status":"publish","type":"page","link":"https:\/\/blogsaverroes.juntadeandalucia.es\/creah5p\/crear-contenido-h5p-desde-wordpress\/","title":{"rendered":"Crear contenido h5p desde WordPress"},"content":{"rendered":"<h2>1. A\u00f1ade nuevo contenido H5p.<\/h2>\n<p>Para crear contenido nuevo en H5p desde Wrodpress, despl\u00e1zate a la barra izquierda de administraci\u00f3n, y dentro de la pesta\u00f1a <strong>Contenido<\/strong> H5p, selecciona <strong>a\u00f1adir nuevo<\/strong>.<\/p>\n<p><strong><img loading=\"lazy\" decoding=\"async\" class=\"alignnone wp-image-191\" src=\"https:\/\/blogsaverroes.juntadeandalucia.es\/creah5p\/files\/2022\/12\/h5p-men\u00fa.png\" alt=\"\" width=\"352\" height=\"210\"><\/strong><\/p>\n<h2>2. Selecciona el tipo de contenido a crear.<\/h2>\n<p>Desde la pesta\u00f1a <strong>Crear contenido<\/strong>, elige el tipo de actividad H5p que desees crear.<\/p>\n<p><img loading=\"lazy\" decoding=\"async\" class=\"alignnone wp-image-198 size-full\" src=\"https:\/\/blogsaverroes.juntadeandalucia.es\/creah5p\/files\/2022\/12\/Crear-contenido.png\" alt=\"\" width=\"795\" height=\"670\" srcset=\"https:\/\/blogsaverroes.juntadeandalucia.es\/creah5p\/files\/2022\/12\/Crear-contenido.png 795w, https:\/\/blogsaverroes.juntadeandalucia.es\/creah5p\/files\/2022\/12\/Crear-contenido-300x253.png 300w, https:\/\/blogsaverroes.juntadeandalucia.es\/creah5p\/files\/2022\/12\/Crear-contenido-768x647.png 768w\" sizes=\"(max-width: 795px) 100vw, 795px\" \/><\/p>\n<h2>3. Activa la actividad y dis\u00e9\u00f1ala.<\/h2>\n<p>Una vez elegido el tipo de actividad, haz click en el bot\u00f3n <strong>Usar <\/strong>para activar la actividad.<\/p>\n<p>La actividad se cargar\u00e1 y podr\u00e1s empezar a dise\u00f1arla.<\/p>\n<p><img loading=\"lazy\" decoding=\"async\" class=\"alignnone wp-image-199 size-full\" src=\"https:\/\/blogsaverroes.juntadeandalucia.es\/creah5p\/files\/2022\/12\/usar-2.png\" alt=\"\" width=\"802\" height=\"668\" srcset=\"https:\/\/blogsaverroes.juntadeandalucia.es\/creah5p\/files\/2022\/12\/usar-2.png 802w, https:\/\/blogsaverroes.juntadeandalucia.es\/creah5p\/files\/2022\/12\/usar-2-300x250.png 300w, https:\/\/blogsaverroes.juntadeandalucia.es\/creah5p\/files\/2022\/12\/usar-2-768x640.png 768w\" sizes=\"(max-width: 802px) 100vw, 802px\" \/><\/p>\n<h2>4. Guardar la actividad.<\/h2>\n<p>Cuanda hayas terminado de dise\u00f1ar la actividad, gu\u00e1rdala haciendo click en el bot\u00f3n <strong>Crear<\/strong>.<\/p>\n<p>&nbsp;<\/p>\n<p><img loading=\"lazy\" decoding=\"async\" class=\"alignnone wp-image-200 size-full\" src=\"https:\/\/blogsaverroes.juntadeandalucia.es\/creah5p\/files\/2022\/12\/guardar.png\" alt=\"\" width=\"1882\" height=\"849\" srcset=\"https:\/\/blogsaverroes.juntadeandalucia.es\/creah5p\/files\/2022\/12\/guardar.png 1882w, https:\/\/blogsaverroes.juntadeandalucia.es\/creah5p\/files\/2022\/12\/guardar-300x135.png 300w, https:\/\/blogsaverroes.juntadeandalucia.es\/creah5p\/files\/2022\/12\/guardar-1024x462.png 1024w, https:\/\/blogsaverroes.juntadeandalucia.es\/creah5p\/files\/2022\/12\/guardar-768x346.png 768w, https:\/\/blogsaverroes.juntadeandalucia.es\/creah5p\/files\/2022\/12\/guardar-1536x693.png 1536w\" sizes=\"(max-width: 1882px) 100vw, 1882px\" \/><\/p>\n","protected":false},"excerpt":{"rendered":"<p>1. A\u00f1ade nuevo contenido H5p. Para crear contenido nuevo en H5p desde Wrodpress, despl\u00e1zate a la barra izquierda de administraci\u00f3n, y dentro de la pesta\u00f1a Contenido H5p, selecciona a\u00f1adir nuevo. 2. Selecciona el tipo&#46;&#46;&#46;<\/p>\n","protected":false},"author":10977,"featured_media":0,"parent":0,"menu_order":0,"comment_status":"closed","ping_status":"closed","template":"","meta":{"ngg_post_thumbnail":0,"footnotes":""},"aioseo_notices":[],"_links":{"self":[{"href":"https:\/\/blogsaverroes.juntadeandalucia.es\/creah5p\/wp-json\/wp\/v2\/pages\/197"}],"collection":[{"href":"https:\/\/blogsaverroes.juntadeandalucia.es\/creah5p\/wp-json\/wp\/v2\/pages"}],"about":[{"href":"https:\/\/blogsaverroes.juntadeandalucia.es\/creah5p\/wp-json\/wp\/v2\/types\/page"}],"author":[{"embeddable":true,"href":"https:\/\/blogsaverroes.juntadeandalucia.es\/creah5p\/wp-json\/wp\/v2\/users\/10977"}],"replies":[{"embeddable":true,"href":"https:\/\/blogsaverroes.juntadeandalucia.es\/creah5p\/wp-json\/wp\/v2\/comments?post=197"}],"version-history":[{"count":1,"href":"https:\/\/blogsaverroes.juntadeandalucia.es\/creah5p\/wp-json\/wp\/v2\/pages\/197\/revisions"}],"predecessor-version":[{"id":201,"href":"https:\/\/blogsaverroes.juntadeandalucia.es\/creah5p\/wp-json\/wp\/v2\/pages\/197\/revisions\/201"}],"wp:attachment":[{"href":"https:\/\/blogsaverroes.juntadeandalucia.es\/creah5p\/wp-json\/wp\/v2\/media?parent=197"}],"curies":[{"name":"wp","href":"https:\/\/api.w.org\/{rel}","templated":true}]}}