{"id":213,"date":"2022-12-14T09:05:08","date_gmt":"2022-12-14T09:05:08","guid":{"rendered":"https:\/\/blogsaverroes.juntadeandalucia.es\/creah5p\/?page_id=213"},"modified":"2024-12-11T10:39:15","modified_gmt":"2024-12-11T10:39:15","slug":"anadir-actividad-h5p-desde-una-entrada-wordpress","status":"publish","type":"page","link":"https:\/\/blogsaverroes.juntadeandalucia.es\/creah5p\/anadir-actividad-h5p-desde-una-entrada-wordpress\/","title":{"rendered":"A\u00f1adir actividad H5p desde una entrada WordPress."},"content":{"rendered":"<p>Para a\u00f1adir una actividad H5p ya creada previamente&nbsp; a una entrada que se est\u00e9 editando, s\u00f3lo hay que dirigirse al bot\u00f3n&nbsp;<strong>A\u00f1adir H5p <\/strong>encima de la interfaz de texto.<\/p>\n<p><img loading=\"lazy\" decoding=\"async\" class=\"alignnone wp-image-210 size-full\" src=\"https:\/\/blogsaverroes.juntadeandalucia.es\/creah5p\/files\/2022\/12\/interfaz-txt.png\" alt=\"\" width=\"666\" height=\"125\" srcset=\"https:\/\/blogsaverroes.juntadeandalucia.es\/creah5p\/files\/2022\/12\/interfaz-txt.png 666w, https:\/\/blogsaverroes.juntadeandalucia.es\/creah5p\/files\/2022\/12\/interfaz-txt-300x56.png 300w\" sizes=\"(max-width: 666px) 100vw, 666px\" \/><\/p>\n<p>Una vez abierta la lista de actividades H5p de tu librer\u00eda, escoge la que desees y pulsa el bot\u00f3n <strong>Insertar<\/strong>.<\/p>\n<p><img loading=\"lazy\" decoding=\"async\" class=\"alignnone wp-image-211 size-full\" src=\"https:\/\/blogsaverroes.juntadeandalucia.es\/creah5p\/files\/2022\/12\/lista-h5p.png\" alt=\"\" width=\"655\" height=\"776\" srcset=\"https:\/\/blogsaverroes.juntadeandalucia.es\/creah5p\/files\/2022\/12\/lista-h5p.png 655w, https:\/\/blogsaverroes.juntadeandalucia.es\/creah5p\/files\/2022\/12\/lista-h5p-253x300.png 253w\" sizes=\"(max-width: 655px) 100vw, 655px\" \/><\/p>\n<p>Aparecer\u00e1 un c\u00f3digo entre corchetes, parecido a \u00e9ste: <div class=\"h5p-content\" data-content-id=\"15\"><\/div>.<\/p>\n<p>Una vez publicada la entrada aparecer\u00e1 tu H5p.<\/p>\n<div class=\"h5p-content\" data-content-id=\"15\"><\/div>\n","protected":false},"excerpt":{"rendered":"<p>Para a\u00f1adir una actividad H5p ya creada previamente&nbsp; a una entrada que se est\u00e9 editando, s\u00f3lo hay que dirigirse al bot\u00f3n&nbsp;A\u00f1adir H5p encima de la interfaz de texto. Una vez abierta la lista de&#46;&#46;&#46;<\/p>\n","protected":false},"author":10977,"featured_media":0,"parent":0,"menu_order":0,"comment_status":"closed","ping_status":"closed","template":"","meta":{"ngg_post_thumbnail":0,"footnotes":""},"aioseo_notices":[],"_links":{"self":[{"href":"https:\/\/blogsaverroes.juntadeandalucia.es\/creah5p\/wp-json\/wp\/v2\/pages\/213"}],"collection":[{"href":"https:\/\/blogsaverroes.juntadeandalucia.es\/creah5p\/wp-json\/wp\/v2\/pages"}],"about":[{"href":"https:\/\/blogsaverroes.juntadeandalucia.es\/creah5p\/wp-json\/wp\/v2\/types\/page"}],"author":[{"embeddable":true,"href":"https:\/\/blogsaverroes.juntadeandalucia.es\/creah5p\/wp-json\/wp\/v2\/users\/10977"}],"replies":[{"embeddable":true,"href":"https:\/\/blogsaverroes.juntadeandalucia.es\/creah5p\/wp-json\/wp\/v2\/comments?post=213"}],"version-history":[{"count":1,"href":"https:\/\/blogsaverroes.juntadeandalucia.es\/creah5p\/wp-json\/wp\/v2\/pages\/213\/revisions"}],"predecessor-version":[{"id":214,"href":"https:\/\/blogsaverroes.juntadeandalucia.es\/creah5p\/wp-json\/wp\/v2\/pages\/213\/revisions\/214"}],"wp:attachment":[{"href":"https:\/\/blogsaverroes.juntadeandalucia.es\/creah5p\/wp-json\/wp\/v2\/media?parent=213"}],"curies":[{"name":"wp","href":"https:\/\/api.w.org\/{rel}","templated":true}]}}