{"id":294,"date":"2023-03-27T11:04:59","date_gmt":"2023-03-27T11:04:59","guid":{"rendered":"https:\/\/blogsaverroes.juntadeandalucia.es\/creah5p\/?page_id=294"},"modified":"2023-03-27T11:04:59","modified_gmt":"2023-03-27T11:04:59","slug":"instalar-plugin-h5p-en-wordpress","status":"publish","type":"page","link":"https:\/\/blogsaverroes.juntadeandalucia.es\/creah5p\/instalar-plugin-h5p-en-wordpress\/","title":{"rendered":"Instalar plugin h5p en WordPress"},"content":{"rendered":"<h2 class=\"element-invisible\">1. Entra en el panel de administraci\u00f3n de WordPress.<br \/>\n2.Busca Plugins en el panel y haz click en&nbsp; <strong>a\u00f1adir nuevo<\/strong>.<\/h2>\n<div class=\"media media-element-container media-media_original\">\n<div id=\"file-191639\" class=\"file file-image file-image-png\">\n<div class=\"content\"><img loading=\"lazy\" decoding=\"async\" class=\"media-element file-media-original\" title=\"Add new plugin\" src=\"https:\/\/h5p.org\/sites\/default\/files\/Add-new-plugin_0.png\" alt=\"Add new plugin\" data-delta=\"43\" width=\"400\" height=\"458\"><\/div>\n<\/div>\n<\/div>\n<h2 class=\"element-invisible\">3. Busca H5P en la barra de b\u00fasqueda&nbsp; y haz click en instalar.<\/h2>\n<div class=\"media media-element-container media-media_original\">\n<div id=\"file-191644\" class=\"file file-image file-image-png\">\n<div class=\"content\"><img loading=\"lazy\" decoding=\"async\" class=\"media-element file-media-original\" title=\"Find and install H5P plugin\" src=\"https:\/\/h5p.org\/sites\/default\/files\/Find-and-install-H5P-plugin.png\" alt=\"Find and install H5P plugin\" data-delta=\"44\" width=\"600\" height=\"354\"><\/div>\n<\/div>\n<\/div>\n<h2>4. Una vez completada la instalaci\u00f3n, haz click en <strong>Activar Plugin<\/strong>.<\/h2>\n<div class=\"media media-element-container media-default\">\n<div id=\"file-191646\" class=\"file file-image file-image-png\">\n<div class=\"content\"><img loading=\"lazy\" decoding=\"async\" class=\"media-element file-default\" title=\"Activate H5P plugin\" src=\"https:\/\/h5p.org\/sites\/default\/files\/Activate-H5P-plugin.png\" alt=\"Activate H5P plugin\" data-delta=\"45\" width=\"400\" height=\"317\"><\/div>\n<\/div>\n<\/div>\n<h2>5. Ahora, en la lista de plugins instalados , aparecer\u00e1 H5p.<\/h2>\n<div class=\"media media-element-container media-default\">\n<div id=\"file-191764\" class=\"file file-image file-image-png\">\n<div class=\"content\"><img loading=\"lazy\" decoding=\"async\" class=\"media-element file-default\" title=\"H5P in the list of installed plugins\" src=\"https:\/\/h5p.org\/sites\/default\/files\/List-of-installed-plugins_0.png\" alt=\"H5P in the list of installed plugins\" data-delta=\"53\" width=\"400\" height=\"375\"><\/div>\n<\/div>\n<\/div>\n<h2>6.Deber\u00e1s ver tambi\u00e9n un link H5p en tu men\u00fa de administraci\u00f3n.<\/h2>\n<div class=\"media media-element-container media-default\">\n<div id=\"file-191766\" class=\"file file-image file-image-png\">\n<h2 class=\"element-invisible\"><a href=\"https:\/\/h5p.org\/file\/191766\">H5P WordPress menu<\/a><\/h2>\n<div class=\"content\"><img loading=\"lazy\" decoding=\"async\" class=\"media-element file-default\" title=\"H5P WordPress menu\" src=\"https:\/\/h5p.org\/sites\/default\/files\/H5P-Wordpress-menu_0.png\" alt=\"H5P WordPress menu\" data-delta=\"54\" width=\"400\" height=\"377\"><\/div>\n<\/div>\n<\/div>\n","protected":false},"excerpt":{"rendered":"<p>1. Entra en el panel de administraci\u00f3n de WordPress. 2.Busca Plugins en el panel y haz click en&nbsp; a\u00f1adir nuevo. 3. Busca H5P en la barra de b\u00fasqueda&nbsp; y haz click en instalar. 4.&#46;&#46;&#46;<\/p>\n","protected":false},"author":10977,"featured_media":0,"parent":0,"menu_order":0,"comment_status":"closed","ping_status":"closed","template":"","meta":{"ngg_post_thumbnail":0,"footnotes":""},"aioseo_notices":[],"_links":{"self":[{"href":"https:\/\/blogsaverroes.juntadeandalucia.es\/creah5p\/wp-json\/wp\/v2\/pages\/294"}],"collection":[{"href":"https:\/\/blogsaverroes.juntadeandalucia.es\/creah5p\/wp-json\/wp\/v2\/pages"}],"about":[{"href":"https:\/\/blogsaverroes.juntadeandalucia.es\/creah5p\/wp-json\/wp\/v2\/types\/page"}],"author":[{"embeddable":true,"href":"https:\/\/blogsaverroes.juntadeandalucia.es\/creah5p\/wp-json\/wp\/v2\/users\/10977"}],"replies":[{"embeddable":true,"href":"https:\/\/blogsaverroes.juntadeandalucia.es\/creah5p\/wp-json\/wp\/v2\/comments?post=294"}],"version-history":[{"count":1,"href":"https:\/\/blogsaverroes.juntadeandalucia.es\/creah5p\/wp-json\/wp\/v2\/pages\/294\/revisions"}],"predecessor-version":[{"id":295,"href":"https:\/\/blogsaverroes.juntadeandalucia.es\/creah5p\/wp-json\/wp\/v2\/pages\/294\/revisions\/295"}],"wp:attachment":[{"href":"https:\/\/blogsaverroes.juntadeandalucia.es\/creah5p\/wp-json\/wp\/v2\/media?parent=294"}],"curies":[{"name":"wp","href":"https:\/\/api.w.org\/{rel}","templated":true}]}}