{"id":38,"date":"2022-11-30T09:44:13","date_gmt":"2022-11-30T09:44:13","guid":{"rendered":"https:\/\/blogsaverroes.juntadeandalucia.es\/creah5p\/?page_id=38"},"modified":"2023-10-05T14:58:58","modified_gmt":"2023-10-05T14:58:58","slug":"el-banco-de-contenidos","status":"publish","type":"page","link":"https:\/\/blogsaverroes.juntadeandalucia.es\/creah5p\/el-banco-de-contenidos\/","title":{"rendered":"El banco de contenidos"},"content":{"rendered":"<p id=\"yui_3_17_2_1_1669801331949_1411\" dir=\"ltr\">Existen dos maneras de subir una actividad h5p en un curso de Moodle:<\/p>\n<ul id=\"yui_3_17_2_1_1669801331949_1412\">\n<li id=\"yui_3_17_2_1_1669801331949_1413\">Buscando una actividad ya creada y almacenada en el banco de contenidos.<\/li>\n<\/ul>\n<ul id=\"yui_3_17_2_1_1669801331949_1415\">\n<li id=\"yui_3_17_2_1_1669801331949_1416\">Creando la actividad desde cero(Al pulsar a\u00f1adir actividad h5p, \u00e9sta se guardar\u00e1 autom\u00e1ticamente en el banco de contenidos)<\/li>\n<\/ul>\n<p id=\"yui_3_17_2_1_1669801331949_1417\" dir=\"ltr\">El banco de contenido es un \u00e1rea en Moodle donde el contenido (actualmente contenido <a id=\"yui_3_17_2_1_1669801331949_1418\" title=\"H5P\" href=\"https:\/\/docs.moodle.org\/all\/es\/H5P\">H5P<\/a>), puede ser guardado, editado y creado.<\/p>\n<p id=\"yui_3_17_2_1_1669801331949_1419\" dir=\"ltr\"><img loading=\"lazy\" decoding=\"async\" class=\"alignnone wp-image-321 size-full\" src=\"https:\/\/blogsaverroes.juntadeandalucia.es\/creah5p\/files\/2023\/10\/1-1.png\" alt=\"\" width=\"2214\" height=\"1308\" srcset=\"https:\/\/blogsaverroes.juntadeandalucia.es\/creah5p\/files\/2023\/10\/1-1.png 2214w, https:\/\/blogsaverroes.juntadeandalucia.es\/creah5p\/files\/2023\/10\/1-1-300x177.png 300w, https:\/\/blogsaverroes.juntadeandalucia.es\/creah5p\/files\/2023\/10\/1-1-1024x605.png 1024w, https:\/\/blogsaverroes.juntadeandalucia.es\/creah5p\/files\/2023\/10\/1-1-768x454.png 768w, https:\/\/blogsaverroes.juntadeandalucia.es\/creah5p\/files\/2023\/10\/1-1-1536x907.png 1536w, https:\/\/blogsaverroes.juntadeandalucia.es\/creah5p\/files\/2023\/10\/1-1-2048x1210.png 2048w\" sizes=\"(max-width: 2214px) 100vw, 2214px\" \/><\/p>\n<p id=\"yui_3_17_2_1_1669801331949_1422\" dir=\"ltr\">Se pueden crear nuevos contenidos H5P desde el bot\u00f3n A\u00f1adir. El contenido H5P puede ser editado desde el banco de contenido al hacer clic en ellas y despu\u00e9s hacer clic en Editar:<\/p>\n<p dir=\"ltr\"><img loading=\"lazy\" decoding=\"async\" class=\"alignnone wp-image-323 size-full\" src=\"https:\/\/blogsaverroes.juntadeandalucia.es\/creah5p\/files\/2023\/10\/2-1.png\" alt=\"\" width=\"2218\" height=\"1330\" srcset=\"https:\/\/blogsaverroes.juntadeandalucia.es\/creah5p\/files\/2023\/10\/2-1.png 2218w, https:\/\/blogsaverroes.juntadeandalucia.es\/creah5p\/files\/2023\/10\/2-1-300x180.png 300w, https:\/\/blogsaverroes.juntadeandalucia.es\/creah5p\/files\/2023\/10\/2-1-1024x614.png 1024w, https:\/\/blogsaverroes.juntadeandalucia.es\/creah5p\/files\/2023\/10\/2-1-768x461.png 768w, https:\/\/blogsaverroes.juntadeandalucia.es\/creah5p\/files\/2023\/10\/2-1-1536x921.png 1536w, https:\/\/blogsaverroes.juntadeandalucia.es\/creah5p\/files\/2023\/10\/2-1-2048x1228.png 2048w\" sizes=\"(max-width: 2218px) 100vw, 2218px\" \/><\/p>\n<p id=\"yui_3_17_2_1_1669801331949_1423\" dir=\"ltr\">&nbsp;<\/p>\n<p><iframe loading=\"lazy\" title=\"100-BANCO DE CONTENIDO EN MOODLE CENTROS. ROL profesorado.\" width=\"500\" height=\"281\" src=\"https:\/\/www.youtube.com\/embed\/J9xDsIkO2uI?feature=oembed&#038;wmode=opaque\" frameborder=\"0\" allow=\"accelerometer; autoplay; clipboard-write; encrypted-media; gyroscope; picture-in-picture; web-share\" allowfullscreen><\/iframe><\/p>\n","protected":false},"excerpt":{"rendered":"<p>Existen dos maneras de subir una actividad h5p en un curso de Moodle: Buscando una actividad ya creada y almacenada en el banco de contenidos. Creando la actividad desde cero(Al pulsar a\u00f1adir actividad h5p,&#46;&#46;&#46;<\/p>\n","protected":false},"author":10977,"featured_media":0,"parent":0,"menu_order":0,"comment_status":"closed","ping_status":"closed","template":"","meta":{"ngg_post_thumbnail":0,"footnotes":""},"aioseo_notices":[],"_links":{"self":[{"href":"https:\/\/blogsaverroes.juntadeandalucia.es\/creah5p\/wp-json\/wp\/v2\/pages\/38"}],"collection":[{"href":"https:\/\/blogsaverroes.juntadeandalucia.es\/creah5p\/wp-json\/wp\/v2\/pages"}],"about":[{"href":"https:\/\/blogsaverroes.juntadeandalucia.es\/creah5p\/wp-json\/wp\/v2\/types\/page"}],"author":[{"embeddable":true,"href":"https:\/\/blogsaverroes.juntadeandalucia.es\/creah5p\/wp-json\/wp\/v2\/users\/10977"}],"replies":[{"embeddable":true,"href":"https:\/\/blogsaverroes.juntadeandalucia.es\/creah5p\/wp-json\/wp\/v2\/comments?post=38"}],"version-history":[{"count":4,"href":"https:\/\/blogsaverroes.juntadeandalucia.es\/creah5p\/wp-json\/wp\/v2\/pages\/38\/revisions"}],"predecessor-version":[{"id":322,"href":"https:\/\/blogsaverroes.juntadeandalucia.es\/creah5p\/wp-json\/wp\/v2\/pages\/38\/revisions\/322"}],"wp:attachment":[{"href":"https:\/\/blogsaverroes.juntadeandalucia.es\/creah5p\/wp-json\/wp\/v2\/media?parent=38"}],"curies":[{"name":"wp","href":"https:\/\/api.w.org\/{rel}","templated":true}]}}