{"id":60,"date":"2022-11-30T11:58:12","date_gmt":"2022-11-30T11:58:12","guid":{"rendered":"https:\/\/blogsaverroes.juntadeandalucia.es\/creah5p\/?page_id=60"},"modified":"2025-03-10T12:39:20","modified_gmt":"2025-03-10T12:39:20","slug":"crosswords-sopa-de-letras","status":"publish","type":"page","link":"https:\/\/blogsaverroes.juntadeandalucia.es\/creah5p\/crosswords-sopa-de-letras\/","title":{"rendered":"Crosswords (Crucigramas)"},"content":{"rendered":"<p id=\"yui_3_17_2_1_1669809212208_1424\">Crossword es un gestor de crucigramas&nbsp; muy pr\u00e1ctico en la aplicaci\u00f3n did\u00e1ctica y muy sencillo de crear.<\/p>\n<p id=\"yui_3_17_2_1_1669809212208_1425\">Aqu\u00ed veremos un ejemplo de crucigrama.<\/p>\n<p id=\"yui_3_17_2_1_1669809212208_1428\"><iframe loading=\"lazy\" src=\"https:\/\/h5p.org\/h5p\/embed\/1205714\" width=\"871\" height=\"780\" frameborder=\"0\"><\/iframe> &nbsp;<\/p>\n<p id=\"yui_3_17_2_1_1669809212208_1433\">Para empezar abre una actividad h5p y elige CROSSWORD<\/p>\n<p id=\"yui_3_17_2_1_1669809212208_1434\"><img loading=\"lazy\" decoding=\"async\" class=\"alignnone wp-image-334 size-full\" src=\"https:\/\/blogsaverroes.juntadeandalucia.es\/creah5p\/files\/2023\/10\/1-3.png\" alt=\"\" width=\"1860\" height=\"926\" srcset=\"https:\/\/blogsaverroes.juntadeandalucia.es\/creah5p\/files\/2023\/10\/1-3.png 1860w, https:\/\/blogsaverroes.juntadeandalucia.es\/creah5p\/files\/2023\/10\/1-3-300x149.png 300w, https:\/\/blogsaverroes.juntadeandalucia.es\/creah5p\/files\/2023\/10\/1-3-1024x510.png 1024w, https:\/\/blogsaverroes.juntadeandalucia.es\/creah5p\/files\/2023\/10\/1-3-768x382.png 768w, https:\/\/blogsaverroes.juntadeandalucia.es\/creah5p\/files\/2023\/10\/1-3-1536x765.png 1536w\" sizes=\"(max-width: 1860px) 100vw, 1860px\" \/><img decoding=\"async\" id=\"yui_3_17_2_1_1673343655223_5898\" role=\"presentation\" src=\"https:\/\/educacionadistancia.juntadeandalucia.es\/centros\/sevilla21\/draftfile.php\/645952\/user\/draft\/508917915\/Captura%20de%20pantalla%202022-01-04%20a%20las%2017.47.44.png\" alt=\"\"><\/p>\n<p><img decoding=\"async\" role=\"presentation\" src=\"https:\/\/educacionadistancia.juntadeandalucia.es\/centros\/sevilla21\/draftfile.php\/645952\/user\/draft\/954884077\/Captura%20de%20pantalla%202022-01-04%20a%20las%2017.46.15.png\" alt=\"\"><\/p>\n<p>Al entrar en la edici\u00f3n de la actividad encontrar\u00e1s un recuadro como \u00e9ste. Escribe el t\u00edtulo de tu actividad y una breve descripci\u00f3n para que el alumnado sepa lo que tiene que hacer en la actividad.<\/p>\n<p><img loading=\"lazy\" decoding=\"async\" class=\"alignnone wp-image-335 size-full\" src=\"https:\/\/blogsaverroes.juntadeandalucia.es\/creah5p\/files\/2023\/10\/2-3.png\" alt=\"\" width=\"2170\" height=\"1148\" srcset=\"https:\/\/blogsaverroes.juntadeandalucia.es\/creah5p\/files\/2023\/10\/2-3.png 2170w, https:\/\/blogsaverroes.juntadeandalucia.es\/creah5p\/files\/2023\/10\/2-3-300x159.png 300w, https:\/\/blogsaverroes.juntadeandalucia.es\/creah5p\/files\/2023\/10\/2-3-1024x542.png 1024w, https:\/\/blogsaverroes.juntadeandalucia.es\/creah5p\/files\/2023\/10\/2-3-768x406.png 768w, https:\/\/blogsaverroes.juntadeandalucia.es\/creah5p\/files\/2023\/10\/2-3-1536x813.png 1536w, https:\/\/blogsaverroes.juntadeandalucia.es\/creah5p\/files\/2023\/10\/2-3-2048x1083.png 2048w\" sizes=\"(max-width: 2170px) 100vw, 2170px\" \/><\/p>\n<p>A continuaci\u00f3n, Escribe la descripci\u00f3n de una de las palabras que constituir\u00e1n tu crucigrama, y en el recuadro de abajo escribe la palabra que el alumnado deber\u00e1 escribir.<\/p>\n<p><img loading=\"lazy\" decoding=\"async\" class=\"alignnone wp-image-336 size-full\" src=\"https:\/\/blogsaverroes.juntadeandalucia.es\/creah5p\/files\/2023\/10\/4-2.png\" alt=\"\" width=\"966\" height=\"1132\" srcset=\"https:\/\/blogsaverroes.juntadeandalucia.es\/creah5p\/files\/2023\/10\/4-2.png 966w, https:\/\/blogsaverroes.juntadeandalucia.es\/creah5p\/files\/2023\/10\/4-2-256x300.png 256w, https:\/\/blogsaverroes.juntadeandalucia.es\/creah5p\/files\/2023\/10\/4-2-874x1024.png 874w, https:\/\/blogsaverroes.juntadeandalucia.es\/creah5p\/files\/2023\/10\/4-2-768x900.png 768w\" sizes=\"(max-width: 966px) 100vw, 966px\" \/><img decoding=\"async\" role=\"presentation\" src=\"https:\/\/educacionadistancia.juntadeandalucia.es\/centros\/sevilla21\/draftfile.php\/645952\/user\/draft\/954884077\/Captura%20de%20pantalla%202022-01-04%20a%20las%2017.36.00.png\" alt=\"\"><\/p>\n<p>Para escribir m\u00e1s descripciones y palabras,&nbsp; pulsa el bot\u00f3n + y contin\u00faa con la actividad.<\/p>\n<p><img decoding=\"async\" role=\"presentation\" src=\"https:\/\/educacionadistancia.juntadeandalucia.es\/centros\/sevilla21\/draftfile.php\/645952\/user\/draft\/954884077\/Captura%20de%20pantalla%202022-01-04%20a%20las%2017.25.17.png\" alt=\"\"><img loading=\"lazy\" decoding=\"async\" class=\"alignnone wp-image-337 size-full\" src=\"https:\/\/blogsaverroes.juntadeandalucia.es\/creah5p\/files\/2023\/10\/5-1.png\" alt=\"\" width=\"1738\" height=\"1154\" srcset=\"https:\/\/blogsaverroes.juntadeandalucia.es\/creah5p\/files\/2023\/10\/5-1.png 1738w, https:\/\/blogsaverroes.juntadeandalucia.es\/creah5p\/files\/2023\/10\/5-1-300x199.png 300w, https:\/\/blogsaverroes.juntadeandalucia.es\/creah5p\/files\/2023\/10\/5-1-1024x680.png 1024w, https:\/\/blogsaverroes.juntadeandalucia.es\/creah5p\/files\/2023\/10\/5-1-768x510.png 768w, https:\/\/blogsaverroes.juntadeandalucia.es\/creah5p\/files\/2023\/10\/5-1-1536x1020.png 1536w\" sizes=\"(max-width: 1738px) 100vw, 1738px\" \/><\/p>\n<p id=\"yui_3_17_2_1_1669809212208_1382\">Una vez completas todas las palabras y descripciones, guarda y publica la actividad.<\/p>\n","protected":false},"excerpt":{"rendered":"<p>Crossword es un gestor de crucigramas&nbsp; muy pr\u00e1ctico en la aplicaci\u00f3n did\u00e1ctica y muy sencillo de crear. Aqu\u00ed veremos un ejemplo de crucigrama. &nbsp; Para empezar abre una actividad h5p y elige CROSSWORD Al&#46;&#46;&#46;<\/p>\n","protected":false},"author":10977,"featured_media":0,"parent":0,"menu_order":0,"comment_status":"closed","ping_status":"closed","template":"","meta":{"ngg_post_thumbnail":0,"footnotes":""},"aioseo_notices":[],"_links":{"self":[{"href":"https:\/\/blogsaverroes.juntadeandalucia.es\/creah5p\/wp-json\/wp\/v2\/pages\/60"}],"collection":[{"href":"https:\/\/blogsaverroes.juntadeandalucia.es\/creah5p\/wp-json\/wp\/v2\/pages"}],"about":[{"href":"https:\/\/blogsaverroes.juntadeandalucia.es\/creah5p\/wp-json\/wp\/v2\/types\/page"}],"author":[{"embeddable":true,"href":"https:\/\/blogsaverroes.juntadeandalucia.es\/creah5p\/wp-json\/wp\/v2\/users\/10977"}],"replies":[{"embeddable":true,"href":"https:\/\/blogsaverroes.juntadeandalucia.es\/creah5p\/wp-json\/wp\/v2\/comments?post=60"}],"version-history":[{"count":6,"href":"https:\/\/blogsaverroes.juntadeandalucia.es\/creah5p\/wp-json\/wp\/v2\/pages\/60\/revisions"}],"predecessor-version":[{"id":365,"href":"https:\/\/blogsaverroes.juntadeandalucia.es\/creah5p\/wp-json\/wp\/v2\/pages\/60\/revisions\/365"}],"wp:attachment":[{"href":"https:\/\/blogsaverroes.juntadeandalucia.es\/creah5p\/wp-json\/wp\/v2\/media?parent=60"}],"curies":[{"name":"wp","href":"https:\/\/api.w.org\/{rel}","templated":true}]}}